{"id":34763,"date":"2022-05-30T16:15:29","date_gmt":"2022-05-30T14:15:29","guid":{"rendered":"https:\/\/www.v-label.com\/informatii-generale-2\/cosmetice\/"},"modified":"2022-12-25T10:09:24","modified_gmt":"2022-12-25T09:09:24","slug":"cosmetice","status":"publish","type":"page","link":"https:\/\/www.v-label.com\/ro\/informatii-generale-2\/cosmetice\/","title":{"rendered":"Cosmetice"},"content":{"rendered":"\n<p>Comoditate, preluarea controlului asupra propriei s\u0103n\u0103t\u0103\u021bi \u0219i un apel mai puternic pentru frumuse\u021be f\u0103r\u0103 cruzime. Acestea sunt cele trei motive principale pentru care se preconizeaz\u0103 c\u0103 dimensiunea pie\u021bei globale a produselor cosmetice vegane va ajunge la 20,8 miliarde de dolari p\u00e2n\u0103 \u00een 2025, \u00een cre\u0219tere cu o rat\u0103 de 6,3%, conform Raportului de analiz\u0103 a dimensiunii, cotei \u0219i tendin\u021belor pie\u021bei de cosmetice vegane din 2018.  <\/p>\n\n\n\n<p>Europa de\u021bine o cot\u0103 major\u0103 de pia\u021b\u0103, asist\u00e2nd la cre\u0219terea vertiginoas\u0103 a cererii pentru produse care nu au fost testate pe animale. De la \u00eengrijirea pielii la deodorante la \u0219ampoane, tot mai multe segmente de consumatori caut\u0103 cuvinte cheie precum &#8222;vegan&#8221; atunci c\u00e2nd cump\u0103r\u0103. <\/p>\n\n\n\n<p>Cosmeticele vegane fiind \u00eenc\u0103 o noutate, consumatorii sunt foarte receptivi la etichetare \u0219i la alte semne care demonstreaz\u0103 c\u0103 alegerea lor este vegan\u0103 sau vegetarian\u0103. \u0218tia\u021bi c\u0103 19% dintre oameni verific\u0103 dac\u0103 articolele lor de toalet\u0103 sunt testate pe animale, potrivit The Vegan Society? Ob\u021bine\u021bi aceast\u0103 caracteristic\u0103 vizibil\u0103 pentru produsul dumneavoastr\u0103 cu V-Label \u0219i fi\u021bi preferatul lor natural!   <\/p>\n\n\n\n<p>Aparent, nu doar \u00eengrijirea personal\u0103 este martor\u0103 la cre\u0219terea ofertei alternativelor vegane \u0219i vegetariene, ci \u0219i \u00eengrijirea casei! Pune\u021bi \u00een eviden\u021b\u0103 produsele dumneavoastr\u0103 de cur\u0103\u021bare cu eticheta atr\u0103g\u0103toare V-Label. <\/p>\n\n\n\n<div class=\"wp-block-buttons is-content-justification-center is-layout-flex wp-container-core-buttons-is-layout-16018d1d wp-block-buttons-is-layout-flex\">\n<div class=\"wp-block-button\"><a class=\"wp-block-button__link wp-element-button\" href=\"https:\/\/www.v-label.com\/ro\/for-business\/get-certified\/\">Ob\u021bine\u021bi certificarea V-Label<\/a><\/div>\n<\/div>\n","protected":false},"excerpt":{"rendered":"<p>Comoditate, preluarea controlului asupra propriei s\u0103n\u0103t\u0103\u021bi \u0219i un apel mai puternic pentru frumuse\u021be f\u0103r\u0103 cruzime. Acestea sunt cele trei motive principale pentru care se preconizeaz\u0103 c\u0103 dimensiunea pie\u021bei globale a produselor cosmetice vegane va ajunge la 20,8 miliarde de dolari p\u00e2n\u0103 \u00een 2025, \u00een cre\u0219tere cu o rat\u0103 de 6,3%, conform Raportului de analiz\u0103 a [&hellip;]<\/p>\n","protected":false},"author":5,"featured_media":34705,"parent":34757,"menu_order":0,"comment_status":"closed","ping_status":"closed","template":"","meta":{"_acf_changed":false,"_editorskit_title_hidden":false,"_editorskit_reading_time":0,"_editorskit_is_block_options_detached":false,"_editorskit_block_options_position":"{}","inline_featured_image":false,"_uag_custom_page_level_css":"","footnotes":""},"categories":[],"tags":[],"class_list":["post-34763","page","type-page","status-publish","has-post-thumbnail","hentry"],"acf":[],"uagb_featured_image_src":{"full":["https:\/\/www.v-label.com\/wp-content\/uploads\/2022\/12\/cosmetics-1280.jpg",1280,868,false],"thumbnail":["https:\/\/www.v-label.com\/wp-content\/uploads\/2022\/12\/cosmetics-1280-500x339.jpg",500,339,true],"medium":["https:\/\/www.v-label.com\/wp-content\/uploads\/2022\/12\/cosmetics-1280-300x203.jpg",300,203,true],"medium_large":["https:\/\/www.v-label.com\/wp-content\/uploads\/2022\/12\/cosmetics-1280-768x521.jpg",768,521,true],"large":["https:\/\/www.v-label.com\/wp-content\/uploads\/2022\/12\/cosmetics-1280-1024x694.jpg",1024,694,true],"1536x1536":["https:\/\/www.v-label.com\/wp-content\/uploads\/2022\/12\/cosmetics-1280.jpg",1280,868,false],"2048x2048":["https:\/\/www.v-label.com\/wp-content\/uploads\/2022\/12\/cosmetics-1280.jpg",1280,868,false],"preview":["https:\/\/www.v-label.com\/wp-content\/uploads\/2022\/12\/cosmetics-1280-904x720.jpg",904,720,true],"header":["https:\/\/www.v-label.com\/wp-content\/uploads\/2022\/12\/cosmetics-1280-1280x720.jpg",1280,720,true],"gform-image-choice-sm":["https:\/\/www.v-label.com\/wp-content\/uploads\/2022\/12\/cosmetics-1280.jpg",300,203,false],"gform-image-choice-md":["https:\/\/www.v-label.com\/wp-content\/uploads\/2022\/12\/cosmetics-1280.jpg",400,271,false],"gform-image-choice-lg":["https:\/\/www.v-label.com\/wp-content\/uploads\/2022\/12\/cosmetics-1280.jpg",600,407,false]},"uagb_author_info":{"display_name":"Can Aslan","author_link":"https:\/\/www.v-label.com\/ro"},"uagb_comment_info":0,"uagb_excerpt":"Comoditate, preluarea controlului asupra propriei s\u0103n\u0103t\u0103\u021bi \u0219i un apel mai puternic pentru frumuse\u021be f\u0103r\u0103 cruzime. Acestea sunt cele trei motive principale pentru care se preconizeaz\u0103 c\u0103 dimensiunea pie\u021bei globale a produselor cosmetice vegane va ajunge la 20,8 miliarde de dolari p\u00e2n\u0103 \u00een 2025, \u00een cre\u0219tere cu o rat\u0103 de 6,3%, conform Raportului de analiz\u0103 a&hellip;","_links":{"self":[{"href":"https:\/\/www.v-label.com\/ro\/wp-json\/wp\/v2\/pages\/34763","targetHints":{"allow":["GET"]}}],"collection":[{"href":"https:\/\/www.v-label.com\/ro\/wp-json\/wp\/v2\/pages"}],"about":[{"href":"https:\/\/www.v-label.com\/ro\/wp-json\/wp\/v2\/types\/page"}],"author":[{"embeddable":true,"href":"https:\/\/www.v-label.com\/ro\/wp-json\/wp\/v2\/users\/5"}],"replies":[{"embeddable":true,"href":"https:\/\/www.v-label.com\/ro\/wp-json\/wp\/v2\/comments?post=34763"}],"version-history":[{"count":2,"href":"https:\/\/www.v-label.com\/ro\/wp-json\/wp\/v2\/pages\/34763\/revisions"}],"predecessor-version":[{"id":34996,"href":"https:\/\/www.v-label.com\/ro\/wp-json\/wp\/v2\/pages\/34763\/revisions\/34996"}],"up":[{"embeddable":true,"href":"https:\/\/www.v-label.com\/ro\/wp-json\/wp\/v2\/pages\/34757"}],"wp:featuredmedia":[{"embeddable":true,"href":"https:\/\/www.v-label.com\/ro\/wp-json\/wp\/v2\/media\/34705"}],"wp:attachment":[{"href":"https:\/\/www.v-label.com\/ro\/wp-json\/wp\/v2\/media?parent=34763"}],"wp:term":[{"taxonomy":"category","embeddable":true,"href":"https:\/\/www.v-label.com\/ro\/wp-json\/wp\/v2\/categories?post=34763"},{"taxonomy":"post_tag","embeddable":true,"href":"https:\/\/www.v-label.com\/ro\/wp-json\/wp\/v2\/tags?post=34763"}],"curies":[{"name":"wp","href":"https:\/\/api.w.org\/{rel}","templated":true}]}}