{"id":34765,"date":"2022-05-30T16:15:52","date_gmt":"2022-05-30T14:15:52","guid":{"rendered":"https:\/\/www.v-label.com\/informatii-generale-2\/non-alimete\/"},"modified":"2022-12-25T10:20:59","modified_gmt":"2022-12-25T09:20:59","slug":"non-alimete","status":"publish","type":"page","link":"https:\/\/www.v-label.com\/ro\/informatii-generale-2\/non-alimete\/","title":{"rendered":"Non-Alimete"},"content":{"rendered":"\n<p>O industrie \u00een plin\u0103 expansiune pentru anii urm\u0103tori, moda vegan\u0103 \u0219i f\u0103r\u0103 cruzime este deja considerat\u0103 cool \u0219i luxoas\u0103. Pia\u021ba global\u0103 de mod\u0103 vegan\u0103 pentru femei a fost evaluat\u0103 la 396,3 miliarde USD \u00een 2019 \u0219i este de a\u0219teptat s\u0103 creasc\u0103 cu o rat\u0103 de 13,6% p\u00e2n\u0103 \u00een 2027, potrivit Statista.com. Pia\u021ba de piele vegan\u0103 este for\u021ba conductoare a industriei, \u00een principal datorit\u0103 progreselor tehnologice care perfec\u021bioneaz\u0103 materialele noi \u0219i cresc durata de via\u021b\u0103 a pielii vegane. \u00cen loc de piele pe baz\u0103 de plastic, vedem din ce \u00een ce mai mult \u021bes\u0103turi mai durabile, naturale, din surse la fel de diverse precum frunzele de ananas, drojdia fermentat\u0103, subprodusele industriei vinului \u0219i ciupercile. Sunt, de asemenea, dezvoltate alternative la l\u00e2n\u0103 \u0219i m\u0103tase, realizate din fibre celulozice, precum \u0219i diverse materiale reciclate fiind transformate \u00een \u00eembr\u0103c\u0103minte vegan\u0103 din ce \u00een ce mai popular\u0103.     <\/p>\n\n\n\n<p>Nu \u00een ultimul r\u00e2nd, nu este vorba doar de \u00eembr\u0103c\u0103minte, gen\u021bi \u0219i pantofi. Alte industrii non-alimentare sunt, de asemenea, provocate \u0219i inspirate s\u0103 vin\u0103 cu produse vegane, f\u0103r\u0103 cruzime (c\u0103r\u021bi, bijuterii sau lum\u00e2n\u0103ri). A fi etichetat ca vegan \u0219i vegetarian este considerat un punct de v\u00e2nzare suplimentar \u0219i un punct de diferen\u021b\u0103. De asemenea, ajut\u0103 consumatorii s\u0103 reduc\u0103 confuzia \u0219i s\u0103 g\u0103seasc\u0103 \u00eembr\u0103c\u0103minte sigur\u0103 \u0219i durabil\u0103 pe site-urile de comer\u021b electronic sau \u00een magazine.   <\/p>\n\n\n\n<div class=\"wp-block-buttons is-content-justification-center is-layout-flex wp-container-core-buttons-is-layout-16018d1d wp-block-buttons-is-layout-flex\">\n<div class=\"wp-block-button\"><a class=\"wp-block-button__link wp-element-button\" href=\"https:\/\/www.v-label.com\/ro\/for-business\/get-certified\/\">Ob\u021bine\u021bi certificarea V-Label<\/a><\/div>\n<\/div>\n","protected":false},"excerpt":{"rendered":"<p>O industrie \u00een plin\u0103 expansiune pentru anii urm\u0103tori, moda vegan\u0103 \u0219i f\u0103r\u0103 cruzime este deja considerat\u0103 cool \u0219i luxoas\u0103. Pia\u021ba global\u0103 de mod\u0103 vegan\u0103 pentru femei a fost evaluat\u0103 la 396,3 miliarde USD \u00een 2019 \u0219i este de a\u0219teptat s\u0103 creasc\u0103 cu o rat\u0103 de 13,6% p\u00e2n\u0103 \u00een 2027, potrivit Statista.com. Pia\u021ba de piele vegan\u0103 [&hellip;]<\/p>\n","protected":false},"author":5,"featured_media":34700,"parent":34757,"menu_order":0,"comment_status":"closed","ping_status":"closed","template":"","meta":{"_acf_changed":false,"_editorskit_title_hidden":false,"_editorskit_reading_time":0,"_editorskit_is_block_options_detached":false,"_editorskit_block_options_position":"{}","inline_featured_image":false,"_uag_custom_page_level_css":"","footnotes":""},"categories":[],"tags":[],"class_list":["post-34765","page","type-page","status-publish","has-post-thumbnail","hentry"],"acf":[],"uagb_featured_image_src":{"full":["https:\/\/www.v-label.com\/wp-content\/uploads\/2022\/12\/v-label-non-food-sectors.jpg",1280,692,false],"thumbnail":["https:\/\/www.v-label.com\/wp-content\/uploads\/2022\/12\/v-label-non-food-sectors-500x270.jpg",500,270,true],"medium":["https:\/\/www.v-label.com\/wp-content\/uploads\/2022\/12\/v-label-non-food-sectors-300x162.jpg",300,162,true],"medium_large":["https:\/\/www.v-label.com\/wp-content\/uploads\/2022\/12\/v-label-non-food-sectors-768x415.jpg",768,415,true],"large":["https:\/\/www.v-label.com\/wp-content\/uploads\/2022\/12\/v-label-non-food-sectors-1024x554.jpg",1024,554,true],"1536x1536":["https:\/\/www.v-label.com\/wp-content\/uploads\/2022\/12\/v-label-non-food-sectors.jpg",1280,692,false],"2048x2048":["https:\/\/www.v-label.com\/wp-content\/uploads\/2022\/12\/v-label-non-food-sectors.jpg",1280,692,false],"preview":["https:\/\/www.v-label.com\/wp-content\/uploads\/2022\/12\/v-label-non-food-sectors-904x692.jpg",904,692,true],"header":["https:\/\/www.v-label.com\/wp-content\/uploads\/2022\/12\/v-label-non-food-sectors.jpg",1280,692,false],"gform-image-choice-sm":["https:\/\/www.v-label.com\/wp-content\/uploads\/2022\/12\/v-label-non-food-sectors.jpg",300,162,false],"gform-image-choice-md":["https:\/\/www.v-label.com\/wp-content\/uploads\/2022\/12\/v-label-non-food-sectors.jpg",400,216,false],"gform-image-choice-lg":["https:\/\/www.v-label.com\/wp-content\/uploads\/2022\/12\/v-label-non-food-sectors.jpg",600,324,false]},"uagb_author_info":{"display_name":"Can Aslan","author_link":"https:\/\/www.v-label.com\/ro"},"uagb_comment_info":0,"uagb_excerpt":"O industrie \u00een plin\u0103 expansiune pentru anii urm\u0103tori, moda vegan\u0103 \u0219i f\u0103r\u0103 cruzime este deja considerat\u0103 cool \u0219i luxoas\u0103. Pia\u021ba global\u0103 de mod\u0103 vegan\u0103 pentru femei a fost evaluat\u0103 la 396,3 miliarde USD \u00een 2019 \u0219i este de a\u0219teptat s\u0103 creasc\u0103 cu o rat\u0103 de 13,6% p\u00e2n\u0103 \u00een 2027, potrivit Statista.com. Pia\u021ba de piele vegan\u0103&hellip;","_links":{"self":[{"href":"https:\/\/www.v-label.com\/ro\/wp-json\/wp\/v2\/pages\/34765","targetHints":{"allow":["GET"]}}],"collection":[{"href":"https:\/\/www.v-label.com\/ro\/wp-json\/wp\/v2\/pages"}],"about":[{"href":"https:\/\/www.v-label.com\/ro\/wp-json\/wp\/v2\/types\/page"}],"author":[{"embeddable":true,"href":"https:\/\/www.v-label.com\/ro\/wp-json\/wp\/v2\/users\/5"}],"replies":[{"embeddable":true,"href":"https:\/\/www.v-label.com\/ro\/wp-json\/wp\/v2\/comments?post=34765"}],"version-history":[{"count":2,"href":"https:\/\/www.v-label.com\/ro\/wp-json\/wp\/v2\/pages\/34765\/revisions"}],"predecessor-version":[{"id":35024,"href":"https:\/\/www.v-label.com\/ro\/wp-json\/wp\/v2\/pages\/34765\/revisions\/35024"}],"up":[{"embeddable":true,"href":"https:\/\/www.v-label.com\/ro\/wp-json\/wp\/v2\/pages\/34757"}],"wp:featuredmedia":[{"embeddable":true,"href":"https:\/\/www.v-label.com\/ro\/wp-json\/wp\/v2\/media\/34700"}],"wp:attachment":[{"href":"https:\/\/www.v-label.com\/ro\/wp-json\/wp\/v2\/media?parent=34765"}],"wp:term":[{"taxonomy":"category","embeddable":true,"href":"https:\/\/www.v-label.com\/ro\/wp-json\/wp\/v2\/categories?post=34765"},{"taxonomy":"post_tag","embeddable":true,"href":"https:\/\/www.v-label.com\/ro\/wp-json\/wp\/v2\/tags?post=34765"}],"curies":[{"name":"wp","href":"https:\/\/api.w.org\/{rel}","templated":true}]}}