{"id":39524,"date":"2022-05-24T16:39:56","date_gmt":"2022-05-24T14:39:56","guid":{"rendered":"https:\/\/www.v-label.com\/?page_id=39524"},"modified":"2022-12-27T17:59:13","modified_gmt":"2022-12-27T16:59:13","slug":"data-privacy","status":"publish","type":"page","link":"https:\/\/www.v-label.com\/ro\/data-privacy\/","title":{"rendered":"Confiden\u021bialitatea Datelor"},"content":{"rendered":"\n<p>Acest site web poate fi utilizat \u00een orice moment, f\u0103r\u0103 a fi nevoie ca utilizatorii s\u0103 furnizeze date cu caracter personal. \u00cen m\u0103sura \u00een care datele cu caracter personal sunt colectate pe acest site web, acestea sunt furnizate voluntar de c\u0103tre utilizator. Datele cu caracter personal nu vor fi dezv\u0103luite c\u0103tre ter\u021bi dac\u0103 utilizatorul nu \u0219i-a dat consim\u021b\u0103m\u00e2ntul \u00een mod expres.<\/p>\n\n\n\n<p>\u00cen m\u0103sura \u00een care datele cu caracter personal sunt colectate pe acest site web, aceste date sunt colectate \u00eentotdeauna \u00een conformitate cu prevederile legisla\u021biei elve\u021biene privind protec\u021bia datelor. \u00cen m\u0103sura \u00een care sunt colectate date cu caracter personal, aceast\u0103 declara\u021bie de confiden\u021bialitate a datelor ofer\u0103 informa\u021bii despre natura, domeniul \u0219i scopul colect\u0103rii, \u0219i utiliz\u0103rii datelor cu caracter personal.<\/p>\n\n\n\n<p>\u00cen ciuda celei mai mari grij\u0103 pentru a v\u0103 proteja datele, transmiterea datelor prin internet implic\u0103 \u00eentotdeauna riscuri datorate bre\u0219elor de securitate. Prin urmare, este imposibil s\u0103 se asigure o protec\u021bie complet\u0103 a datelor \u00een orice moment.<\/p>\n\n\n\n<h2 class=\"has-text-align-center wp-block-heading\">Transfer de date (fi\u0219iere jurnal server)<\/h2>\n\n\n\n<p>C\u00e2nd accesa\u021bi site-ul nostru web, datele sunt transferate automat din browserul dvs. pe serverul nostru web. Aceste date includ informa\u021bii de acces anonime, cum ar fi data \u0219i ora, tipul browserului, volumul\/tipul de date accesate \u0219i adresa dvs. IP. Aceste date sunt stocate separat de orice alte date colectate \u00een timpul vizitei dvs. pe site-ul nostru web. Aceste date nu permit identificarea unei persoane individuale \u0219i sunt colectate numai pentru observarea comportamentului utilizatorului \u0219i \u00een scopuri statistice. Dup\u0103 ce datele au fost evaluate \u00een consecin\u021b\u0103, se iau m\u0103suri pentru \u0219tergerea datelor.<\/p>\n\n\n\n<h2 class=\"has-text-align-center wp-block-heading\">Cookies<\/h2>\n\n\n\n<p>Folosim cookie-uri pe site-ul nostru, at\u00e2t \u00een scopul asigur\u0103rii calit\u0103\u021bii, c\u00e2t \u0219i pentru a extinde sfera func\u021bional\u0103 a ofertei noastre. Cookie-urile sunt fi\u0219iere text care sunt stocate pe computerul dvs. \u0219i sunt utilizate pentru a determina num\u0103rul de acces\u0103ri a paginilor. Folosim aceste informa\u021bii doar \u00een scopul \u00eembun\u0103t\u0103\u021birii site-ului nostru web.<\/p>\n\n\n\n<h2 class=\"has-text-align-center wp-block-heading\">Date personale<\/h2>\n\n\n\n<p>Folosim \u0219i colect\u0103m, \u00een m\u0103sura necesar\u0103, datele dvs. personale pentru stabilirea, crearea con\u021binutului sau modificarea unei rela\u021bii contractuale \u00eentre dvs. \u0219i noi.<\/p>\n\n\n\n<p>Aceste date nu sunt transmise \u00een general ter\u021bilor, aceasta se aplic\u0103 \u0219i oric\u0103ror informa\u021bii conexe. Prin ordinul autorit\u0103\u021bilor competente, suntem obliga\u021bi s\u0103 furniz\u0103m informa\u021bii cu privire la datele cu caracter personal, \u00een m\u0103sura \u00een care acestea sunt necesare \u00een scopul urm\u0103ririi penale, al ap\u0103r\u0103rii sau pentru \u00eendeplinirea altor sarcini statutare.<\/p>\n\n\n\n<h2 class=\"has-text-align-center wp-block-heading\">Date de utilizare<\/h2>\n\n\n\n<p>Colect\u0103m \u0219i folosim \u201edatele de utilizare\u201d \u00een m\u0103sura \u00een care este necesar. Datele de utilizare sunt date care v\u0103 permit s\u0103 utiliza\u021bi produsul nostru, \u0219i sunt, de asemenea, utilizate \u00een scopuri de facturare. Aceste date ne ofer\u0103 informa\u021bii despre timpul \u0219i gradul de utilizare al dvs., dar \u0219i despre caracteristicile dvs. de identificare.<\/p>\n\n\n\n<p>Re\u021bine\u021bi c\u0103 avem permisiunea de a genera profiluri de utilizare \u2013 adic\u0103 o colec\u021bie de date care detaliaz\u0103 istoricul vizitelor pe site-ul nostru web \u2013 \u00een scopuri promo\u021bionale, de cercetare de pia\u021b\u0103 sau pentru optimizarea site-ului. Aceste profiluri de utilizare nu con\u021bin informa\u021bii personale \u0219i nu sunt combinate cu alte date colectate de noi, ceea ce \u00eenseamn\u0103 c\u0103 persoane individuale nu pot fi identificate prin amalgamarea diferitelor date. Ave\u021bi dreptul de a revoca oric\u00e2nd consim\u021b\u0103m\u00e2ntul pentru utilizarea datelor dvs. \u00een acest mod.<\/p>\n\n\n\n<h2 class=\"has-text-align-center wp-block-heading\">Date pentru newsletter<\/h2>\n\n\n\n<p>C\u00e2nd comanda\u021bi newsletterul oferit pe site-ul nostru web, v\u0103 vom solicita adresa de e-mail \u0219i v\u0103 vom salva adresa IP. Nu sunt colectate alte date. Aceste date sunt utilizate exclusiv \u00een scopul transmiterii informa\u021biilor solicitate \u0219i nu sunt transmise ter\u021bilor.<\/p>\n\n\n\n<p>Ave\u021bi dreptul de a revoca oric\u00e2nd consim\u021b\u0103m\u00e2ntul pentru stocarea \u0219i utilizarea datelor \u0219i e-mailului dvs. pentru trimiterea buletinului informativ; pute\u021bi face acest lucru folosind, de exemplu, linkul de dezabonare furnizat \u00een fiecare newsletter.<\/p>\n\n\n\n<h2 class=\"has-text-align-center wp-block-heading\">Dreptul la informare<\/h2>\n\n\n\n<p>Re\u021bine\u021bi c\u0103 ave\u021bi dreptul de a solicita informa\u021bii de la noi cu privire la datele dvs. stocate \u0219i, \u00een cazul \u00een care datele sunt incorecte, s\u0103 cere\u021bi ca acestea s\u0103 fie blocate, \u0219terse sau corectate. Aceste informa\u021bii pot fi furnizate prin telefon sau e-mail.<\/p>\n\n\n\n<h2 class=\"has-text-align-center wp-block-heading\">Modific\u0103ri ale declara\u021biei de confiden\u021bialitate a datelor<\/h2>\n\n\n\n<p>\u00cen cazul unor modific\u0103ri viitoare a declara\u021biei noastre de confiden\u021bialitate a datelor, modific\u0103rile vor fi \u00eentotdeauna dezv\u0103luite pe acest site web.<\/p>\n\n\n\n<h2 class=\"has-text-align-center wp-block-heading\">Declara\u021bie de confiden\u021bialitate a datelor \u2013 Google Analytics<\/h2>\n\n\n\n<p>Site-ul nostru utilizeaz\u0103 serviciile furnizate de Google Analytics, un serviciu de analiz\u0103 web de la Google Inc. Analiza utiliz\u0103rii web a dvs. este activat\u0103 prin \u201ecookie-uri\u201d, care sunt stocate pe computerul dvs., \u0219i genereaz\u0103 informa\u021bii despre comportamentul dvs. online \u0219i trimite datele la Google Inc. \u00cen condi\u021bii normale, o versiune scurtat\u0103 a adresei dvs. IP este trimis\u0103 serverelor Google, de\u0219i \u00een cazuri excep\u021bionale poate fi trimis\u0103 \u0219i adresa IP complet\u0103. Google folose\u0219te aceste informa\u021bii \u00een numele nostru pentru a crea un raport privind comportamentul utilizatorilor pe site-ul nostru web. Adresa IP identificat\u0103 de Google Analytics nu este combinat\u0103 cu alte date Google. Dac\u0103 nu dori\u021bi s\u0103 fie stocate cookie-uri pe computerul dvs., pute\u021bi modifica set\u0103rile corespunz\u0103toare din browserul dvs., de\u0219i acest lucru poate duce la imposibilitatea de a beneficia \u00een \u00eentregime de func\u021bionalitatea site-ului nostru.<\/p>\n\n\n\n<p>Dac\u0103 adresele IP nu au fost oricum anonimizate (mascare IP) prin ad\u0103ugarea codului \u201egat._anonymizeIp ();\u201d, datele colectate sunt prelucrate \u00een conformitate cu dispozi\u021biile legale relevante stabilite prin Legea Federal\u0103 pentru Protec\u021bia Datelor \u0219i termenii de utilizare Google, ceea ce \u00eenseamn\u0103 c\u0103 transmiterea datelor cu caracter personal c\u0103tre Google nu este permis\u0103.<\/p>\n\n\n\r\n<section id=\"cta-block_9c23dae411e54d4b03cbd2e7bbb929a9\" class=\"wp-block-cta alignfull aligncenter\" style=\"background-image: url(https:\/\/www.v-label.com\/wp-content\/uploads\/2022\/09\/cta-kontakt2.jpeg);\">\r\n\t<div class=\"row\">\r\n\t\t<div class=\"medium-8 medium-centered column\">\r\n\t\t\t\t\t\t\t<h2>Contacta\u0163i-ne!<\/h2>\r\n\t\t\t\t\t\t\t\t\t\t<p><p>Indiferent dac\u0103 sunte\u021bi interesat de o anumit\u0103 ofert\u0103 sau ave\u021bi doar c\u00e2teva \u00eentreb\u0103ri generale, nu ezita\u021bi s\u0103 intra\u021bi \u00een leg\u0103tur\u0103! A\u0219tept\u0103m s\u0103 ne contacta\u021bi.<\/p>\n<\/p>\r\n\t\t\t\r\n\t\t\t<div class=\"wp-block-buttons\">\r\n\t\t\t\t\t\t\t\t\t\t<a href=\"https:\/\/www.v-label.com\/get-in-touch\/\" class=\"wp-block-button__link\">Contacta\u0163i-ne<\/a>\r\n\t\t\t\t\t\t\t\t\t\t\t\t<\/div>\r\n\r\n\t\t<\/div>\r\n\t<\/div>\r\n<\/section>","protected":false},"excerpt":{"rendered":"<p>Acest site web poate fi utilizat \u00een orice moment, f\u0103r\u0103 a fi nevoie ca utilizatorii s\u0103 furnizeze date cu caracter personal. \u00cen m\u0103sura \u00een care datele cu caracter personal sunt colectate pe acest site web, acestea sunt furnizate voluntar de c\u0103tre utilizator. Datele cu caracter personal nu vor fi dezv\u0103luite c\u0103tre ter\u021bi dac\u0103 utilizatorul nu [&hellip;]<\/p>\n","protected":false},"author":5,"featured_media":34780,"parent":0,"menu_order":0,"comment_status":"closed","ping_status":"closed","template":"","meta":{"_acf_changed":false,"_editorskit_title_hidden":false,"_editorskit_reading_time":0,"_editorskit_is_block_options_detached":false,"_editorskit_block_options_position":"{}","inline_featured_image":false,"_uag_custom_page_level_css":"","footnotes":""},"categories":[],"tags":[],"class_list":["post-39524","page","type-page","status-publish","has-post-thumbnail","hentry"],"acf":[],"uagb_featured_image_src":{"full":["https:\/\/www.v-label.com\/wp-content\/uploads\/2022\/12\/v-label-customer-area-1.jpg",1000,610,false],"thumbnail":["https:\/\/www.v-label.com\/wp-content\/uploads\/2022\/12\/adobestock-199227716-preview-500x305.jpeg",500,305,true],"medium":["https:\/\/www.v-label.com\/wp-content\/uploads\/2022\/12\/adobestock-199227716-preview-300x183.jpeg",300,183,true],"medium_large":["https:\/\/www.v-label.com\/wp-content\/uploads\/2022\/12\/adobestock-199227716-preview-768x468.jpeg",768,468,true],"large":["https:\/\/www.v-label.com\/wp-content\/uploads\/2022\/12\/v-label-customer-area-1.jpg",1000,610,false],"1536x1536":["https:\/\/www.v-label.com\/wp-content\/uploads\/2022\/12\/v-label-customer-area-1.jpg",1000,610,false],"2048x2048":["https:\/\/www.v-label.com\/wp-content\/uploads\/2022\/12\/v-label-customer-area-1.jpg",1000,610,false],"preview":["https:\/\/www.v-label.com\/wp-content\/uploads\/2022\/12\/adobestock-199227716-preview-904x610.jpeg",904,610,true],"header":["https:\/\/www.v-label.com\/wp-content\/uploads\/2022\/12\/v-label-customer-area-1.jpg",1000,610,false],"gform-image-choice-sm":["https:\/\/www.v-label.com\/wp-content\/uploads\/2022\/12\/v-label-customer-area-1.jpg",300,183,false],"gform-image-choice-md":["https:\/\/www.v-label.com\/wp-content\/uploads\/2022\/12\/v-label-customer-area-1.jpg",400,244,false],"gform-image-choice-lg":["https:\/\/www.v-label.com\/wp-content\/uploads\/2022\/12\/v-label-customer-area-1.jpg",600,366,false]},"uagb_author_info":{"display_name":"Can Aslan","author_link":"https:\/\/www.v-label.com\/ro"},"uagb_comment_info":0,"uagb_excerpt":"Acest site web poate fi utilizat \u00een orice moment, f\u0103r\u0103 a fi nevoie ca utilizatorii s\u0103 furnizeze date cu caracter personal. \u00cen m\u0103sura \u00een care datele cu caracter personal sunt colectate pe acest site web, acestea sunt furnizate voluntar de c\u0103tre utilizator. Datele cu caracter personal nu vor fi dezv\u0103luite c\u0103tre ter\u021bi dac\u0103 utilizatorul nu&hellip;","_links":{"self":[{"href":"https:\/\/www.v-label.com\/ro\/wp-json\/wp\/v2\/pages\/39524","targetHints":{"allow":["GET"]}}],"collection":[{"href":"https:\/\/www.v-label.com\/ro\/wp-json\/wp\/v2\/pages"}],"about":[{"href":"https:\/\/www.v-label.com\/ro\/wp-json\/wp\/v2\/types\/page"}],"author":[{"embeddable":true,"href":"https:\/\/www.v-label.com\/ro\/wp-json\/wp\/v2\/users\/5"}],"replies":[{"embeddable":true,"href":"https:\/\/www.v-label.com\/ro\/wp-json\/wp\/v2\/comments?post=39524"}],"version-history":[{"count":2,"href":"https:\/\/www.v-label.com\/ro\/wp-json\/wp\/v2\/pages\/39524\/revisions"}],"predecessor-version":[{"id":39555,"href":"https:\/\/www.v-label.com\/ro\/wp-json\/wp\/v2\/pages\/39524\/revisions\/39555"}],"wp:featuredmedia":[{"embeddable":true,"href":"https:\/\/www.v-label.com\/ro\/wp-json\/wp\/v2\/media\/34780"}],"wp:attachment":[{"href":"https:\/\/www.v-label.com\/ro\/wp-json\/wp\/v2\/media?parent=39524"}],"wp:term":[{"taxonomy":"category","embeddable":true,"href":"https:\/\/www.v-label.com\/ro\/wp-json\/wp\/v2\/categories?post=39524"},{"taxonomy":"post_tag","embeddable":true,"href":"https:\/\/www.v-label.com\/ro\/wp-json\/wp\/v2\/tags?post=39524"}],"curies":[{"name":"wp","href":"https:\/\/api.w.org\/{rel}","templated":true}]}}