{"id":10979,"date":"2022-09-09T11:07:38","date_gmt":"2022-09-09T09:07:38","guid":{"rendered":"https:\/\/www.v-label.com\/general-information\/certified-products\/meat-alternatives\/"},"modified":"2023-03-13T10:19:40","modified_gmt":"2023-03-13T09:19:40","slug":"meat-alternatives","status":"publish","type":"page","link":"https:\/\/www.v-label.com\/sk\/vseobecne-informacie\/certifikovane-vyrobky\/meat-alternatives\/","title":{"rendered":"M\u00e4sov\u00e9 alternat\u00edvy"},"content":{"rendered":"\n<p>Pokrokov\u00e9 ingrediencie, spolo\u010densk\u00e9 uznanie a nekone\u010dn\u00e9 mo\u017enosti kombinova\u0165. To s\u00fa tri d\u00f4vody, pre\u010do m\u00e4sov\u00e9 alternat\u00edvy nielen\u017ee exponenci\u00e1lne rast\u00fa, ale tie\u017e n\u00e1m ukazuj\u00fa, ako budeme v bud\u00facnosti jed\u00e1va\u0165. Pozrite sa na ne lep\u0161ie a pote\u0161te va\u0161e chu\u0165ov\u00e9 poh\u00e1riky!<\/p>\n\n\n\n<div class=\"wp-block-columns are-vertically-aligned-center is-layout-flex wp-container-core-columns-is-layout-9d6595d7 wp-block-columns-is-layout-flex\">\n<div class=\"wp-block-column is-vertically-aligned-center is-layout-flow wp-block-column-is-layout-flow\">\n<figure class=\"wp-block-image aligncenter size-medium\"><a href=\"http:\/\/www.alfasorti.sk\" target=\"_blank\" rel=\"noreferrer noopener\"><img decoding=\"async\" width=\"300\" height=\"67\" src=\"https:\/\/www.v-label.com\/wp-content\/uploads\/2022\/12\/alfasorti-300x67.png\" alt=\"\" class=\"wp-image-15485\" srcset=\"https:\/\/www.v-label.com\/wp-content\/uploads\/2022\/12\/alfasorti-300x67.png 300w, https:\/\/www.v-label.com\/wp-content\/uploads\/2022\/12\/alfasorti-500x111.png 500w, https:\/\/www.v-label.com\/wp-content\/uploads\/2022\/12\/alfasorti.png 600w\" sizes=\"(max-width: 300px) 100vw, 300px\" \/><\/a><\/figure>\n<\/div>\n\n\n\n<div class=\"wp-block-column is-vertically-aligned-center is-layout-flow wp-block-column-is-layout-flow\">\n<figure class=\"wp-block-image aligncenter size-medium\"><a href=\"http:\/\/www.hossafamily.sk\/sk\/\" target=\"_blank\" rel=\"noreferrer noopener\"><img decoding=\"async\" width=\"300\" height=\"69\" src=\"https:\/\/www.v-label.com\/wp-content\/uploads\/2022\/12\/hossa-300x69.png\" alt=\"\" class=\"wp-image-15505\" srcset=\"https:\/\/www.v-label.com\/wp-content\/uploads\/2022\/12\/hossa-300x69.png 300w, https:\/\/www.v-label.com\/wp-content\/uploads\/2022\/12\/hossa-500x114.png 500w, https:\/\/www.v-label.com\/wp-content\/uploads\/2022\/12\/hossa.png 600w\" sizes=\"(max-width: 300px) 100vw, 300px\" \/><\/a><\/figure>\n<\/div>\n\n\n\n<div class=\"wp-block-column is-vertically-aligned-center is-layout-flow wp-block-column-is-layout-flow\">\n<figure class=\"wp-block-image aligncenter size-medium\"><a href=\"https:\/\/www.rybazilina.sk\" target=\"_blank\" rel=\"noreferrer noopener\"><img decoding=\"async\" width=\"286\" height=\"300\" src=\"https:\/\/www.v-label.com\/wp-content\/uploads\/2022\/12\/ryba-286x300.png\" alt=\"\" class=\"wp-image-15509\" srcset=\"https:\/\/www.v-label.com\/wp-content\/uploads\/2022\/12\/ryba-286x300.png 286w, https:\/\/www.v-label.com\/wp-content\/uploads\/2022\/12\/ryba-477x500.png 477w, https:\/\/www.v-label.com\/wp-content\/uploads\/2022\/12\/ryba.png 600w\" sizes=\"(max-width: 286px) 100vw, 286px\" \/><\/a><\/figure>\n<\/div>\n<\/div>\n\n\n\n<p><\/p>\n","protected":false},"excerpt":{"rendered":"<p>Pokrokov\u00e9 ingrediencie, spolo\u010densk\u00e9 uznanie a nekone\u010dn\u00e9 mo\u017enosti kombinova\u0165. To s\u00fa tri d\u00f4vody, pre\u010do m\u00e4sov\u00e9 alternat\u00edvy nielen\u017ee exponenci\u00e1lne rast\u00fa, ale tie\u017e n\u00e1m ukazuj\u00fa, ako budeme v bud\u00facnosti jed\u00e1va\u0165. Pozrite sa na ne lep\u0161ie a pote\u0161te va\u0161e chu\u0165ov\u00e9 poh\u00e1riky!<\/p>\n","protected":false},"author":5,"featured_media":17407,"parent":8526,"menu_order":0,"comment_status":"closed","ping_status":"closed","template":"","meta":{"_acf_changed":false,"_editorskit_title_hidden":false,"_editorskit_reading_time":0,"_editorskit_is_block_options_detached":false,"_editorskit_block_options_position":"{}","inline_featured_image":false,"_uag_custom_page_level_css":"","footnotes":""},"categories":[],"tags":[],"class_list":["post-10979","page","type-page","status-publish","has-post-thumbnail","hentry"],"acf":[],"uagb_featured_image_src":{"full":["https:\/\/www.v-label.com\/wp-content\/uploads\/2022\/12\/meat-alternatives-1280.jpg",1280,852,false],"thumbnail":["https:\/\/www.v-label.com\/wp-content\/uploads\/2022\/12\/meat-alternatives-1280-500x333.jpg",500,333,true],"medium":["https:\/\/www.v-label.com\/wp-content\/uploads\/2022\/12\/meat-alternatives-1280-300x200.jpg",300,200,true],"medium_large":["https:\/\/www.v-label.com\/wp-content\/uploads\/2022\/12\/meat-alternatives-1280-768x511.jpg",768,511,true],"large":["https:\/\/www.v-label.com\/wp-content\/uploads\/2022\/12\/meat-alternatives-1280-1024x682.jpg",1024,682,true],"1536x1536":["https:\/\/www.v-label.com\/wp-content\/uploads\/2022\/12\/meat-alternatives-1280.jpg",1280,852,false],"2048x2048":["https:\/\/www.v-label.com\/wp-content\/uploads\/2022\/12\/meat-alternatives-1280.jpg",1280,852,false],"preview":["https:\/\/www.v-label.com\/wp-content\/uploads\/2022\/12\/meat-alternatives-1280-904x720.jpg",904,720,true],"header":["https:\/\/www.v-label.com\/wp-content\/uploads\/2022\/12\/meat-alternatives-1280-1280x720.jpg",1280,720,true],"gform-image-choice-sm":["https:\/\/www.v-label.com\/wp-content\/uploads\/2022\/12\/meat-alternatives-1280.jpg",300,200,false],"gform-image-choice-md":["https:\/\/www.v-label.com\/wp-content\/uploads\/2022\/12\/meat-alternatives-1280.jpg",400,266,false],"gform-image-choice-lg":["https:\/\/www.v-label.com\/wp-content\/uploads\/2022\/12\/meat-alternatives-1280.jpg",600,399,false]},"uagb_author_info":{"display_name":"Can Aslan","author_link":"https:\/\/www.v-label.com\/sk"},"uagb_comment_info":0,"uagb_excerpt":"Pokrokov\u00e9 ingrediencie, spolo\u010densk\u00e9 uznanie a nekone\u010dn\u00e9 mo\u017enosti kombinova\u0165. To s\u00fa tri d\u00f4vody, pre\u010do m\u00e4sov\u00e9 alternat\u00edvy nielen\u017ee exponenci\u00e1lne rast\u00fa, ale tie\u017e n\u00e1m ukazuj\u00fa, ako budeme v bud\u00facnosti jed\u00e1va\u0165. Pozrite sa na ne lep\u0161ie a pote\u0161te va\u0161e chu\u0165ov\u00e9 poh\u00e1riky!","_links":{"self":[{"href":"https:\/\/www.v-label.com\/sk\/wp-json\/wp\/v2\/pages\/10979","targetHints":{"allow":["GET"]}}],"collection":[{"href":"https:\/\/www.v-label.com\/sk\/wp-json\/wp\/v2\/pages"}],"about":[{"href":"https:\/\/www.v-label.com\/sk\/wp-json\/wp\/v2\/types\/page"}],"author":[{"embeddable":true,"href":"https:\/\/www.v-label.com\/sk\/wp-json\/wp\/v2\/users\/5"}],"replies":[{"embeddable":true,"href":"https:\/\/www.v-label.com\/sk\/wp-json\/wp\/v2\/comments?post=10979"}],"version-history":[{"count":3,"href":"https:\/\/www.v-label.com\/sk\/wp-json\/wp\/v2\/pages\/10979\/revisions"}],"predecessor-version":[{"id":51218,"href":"https:\/\/www.v-label.com\/sk\/wp-json\/wp\/v2\/pages\/10979\/revisions\/51218"}],"up":[{"embeddable":true,"href":"https:\/\/www.v-label.com\/sk\/wp-json\/wp\/v2\/pages\/8526"}],"wp:featuredmedia":[{"embeddable":true,"href":"https:\/\/www.v-label.com\/sk\/wp-json\/wp\/v2\/media\/17407"}],"wp:attachment":[{"href":"https:\/\/www.v-label.com\/sk\/wp-json\/wp\/v2\/media?parent=10979"}],"wp:term":[{"taxonomy":"category","embeddable":true,"href":"https:\/\/www.v-label.com\/sk\/wp-json\/wp\/v2\/categories?post=10979"},{"taxonomy":"post_tag","embeddable":true,"href":"https:\/\/www.v-label.com\/sk\/wp-json\/wp\/v2\/tags?post=10979"}],"curies":[{"name":"wp","href":"https:\/\/api.w.org\/{rel}","templated":true}]}}