{"id":11296,"date":"2022-09-13T11:05:29","date_gmt":"2022-09-13T09:05:29","guid":{"rendered":"https:\/\/www.v-label.com\/general-information\/certified-products\/dairy-alternatives\/"},"modified":"2023-03-13T10:21:41","modified_gmt":"2023-03-13T09:21:41","slug":"dairy-alternatives","status":"publish","type":"page","link":"https:\/\/www.v-label.com\/sk\/vseobecne-informacie\/certifikovane-vyrobky\/dairy-alternatives\/","title":{"rendered":"Mlie\u010dne alternat\u00edvy"},"content":{"rendered":"\n<p>Prechod od s\u00f3jov\u00e9ho k ovsen\u00e9mu, mand\u013eov\u00e9mu \u010di kokosov\u00e9mu mlieku bol iba za\u010diatkom rastlinnej mlie\u010dnej revol\u00facie. Vyberte si to, \u010do m\u00e1te radi. Na trhu je toho ve\u013ea, od gr\u00e9ckych jogurtov a\u017e po jogurtov\u00e9 n\u00e1poje, chutn\u00e9 a pre plan\u00e9tu udr\u017eate\u013en\u00e9 zmrzliny, masl\u00e1 a ra\u0148ajkov\u00e9 n\u00e1tierky. A absol\u00fatnou \u0161pi\u010dkou s\u00fa veg\u00e1nske syry!<\/p>\n\n\n\n<div class=\"wp-block-columns are-vertically-aligned-center is-layout-flex wp-container-core-columns-is-layout-9d6595d7 wp-block-columns-is-layout-flex\">\n<div class=\"wp-block-column is-vertically-aligned-center is-layout-flow wp-block-column-is-layout-flow\">\n<figure class=\"wp-block-image aligncenter size-medium\"><a href=\"http:\/\/www.belusafoods.sk\" target=\"_blank\" rel=\"noreferrer noopener\"><img decoding=\"async\" width=\"300\" height=\"99\" src=\"https:\/\/www.v-label.com\/wp-content\/uploads\/2022\/12\/belusafoods-300x99.png\" alt=\"\" class=\"wp-image-15531\" srcset=\"https:\/\/www.v-label.com\/wp-content\/uploads\/2022\/12\/belusafoods-300x99.png 300w, https:\/\/www.v-label.com\/wp-content\/uploads\/2022\/12\/belusafoods-500x165.png 500w, https:\/\/www.v-label.com\/wp-content\/uploads\/2022\/12\/belusafoods.png 600w\" sizes=\"(max-width: 300px) 100vw, 300px\" \/><\/a><\/figure>\n<\/div>\n\n\n\n<div class=\"wp-block-column is-vertically-aligned-center is-layout-flow wp-block-column-is-layout-flow\">\n<figure class=\"wp-block-image aligncenter size-medium\"><a href=\"http:\/\/www.firstfoodproduction.com\" target=\"_blank\" rel=\"noreferrer noopener\"><img decoding=\"async\" width=\"300\" height=\"65\" src=\"https:\/\/www.v-label.com\/wp-content\/uploads\/2022\/12\/firstfood-300x65.png\" alt=\"\" class=\"wp-image-15551\" srcset=\"https:\/\/www.v-label.com\/wp-content\/uploads\/2022\/12\/firstfood-300x65.png 300w, https:\/\/www.v-label.com\/wp-content\/uploads\/2022\/12\/firstfood-500x108.png 500w, https:\/\/www.v-label.com\/wp-content\/uploads\/2022\/12\/firstfood.png 600w\" sizes=\"(max-width: 300px) 100vw, 300px\" \/><\/a><\/figure>\n<\/div>\n\n\n\n<div class=\"wp-block-column is-vertically-aligned-center is-layout-flow wp-block-column-is-layout-flow\">\n<figure class=\"wp-block-image aligncenter size-medium\"><a href=\"https:\/\/www.rajo.sk\/sk\" target=\"_blank\" rel=\"noreferrer noopener\"><img decoding=\"async\" width=\"300\" height=\"243\" src=\"https:\/\/www.v-label.com\/wp-content\/uploads\/2022\/12\/rajo-300x243.png\" alt=\"\" class=\"wp-image-15571\" srcset=\"https:\/\/www.v-label.com\/wp-content\/uploads\/2022\/12\/rajo-300x243.png 300w, https:\/\/www.v-label.com\/wp-content\/uploads\/2022\/12\/rajo-500x404.png 500w, https:\/\/www.v-label.com\/wp-content\/uploads\/2022\/12\/rajo.png 600w\" sizes=\"(max-width: 300px) 100vw, 300px\" \/><\/a><\/figure>\n<\/div>\n<\/div>\n","protected":false},"excerpt":{"rendered":"<p>Prechod od s\u00f3jov\u00e9ho k ovsen\u00e9mu, mand\u013eov\u00e9mu \u010di kokosov\u00e9mu mlieku bol iba za\u010diatkom rastlinnej mlie\u010dnej revol\u00facie. Vyberte si to, \u010do m\u00e1te radi. Na trhu je toho ve\u013ea, od gr\u00e9ckych jogurtov a\u017e po jogurtov\u00e9 n\u00e1poje, chutn\u00e9 a pre plan\u00e9tu udr\u017eate\u013en\u00e9 zmrzliny, masl\u00e1 a ra\u0148ajkov\u00e9 n\u00e1tierky. A absol\u00fatnou \u0161pi\u010dkou s\u00fa veg\u00e1nske syry!<\/p>\n","protected":false},"author":5,"featured_media":17890,"parent":8526,"menu_order":0,"comment_status":"closed","ping_status":"closed","template":"","meta":{"_acf_changed":false,"_editorskit_title_hidden":false,"_editorskit_reading_time":0,"_editorskit_is_block_options_detached":false,"_editorskit_block_options_position":"{}","inline_featured_image":false,"_uag_custom_page_level_css":"","footnotes":""},"categories":[],"tags":[],"class_list":["post-11296","page","type-page","status-publish","has-post-thumbnail","hentry"],"acf":[],"uagb_featured_image_src":{"full":["https:\/\/www.v-label.com\/wp-content\/uploads\/2022\/12\/milk-alternatives-1280.jpg",1280,853,false],"thumbnail":["https:\/\/www.v-label.com\/wp-content\/uploads\/2022\/12\/milk-alternatives-1280-500x333.jpg",500,333,true],"medium":["https:\/\/www.v-label.com\/wp-content\/uploads\/2022\/12\/milk-alternatives-1280-300x200.jpg",300,200,true],"medium_large":["https:\/\/www.v-label.com\/wp-content\/uploads\/2022\/12\/milk-alternatives-1280-768x512.jpg",768,512,true],"large":["https:\/\/www.v-label.com\/wp-content\/uploads\/2022\/12\/milk-alternatives-1280-1024x682.jpg",1024,682,true],"1536x1536":["https:\/\/www.v-label.com\/wp-content\/uploads\/2022\/12\/milk-alternatives-1280.jpg",1280,853,false],"2048x2048":["https:\/\/www.v-label.com\/wp-content\/uploads\/2022\/12\/milk-alternatives-1280.jpg",1280,853,false],"preview":["https:\/\/www.v-label.com\/wp-content\/uploads\/2022\/12\/milk-alternatives-1280-904x720.jpg",904,720,true],"header":["https:\/\/www.v-label.com\/wp-content\/uploads\/2022\/12\/milk-alternatives-1280-1280x720.jpg",1280,720,true],"gform-image-choice-sm":["https:\/\/www.v-label.com\/wp-content\/uploads\/2022\/12\/milk-alternatives-1280.jpg",300,200,false],"gform-image-choice-md":["https:\/\/www.v-label.com\/wp-content\/uploads\/2022\/12\/milk-alternatives-1280.jpg",400,267,false],"gform-image-choice-lg":["https:\/\/www.v-label.com\/wp-content\/uploads\/2022\/12\/milk-alternatives-1280.jpg",600,400,false]},"uagb_author_info":{"display_name":"Can Aslan","author_link":"https:\/\/www.v-label.com\/sk"},"uagb_comment_info":0,"uagb_excerpt":"Prechod od s\u00f3jov\u00e9ho k ovsen\u00e9mu, mand\u013eov\u00e9mu \u010di kokosov\u00e9mu mlieku bol iba za\u010diatkom rastlinnej mlie\u010dnej revol\u00facie. Vyberte si to, \u010do m\u00e1te radi. Na trhu je toho ve\u013ea, od gr\u00e9ckych jogurtov a\u017e po jogurtov\u00e9 n\u00e1poje, chutn\u00e9 a pre plan\u00e9tu udr\u017eate\u013en\u00e9 zmrzliny, masl\u00e1 a ra\u0148ajkov\u00e9 n\u00e1tierky. A absol\u00fatnou \u0161pi\u010dkou s\u00fa veg\u00e1nske syry!","_links":{"self":[{"href":"https:\/\/www.v-label.com\/sk\/wp-json\/wp\/v2\/pages\/11296","targetHints":{"allow":["GET"]}}],"collection":[{"href":"https:\/\/www.v-label.com\/sk\/wp-json\/wp\/v2\/pages"}],"about":[{"href":"https:\/\/www.v-label.com\/sk\/wp-json\/wp\/v2\/types\/page"}],"author":[{"embeddable":true,"href":"https:\/\/www.v-label.com\/sk\/wp-json\/wp\/v2\/users\/5"}],"replies":[{"embeddable":true,"href":"https:\/\/www.v-label.com\/sk\/wp-json\/wp\/v2\/comments?post=11296"}],"version-history":[{"count":2,"href":"https:\/\/www.v-label.com\/sk\/wp-json\/wp\/v2\/pages\/11296\/revisions"}],"predecessor-version":[{"id":51219,"href":"https:\/\/www.v-label.com\/sk\/wp-json\/wp\/v2\/pages\/11296\/revisions\/51219"}],"up":[{"embeddable":true,"href":"https:\/\/www.v-label.com\/sk\/wp-json\/wp\/v2\/pages\/8526"}],"wp:featuredmedia":[{"embeddable":true,"href":"https:\/\/www.v-label.com\/sk\/wp-json\/wp\/v2\/media\/17890"}],"wp:attachment":[{"href":"https:\/\/www.v-label.com\/sk\/wp-json\/wp\/v2\/media?parent=11296"}],"wp:term":[{"taxonomy":"category","embeddable":true,"href":"https:\/\/www.v-label.com\/sk\/wp-json\/wp\/v2\/categories?post=11296"},{"taxonomy":"post_tag","embeddable":true,"href":"https:\/\/www.v-label.com\/sk\/wp-json\/wp\/v2\/tags?post=11296"}],"curies":[{"name":"wp","href":"https:\/\/api.w.org\/{rel}","templated":true}]}}