{"id":11422,"date":"2022-09-13T11:06:38","date_gmt":"2022-09-13T09:06:38","guid":{"rendered":"https:\/\/www.v-label.com\/general-information\/certified-products\/sweets\/"},"modified":"2023-03-13T10:25:23","modified_gmt":"2023-03-13T09:25:23","slug":"sweets","status":"publish","type":"page","link":"https:\/\/www.v-label.com\/sk\/vseobecne-informacie\/certifikovane-vyrobky\/sweets\/","title":{"rendered":"Sladkosti"},"content":{"rendered":"\n<p>Skontrolujte, \u010di s\u00fa va\u0161e ob\u013e\u00faben\u00e9 ma\u0161krty skuto\u010dne vegetari\u00e1nske alebo veg\u00e1nske, a z\u00e1sobte si \u0161pajzu \u010disto rastlinnou \u010dokol\u00e1dou, su\u0161ienkami, \u010dipsami a ty\u010dinkami! A po\u010dkajte, je tu e\u0161te nie\u010do: trh s pe\u010divom je to, \u010do skuto\u010dne napreduje. Veg\u00e1nske kol\u00e1\u010de, croissanty alebo dokonca ro\u017eky s klob\u00e1sou, ktor\u00e9 chutia na nerozoznanie.<\/p>\n\n\n\n<div class=\"wp-block-columns are-vertically-aligned-center is-layout-flex wp-container-core-columns-is-layout-9d6595d7 wp-block-columns-is-layout-flex\">\n<div class=\"wp-block-column is-vertically-aligned-center is-layout-flow wp-block-column-is-layout-flow\">\n<figure class=\"wp-block-image aligncenter size-medium\"><a href=\"http:\/\/www.fantastico.biz\" target=\"_blank\" rel=\"noreferrer noopener\"><img decoding=\"async\" width=\"300\" height=\"120\" src=\"https:\/\/www.v-label.com\/wp-content\/uploads\/2022\/12\/fantastico-300x120.png\" alt=\"\" class=\"wp-image-15815\" srcset=\"https:\/\/www.v-label.com\/wp-content\/uploads\/2022\/12\/fantastico-300x120.png 300w, https:\/\/www.v-label.com\/wp-content\/uploads\/2022\/12\/fantastico-500x200.png 500w, https:\/\/www.v-label.com\/wp-content\/uploads\/2022\/12\/fantastico.png 600w\" sizes=\"(max-width: 300px) 100vw, 300px\" \/><\/a><\/figure>\n<\/div>\n\n\n\n<div class=\"wp-block-column is-vertically-aligned-center is-layout-flow wp-block-column-is-layout-flow\">\n<figure class=\"wp-block-image aligncenter size-medium\"><a href=\"http:\/\/www.maxsport.sk\" target=\"_blank\" rel=\"noreferrer noopener\"><img decoding=\"async\" width=\"300\" height=\"112\" src=\"https:\/\/www.v-label.com\/wp-content\/uploads\/2022\/12\/maxsport-300x112.png\" alt=\"\" class=\"wp-image-15855\" srcset=\"https:\/\/www.v-label.com\/wp-content\/uploads\/2022\/12\/maxsport-300x112.png 300w, https:\/\/www.v-label.com\/wp-content\/uploads\/2022\/12\/maxsport-500x186.png 500w, https:\/\/www.v-label.com\/wp-content\/uploads\/2022\/12\/maxsport.png 600w\" sizes=\"(max-width: 300px) 100vw, 300px\" \/><\/a><\/figure>\n<\/div>\n\n\n\n<div class=\"wp-block-column is-vertically-aligned-center is-layout-flow wp-block-column-is-layout-flow\">\n<figure class=\"wp-block-image aligncenter size-medium\"><a href=\"http:\/\/www.rawcupcakes.sk\" target=\"_blank\" rel=\"noreferrer noopener\"><img decoding=\"async\" width=\"294\" height=\"300\" src=\"https:\/\/www.v-label.com\/wp-content\/uploads\/2022\/12\/nuevavia-294x300.png\" alt=\"\" class=\"wp-image-15875\" srcset=\"https:\/\/www.v-label.com\/wp-content\/uploads\/2022\/12\/nuevavia-294x300.png 294w, https:\/\/www.v-label.com\/wp-content\/uploads\/2022\/12\/nuevavia-490x500.png 490w, https:\/\/www.v-label.com\/wp-content\/uploads\/2022\/12\/nuevavia.png 588w\" sizes=\"(max-width: 294px) 100vw, 294px\" \/><\/a><\/figure>\n<\/div>\n\n\n\n<div class=\"wp-block-column is-vertically-aligned-center is-layout-flow wp-block-column-is-layout-flow\">\n<figure class=\"wp-block-image aligncenter size-medium\"><a href=\"http:\/\/www.frutree.sk\" target=\"_blank\" rel=\"noreferrer noopener\"><img decoding=\"async\" width=\"300\" height=\"201\" src=\"https:\/\/www.v-label.com\/wp-content\/uploads\/2022\/12\/frutree-logo-300x201.png\" alt=\"\" class=\"wp-image-15835\" srcset=\"https:\/\/www.v-label.com\/wp-content\/uploads\/2022\/12\/frutree-logo-300x201.png 300w, https:\/\/www.v-label.com\/wp-content\/uploads\/2022\/12\/frutree-logo-500x334.png 500w, https:\/\/www.v-label.com\/wp-content\/uploads\/2022\/12\/frutree-logo.png 600w\" sizes=\"(max-width: 300px) 100vw, 300px\" \/><\/a><\/figure>\n<\/div>\n<\/div>\n","protected":false},"excerpt":{"rendered":"<p>Skontrolujte, \u010di s\u00fa va\u0161e ob\u013e\u00faben\u00e9 ma\u0161krty skuto\u010dne vegetari\u00e1nske alebo veg\u00e1nske, a z\u00e1sobte si \u0161pajzu \u010disto rastlinnou \u010dokol\u00e1dou, su\u0161ienkami, \u010dipsami a ty\u010dinkami! A po\u010dkajte, je tu e\u0161te nie\u010do: trh s pe\u010divom je to, \u010do skuto\u010dne napreduje. Veg\u00e1nske kol\u00e1\u010de, croissanty alebo dokonca ro\u017eky s klob\u00e1sou, ktor\u00e9 chutia na nerozoznanie.<\/p>\n","protected":false},"author":5,"featured_media":17327,"parent":8526,"menu_order":0,"comment_status":"closed","ping_status":"closed","template":"","meta":{"_acf_changed":false,"_editorskit_title_hidden":false,"_editorskit_reading_time":0,"_editorskit_is_block_options_detached":false,"_editorskit_block_options_position":"{}","inline_featured_image":false,"_uag_custom_page_level_css":"","footnotes":""},"categories":[],"tags":[],"class_list":["post-11422","page","type-page","status-publish","has-post-thumbnail","hentry"],"acf":[],"uagb_featured_image_src":{"full":["https:\/\/www.v-label.com\/wp-content\/uploads\/2022\/12\/sweets-1280.jpg",1280,853,false],"thumbnail":["https:\/\/www.v-label.com\/wp-content\/uploads\/2022\/12\/sweets-1280-500x333.jpg",500,333,true],"medium":["https:\/\/www.v-label.com\/wp-content\/uploads\/2022\/12\/sweets-1280-300x200.jpg",300,200,true],"medium_large":["https:\/\/www.v-label.com\/wp-content\/uploads\/2022\/12\/sweets-1280-768x512.jpg",768,512,true],"large":["https:\/\/www.v-label.com\/wp-content\/uploads\/2022\/12\/sweets-1280-1024x682.jpg",1024,682,true],"1536x1536":["https:\/\/www.v-label.com\/wp-content\/uploads\/2022\/12\/sweets-1280.jpg",1280,853,false],"2048x2048":["https:\/\/www.v-label.com\/wp-content\/uploads\/2022\/12\/sweets-1280.jpg",1280,853,false],"preview":["https:\/\/www.v-label.com\/wp-content\/uploads\/2022\/12\/sweets-1280-904x720.jpg",904,720,true],"header":["https:\/\/www.v-label.com\/wp-content\/uploads\/2022\/12\/sweets-1280-1280x720.jpg",1280,720,true],"gform-image-choice-sm":["https:\/\/www.v-label.com\/wp-content\/uploads\/2022\/12\/sweets-1280.jpg",300,200,false],"gform-image-choice-md":["https:\/\/www.v-label.com\/wp-content\/uploads\/2022\/12\/sweets-1280.jpg",400,267,false],"gform-image-choice-lg":["https:\/\/www.v-label.com\/wp-content\/uploads\/2022\/12\/sweets-1280.jpg",600,400,false]},"uagb_author_info":{"display_name":"Can Aslan","author_link":"https:\/\/www.v-label.com\/sk"},"uagb_comment_info":0,"uagb_excerpt":"Skontrolujte, \u010di s\u00fa va\u0161e ob\u013e\u00faben\u00e9 ma\u0161krty skuto\u010dne vegetari\u00e1nske alebo veg\u00e1nske, a z\u00e1sobte si \u0161pajzu \u010disto rastlinnou \u010dokol\u00e1dou, su\u0161ienkami, \u010dipsami a ty\u010dinkami! A po\u010dkajte, je tu e\u0161te nie\u010do: trh s pe\u010divom je to, \u010do skuto\u010dne napreduje. Veg\u00e1nske kol\u00e1\u010de, croissanty alebo dokonca ro\u017eky s klob\u00e1sou, ktor\u00e9 chutia na nerozoznanie.","_links":{"self":[{"href":"https:\/\/www.v-label.com\/sk\/wp-json\/wp\/v2\/pages\/11422","targetHints":{"allow":["GET"]}}],"collection":[{"href":"https:\/\/www.v-label.com\/sk\/wp-json\/wp\/v2\/pages"}],"about":[{"href":"https:\/\/www.v-label.com\/sk\/wp-json\/wp\/v2\/types\/page"}],"author":[{"embeddable":true,"href":"https:\/\/www.v-label.com\/sk\/wp-json\/wp\/v2\/users\/5"}],"replies":[{"embeddable":true,"href":"https:\/\/www.v-label.com\/sk\/wp-json\/wp\/v2\/comments?post=11422"}],"version-history":[{"count":2,"href":"https:\/\/www.v-label.com\/sk\/wp-json\/wp\/v2\/pages\/11422\/revisions"}],"predecessor-version":[{"id":51222,"href":"https:\/\/www.v-label.com\/sk\/wp-json\/wp\/v2\/pages\/11422\/revisions\/51222"}],"up":[{"embeddable":true,"href":"https:\/\/www.v-label.com\/sk\/wp-json\/wp\/v2\/pages\/8526"}],"wp:featuredmedia":[{"embeddable":true,"href":"https:\/\/www.v-label.com\/sk\/wp-json\/wp\/v2\/media\/17327"}],"wp:attachment":[{"href":"https:\/\/www.v-label.com\/sk\/wp-json\/wp\/v2\/media?parent=11422"}],"wp:term":[{"taxonomy":"category","embeddable":true,"href":"https:\/\/www.v-label.com\/sk\/wp-json\/wp\/v2\/categories?post=11422"},{"taxonomy":"post_tag","embeddable":true,"href":"https:\/\/www.v-label.com\/sk\/wp-json\/wp\/v2\/tags?post=11422"}],"curies":[{"name":"wp","href":"https:\/\/api.w.org\/{rel}","templated":true}]}}