{"id":11811,"date":"2022-09-13T11:06:00","date_gmt":"2022-09-13T09:06:00","guid":{"rendered":"https:\/\/www.v-label.com\/general-information\/certified-products\/ready-made-meals\/"},"modified":"2024-09-24T15:03:30","modified_gmt":"2024-09-24T13:03:30","slug":"ready-made-meals","status":"publish","type":"page","link":"https:\/\/www.v-label.com\/sk\/vseobecne-informacie\/certifikovane-vyrobky\/ready-made-meals\/","title":{"rendered":"Hotov\u00e9 jedl\u00e1"},"content":{"rendered":"\n<p>Obedy na cest\u00e1ch u\u017e nemusia by\u0165 n\u00e1ro\u010dn\u00e9 ako kedysi. Zdrav\u00e9, chutn\u00e9 a veggie je motto v\u00e4\u010d\u0161iny ve\u013ek\u00fdch re\u0165azcov, ktor\u00e9 plnia mrazen\u00e9 sekcie rastlinn\u00fdmi pizzami a pon\u00fakaj\u00fa \u0161irok\u00fd v\u00fdber zo svetovej kuchyne, od hotov\u00fdch kr\u00e9mov\u00fdch polievok a\u017e po chilli sin carne.<\/p>\n\n\n\n<div class=\"wp-block-columns are-vertically-aligned-center is-layout-flex wp-container-core-columns-is-layout-9d6595d7 wp-block-columns-is-layout-flex\">\n<div class=\"wp-block-column is-vertically-aligned-center is-layout-flow wp-block-column-is-layout-flow\">\n<figure class=\"wp-block-image aligncenter size-medium\"><a href=\"http:\/\/www.lunter.com\" target=\"_blank\" rel=\"noreferrer noopener\"><img decoding=\"async\" width=\"300\" height=\"158\" src=\"https:\/\/www.v-label.com\/wp-content\/uploads\/2022\/12\/alfabio-300x158.png\" alt=\"\" class=\"wp-image-15593\" srcset=\"https:\/\/www.v-label.com\/wp-content\/uploads\/2022\/12\/alfabio-300x158.png 300w, https:\/\/www.v-label.com\/wp-content\/uploads\/2022\/12\/alfabio-500x263.png 500w, https:\/\/www.v-label.com\/wp-content\/uploads\/2022\/12\/alfabio.png 600w\" sizes=\"(max-width: 300px) 100vw, 300px\" \/><\/a><\/figure>\n<\/div>\n\n\n\n<div class=\"wp-block-column is-vertically-aligned-center is-layout-flow wp-block-column-is-layout-flow\">\n<figure class=\"wp-block-image aligncenter size-medium\"><a href=\"http:\/\/www.sojaprodukt.sk\" target=\"_blank\" rel=\"noreferrer noopener\"><img decoding=\"async\" width=\"300\" height=\"122\" src=\"https:\/\/www.v-label.com\/wp-content\/uploads\/2022\/12\/danielharustak-300x122.png\" alt=\"\" class=\"wp-image-15613\" srcset=\"https:\/\/www.v-label.com\/wp-content\/uploads\/2022\/12\/danielharustak-300x122.png 300w, https:\/\/www.v-label.com\/wp-content\/uploads\/2022\/12\/danielharustak-500x203.png 500w, https:\/\/www.v-label.com\/wp-content\/uploads\/2022\/12\/danielharustak.png 600w\" sizes=\"(max-width: 300px) 100vw, 300px\" \/><\/a><\/figure>\n<\/div>\n\n\n\n<div class=\"wp-block-column is-vertically-aligned-center is-layout-flow wp-block-column-is-layout-flow\">\n<figure class=\"wp-block-image aligncenter size-medium\"><a href=\"http:\/\/www.happylife.eu\" target=\"_blank\" rel=\"noreferrer noopener\"><img decoding=\"async\" width=\"300\" height=\"300\" src=\"https:\/\/www.v-label.com\/wp-content\/uploads\/2022\/12\/happylife-green-circle-300x300.png\" alt=\"\" class=\"wp-image-15633\" srcset=\"https:\/\/www.v-label.com\/wp-content\/uploads\/2022\/12\/happylife-green-circle-300x300.png 300w, https:\/\/www.v-label.com\/wp-content\/uploads\/2022\/12\/happylife-green-circle-500x500.png 500w, https:\/\/www.v-label.com\/wp-content\/uploads\/2022\/12\/happylife-green-circle.png 600w\" sizes=\"(max-width: 300px) 100vw, 300px\" \/><\/a><\/figure>\n<\/div>\n\n\n\n<div class=\"wp-block-column is-vertically-aligned-center is-layout-flow wp-block-column-is-layout-flow\">\n<figure class=\"wp-block-image aligncenter size-medium\"><a href=\"http:\/\/www.maspoma.sk\" target=\"_blank\" rel=\"noreferrer noopener\"><img decoding=\"async\" width=\"300\" height=\"92\" src=\"https:\/\/www.v-label.com\/wp-content\/uploads\/2022\/12\/maspoma-300x92.png\" alt=\"\" class=\"wp-image-15653\" srcset=\"https:\/\/www.v-label.com\/wp-content\/uploads\/2022\/12\/maspoma-300x92.png 300w, https:\/\/www.v-label.com\/wp-content\/uploads\/2022\/12\/maspoma-500x153.png 500w, https:\/\/www.v-label.com\/wp-content\/uploads\/2022\/12\/maspoma.png 600w\" sizes=\"(max-width: 300px) 100vw, 300px\" \/><\/a><\/figure>\n<\/div>\n\n\n\n<div class=\"wp-block-column is-vertically-aligned-center is-layout-flow wp-block-column-is-layout-flow\">\n<figure class=\"wp-block-image aligncenter size-medium\"><a href=\"https:\/\/www.minitbakery.sk\" target=\"_blank\" rel=\"noreferrer noopener\"><img decoding=\"async\" width=\"300\" height=\"128\" src=\"https:\/\/www.v-label.com\/wp-content\/uploads\/2022\/12\/minit-logo-or-300x128.png\" alt=\"\" class=\"wp-image-15673\" srcset=\"https:\/\/www.v-label.com\/wp-content\/uploads\/2022\/12\/minit-logo-or-300x128.png 300w, https:\/\/www.v-label.com\/wp-content\/uploads\/2022\/12\/minit-logo-or-500x213.png 500w, https:\/\/www.v-label.com\/wp-content\/uploads\/2022\/12\/minit-logo-or.png 600w\" sizes=\"(max-width: 300px) 100vw, 300px\" \/><\/a><\/figure>\n<\/div>\n<\/div>\n\n\n\n<div class=\"wp-block-columns are-vertically-aligned-center is-layout-flex wp-container-core-columns-is-layout-9d6595d7 wp-block-columns-is-layout-flex\">\n<div class=\"wp-block-column is-vertically-aligned-center is-layout-flow wp-block-column-is-layout-flow\">\n<figure class=\"wp-block-image aligncenter size-medium\"><a href=\"http:\/\/www.nestle.cz\/sk\" target=\"_blank\" rel=\"noreferrer noopener\"><img decoding=\"async\" width=\"300\" height=\"169\" src=\"https:\/\/www.v-label.com\/wp-content\/uploads\/2022\/12\/nestle-logo-300x169.png\" alt=\"\" class=\"wp-image-15693\" srcset=\"https:\/\/www.v-label.com\/wp-content\/uploads\/2022\/12\/nestle-logo-300x169.png 300w, https:\/\/www.v-label.com\/wp-content\/uploads\/2022\/12\/nestle-logo-500x282.png 500w, https:\/\/www.v-label.com\/wp-content\/uploads\/2022\/12\/nestle-logo.png 600w\" sizes=\"(max-width: 300px) 100vw, 300px\" \/><\/a><\/figure>\n<\/div>\n\n\n\n<div class=\"wp-block-column is-vertically-aligned-center is-layout-flow wp-block-column-is-layout-flow\">\n<figure class=\"wp-block-image aligncenter size-medium\"><a href=\"http:\/\/www.novofruct.sk\/sk\/\" target=\"_blank\" rel=\"noreferrer noopener\"><img decoding=\"async\" width=\"300\" height=\"126\" src=\"https:\/\/www.v-label.com\/wp-content\/uploads\/2022\/12\/novofruct-300x126.png\" alt=\"\" class=\"wp-image-15713\" srcset=\"https:\/\/www.v-label.com\/wp-content\/uploads\/2022\/12\/novofruct-300x126.png 300w, https:\/\/www.v-label.com\/wp-content\/uploads\/2022\/12\/novofruct-500x209.png 500w, https:\/\/www.v-label.com\/wp-content\/uploads\/2022\/12\/novofruct.png 600w\" sizes=\"(max-width: 300px) 100vw, 300px\" \/><\/a><\/figure>\n<\/div>\n\n\n\n<div class=\"wp-block-column is-vertically-aligned-center is-layout-flow wp-block-column-is-layout-flow\">\n<figure class=\"wp-block-image aligncenter size-medium\"><a href=\"http:\/\/www.powerlogy.com\" target=\"_blank\" rel=\"noreferrer noopener\"><img decoding=\"async\" width=\"300\" height=\"136\" src=\"https:\/\/www.v-label.com\/wp-content\/uploads\/2022\/12\/powerlogy-300x136.png\" alt=\"\" class=\"wp-image-15733\" srcset=\"https:\/\/www.v-label.com\/wp-content\/uploads\/2022\/12\/powerlogy-300x136.png 300w, https:\/\/www.v-label.com\/wp-content\/uploads\/2022\/12\/powerlogy-500x226.png 500w, https:\/\/www.v-label.com\/wp-content\/uploads\/2022\/12\/powerlogy.png 600w\" sizes=\"(max-width: 300px) 100vw, 300px\" \/><\/a><\/figure>\n<\/div>\n\n\n\n<div class=\"wp-block-column is-vertically-aligned-center is-layout-flow wp-block-column-is-layout-flow\">\n<figure class=\"wp-block-image aligncenter size-medium\"><a href=\"https:\/\/www.voxberg.com\" target=\"_blank\" rel=\"noreferrer noopener\"><img decoding=\"async\" width=\"300\" height=\"86\" src=\"https:\/\/www.v-label.com\/wp-content\/uploads\/2022\/12\/voxberg-300x86.png\" alt=\"\" class=\"wp-image-15773\" srcset=\"https:\/\/www.v-label.com\/wp-content\/uploads\/2022\/12\/voxberg-300x86.png 300w, https:\/\/www.v-label.com\/wp-content\/uploads\/2022\/12\/voxberg-500x143.png 500w, https:\/\/www.v-label.com\/wp-content\/uploads\/2022\/12\/voxberg.png 600w\" sizes=\"(max-width: 300px) 100vw, 300px\" \/><\/a><\/figure>\n<\/div>\n\n\n\n<div class=\"wp-block-column is-vertically-aligned-center is-layout-flow wp-block-column-is-layout-flow\">\n<figure class=\"wp-block-image aligncenter size-medium\"><a href=\"http:\/\/www.youvegan.sk\" target=\"_blank\" rel=\"noreferrer noopener\"><img decoding=\"async\" width=\"300\" height=\"65\" src=\"https:\/\/www.v-label.com\/wp-content\/uploads\/2022\/12\/youvegan-300x65.png\" alt=\"\" class=\"wp-image-15793\" srcset=\"https:\/\/www.v-label.com\/wp-content\/uploads\/2022\/12\/youvegan-300x65.png 300w, https:\/\/www.v-label.com\/wp-content\/uploads\/2022\/12\/youvegan-500x108.png 500w, https:\/\/www.v-label.com\/wp-content\/uploads\/2022\/12\/youvegan.png 600w\" sizes=\"(max-width: 300px) 100vw, 300px\" \/><\/a><\/figure>\n<\/div>\n<\/div>\n","protected":false},"excerpt":{"rendered":"<p>Obedy na cest\u00e1ch u\u017e nemusia by\u0165 n\u00e1ro\u010dn\u00e9 ako kedysi. Zdrav\u00e9, chutn\u00e9 a veggie je motto v\u00e4\u010d\u0161iny ve\u013ek\u00fdch re\u0165azcov, ktor\u00e9 plnia mrazen\u00e9 sekcie rastlinn\u00fdmi pizzami a pon\u00fakaj\u00fa \u0161irok\u00fd v\u00fdber zo svetovej kuchyne, od hotov\u00fdch kr\u00e9mov\u00fdch polievok a\u017e po chilli sin carne.<\/p>\n","protected":false},"author":5,"featured_media":17227,"parent":8526,"menu_order":0,"comment_status":"closed","ping_status":"closed","template":"","meta":{"_acf_changed":false,"_editorskit_title_hidden":false,"_editorskit_reading_time":0,"_editorskit_is_block_options_detached":false,"_editorskit_block_options_position":"{}","inline_featured_image":false,"_uag_custom_page_level_css":"","footnotes":""},"categories":[],"tags":[],"class_list":["post-11811","page","type-page","status-publish","has-post-thumbnail","hentry"],"acf":[],"uagb_featured_image_src":{"full":["https:\/\/www.v-label.com\/wp-content\/uploads\/2022\/12\/ready-meals-1280.jpg",1280,852,false],"thumbnail":["https:\/\/www.v-label.com\/wp-content\/uploads\/2022\/12\/ready-meals-1280-500x333.jpg",500,333,true],"medium":["https:\/\/www.v-label.com\/wp-content\/uploads\/2022\/12\/ready-meals-1280-300x200.jpg",300,200,true],"medium_large":["https:\/\/www.v-label.com\/wp-content\/uploads\/2022\/12\/ready-meals-1280-768x511.jpg",768,511,true],"large":["https:\/\/www.v-label.com\/wp-content\/uploads\/2022\/12\/ready-meals-1280-1024x682.jpg",1024,682,true],"1536x1536":["https:\/\/www.v-label.com\/wp-content\/uploads\/2022\/12\/ready-meals-1280.jpg",1280,852,false],"2048x2048":["https:\/\/www.v-label.com\/wp-content\/uploads\/2022\/12\/ready-meals-1280.jpg",1280,852,false],"preview":["https:\/\/www.v-label.com\/wp-content\/uploads\/2022\/12\/ready-meals-1280-904x720.jpg",904,720,true],"header":["https:\/\/www.v-label.com\/wp-content\/uploads\/2022\/12\/ready-meals-1280-1280x720.jpg",1280,720,true],"gform-image-choice-sm":["https:\/\/www.v-label.com\/wp-content\/uploads\/2022\/12\/ready-meals-1280.jpg",300,200,false],"gform-image-choice-md":["https:\/\/www.v-label.com\/wp-content\/uploads\/2022\/12\/ready-meals-1280.jpg",400,266,false],"gform-image-choice-lg":["https:\/\/www.v-label.com\/wp-content\/uploads\/2022\/12\/ready-meals-1280.jpg",600,399,false]},"uagb_author_info":{"display_name":"Can Aslan","author_link":"https:\/\/www.v-label.com\/sk"},"uagb_comment_info":0,"uagb_excerpt":"Obedy na cest\u00e1ch u\u017e nemusia by\u0165 n\u00e1ro\u010dn\u00e9 ako kedysi. Zdrav\u00e9, chutn\u00e9 a veggie je motto v\u00e4\u010d\u0161iny ve\u013ek\u00fdch re\u0165azcov, ktor\u00e9 plnia mrazen\u00e9 sekcie rastlinn\u00fdmi pizzami a pon\u00fakaj\u00fa \u0161irok\u00fd v\u00fdber zo svetovej kuchyne, od hotov\u00fdch kr\u00e9mov\u00fdch polievok a\u017e po chilli sin carne.","_links":{"self":[{"href":"https:\/\/www.v-label.com\/sk\/wp-json\/wp\/v2\/pages\/11811","targetHints":{"allow":["GET"]}}],"collection":[{"href":"https:\/\/www.v-label.com\/sk\/wp-json\/wp\/v2\/pages"}],"about":[{"href":"https:\/\/www.v-label.com\/sk\/wp-json\/wp\/v2\/types\/page"}],"author":[{"embeddable":true,"href":"https:\/\/www.v-label.com\/sk\/wp-json\/wp\/v2\/users\/5"}],"replies":[{"embeddable":true,"href":"https:\/\/www.v-label.com\/sk\/wp-json\/wp\/v2\/comments?post=11811"}],"version-history":[{"count":3,"href":"https:\/\/www.v-label.com\/sk\/wp-json\/wp\/v2\/pages\/11811\/revisions"}],"predecessor-version":[{"id":85829,"href":"https:\/\/www.v-label.com\/sk\/wp-json\/wp\/v2\/pages\/11811\/revisions\/85829"}],"up":[{"embeddable":true,"href":"https:\/\/www.v-label.com\/sk\/wp-json\/wp\/v2\/pages\/8526"}],"wp:featuredmedia":[{"embeddable":true,"href":"https:\/\/www.v-label.com\/sk\/wp-json\/wp\/v2\/media\/17227"}],"wp:attachment":[{"href":"https:\/\/www.v-label.com\/sk\/wp-json\/wp\/v2\/media?parent=11811"}],"wp:term":[{"taxonomy":"category","embeddable":true,"href":"https:\/\/www.v-label.com\/sk\/wp-json\/wp\/v2\/categories?post=11811"},{"taxonomy":"post_tag","embeddable":true,"href":"https:\/\/www.v-label.com\/sk\/wp-json\/wp\/v2\/tags?post=11811"}],"curies":[{"name":"wp","href":"https:\/\/api.w.org\/{rel}","templated":true}]}}