{"id":11833,"date":"2022-09-13T11:07:09","date_gmt":"2022-09-13T09:07:09","guid":{"rendered":"https:\/\/www.v-label.com\/general-information\/certified-products\/beverages\/"},"modified":"2024-09-24T15:02:35","modified_gmt":"2024-09-24T13:02:35","slug":"beverages","status":"publish","type":"page","link":"https:\/\/www.v-label.com\/sk\/vseobecne-informacie\/certifikovane-vyrobky\/beverages\/","title":{"rendered":"N\u00e1poje"},"content":{"rendered":"\n<p>Dajte si pozor na zvierat\u00e1 ukryt\u00e9 vo va\u0161om ob\u013e\u00fabenom n\u00e1poji! Zistite, ktor\u00e9 d\u017e\u00fasy s\u00fa bez neveg\u00e1nskej D3, ktor\u00e9 v\u00edna nie s\u00fa rafinovan\u00e9 ani filtrovan\u00e9 \u017eivo\u010d\u00ed\u0161nymi bielkovinami, a tie\u017e si overte, \u010di je va\u0161a malinovka stopercentne rastlinn\u00e9ho p\u00f4vodu.<\/p>\n\n\n\n<div class=\"wp-block-columns are-vertically-aligned-center is-layout-flex wp-container-core-columns-is-layout-9d6595d7 wp-block-columns-is-layout-flex\">\n<div class=\"wp-block-column is-vertically-aligned-center is-layout-flow wp-block-column-is-layout-flow\">\n<figure class=\"wp-block-image aligncenter size-medium\"><a href=\"http:\/\/www.archcaffe.sk\" target=\"_blank\" rel=\"noreferrer noopener\"><img decoding=\"async\" width=\"300\" height=\"300\" src=\"https:\/\/www.v-label.com\/wp-content\/uploads\/2022\/12\/archcaffe-300x300.png\" alt=\"\" class=\"wp-image-15917\" srcset=\"https:\/\/www.v-label.com\/wp-content\/uploads\/2022\/12\/archcaffe-300x300.png 300w, https:\/\/www.v-label.com\/wp-content\/uploads\/2022\/12\/archcaffe-500x498.png 500w, https:\/\/www.v-label.com\/wp-content\/uploads\/2022\/12\/archcaffe.png 600w\" sizes=\"(max-width: 300px) 100vw, 300px\" \/><\/a><\/figure>\n<\/div>\n\n\n\n<div class=\"wp-block-column is-vertically-aligned-center is-layout-flow wp-block-column-is-layout-flow\">\n<figure class=\"wp-block-image aligncenter size-medium\"><a href=\"http:\/\/www.gasfamilia.com\" target=\"_blank\" rel=\"noreferrer noopener\"><img decoding=\"async\" width=\"300\" height=\"259\" src=\"https:\/\/www.v-label.com\/wp-content\/uploads\/2022\/12\/gasfamilia-300x259.png\" alt=\"\" class=\"wp-image-15937\" srcset=\"https:\/\/www.v-label.com\/wp-content\/uploads\/2022\/12\/gasfamilia-300x259.png 300w, https:\/\/www.v-label.com\/wp-content\/uploads\/2022\/12\/gasfamilia-500x431.png 500w, https:\/\/www.v-label.com\/wp-content\/uploads\/2022\/12\/gasfamilia.png 600w\" sizes=\"(max-width: 300px) 100vw, 300px\" \/><\/a><\/figure>\n<\/div>\n\n\n\n<div class=\"wp-block-column is-vertically-aligned-center is-layout-flow wp-block-column-is-layout-flow\">\n<figure class=\"wp-block-image aligncenter size-medium\"><a href=\"http:\/\/www.herbert.sk\" target=\"_blank\" rel=\"noreferrer noopener\"><img decoding=\"async\" width=\"300\" height=\"182\" src=\"https:\/\/www.v-label.com\/wp-content\/uploads\/2022\/12\/herbert-300x182.png\" alt=\"\" class=\"wp-image-15957\" srcset=\"https:\/\/www.v-label.com\/wp-content\/uploads\/2022\/12\/herbert-300x182.png 300w, https:\/\/www.v-label.com\/wp-content\/uploads\/2022\/12\/herbert-500x303.png 500w, https:\/\/www.v-label.com\/wp-content\/uploads\/2022\/12\/herbert.png 600w\" sizes=\"(max-width: 300px) 100vw, 300px\" \/><\/a><\/figure>\n<\/div>\n<\/div>\n\n\n\n<div class=\"wp-block-columns are-vertically-aligned-center is-layout-flex wp-container-core-columns-is-layout-9d6595d7 wp-block-columns-is-layout-flex\">\n<div class=\"wp-block-column is-vertically-aligned-center is-layout-flow wp-block-column-is-layout-flow\">\n<figure class=\"wp-block-image aligncenter size-medium\"><a href=\"https:\/\/www.facebook.com\/HURICANEDRINK\" target=\"_blank\" rel=\"noreferrer noopener\"><img decoding=\"async\" width=\"220\" height=\"300\" src=\"https:\/\/www.v-label.com\/wp-content\/uploads\/2022\/12\/huricane-220x300.png\" alt=\"\" class=\"wp-image-15977\" srcset=\"https:\/\/www.v-label.com\/wp-content\/uploads\/2022\/12\/huricane-220x300.png 220w, https:\/\/www.v-label.com\/wp-content\/uploads\/2022\/12\/huricane-367x500.png 367w, https:\/\/www.v-label.com\/wp-content\/uploads\/2022\/12\/huricane.png 440w\" sizes=\"(max-width: 220px) 100vw, 220px\" \/><\/a><\/figure>\n<\/div>\n\n\n\n<div class=\"wp-block-column is-vertically-aligned-center is-layout-flow wp-block-column-is-layout-flow\">\n<figure class=\"wp-block-image aligncenter size-medium\"><a href=\"https:\/\/www.opre.sk\" target=\"_blank\" rel=\"noreferrer noopener\"><img decoding=\"async\" width=\"300\" height=\"102\" src=\"https:\/\/www.v-label.com\/wp-content\/uploads\/2022\/12\/opre-300x102.png\" alt=\"\" class=\"wp-image-15997\" srcset=\"https:\/\/www.v-label.com\/wp-content\/uploads\/2022\/12\/opre-300x102.png 300w, https:\/\/www.v-label.com\/wp-content\/uploads\/2022\/12\/opre-500x169.png 500w, https:\/\/www.v-label.com\/wp-content\/uploads\/2022\/12\/opre.png 600w\" sizes=\"(max-width: 300px) 100vw, 300px\" \/><\/a><\/figure>\n<\/div>\n\n\n\n<div class=\"wp-block-column is-vertically-aligned-center is-layout-flow wp-block-column-is-layout-flow\">\n<figure class=\"wp-block-image aligncenter size-medium\"><a href=\"http:\/\/www.promitor-vinorum.sk\" target=\"_blank\" rel=\"noreferrer noopener\"><img decoding=\"async\" width=\"300\" height=\"183\" src=\"https:\/\/www.v-label.com\/wp-content\/uploads\/2022\/12\/promitor-300x183.png\" alt=\"\" class=\"wp-image-16017\" srcset=\"https:\/\/www.v-label.com\/wp-content\/uploads\/2022\/12\/promitor-300x183.png 300w, https:\/\/www.v-label.com\/wp-content\/uploads\/2022\/12\/promitor-500x305.png 500w, https:\/\/www.v-label.com\/wp-content\/uploads\/2022\/12\/promitor.png 600w\" sizes=\"(max-width: 300px) 100vw, 300px\" \/><\/a><\/figure>\n<\/div>\n<\/div>\n\n\n\n<p><\/p>\n","protected":false},"excerpt":{"rendered":"<p>Dajte si pozor na zvierat\u00e1 ukryt\u00e9 vo va\u0161om ob\u013e\u00fabenom n\u00e1poji! Zistite, ktor\u00e9 d\u017e\u00fasy s\u00fa bez neveg\u00e1nskej D3, ktor\u00e9 v\u00edna nie s\u00fa rafinovan\u00e9 ani filtrovan\u00e9 \u017eivo\u010d\u00ed\u0161nymi bielkovinami, a tie\u017e si overte, \u010di je va\u0161a malinovka stopercentne rastlinn\u00e9ho p\u00f4vodu.<\/p>\n","protected":false},"author":5,"featured_media":17307,"parent":8526,"menu_order":0,"comment_status":"closed","ping_status":"closed","template":"","meta":{"_acf_changed":false,"_editorskit_title_hidden":false,"_editorskit_reading_time":0,"_editorskit_is_block_options_detached":false,"_editorskit_block_options_position":"{}","inline_featured_image":false,"_uag_custom_page_level_css":"","footnotes":""},"categories":[],"tags":[],"class_list":["post-11833","page","type-page","status-publish","has-post-thumbnail","hentry"],"acf":[],"uagb_featured_image_src":{"full":["https:\/\/www.v-label.com\/wp-content\/uploads\/2022\/12\/beverages-1280.jpg",1280,853,false],"thumbnail":["https:\/\/www.v-label.com\/wp-content\/uploads\/2022\/12\/beverages-1280-500x333.jpg",500,333,true],"medium":["https:\/\/www.v-label.com\/wp-content\/uploads\/2022\/12\/beverages-1280-300x200.jpg",300,200,true],"medium_large":["https:\/\/www.v-label.com\/wp-content\/uploads\/2022\/12\/beverages-1280-768x512.jpg",768,512,true],"large":["https:\/\/www.v-label.com\/wp-content\/uploads\/2022\/12\/beverages-1280-1024x682.jpg",1024,682,true],"1536x1536":["https:\/\/www.v-label.com\/wp-content\/uploads\/2022\/12\/beverages-1280.jpg",1280,853,false],"2048x2048":["https:\/\/www.v-label.com\/wp-content\/uploads\/2022\/12\/beverages-1280.jpg",1280,853,false],"preview":["https:\/\/www.v-label.com\/wp-content\/uploads\/2022\/12\/beverages-1280-904x720.jpg",904,720,true],"header":["https:\/\/www.v-label.com\/wp-content\/uploads\/2022\/12\/beverages-1280-1280x720.jpg",1280,720,true],"gform-image-choice-sm":["https:\/\/www.v-label.com\/wp-content\/uploads\/2022\/12\/beverages-1280.jpg",300,200,false],"gform-image-choice-md":["https:\/\/www.v-label.com\/wp-content\/uploads\/2022\/12\/beverages-1280.jpg",400,267,false],"gform-image-choice-lg":["https:\/\/www.v-label.com\/wp-content\/uploads\/2022\/12\/beverages-1280.jpg",600,400,false]},"uagb_author_info":{"display_name":"Can Aslan","author_link":"https:\/\/www.v-label.com\/sk"},"uagb_comment_info":0,"uagb_excerpt":"Dajte si pozor na zvierat\u00e1 ukryt\u00e9 vo va\u0161om ob\u013e\u00fabenom n\u00e1poji! Zistite, ktor\u00e9 d\u017e\u00fasy s\u00fa bez neveg\u00e1nskej D3, ktor\u00e9 v\u00edna nie s\u00fa rafinovan\u00e9 ani filtrovan\u00e9 \u017eivo\u010d\u00ed\u0161nymi bielkovinami, a tie\u017e si overte, \u010di je va\u0161a malinovka stopercentne rastlinn\u00e9ho p\u00f4vodu.","_links":{"self":[{"href":"https:\/\/www.v-label.com\/sk\/wp-json\/wp\/v2\/pages\/11833","targetHints":{"allow":["GET"]}}],"collection":[{"href":"https:\/\/www.v-label.com\/sk\/wp-json\/wp\/v2\/pages"}],"about":[{"href":"https:\/\/www.v-label.com\/sk\/wp-json\/wp\/v2\/types\/page"}],"author":[{"embeddable":true,"href":"https:\/\/www.v-label.com\/sk\/wp-json\/wp\/v2\/users\/5"}],"replies":[{"embeddable":true,"href":"https:\/\/www.v-label.com\/sk\/wp-json\/wp\/v2\/comments?post=11833"}],"version-history":[{"count":3,"href":"https:\/\/www.v-label.com\/sk\/wp-json\/wp\/v2\/pages\/11833\/revisions"}],"predecessor-version":[{"id":85828,"href":"https:\/\/www.v-label.com\/sk\/wp-json\/wp\/v2\/pages\/11833\/revisions\/85828"}],"up":[{"embeddable":true,"href":"https:\/\/www.v-label.com\/sk\/wp-json\/wp\/v2\/pages\/8526"}],"wp:featuredmedia":[{"embeddable":true,"href":"https:\/\/www.v-label.com\/sk\/wp-json\/wp\/v2\/media\/17307"}],"wp:attachment":[{"href":"https:\/\/www.v-label.com\/sk\/wp-json\/wp\/v2\/media?parent=11833"}],"wp:term":[{"taxonomy":"category","embeddable":true,"href":"https:\/\/www.v-label.com\/sk\/wp-json\/wp\/v2\/categories?post=11833"},{"taxonomy":"post_tag","embeddable":true,"href":"https:\/\/www.v-label.com\/sk\/wp-json\/wp\/v2\/tags?post=11833"}],"curies":[{"name":"wp","href":"https:\/\/api.w.org\/{rel}","templated":true}]}}