{"id":7902,"date":"2022-05-30T16:16:14","date_gmt":"2022-05-30T14:16:14","guid":{"rendered":"https:\/\/www.v-label.com\/info-for-producers\/"},"modified":"2024-07-11T11:01:35","modified_gmt":"2024-07-11T09:01:35","slug":"info-for-producers","status":"publish","type":"page","link":"https:\/\/www.v-label.com\/sk\/info-for-producers\/","title":{"rendered":"Inform\u00e1cie pre v\u00fdrobcov"},"content":{"rendered":"\n<p>Celosvetovo, viac ako <strong>70 000 produktov<\/strong> od viac ako <strong>4 800 v\u00fdrobcov<\/strong> u\u017e nesie zna\u010dku V-Label, zn\u00e1mku kvality pre veg\u00e1nske a vegetari\u00e1nske produkty a slu\u017eby. T\u00e1to medzin\u00e1rodne uzn\u00e1van\u00e1 zna\u010dka vedie z\u00e1kazn\u00edkov po celom svete k tomu, aby na prv\u00fd poh\u013ead identifikovali rastlinn\u00e9 mo\u017enosti.<\/p>\n\n\n\n<h3 class=\"wp-block-heading has-text-align-center has-greenlightultra-background-color has-background\">Ak ste v\u00fdrobcom, toto s\u00fa d\u00f4vody pre\u010do sa oplat\u00ed z\u00edska\u0165 certifik\u00e1ciu V-Label:<\/h3>\n\n\n\n<p><strong>Objavte nov\u00fd trh.<\/strong> Ke\u010f\u017ee v niektor\u00fdch krajin\u00e1ch ako Nemecko, \u0160panielsko alebo Po\u013esko sa a\u017e polovica obyvate\u013eov pova\u017euje za flexitari\u00e1nov, existuje rozmanit\u00e1 a r\u00fdchlo rast\u00faca z\u00e1klad\u0148a z\u00e1kazn\u00edkov, ktor\u00ed vyh\u013ead\u00e1vaj\u00fa veg\u00e1nske a vegetari\u00e1nske v\u00fdrobky zo zdravotn\u00fdch \u010di etick\u00fdch d\u00f4vodov.<\/p>\n\n\n\n<p><strong>Zvidite\u013enite sa. <\/strong>Dosta\u0148te svoje v\u00fdrobky \u013eu\u010fom pred o\u010di a u\u013eah\u010dite im v\u00fdber n\u00e1kupu pomocou vysoko d\u00f4veryhodnej a uzn\u00e1vanej zn\u00e1mky.<\/p>\n\n\n\n<p><strong>Z\u00edskajte d\u00f4veru.<\/strong> Netreba ve\u013ea hovori\u0165, V-Label to povie za v\u00e1s. Jeho reput\u00e1cia a uznanie ako profesion\u00e1lnej, nez\u00e1vislej zn\u00e1mky kvality a trendsettera v tomto priemysle jednoducho pred\u00e1va.<\/p>\n\n\n\n<div class=\"wp-block-buttons alignwide is-content-justification-center is-layout-flex wp-container-core-buttons-is-layout-16018d1d wp-block-buttons-is-layout-flex\">\n<div class=\"wp-block-button\"><a class=\"wp-block-button__link wp-element-button\" href=\"https:\/\/www.v-label.com\/sk\/for-business\/get-certified\/\" rel=\"noopener\">Z\u00edskajte aj vy certifik\u00e1ciu<\/a><\/div>\n\n\n\n<div class=\"wp-block-button\"><a class=\"wp-block-button__link wp-element-button\" href=\"https:\/\/www.v-label.com\/sk\/for-business\/benefits\/\">Objavte \u010fal\u0161ie v\u00fdhody<\/a><\/div>\n<\/div>\n\n\n\n<div class=\"wp-block-columns are-vertically-aligned-center is-layout-flex wp-container-core-columns-is-layout-9d6595d7 wp-block-columns-is-layout-flex\">\n<div class=\"wp-block-column is-vertically-aligned-center is-layout-flow wp-block-column-is-layout-flow\">\n<figure class=\"wp-block-image size-full\"><img decoding=\"async\" width=\"720\" height=\"482\" src=\"https:\/\/www.v-label.com\/wp-content\/uploads\/2022\/09\/b2b-info-page-1.webp\" alt=\"\" class=\"wp-image-876\" srcset=\"https:\/\/www.v-label.com\/wp-content\/uploads\/2022\/09\/b2b-info-page-1.webp 720w, https:\/\/www.v-label.com\/wp-content\/uploads\/2022\/09\/b2b-info-page-1-300x201.webp 300w\" sizes=\"(max-width: 720px) 100vw, 720px\" \/><\/figure>\n<\/div>\n\n\n\n<div class=\"wp-block-column is-vertically-aligned-center is-layout-flow wp-block-column-is-layout-flow\">\n<figure class=\"wp-block-image size-full\"><img decoding=\"async\" width=\"720\" height=\"497\" src=\"https:\/\/www.v-label.com\/wp-content\/uploads\/2022\/09\/b2b-info-page-2.webp\" alt=\"\" class=\"wp-image-879\" srcset=\"https:\/\/www.v-label.com\/wp-content\/uploads\/2022\/09\/b2b-info-page-2.webp 720w, https:\/\/www.v-label.com\/wp-content\/uploads\/2022\/09\/b2b-info-page-2-300x207.webp 300w\" sizes=\"(max-width: 720px) 100vw, 720px\" \/><\/figure>\n<\/div>\n\n\n\n<div class=\"wp-block-column is-vertically-aligned-center is-layout-flow wp-block-column-is-layout-flow\">\n<figure class=\"wp-block-image size-full\"><img decoding=\"async\" width=\"720\" height=\"482\" src=\"https:\/\/www.v-label.com\/wp-content\/uploads\/2022\/09\/b2b-info-page-3.webp\" alt=\"\" class=\"wp-image-860\" srcset=\"https:\/\/www.v-label.com\/wp-content\/uploads\/2022\/09\/b2b-info-page-3.webp 720w, https:\/\/www.v-label.com\/wp-content\/uploads\/2022\/09\/b2b-info-page-3-300x201.webp 300w\" sizes=\"(max-width: 720px) 100vw, 720px\" \/><\/figure>\n<\/div>\n<\/div>\n\n\n\n<h3 class=\"wp-block-heading\"><strong>Z\u00edskajte certifik\u00e1ciu<\/strong><\/h3>\n\n\n\n<p><strong>Ste pripraven\u00ed zv\u00fd\u0161i\u0165 vidite\u013enos\u0165 svojich veg\u00e1nskych a vegetari\u00e1nskych produktov?<\/strong> V\u010faka zna\u010dke V-Label bud\u00fa z\u00e1kazn\u00edci schopn\u00ed identifikova\u0165 va\u0161e v\u00fdrobky ako veg\u00e1nske alebo vegetari\u00e1nske na prv\u00fd poh\u013ead, a tak si ich bez v\u00e1hania alebo sk\u00famania zlo\u017eenia zak\u00fapia.<\/p>\n\n\n\n<p>Z obchodn\u00e9ho h\u013eadiska, partnerstvo s V-Label, ktor\u00fd je l\u00eddrom v odbore, zvy\u0161uje va\u0161u d\u00f4veryhodnos\u0165 a transparentnos\u0165 pri vegetari\u00e1nskom a veg\u00e1nskom ozna\u010dovan\u00ed. Pre va\u0161ich z\u00e1kazn\u00edkov je V-Label jednoduch\u00fdm a spo\u013eahliv\u00fdm sprievodcom, ktor\u00fd im pom\u00e1ha robi\u0165 dobr\u00e9, udr\u017eate\u013en\u00e9 a d\u00f4sledn\u00e9 n\u00e1kupn\u00e9 rozhodnutia.<\/p>\n\n\n\n<div class=\"wp-block-buttons alignwide is-content-justification-center is-layout-flex wp-container-core-buttons-is-layout-16018d1d wp-block-buttons-is-layout-flex\">\n<div class=\"wp-block-button\"><a class=\"wp-block-button__link wp-element-button\" href=\"https:\/\/www.v-label.com\/sk\/for-business\/get-certified\/\" rel=\"noopener\">Z\u00edskajte certifik\u00e1t V-Label<\/a><\/div>\n<\/div>\n\n\n\n<h3 class=\"wp-block-heading\"><strong>Krit\u00e9ri\u00e1 a \u010dasto kladen\u00e9 ot\u00e1zky<\/strong><\/h3>\n\n\n\n<p>N\u00e1jdite odpovede na niektor\u00e9 z ot\u00e1zok oh\u013eadom zn\u00e1mky V-Label.<\/p>\n\n\n\n<div class=\"wp-block-buttons alignwide is-content-justification-center is-layout-flex wp-container-core-buttons-is-layout-16018d1d wp-block-buttons-is-layout-flex\">\n<div class=\"wp-block-button\"><a class=\"wp-block-button__link wp-element-button\" href=\"https:\/\/www.v-label.com\/sk\/faqs\/\">Prezrite si \u010dast\u00e9 ot\u00e1zky<\/a><\/div>\n<\/div>\n","protected":false},"excerpt":{"rendered":"<p>Celosvetovo, viac ako 70 000 produktov od viac ako 4 800 v\u00fdrobcov u\u017e nesie zna\u010dku V-Label, zn\u00e1mku kvality pre veg\u00e1nske a vegetari\u00e1nske produkty a slu\u017eby. T\u00e1to medzin\u00e1rodne uzn\u00e1van\u00e1 zna\u010dka vedie z\u00e1kazn\u00edkov po celom svete k tomu, aby na prv\u00fd poh\u013ead identifikovali rastlinn\u00e9 mo\u017enosti. Ak ste v\u00fdrobcom, toto s\u00fa d\u00f4vody pre\u010do sa oplat\u00ed z\u00edska\u0165 certifik\u00e1ciu V-Label: [&hellip;]<\/p>\n","protected":false},"author":5,"featured_media":39769,"parent":0,"menu_order":0,"comment_status":"closed","ping_status":"closed","template":"","meta":{"_acf_changed":false,"_editorskit_title_hidden":false,"_editorskit_reading_time":0,"_editorskit_is_block_options_detached":false,"_editorskit_block_options_position":"{}","inline_featured_image":false,"_uag_custom_page_level_css":"","footnotes":""},"categories":[],"tags":[],"class_list":["post-7902","page","type-page","status-publish","has-post-thumbnail","hentry"],"acf":[],"uagb_featured_image_src":{"full":["https:\/\/www.v-label.com\/wp-content\/uploads\/2022\/12\/v-label-info-for-producers.jpg",1280,870,false],"thumbnail":["https:\/\/www.v-label.com\/wp-content\/uploads\/2022\/12\/v-label-info-for-producers-500x340.jpg",500,340,true],"medium":["https:\/\/www.v-label.com\/wp-content\/uploads\/2022\/12\/v-label-info-for-producers-300x204.jpg",300,204,true],"medium_large":["https:\/\/www.v-label.com\/wp-content\/uploads\/2022\/12\/v-label-info-for-producers-768x522.jpg",768,522,true],"large":["https:\/\/www.v-label.com\/wp-content\/uploads\/2022\/12\/v-label-info-for-producers-1024x696.jpg",1024,696,true],"1536x1536":["https:\/\/www.v-label.com\/wp-content\/uploads\/2022\/12\/v-label-info-for-producers.jpg",1280,870,false],"2048x2048":["https:\/\/www.v-label.com\/wp-content\/uploads\/2022\/12\/v-label-info-for-producers.jpg",1280,870,false],"preview":["https:\/\/www.v-label.com\/wp-content\/uploads\/2022\/12\/v-label-info-for-producers-904x720.jpg",904,720,true],"header":["https:\/\/www.v-label.com\/wp-content\/uploads\/2022\/12\/v-label-info-for-producers-1280x720.jpg",1280,720,true],"gform-image-choice-sm":["https:\/\/www.v-label.com\/wp-content\/uploads\/2022\/12\/v-label-info-for-producers.jpg",300,204,false],"gform-image-choice-md":["https:\/\/www.v-label.com\/wp-content\/uploads\/2022\/12\/v-label-info-for-producers.jpg",400,272,false],"gform-image-choice-lg":["https:\/\/www.v-label.com\/wp-content\/uploads\/2022\/12\/v-label-info-for-producers.jpg",600,408,false]},"uagb_author_info":{"display_name":"Can Aslan","author_link":"https:\/\/www.v-label.com\/sk"},"uagb_comment_info":0,"uagb_excerpt":"Celosvetovo, viac ako 70 000 produktov od viac ako 4 800 v\u00fdrobcov u\u017e nesie zna\u010dku V-Label, zn\u00e1mku kvality pre veg\u00e1nske a vegetari\u00e1nske produkty a slu\u017eby. T\u00e1to medzin\u00e1rodne uzn\u00e1van\u00e1 zna\u010dka vedie z\u00e1kazn\u00edkov po celom svete k tomu, aby na prv\u00fd poh\u013ead identifikovali rastlinn\u00e9 mo\u017enosti. Ak ste v\u00fdrobcom, toto s\u00fa d\u00f4vody pre\u010do sa oplat\u00ed z\u00edska\u0165 certifik\u00e1ciu V-Label:&hellip;","_links":{"self":[{"href":"https:\/\/www.v-label.com\/sk\/wp-json\/wp\/v2\/pages\/7902","targetHints":{"allow":["GET"]}}],"collection":[{"href":"https:\/\/www.v-label.com\/sk\/wp-json\/wp\/v2\/pages"}],"about":[{"href":"https:\/\/www.v-label.com\/sk\/wp-json\/wp\/v2\/types\/page"}],"author":[{"embeddable":true,"href":"https:\/\/www.v-label.com\/sk\/wp-json\/wp\/v2\/users\/5"}],"replies":[{"embeddable":true,"href":"https:\/\/www.v-label.com\/sk\/wp-json\/wp\/v2\/comments?post=7902"}],"version-history":[{"count":4,"href":"https:\/\/www.v-label.com\/sk\/wp-json\/wp\/v2\/pages\/7902\/revisions"}],"predecessor-version":[{"id":83953,"href":"https:\/\/www.v-label.com\/sk\/wp-json\/wp\/v2\/pages\/7902\/revisions\/83953"}],"wp:featuredmedia":[{"embeddable":true,"href":"https:\/\/www.v-label.com\/sk\/wp-json\/wp\/v2\/media\/39769"}],"wp:attachment":[{"href":"https:\/\/www.v-label.com\/sk\/wp-json\/wp\/v2\/media?parent=7902"}],"wp:term":[{"taxonomy":"category","embeddable":true,"href":"https:\/\/www.v-label.com\/sk\/wp-json\/wp\/v2\/categories?post=7902"},{"taxonomy":"post_tag","embeddable":true,"href":"https:\/\/www.v-label.com\/sk\/wp-json\/wp\/v2\/tags?post=7902"}],"curies":[{"name":"wp","href":"https:\/\/api.w.org\/{rel}","templated":true}]}}