{"id":7959,"date":"2022-05-30T16:16:29","date_gmt":"2022-05-30T14:16:29","guid":{"rendered":"https:\/\/www.v-label.com\/info-for-producers\/benefits\/"},"modified":"2024-07-11T11:02:02","modified_gmt":"2024-07-11T09:02:02","slug":"benefits","status":"publish","type":"page","link":"https:\/\/www.v-label.com\/sk\/info-for-producers\/benefits\/","title":{"rendered":"V\u00fdhody"},"content":{"rendered":"\n<p>Z\u00e1kazn\u00edci na celom svete sa \u010doraz viac rozhoduj\u00fa pre rastlinn\u00e9 produkty zo zdravotn\u00fdch d\u00f4vodov, kv\u00f4li intoleranci\u00e1m, pohodliu, etike, chc\u00fa sk\u00fa\u0161a\u0165 nov\u00e9 veci alebo jednoducho preto, lebo sa to p\u00e1\u010di ich de\u0165om. \u010c\u00edm je veg\u00e1nstvo roz\u0161\u00edrenej\u0161ie, o to viac si ho v\u0161\u00edmaj\u00fa vl\u00e1dy a organiz\u00e1cie. Je zjavn\u00e9, \u017ee bez zn\u00ed\u017eenia spotreby \u017eivo\u010d\u00ed\u0161nych produktov nebude mo\u017en\u00e9 dosiahnu\u0165 ciele Par\u00ed\u017eskej klimatickej dohody, ku ktor\u00fdm sa zaviazali takmer v\u0161etky \u0161t\u00e1ty. Toto v\u0161etko poh\u00e1\u0148a d\u00f4le\u017eit\u00fd ekosyst\u00e9m v\u00fdrobcov, ktor\u00ed prich\u00e1dzaj\u00fa s inovat\u00edvnymi a udr\u017eate\u013en\u00fdmi alternat\u00edvami. Z\u00edskajte so zna\u010dkou V-Label pevn\u00fa poz\u00edciu na tomto neust\u00e1le sa rozv\u00edjaj\u00facom trhu u\u017e dnes a aj po\u010das nasleduj\u00facich rokov.<\/p>\n\n\n\n<div class=\"wp-block-media-text is-stacked-on-mobile is-vertically-aligned-center is-image-fill\"><figure class=\"wp-block-media-text__media\" style=\"background-image:url(https:\/\/www.v-label.com\/wp-content\/uploads\/2022\/12\/v-label-consumers-favorite.jpg);background-position:62% 53%\"><img decoding=\"async\" src=\"https:\/\/www.v-label.com\/wp-content\/uploads\/2022\/12\/v-label-consumers-favorite.jpg\" alt=\"\" class=\"wp-image-39649 size-full\"\/><\/figure><div class=\"wp-block-media-text__content\">\n<h3 class=\"wp-block-heading\"><strong><strong><strong><strong>Preferovan\u00fd spotrebite\u013emi<\/strong><\/strong><\/strong><\/strong><\/h3>\n\n\n\n<p>V Nemecku je V-Label pod\u013ea renomovan\u00e9ho G\u00fctesiegel Monitor 2020 \u00f4smou najzn\u00e1mej\u0161ou a tre\u0165ou najd\u00f4veryhodnej\u0161ou zn\u00e1mkou potravinovej kvality. V Eur\u00f3pskej \u00fanii je V-Label dnes najzn\u00e1mej\u0161ou zna\u010dkou pre vegetari\u00e1nske a veg\u00e1nske v\u00fdrobky. Spolo\u010dnos\u0165 V-Label certifikovala viac ako 70 000 produktov po celom svete a m\u00e1 \u0161irok\u00fa podporu vo veg\u00e1nskej a vegetari\u00e1nskej komunite. Prostredn\u00edctvom \u013eahko zrozumite\u013enej kategoriz\u00e1cie produktov, ako veg\u00e1nskych alebo vegetari\u00e1nskych, je V-Label r\u00fdchly a spo\u013eahliv\u00fd sp\u00f4sob, ako \u013eu\u010fom presne poveda\u0165, \u010do nakupuj\u00fa.<\/p>\n<\/div><\/div>\n\n\n\n<div style=\"height:30px\" aria-hidden=\"true\" class=\"wp-block-spacer\"><\/div>\n\n\n\n<div class=\"wp-block-media-text is-stacked-on-mobile is-vertically-aligned-center is-image-fill\"><figure class=\"wp-block-media-text__media\" style=\"background-image:url(https:\/\/www.v-label.com\/wp-content\/uploads\/2022\/12\/v-label-global-recognition.jpg);background-position:50% 50%\"><img decoding=\"async\" width=\"1280\" height=\"959\" src=\"https:\/\/www.v-label.com\/wp-content\/uploads\/2022\/12\/v-label-global-recognition.jpg\" alt=\"\" class=\"wp-image-17595 size-full\" srcset=\"https:\/\/www.v-label.com\/wp-content\/uploads\/2022\/12\/v-label-global-recognition.jpg 1280w, https:\/\/www.v-label.com\/wp-content\/uploads\/2022\/12\/v-label-global-recognition-300x225.jpg 300w, https:\/\/www.v-label.com\/wp-content\/uploads\/2022\/12\/v-label-global-recognition-1024x767.jpg 1024w, https:\/\/www.v-label.com\/wp-content\/uploads\/2022\/12\/v-label-global-recognition-500x375.jpg 500w, https:\/\/www.v-label.com\/wp-content\/uploads\/2022\/12\/v-label-global-recognition-768x575.jpg 768w\" sizes=\"(max-width: 1280px) 100vw, 1280px\" \/><\/figure><div class=\"wp-block-media-text__content\">\n<h3 class=\"wp-block-heading\"><strong><strong><strong><strong>Celosvetovo uzn\u00e1van\u00fd<\/strong><\/strong><\/strong><\/strong><\/h3>\n\n\n\n<p>Spolo\u010dnos\u0165 V-Label, ktor\u00e1 bola zalo\u017een\u00e1 pred 25 rokmi vo \u0160vaj\u010diarsku, si z\u00edskala popredn\u00e9 miesto v potvrdzovan\u00ed kvality veg\u00e1nskych a vegetari\u00e1nskych v\u00fdrobkov a slu\u017eieb. Zna\u010dka V-Label v\u00e1m posta\u010d\u00ed ako jedin\u00e1 certifik\u00e1cia, ktor\u00e1 je vysoko uzn\u00e1van\u00e1 na v\u0161etk\u00fdch trhoch. Od Berl\u00edna a\u017e po Buenos Aires, o\u010di vedom\u00e9ho spotrebite\u013ea len \u0165a\u017eko prehliadnu \u017elt\u00fa farbu na zelenom \u010di zemitom podklade, ktor\u00fd sa \u010dasto pou\u017e\u00edva na udr\u017eate\u013en\u00fdch obaloch.<\/p>\n<\/div><\/div>\n\n\n\n<div style=\"height:30px\" aria-hidden=\"true\" class=\"wp-block-spacer\"><\/div>\n\n\n\n<div class=\"wp-block-media-text is-stacked-on-mobile is-vertically-aligned-center is-image-fill\"><figure class=\"wp-block-media-text__media\" style=\"background-image:url(https:\/\/www.v-label.com\/wp-content\/uploads\/2022\/12\/v-label-business-partnerships.jpg);background-position:50% 50%\"><img decoding=\"async\" width=\"1280\" height=\"853\" src=\"https:\/\/www.v-label.com\/wp-content\/uploads\/2022\/12\/v-label-business-partnerships.jpg\" alt=\"\" class=\"wp-image-17615 size-full\" srcset=\"https:\/\/www.v-label.com\/wp-content\/uploads\/2022\/12\/v-label-business-partnerships.jpg 1280w, https:\/\/www.v-label.com\/wp-content\/uploads\/2022\/12\/v-label-business-partnerships-300x200.jpg 300w, https:\/\/www.v-label.com\/wp-content\/uploads\/2022\/12\/v-label-business-partnerships-1024x682.jpg 1024w, https:\/\/www.v-label.com\/wp-content\/uploads\/2022\/12\/v-label-business-partnerships-500x333.jpg 500w, https:\/\/www.v-label.com\/wp-content\/uploads\/2022\/12\/v-label-business-partnerships-768x512.jpg 768w\" sizes=\"(max-width: 1280px) 100vw, 1280px\" \/><\/figure><div class=\"wp-block-media-text__content\">\n<h3 class=\"wp-block-heading\"><strong><strong><strong><strong>Obchodn\u00e9 partnerstvo<\/strong><\/strong><\/strong><\/strong><\/h3>\n\n\n\n<p>Ako jedin\u00e1 celosvetov\u00e1 certifik\u00e1cia s miestnymi z\u00e1stupcami vo viac ako 50 krajin\u00e1ch (a z\u00e1kazn\u00edckym servisom vo viac ako 30 jazykoch) v\u00e1s spolo\u010dnos\u0165 V-Label poz\u00fdva na cestu \u010faleko za hranicu z\u00edskania certifik\u00e1cie. Uv\u00e1dzate na trh nov\u00fd produkt alebo vstupujete na veg\u00e1nsky trh po prv\u00fdkr\u00e1t? Sme radi, \u017ee v\u00e1s spr\u00e1vne nasmerujeme a pom\u00f4\u017eeme v\u00e1m pri vytv\u00e1rani veg\u00e1nskeho zlo\u017eenia, ktor\u00e9 bude nielen chutn\u00e9 ale aj v\u00fd\u017eivn\u00e9.<\/p>\n<\/div><\/div>\n\n\n\n<div style=\"height:30px\" aria-hidden=\"true\" class=\"wp-block-spacer\"><\/div>\n\n\n\n<div class=\"wp-block-media-text is-stacked-on-mobile is-vertically-aligned-center is-image-fill\"><figure class=\"wp-block-media-text__media\" style=\"background-image:url(https:\/\/www.v-label.com\/wp-content\/uploads\/2022\/12\/v-label-inclusive-approach.jpg);background-position:12% 52%\"><img decoding=\"async\" width=\"1280\" height=\"854\" src=\"https:\/\/www.v-label.com\/wp-content\/uploads\/2022\/12\/v-label-inclusive-approach.jpg\" alt=\"\" class=\"wp-image-17635 size-full\" srcset=\"https:\/\/www.v-label.com\/wp-content\/uploads\/2022\/12\/v-label-inclusive-approach.jpg 1280w, https:\/\/www.v-label.com\/wp-content\/uploads\/2022\/12\/v-label-inclusive-approach-300x200.jpg 300w, https:\/\/www.v-label.com\/wp-content\/uploads\/2022\/12\/v-label-inclusive-approach-1024x683.jpg 1024w, https:\/\/www.v-label.com\/wp-content\/uploads\/2022\/12\/v-label-inclusive-approach-500x334.jpg 500w, https:\/\/www.v-label.com\/wp-content\/uploads\/2022\/12\/v-label-inclusive-approach-768x512.jpg 768w\" sizes=\"(max-width: 1280px) 100vw, 1280px\" \/><\/figure><div class=\"wp-block-media-text__content\">\n<h3 class=\"wp-block-heading\"><strong><strong><strong><strong>Inkluz\u00edvny pr\u00edstup<\/strong><\/strong><\/strong><\/strong><\/h3>\n\n\n\n<p>V-Label poskytuje producentom veg\u00e1nsku aj vegetari\u00e1nsku certifik\u00e1ciu zalo\u017een\u00fa na d\u00f4kladn\u00fdch kontrol\u00e1ch a riaden\u00ed kvality. V-Label je ur\u010den\u00fd pre ak\u00fdko\u013evek typ podnikania, od veg\u00e1nskych start-upov a\u017e po medzin\u00e1rodn\u00e9 spolo\u010dnosti ako Unilever, Nestl\u00e9 alebo Danone. Spolu s biznisovou inteligenciou je to \u017eivotaschopn\u00e1 vo\u013eba pre spolo\u010dnosti, ktor\u00e9 nie s\u00fa preva\u017ene orientovan\u00e9 na rastlinn\u00fd segment, ale chc\u00fa sl\u00fa\u017ei\u0165 rast\u00facej flexitari\u00e1nskej popul\u00e1cii. Okrem potrav\u00edn sa V-Label ude\u013euje aj oble\u010deniu, kozmetike, gastron\u00f3mii, \u010distiacim prostriedkom a \u010fal\u0161\u00edm produktom a slu\u017eb\u00e1m.<\/p>\n<\/div><\/div>\n","protected":false},"excerpt":{"rendered":"<p>Z\u00e1kazn\u00edci na celom svete sa \u010doraz viac rozhoduj\u00fa pre rastlinn\u00e9 produkty zo zdravotn\u00fdch d\u00f4vodov, kv\u00f4li intoleranci\u00e1m, pohodliu, etike, chc\u00fa sk\u00fa\u0161a\u0165 nov\u00e9 veci alebo jednoducho preto, lebo sa to p\u00e1\u010di ich de\u0165om. \u010c\u00edm je veg\u00e1nstvo roz\u0161\u00edrenej\u0161ie, o to viac si ho v\u0161\u00edmaj\u00fa vl\u00e1dy a organiz\u00e1cie. Je zjavn\u00e9, \u017ee bez zn\u00ed\u017eenia spotreby \u017eivo\u010d\u00ed\u0161nych produktov nebude mo\u017en\u00e9 dosiahnu\u0165 [&hellip;]<\/p>\n","protected":false},"author":5,"featured_media":17562,"parent":7902,"menu_order":0,"comment_status":"closed","ping_status":"closed","template":"","meta":{"_acf_changed":false,"_editorskit_title_hidden":false,"_editorskit_reading_time":0,"_editorskit_is_block_options_detached":false,"_editorskit_block_options_position":"{}","inline_featured_image":false,"_uag_custom_page_level_css":"","footnotes":""},"categories":[],"tags":[],"class_list":["post-7959","page","type-page","status-publish","has-post-thumbnail","hentry"],"acf":[],"uagb_featured_image_src":{"full":["https:\/\/www.v-label.com\/wp-content\/uploads\/2022\/12\/v-label-benefits.jpg",1280,878,false],"thumbnail":["https:\/\/www.v-label.com\/wp-content\/uploads\/2022\/12\/v-label-benefits-500x343.jpg",500,343,true],"medium":["https:\/\/www.v-label.com\/wp-content\/uploads\/2022\/12\/v-label-benefits-300x206.jpg",300,206,true],"medium_large":["https:\/\/www.v-label.com\/wp-content\/uploads\/2022\/12\/v-label-benefits-768x527.jpg",768,527,true],"large":["https:\/\/www.v-label.com\/wp-content\/uploads\/2022\/12\/v-label-benefits-1024x702.jpg",1024,702,true],"1536x1536":["https:\/\/www.v-label.com\/wp-content\/uploads\/2022\/12\/v-label-benefits.jpg",1280,878,false],"2048x2048":["https:\/\/www.v-label.com\/wp-content\/uploads\/2022\/12\/v-label-benefits.jpg",1280,878,false],"preview":["https:\/\/www.v-label.com\/wp-content\/uploads\/2022\/12\/v-label-benefits-904x720.jpg",904,720,true],"header":["https:\/\/www.v-label.com\/wp-content\/uploads\/2022\/12\/v-label-benefits-1280x720.jpg",1280,720,true],"gform-image-choice-sm":["https:\/\/www.v-label.com\/wp-content\/uploads\/2022\/12\/v-label-benefits.jpg",300,206,false],"gform-image-choice-md":["https:\/\/www.v-label.com\/wp-content\/uploads\/2022\/12\/v-label-benefits.jpg",400,274,false],"gform-image-choice-lg":["https:\/\/www.v-label.com\/wp-content\/uploads\/2022\/12\/v-label-benefits.jpg",600,412,false]},"uagb_author_info":{"display_name":"Can Aslan","author_link":"https:\/\/www.v-label.com\/sk"},"uagb_comment_info":0,"uagb_excerpt":"Z\u00e1kazn\u00edci na celom svete sa \u010doraz viac rozhoduj\u00fa pre rastlinn\u00e9 produkty zo zdravotn\u00fdch d\u00f4vodov, kv\u00f4li intoleranci\u00e1m, pohodliu, etike, chc\u00fa sk\u00fa\u0161a\u0165 nov\u00e9 veci alebo jednoducho preto, lebo sa to p\u00e1\u010di ich de\u0165om. \u010c\u00edm je veg\u00e1nstvo roz\u0161\u00edrenej\u0161ie, o to viac si ho v\u0161\u00edmaj\u00fa vl\u00e1dy a organiz\u00e1cie. Je zjavn\u00e9, \u017ee bez zn\u00ed\u017eenia spotreby \u017eivo\u010d\u00ed\u0161nych produktov nebude mo\u017en\u00e9 dosiahnu\u0165&hellip;","_links":{"self":[{"href":"https:\/\/www.v-label.com\/sk\/wp-json\/wp\/v2\/pages\/7959","targetHints":{"allow":["GET"]}}],"collection":[{"href":"https:\/\/www.v-label.com\/sk\/wp-json\/wp\/v2\/pages"}],"about":[{"href":"https:\/\/www.v-label.com\/sk\/wp-json\/wp\/v2\/types\/page"}],"author":[{"embeddable":true,"href":"https:\/\/www.v-label.com\/sk\/wp-json\/wp\/v2\/users\/5"}],"replies":[{"embeddable":true,"href":"https:\/\/www.v-label.com\/sk\/wp-json\/wp\/v2\/comments?post=7959"}],"version-history":[{"count":5,"href":"https:\/\/www.v-label.com\/sk\/wp-json\/wp\/v2\/pages\/7959\/revisions"}],"predecessor-version":[{"id":83954,"href":"https:\/\/www.v-label.com\/sk\/wp-json\/wp\/v2\/pages\/7959\/revisions\/83954"}],"up":[{"embeddable":true,"href":"https:\/\/www.v-label.com\/sk\/wp-json\/wp\/v2\/pages\/7902"}],"wp:featuredmedia":[{"embeddable":true,"href":"https:\/\/www.v-label.com\/sk\/wp-json\/wp\/v2\/media\/17562"}],"wp:attachment":[{"href":"https:\/\/www.v-label.com\/sk\/wp-json\/wp\/v2\/media?parent=7959"}],"wp:term":[{"taxonomy":"category","embeddable":true,"href":"https:\/\/www.v-label.com\/sk\/wp-json\/wp\/v2\/categories?post=7959"},{"taxonomy":"post_tag","embeddable":true,"href":"https:\/\/www.v-label.com\/sk\/wp-json\/wp\/v2\/tags?post=7959"}],"curies":[{"name":"wp","href":"https:\/\/api.w.org\/{rel}","templated":true}]}}