{"id":8023,"date":"2022-05-30T16:14:53","date_gmt":"2022-05-30T14:14:53","guid":{"rendered":"https:\/\/www.v-label.com\/branches\/"},"modified":"2022-12-10T09:36:21","modified_gmt":"2022-12-10T08:36:21","slug":"branches","status":"publish","type":"page","link":"https:\/\/www.v-label.com\/sk\/branches\/","title":{"rendered":"V\u0161eobecn\u00e9 Inform\u00e1cie"},"content":{"rendered":"\n<p>Svetov\u00fd trh s rastlinn\u00fdmi produktami sa mnoho rokov te\u0161\u00ed rekordn\u00e9mu predaju a o\u010dak\u00e1va sa, \u017ee v rokoch 2019 &#8211; 2025 bude r\u00e1s\u0165 o 8,94 % ro\u010dne. Zatia\u013e \u010do v roku 2018 sa jeho pr\u00edjmy odhadovali na 10,66 mili\u00e1rd, do roku 2027 sa o\u010dak\u00e1va dosiahnutie hodnoty 27,98 mili\u00e1rd dol\u00e1rov.<\/p>\n\n\n\n<p>Spotrebitelia na celom svete \u010doraz viac vyh\u013ead\u00e1vaj\u00fa zdrav\u00e9, etick\u00e9 a cenovo v\u00fdhodn\u00e9 v\u00fdrobky s n\u00edzkym dopadom na \u017eivotn\u00e9 prostredie, \u010do zvy\u0161uje dopyt po veg\u00e1nskych a vegetari\u00e1nskych alternat\u00edvach. \u010coraz viac spolo\u010dnost\u00ed si uvedomuje v\u00fdhody uspokojenia rast\u00facej potreby trhu s radom rozmanit\u00fdch, vysoko kvalitn\u00fdch v\u00fdrobkov vyroben\u00fdch bez zvierat.<\/p>\n\n\n\n<p>Spotrebitelia tie\u017e \u010doraz viac po\u017eaduj\u00fa transparentnos\u0165 ozna\u010dovania. Chc\u00fa by\u0165 schopn\u00ed r\u00fdchlo a sebavedome identifikova\u0165 veg\u00e1nske a vegetari\u00e1nske produkty. V roku 2020 G\u00fctesiegel Monitor zaradil V-Label v Nemecku medzi jednu z troch najd\u00f4veryhodnej\u0161\u00edch potravinov\u00fdch zna\u010diek. Ozna\u010dovanie nez\u00e1visl\u00fdmi organiz\u00e1ciami dod\u00e1va spotrebite\u013eom v\u00e4\u010d\u0161iu d\u00f4veru ne\u017e ozna\u010denia, ktor\u00e9 si aplikuje samotn\u00fd v\u00fdrobca. V prieskume v roku 2020, ktor\u00fd bol na vzorke takmer 2 000 \u013eud\u00ed z \u010ceska a Slovenska, sa uk\u00e1zalo, \u017ee a\u017e 77 % spotrebite\u013eov vo v\u0161eobecnosti d\u00f4veruje viac produktom so zn\u00e1mkou V-Label ne\u017e bez nej.<\/p>\n\n\n\r\n<ul id=\"pagelinks-block_06e0f40d7a1d1259a296718a48766635\" class=\"wp-block-pagelinks\">\r\n\t\t\t\t\t\t<li>\r\n\t\t\t\t<article>\r\n\t\t\t\t\t\t\t\t\t\t\t<a href=\"https:\/\/www.v-label.com\/sk\/branches\/cosmetics\/\" class=\"post_thumbnail\">\r\n\t\t\t\t\t\t\t<img decoding=\"async\" width=\"904\" height=\"720\" src=\"https:\/\/www.v-label.com\/wp-content\/uploads\/2022\/12\/cosmetics-1280-904x720.jpg\" class=\"attachment-preview size-preview wp-post-image\" alt=\"\" \/>\t\t\t\t\t\t<\/a>\r\n\t\t\t\t\t\t\t\t\t\t<div class=\"inner\">\r\n\t\t\t\t\t\t<div class=\"inner_top\">\r\n\t\t\t\t\t\t\t<header>\r\n\t\t\t\t\t\t\t\t<h3>\r\n\t\t\t\t\t\t\t\t\t<a href=\"https:\/\/www.v-label.com\/sk\/branches\/cosmetics\/\">Kozmetika a \u010distiace prostriedky<\/a>\r\n\t\t\t\t\t\t\t\t<\/h3>\r\n\t\t\t\t\t\t\t\t\t\t\t\t\t\t\t<\/header>\r\n\t\t\t\t\t\t\t\t\t\t\t\t\t\t\t<div class=\"excerpt\">\r\n\t\t\t\t\t\t\t\t\t<p>Pohodlie, starostlivos\u0165 o vlastn\u00e9 zdravie a hlasnej\u0161ie volanie po kr\u00e1se bez krutosti. To s\u00fa tri hlavn\u00e9 d\u00f4vody, pre ktor\u00e9 sa predpoklad\u00e1, \u017ee ve\u013ekos\u0165 glob\u00e1lneho trhu s veg\u00e1nskou kozmetikou dosiahne do roku 2025 a\u017e 20,8 mili\u00e1rd dol\u00e1rov rast\u00fac medziro\u010dne o 6.3 %, a to pod\u013ea spr\u00e1vy o anal\u00fdze trhu s veg\u00e1nskymi kozmetick\u00fdmi v\u00fdrobkami z roku 2018. [&hellip;]<\/p>\r\n\t\t\t\t\t\t\t\t<\/div>\r\n\t\t\t\t\t\t\t\t\t\t\t\t\t<\/div>\r\n\t\t\t\t\t\t<a href=\"https:\/\/www.v-label.com\/sk\/branches\/cosmetics\/\" class=\"read_more\">Read more<\/a>\r\n\t\t\t\t\t<\/div>\r\n\t\t\t\t<\/article>\r\n\t\t\t<\/li>\r\n\t\t\t\t\t<li>\r\n\t\t\t\t<article>\r\n\t\t\t\t\t\t\t\t\t\t\t<a href=\"https:\/\/www.v-label.com\/sk\/branches\/food\/\" class=\"post_thumbnail\">\r\n\t\t\t\t\t\t\t<img decoding=\"async\" width=\"904\" height=\"720\" src=\"https:\/\/www.v-label.com\/wp-content\/uploads\/2022\/12\/v-label-food-sector-904x720.jpg\" class=\"attachment-preview size-preview wp-post-image\" alt=\"\" \/>\t\t\t\t\t\t<\/a>\r\n\t\t\t\t\t\t\t\t\t\t<div class=\"inner\">\r\n\t\t\t\t\t\t<div class=\"inner_top\">\r\n\t\t\t\t\t\t\t<header>\r\n\t\t\t\t\t\t\t\t<h3>\r\n\t\t\t\t\t\t\t\t\t<a href=\"https:\/\/www.v-label.com\/sk\/branches\/food\/\">Potraviny<\/a>\r\n\t\t\t\t\t\t\t\t<\/h3>\r\n\t\t\t\t\t\t\t\t\t\t\t\t\t\t\t<\/header>\r\n\t\t\t\t\t\t\t\t\t\t\t\t\t\t\t<div class=\"excerpt\">\r\n\t\t\t\t\t\t\t\t\t<p>Vedeli ste, \u017ee pod\u013ea Euromonitor International sa len za posledn\u00e9 desa\u0165ro\u010die ve\u013ekos\u0165 rastlinn\u00e9ho trhu v z\u00e1padnej Eur\u00f3pe zdvojn\u00e1sobila, \u010do predstavuje a\u017e 38,5 % z celkov\u00fdch svetov\u00fdch v\u00fdnosov? Zatia\u013e \u010do sa o\u010dak\u00e1va, \u017ee svetov\u00fd trh s rastlinn\u00fdmi potravinami bude r\u00e1s\u0165 ro\u010dne o 8,94 %, samotn\u00fd bielkovinov\u00fd sektor sa bude zr\u00fdch\u013eova\u0165 o 18 % a do roku [&hellip;]<\/p>\r\n\t\t\t\t\t\t\t\t<\/div>\r\n\t\t\t\t\t\t\t\t\t\t\t\t\t<\/div>\r\n\t\t\t\t\t\t<a href=\"https:\/\/www.v-label.com\/sk\/branches\/food\/\" class=\"read_more\">Read more<\/a>\r\n\t\t\t\t\t<\/div>\r\n\t\t\t\t<\/article>\r\n\t\t\t<\/li>\r\n\t\t\t\t\t<li>\r\n\t\t\t\t<article>\r\n\t\t\t\t\t\t\t\t\t\t\t<a href=\"https:\/\/www.v-label.com\/sk\/branches\/non-food\/\" class=\"post_thumbnail\">\r\n\t\t\t\t\t\t\t<img decoding=\"async\" width=\"904\" height=\"692\" src=\"https:\/\/www.v-label.com\/wp-content\/uploads\/2022\/12\/v-label-non-food-sectors-904x692.jpg\" class=\"attachment-preview size-preview wp-post-image\" alt=\"\" \/>\t\t\t\t\t\t<\/a>\r\n\t\t\t\t\t\t\t\t\t\t<div class=\"inner\">\r\n\t\t\t\t\t\t<div class=\"inner_top\">\r\n\t\t\t\t\t\t\t<header>\r\n\t\t\t\t\t\t\t\t<h3>\r\n\t\t\t\t\t\t\t\t\t<a href=\"https:\/\/www.v-label.com\/sk\/branches\/non-food\/\">Nepotravinov\u00e9 V\u00fdrobky<\/a>\r\n\t\t\t\t\t\t\t\t<\/h3>\r\n\t\t\t\t\t\t\t\t\t\t\t\t\t\t\t<\/header>\r\n\t\t\t\t\t\t\t\t\t\t\t\t\t\t\t<div class=\"excerpt\">\r\n\t\t\t\t\t\t\t\t\t<p>Priemysel, ktor\u00fd je s\u013eubn\u00fd na \u010fal\u0161ie roky je pr\u00e1ve veg\u00e1nska m\u00f3da bez krutosti, ktor\u00e1 sa pova\u017euje za cool a luxusn\u00fa. Celosvetov\u00fd trh so \u017eenskou veg\u00e1nskou m\u00f3dou mal v roku 2019 hodnotu 396,3 mili\u00e1rd dol\u00e1rov a pod\u013ea Statista.com sa o\u010dak\u00e1va, \u017ee do roku 2027 bude jeho n\u00e1rast o 13,6 %. Hybnou silou tohto odvetvia je trh [&hellip;]<\/p>\r\n\t\t\t\t\t\t\t\t<\/div>\r\n\t\t\t\t\t\t\t\t\t\t\t\t\t<\/div>\r\n\t\t\t\t\t\t<a href=\"https:\/\/www.v-label.com\/sk\/branches\/non-food\/\" class=\"read_more\">Read more<\/a>\r\n\t\t\t\t\t<\/div>\r\n\t\t\t\t<\/article>\r\n\t\t\t<\/li>\r\n\t\t\t<\/ul>","protected":false},"excerpt":{"rendered":"<p>Svetov\u00fd trh s rastlinn\u00fdmi produktami sa mnoho rokov te\u0161\u00ed rekordn\u00e9mu predaju a o\u010dak\u00e1va sa, \u017ee v rokoch 2019 &#8211; 2025 bude r\u00e1s\u0165 o 8,94 % ro\u010dne. Zatia\u013e \u010do v roku 2018 sa jeho pr\u00edjmy odhadovali na 10,66 mili\u00e1rd, do roku 2027 sa o\u010dak\u00e1va dosiahnutie hodnoty 27,98 mili\u00e1rd dol\u00e1rov. Spotrebitelia na celom svete \u010doraz viac vyh\u013ead\u00e1vaj\u00fa [&hellip;]<\/p>\n","protected":false},"author":5,"featured_media":16981,"parent":0,"menu_order":0,"comment_status":"closed","ping_status":"closed","template":"","meta":{"_acf_changed":false,"_editorskit_title_hidden":false,"_editorskit_reading_time":0,"_editorskit_is_block_options_detached":false,"_editorskit_block_options_position":"{}","inline_featured_image":false,"_uag_custom_page_level_css":"","footnotes":""},"categories":[],"tags":[],"class_list":["post-8023","page","type-page","status-publish","has-post-thumbnail","hentry"],"acf":[],"uagb_featured_image_src":{"full":["https:\/\/www.v-label.com\/wp-content\/uploads\/2022\/12\/v-label-general-info-sectors.jpg",1280,716,false],"thumbnail":["https:\/\/www.v-label.com\/wp-content\/uploads\/2022\/12\/v-label-general-info-sectors-500x280.jpg",500,280,true],"medium":["https:\/\/www.v-label.com\/wp-content\/uploads\/2022\/12\/v-label-general-info-sectors-300x168.jpg",300,168,true],"medium_large":["https:\/\/www.v-label.com\/wp-content\/uploads\/2022\/12\/v-label-general-info-sectors-768x430.jpg",768,430,true],"large":["https:\/\/www.v-label.com\/wp-content\/uploads\/2022\/12\/v-label-general-info-sectors-1024x573.jpg",1024,573,true],"1536x1536":["https:\/\/www.v-label.com\/wp-content\/uploads\/2022\/12\/v-label-general-info-sectors.jpg",1280,716,false],"2048x2048":["https:\/\/www.v-label.com\/wp-content\/uploads\/2022\/12\/v-label-general-info-sectors.jpg",1280,716,false],"preview":["https:\/\/www.v-label.com\/wp-content\/uploads\/2022\/12\/v-label-general-info-sectors-904x716.jpg",904,716,true],"header":["https:\/\/www.v-label.com\/wp-content\/uploads\/2022\/12\/v-label-general-info-sectors.jpg",1280,716,false],"gform-image-choice-sm":["https:\/\/www.v-label.com\/wp-content\/uploads\/2022\/12\/v-label-general-info-sectors.jpg",300,168,false],"gform-image-choice-md":["https:\/\/www.v-label.com\/wp-content\/uploads\/2022\/12\/v-label-general-info-sectors.jpg",400,224,false],"gform-image-choice-lg":["https:\/\/www.v-label.com\/wp-content\/uploads\/2022\/12\/v-label-general-info-sectors.jpg",600,336,false]},"uagb_author_info":{"display_name":"Can Aslan","author_link":"https:\/\/www.v-label.com\/sk"},"uagb_comment_info":0,"uagb_excerpt":"Svetov\u00fd trh s rastlinn\u00fdmi produktami sa mnoho rokov te\u0161\u00ed rekordn\u00e9mu predaju a o\u010dak\u00e1va sa, \u017ee v rokoch 2019 &#8211; 2025 bude r\u00e1s\u0165 o 8,94 % ro\u010dne. Zatia\u013e \u010do v roku 2018 sa jeho pr\u00edjmy odhadovali na 10,66 mili\u00e1rd, do roku 2027 sa o\u010dak\u00e1va dosiahnutie hodnoty 27,98 mili\u00e1rd dol\u00e1rov. Spotrebitelia na celom svete \u010doraz viac vyh\u013ead\u00e1vaj\u00fa&hellip;","_links":{"self":[{"href":"https:\/\/www.v-label.com\/sk\/wp-json\/wp\/v2\/pages\/8023","targetHints":{"allow":["GET"]}}],"collection":[{"href":"https:\/\/www.v-label.com\/sk\/wp-json\/wp\/v2\/pages"}],"about":[{"href":"https:\/\/www.v-label.com\/sk\/wp-json\/wp\/v2\/types\/page"}],"author":[{"embeddable":true,"href":"https:\/\/www.v-label.com\/sk\/wp-json\/wp\/v2\/users\/5"}],"replies":[{"embeddable":true,"href":"https:\/\/www.v-label.com\/sk\/wp-json\/wp\/v2\/comments?post=8023"}],"version-history":[{"count":6,"href":"https:\/\/www.v-label.com\/sk\/wp-json\/wp\/v2\/pages\/8023\/revisions"}],"predecessor-version":[{"id":10484,"href":"https:\/\/www.v-label.com\/sk\/wp-json\/wp\/v2\/pages\/8023\/revisions\/10484"}],"wp:featuredmedia":[{"embeddable":true,"href":"https:\/\/www.v-label.com\/sk\/wp-json\/wp\/v2\/media\/16981"}],"wp:attachment":[{"href":"https:\/\/www.v-label.com\/sk\/wp-json\/wp\/v2\/media?parent=8023"}],"wp:term":[{"taxonomy":"category","embeddable":true,"href":"https:\/\/www.v-label.com\/sk\/wp-json\/wp\/v2\/categories?post=8023"},{"taxonomy":"post_tag","embeddable":true,"href":"https:\/\/www.v-label.com\/sk\/wp-json\/wp\/v2\/tags?post=8023"}],"curies":[{"name":"wp","href":"https:\/\/api.w.org\/{rel}","templated":true}]}}