{"id":8062,"date":"2022-05-30T16:15:29","date_gmt":"2022-05-30T14:15:29","guid":{"rendered":"https:\/\/www.v-label.com\/branches\/cosmetics\/"},"modified":"2022-12-25T10:10:46","modified_gmt":"2022-12-25T09:10:46","slug":"cosmetics","status":"publish","type":"page","link":"https:\/\/www.v-label.com\/sk\/branches\/cosmetics\/","title":{"rendered":"Kozmetika a \u010distiace prostriedky"},"content":{"rendered":"\n<p>Pohodlie, starostlivos\u0165 o vlastn\u00e9 zdravie a hlasnej\u0161ie volanie po kr\u00e1se bez krutosti. To s\u00fa tri hlavn\u00e9 d\u00f4vody, pre ktor\u00e9 sa predpoklad\u00e1, \u017ee ve\u013ekos\u0165 glob\u00e1lneho trhu s veg\u00e1nskou kozmetikou dosiahne do roku 2025 a\u017e 20,8 mili\u00e1rd dol\u00e1rov rast\u00fac medziro\u010dne o 6.3 %, a to pod\u013ea spr\u00e1vy o anal\u00fdze trhu s veg\u00e1nskymi kozmetick\u00fdmi v\u00fdrobkami z roku 2018.<\/p>\n\n\n\n<p>Eur\u00f3pa je hlavn\u00fdm hr\u00e1\u010dom na trhu a svedkom prudk\u00e9ho n\u00e1rastu dopytu po v\u00fdrobkoch, ktor\u00e9 neboli testovan\u00e9 na zvierat\u00e1ch. Od ple\u0165ovej kozmetiky, cez deodoranty a\u017e po \u0161amp\u00f3ny. \u010coraz viac spotrebite\u013eov h\u013ead\u00e1 pri n\u00e1kupe k\u013e\u00fa\u010dov\u00e9 slov\u00e1 s\u00favisiace s veg\u00e1nstvom.<\/p>\n\n\n\n<p>Ke\u010f\u017ee veg\u00e1nska kozmetika je st\u00e1le viacmenej novinka, spotrebitelia s\u00fa ve\u013emi vn\u00edmav\u00ed k ozna\u010dovaniu a in\u00fdm symbolom, ktor\u00e9 preukazuj\u00fa veg\u00e1nsky alebo vegetari\u00e1nsky p\u00f4vod. Vedeli ste, \u017ee pod\u013ea Britskej veg\u00e1nskej spolo\u010dnosti 19% \u013eud\u00ed kontroluje, \u010di s\u00fa ich hygienick\u00e9 potreby testovan\u00e9 na zvierat\u00e1ch? Zvidite\u013enite t\u00fato vlastnos\u0165 v\u00e1\u0161ho produktu pomocou zna\u010dky V-Label a zabezpe\u010dte t\u00fdm, \u017ee prirodzene siahnu pr\u00e1ve po va\u0161om v\u00fdrobku.<\/p>\n\n\n\n<p>Pod\u013ea v\u0161etk\u00e9ho nielen osobn\u00e1 starostlivos\u0165 je svedkom n\u00e1rastu veg\u00e1nskych a vegetari\u00e1nskych alternat\u00edv, je to aj dom\u00e1cnos\u0165! Nechajte va\u0161e \u010distiace prostriedky vynikn\u00fa\u0165 v\u010faka p\u00fatav\u00e9mu logu V-Label.<\/p>\n\n\n\n<div class=\"wp-block-buttons is-content-justification-center is-layout-flex wp-container-core-buttons-is-layout-16018d1d wp-block-buttons-is-layout-flex\">\n<div class=\"wp-block-button\"><a class=\"wp-block-button__link wp-element-button\" href=\"https:\/\/www.v-label.com\/sk\/for-business\/get-certified\/\">Z\u00edskajte certifik\u00e1t V-Label<\/a><\/div>\n<\/div>\n","protected":false},"excerpt":{"rendered":"<p>Pohodlie, starostlivos\u0165 o vlastn\u00e9 zdravie a hlasnej\u0161ie volanie po kr\u00e1se bez krutosti. To s\u00fa tri hlavn\u00e9 d\u00f4vody, pre ktor\u00e9 sa predpoklad\u00e1, \u017ee ve\u013ekos\u0165 glob\u00e1lneho trhu s veg\u00e1nskou kozmetikou dosiahne do roku 2025 a\u017e 20,8 mili\u00e1rd dol\u00e1rov rast\u00fac medziro\u010dne o 6.3 %, a to pod\u013ea spr\u00e1vy o anal\u00fdze trhu s veg\u00e1nskymi kozmetick\u00fdmi v\u00fdrobkami z roku 2018. [&hellip;]<\/p>\n","protected":false},"author":5,"featured_media":17287,"parent":8023,"menu_order":0,"comment_status":"closed","ping_status":"closed","template":"","meta":{"_acf_changed":false,"_editorskit_title_hidden":false,"_editorskit_reading_time":0,"_editorskit_is_block_options_detached":false,"_editorskit_block_options_position":"{}","inline_featured_image":false,"_uag_custom_page_level_css":"","footnotes":""},"categories":[],"tags":[],"class_list":["post-8062","page","type-page","status-publish","has-post-thumbnail","hentry"],"acf":[],"uagb_featured_image_src":{"full":["https:\/\/www.v-label.com\/wp-content\/uploads\/2022\/12\/cosmetics-1280.jpg",1280,868,false],"thumbnail":["https:\/\/www.v-label.com\/wp-content\/uploads\/2022\/12\/cosmetics-1280-500x339.jpg",500,339,true],"medium":["https:\/\/www.v-label.com\/wp-content\/uploads\/2022\/12\/cosmetics-1280-300x203.jpg",300,203,true],"medium_large":["https:\/\/www.v-label.com\/wp-content\/uploads\/2022\/12\/cosmetics-1280-768x521.jpg",768,521,true],"large":["https:\/\/www.v-label.com\/wp-content\/uploads\/2022\/12\/cosmetics-1280-1024x694.jpg",1024,694,true],"1536x1536":["https:\/\/www.v-label.com\/wp-content\/uploads\/2022\/12\/cosmetics-1280.jpg",1280,868,false],"2048x2048":["https:\/\/www.v-label.com\/wp-content\/uploads\/2022\/12\/cosmetics-1280.jpg",1280,868,false],"preview":["https:\/\/www.v-label.com\/wp-content\/uploads\/2022\/12\/cosmetics-1280-904x720.jpg",904,720,true],"header":["https:\/\/www.v-label.com\/wp-content\/uploads\/2022\/12\/cosmetics-1280-1280x720.jpg",1280,720,true],"gform-image-choice-sm":["https:\/\/www.v-label.com\/wp-content\/uploads\/2022\/12\/cosmetics-1280.jpg",300,203,false],"gform-image-choice-md":["https:\/\/www.v-label.com\/wp-content\/uploads\/2022\/12\/cosmetics-1280.jpg",400,271,false],"gform-image-choice-lg":["https:\/\/www.v-label.com\/wp-content\/uploads\/2022\/12\/cosmetics-1280.jpg",600,407,false]},"uagb_author_info":{"display_name":"Can Aslan","author_link":"https:\/\/www.v-label.com\/sk"},"uagb_comment_info":0,"uagb_excerpt":"Pohodlie, starostlivos\u0165 o vlastn\u00e9 zdravie a hlasnej\u0161ie volanie po kr\u00e1se bez krutosti. To s\u00fa tri hlavn\u00e9 d\u00f4vody, pre ktor\u00e9 sa predpoklad\u00e1, \u017ee ve\u013ekos\u0165 glob\u00e1lneho trhu s veg\u00e1nskou kozmetikou dosiahne do roku 2025 a\u017e 20,8 mili\u00e1rd dol\u00e1rov rast\u00fac medziro\u010dne o 6.3 %, a to pod\u013ea spr\u00e1vy o anal\u00fdze trhu s veg\u00e1nskymi kozmetick\u00fdmi v\u00fdrobkami z roku 2018.&hellip;","_links":{"self":[{"href":"https:\/\/www.v-label.com\/sk\/wp-json\/wp\/v2\/pages\/8062","targetHints":{"allow":["GET"]}}],"collection":[{"href":"https:\/\/www.v-label.com\/sk\/wp-json\/wp\/v2\/pages"}],"about":[{"href":"https:\/\/www.v-label.com\/sk\/wp-json\/wp\/v2\/types\/page"}],"author":[{"embeddable":true,"href":"https:\/\/www.v-label.com\/sk\/wp-json\/wp\/v2\/users\/5"}],"replies":[{"embeddable":true,"href":"https:\/\/www.v-label.com\/sk\/wp-json\/wp\/v2\/comments?post=8062"}],"version-history":[{"count":7,"href":"https:\/\/www.v-label.com\/sk\/wp-json\/wp\/v2\/pages\/8062\/revisions"}],"predecessor-version":[{"id":35000,"href":"https:\/\/www.v-label.com\/sk\/wp-json\/wp\/v2\/pages\/8062\/revisions\/35000"}],"up":[{"embeddable":true,"href":"https:\/\/www.v-label.com\/sk\/wp-json\/wp\/v2\/pages\/8023"}],"wp:featuredmedia":[{"embeddable":true,"href":"https:\/\/www.v-label.com\/sk\/wp-json\/wp\/v2\/media\/17287"}],"wp:attachment":[{"href":"https:\/\/www.v-label.com\/sk\/wp-json\/wp\/v2\/media?parent=8062"}],"wp:term":[{"taxonomy":"category","embeddable":true,"href":"https:\/\/www.v-label.com\/sk\/wp-json\/wp\/v2\/categories?post=8062"},{"taxonomy":"post_tag","embeddable":true,"href":"https:\/\/www.v-label.com\/sk\/wp-json\/wp\/v2\/tags?post=8062"}],"curies":[{"name":"wp","href":"https:\/\/api.w.org\/{rel}","templated":true}]}}