{"id":8096,"date":"2022-05-30T16:15:11","date_gmt":"2022-05-30T14:15:11","guid":{"rendered":"https:\/\/www.v-label.com\/branches\/food\/"},"modified":"2022-12-25T09:54:11","modified_gmt":"2022-12-25T08:54:11","slug":"food","status":"publish","type":"page","link":"https:\/\/www.v-label.com\/sk\/branches\/food\/","title":{"rendered":"Potraviny"},"content":{"rendered":"\n<p>Vedeli ste, \u017ee pod\u013ea Euromonitor International sa len za posledn\u00e9 desa\u0165ro\u010die ve\u013ekos\u0165 rastlinn\u00e9ho trhu v z\u00e1padnej Eur\u00f3pe zdvojn\u00e1sobila, \u010do predstavuje a\u017e 38,5 % z celkov\u00fdch svetov\u00fdch v\u00fdnosov?<\/p>\n\n\n\n<p>Zatia\u013e \u010do sa o\u010dak\u00e1va, \u017ee svetov\u00fd trh s rastlinn\u00fdmi potravinami bude r\u00e1s\u0165 ro\u010dne o 8,94 %, samotn\u00fd bielkovinov\u00fd sektor sa <strong>bude zr\u00fdch\u013eova\u0165 o 18 %<\/strong> a do roku 2025 dosiahne hranicu 28 mili\u00e1rd dol\u00e1rov. Nov\u00e9 vznikaj\u00face veg\u00e1nske start-upy tieto \u0161tatistiky len podporuj\u00fa: zameriavaj\u00fa sa na uspokojenie rast\u00faceho dopytu po veg\u00e1nskom hov\u00e4dzom m\u00e4se, ryb\u00e1ch, syroch, mlieku, jogurtoch, vajciach, pe\u010dive, vitam\u00ednoch a v\u00fd\u017eivov\u00fdch doplnkoch, z ktor\u00fdch ka\u017ed\u00e1 kateg\u00f3ria prekvit\u00e1. \u0160peci\u00e1lne v\u00fdrobky sa navy\u0161e dostali do be\u017en\u00fdch obchodn\u00fdch re\u0165azcov a tradi\u010dn\u00ed v\u00fdrobcovia potrav\u00edn zav\u00e1dzaj\u00fa veg\u00e1nske a vegetari\u00e1nske produktov\u00e9 rady.<\/p>\n\n\n\n<p>Zauj\u00edmavos\u0165ou je, \u017ee toto je iba za\u010diatok. Pod\u013ea organiz\u00e1cie ProVeg International rast\u00face invest\u00edcie do technologick\u00fdch inov\u00e1ci\u00ed zabezpe\u010duj\u00fa, \u017ee chu\u0165, text\u00fara a p\u00f4\u017eitok z t\u00fdchto v\u00fdrobkov sa bud\u00fa na\u010falej zlep\u0161ova\u0165 v\u010faka \u010fal\u0161\u00edm pokrokom v oblasti zlo\u017eiek a spracovania. Ma\u0165 V-Label, ako najuzn\u00e1vanej\u0161iu veg\u00e1nsku a vegetari\u00e1nsku zna\u010dku v segmente potrav\u00edn, znamen\u00e1, \u017ee budete ma\u0165 \u00fa\u017eitok z tohto bezprecedentn\u00e9ho trhov\u00e9ho rastu.<\/p>\n\n\n\n<div class=\"wp-block-buttons is-content-justification-center is-layout-flex wp-container-core-buttons-is-layout-16018d1d wp-block-buttons-is-layout-flex\">\n<div class=\"wp-block-button\"><a class=\"wp-block-button__link wp-element-button\" href=\"https:\/\/www.v-label.com\/sk\/for-business\/get-certified\/\">Z\u00edskajte certifik\u00e1t V-Label<\/a><\/div>\n<\/div>\n","protected":false},"excerpt":{"rendered":"<p>Vedeli ste, \u017ee pod\u013ea Euromonitor International sa len za posledn\u00e9 desa\u0165ro\u010die ve\u013ekos\u0165 rastlinn\u00e9ho trhu v z\u00e1padnej Eur\u00f3pe zdvojn\u00e1sobila, \u010do predstavuje a\u017e 38,5 % z celkov\u00fdch svetov\u00fdch v\u00fdnosov? Zatia\u013e \u010do sa o\u010dak\u00e1va, \u017ee svetov\u00fd trh s rastlinn\u00fdmi potravinami bude r\u00e1s\u0165 ro\u010dne o 8,94 %, samotn\u00fd bielkovinov\u00fd sektor sa bude zr\u00fdch\u013eova\u0165 o 18 % a do roku [&hellip;]<\/p>\n","protected":false},"author":5,"featured_media":17002,"parent":8023,"menu_order":0,"comment_status":"closed","ping_status":"closed","template":"","meta":{"_acf_changed":false,"_editorskit_title_hidden":false,"_editorskit_reading_time":0,"_editorskit_is_block_options_detached":false,"_editorskit_block_options_position":"{}","inline_featured_image":false,"_uag_custom_page_level_css":"","footnotes":""},"categories":[],"tags":[],"class_list":["post-8096","page","type-page","status-publish","has-post-thumbnail","hentry"],"acf":[],"uagb_featured_image_src":{"full":["https:\/\/www.v-label.com\/wp-content\/uploads\/2022\/12\/v-label-food-sector.jpg",1280,857,false],"thumbnail":["https:\/\/www.v-label.com\/wp-content\/uploads\/2022\/12\/v-label-food-sector-500x335.jpg",500,335,true],"medium":["https:\/\/www.v-label.com\/wp-content\/uploads\/2022\/12\/v-label-food-sector-300x201.jpg",300,201,true],"medium_large":["https:\/\/www.v-label.com\/wp-content\/uploads\/2022\/12\/v-label-food-sector-768x514.jpg",768,514,true],"large":["https:\/\/www.v-label.com\/wp-content\/uploads\/2022\/12\/v-label-food-sector-1024x686.jpg",1024,686,true],"1536x1536":["https:\/\/www.v-label.com\/wp-content\/uploads\/2022\/12\/v-label-food-sector.jpg",1280,857,false],"2048x2048":["https:\/\/www.v-label.com\/wp-content\/uploads\/2022\/12\/v-label-food-sector.jpg",1280,857,false],"preview":["https:\/\/www.v-label.com\/wp-content\/uploads\/2022\/12\/v-label-food-sector-904x720.jpg",904,720,true],"header":["https:\/\/www.v-label.com\/wp-content\/uploads\/2022\/12\/v-label-food-sector-1280x720.jpg",1280,720,true],"gform-image-choice-sm":["https:\/\/www.v-label.com\/wp-content\/uploads\/2022\/12\/v-label-food-sector.jpg",300,201,false],"gform-image-choice-md":["https:\/\/www.v-label.com\/wp-content\/uploads\/2022\/12\/v-label-food-sector.jpg",400,268,false],"gform-image-choice-lg":["https:\/\/www.v-label.com\/wp-content\/uploads\/2022\/12\/v-label-food-sector.jpg",600,402,false]},"uagb_author_info":{"display_name":"Can Aslan","author_link":"https:\/\/www.v-label.com\/sk"},"uagb_comment_info":0,"uagb_excerpt":"Vedeli ste, \u017ee pod\u013ea Euromonitor International sa len za posledn\u00e9 desa\u0165ro\u010die ve\u013ekos\u0165 rastlinn\u00e9ho trhu v z\u00e1padnej Eur\u00f3pe zdvojn\u00e1sobila, \u010do predstavuje a\u017e 38,5 % z celkov\u00fdch svetov\u00fdch v\u00fdnosov? Zatia\u013e \u010do sa o\u010dak\u00e1va, \u017ee svetov\u00fd trh s rastlinn\u00fdmi potravinami bude r\u00e1s\u0165 ro\u010dne o 8,94 %, samotn\u00fd bielkovinov\u00fd sektor sa bude zr\u00fdch\u013eova\u0165 o 18 % a do roku&hellip;","_links":{"self":[{"href":"https:\/\/www.v-label.com\/sk\/wp-json\/wp\/v2\/pages\/8096","targetHints":{"allow":["GET"]}}],"collection":[{"href":"https:\/\/www.v-label.com\/sk\/wp-json\/wp\/v2\/pages"}],"about":[{"href":"https:\/\/www.v-label.com\/sk\/wp-json\/wp\/v2\/types\/page"}],"author":[{"embeddable":true,"href":"https:\/\/www.v-label.com\/sk\/wp-json\/wp\/v2\/users\/5"}],"replies":[{"embeddable":true,"href":"https:\/\/www.v-label.com\/sk\/wp-json\/wp\/v2\/comments?post=8096"}],"version-history":[{"count":6,"href":"https:\/\/www.v-label.com\/sk\/wp-json\/wp\/v2\/pages\/8096\/revisions"}],"predecessor-version":[{"id":34959,"href":"https:\/\/www.v-label.com\/sk\/wp-json\/wp\/v2\/pages\/8096\/revisions\/34959"}],"up":[{"embeddable":true,"href":"https:\/\/www.v-label.com\/sk\/wp-json\/wp\/v2\/pages\/8023"}],"wp:featuredmedia":[{"embeddable":true,"href":"https:\/\/www.v-label.com\/sk\/wp-json\/wp\/v2\/media\/17002"}],"wp:attachment":[{"href":"https:\/\/www.v-label.com\/sk\/wp-json\/wp\/v2\/media?parent=8096"}],"wp:term":[{"taxonomy":"category","embeddable":true,"href":"https:\/\/www.v-label.com\/sk\/wp-json\/wp\/v2\/categories?post=8096"},{"taxonomy":"post_tag","embeddable":true,"href":"https:\/\/www.v-label.com\/sk\/wp-json\/wp\/v2\/tags?post=8096"}],"curies":[{"name":"wp","href":"https:\/\/api.w.org\/{rel}","templated":true}]}}