{"id":8164,"date":"2022-05-30T16:15:52","date_gmt":"2022-05-30T14:15:52","guid":{"rendered":"https:\/\/www.v-label.com\/branches\/non-food\/"},"modified":"2022-12-25T10:22:14","modified_gmt":"2022-12-25T09:22:14","slug":"non-food","status":"publish","type":"page","link":"https:\/\/www.v-label.com\/sk\/branches\/non-food\/","title":{"rendered":"Nepotravinov\u00e9 V\u00fdrobky"},"content":{"rendered":"\n<p>Priemysel, ktor\u00fd je s\u013eubn\u00fd na \u010fal\u0161ie roky je pr\u00e1ve veg\u00e1nska m\u00f3da bez krutosti, ktor\u00e1 sa pova\u017euje za cool a luxusn\u00fa. Celosvetov\u00fd trh so \u017eenskou veg\u00e1nskou m\u00f3dou mal v roku 2019 hodnotu 396,3 mili\u00e1rd dol\u00e1rov a pod\u013ea Statista.com sa o\u010dak\u00e1va, \u017ee do roku 2027 bude jeho n\u00e1rast o 13,6 %. Hybnou silou tohto odvetvia je trh s veg\u00e1nskou ko\u017eou. Najm\u00e4 v\u010faka technologick\u00e9mu pokroku, ktor\u00fd zdokona\u013euje nov\u00e9 materi\u00e1ly a zvy\u0161uje jej \u017eivotnos\u0165, vid\u00edme namiesto ko\u017ee na b\u00e1ze plastu \u010doraz viac udr\u017eate\u013enej\u0161ie pr\u00edrodn\u00e9 tkaniny z najrozmanitej\u0161\u00edch zdrojov. Ide napr\u00edklad o anan\u00e1sov\u00e9 listy, kvasnice, ved\u013eaj\u0161ie v\u00fdrobky z vin\u00e1rskeho priemyslu a huby. Vyv\u00edjaj\u00fa sa tie\u017e alternat\u00edvy k vlne a hodv\u00e1bu, vyroben\u00e9 z celul\u00f3zov\u00fdch vl\u00e1kien, ako aj r\u00f4zne upcyklovan\u00e9 materi\u00e1ly, ktor\u00e9 sa vylep\u0161uj\u00fa pre \u010doraz popul\u00e1rnej\u0161ie veg\u00e1nske \u0161portov\u00e9 oble\u010denie.<\/p>\n\n\n\n<p>Koniec koncov, nejde len o oble\u010denie, kabelky a top\u00e1nky. Ostatn\u00e9 odvetvia s\u00fa taktie\u017e sk\u00fa\u0161an\u00e9 dobou a in\u0161piruj\u00fa sa vyr\u00e1ba\u0165 v\u00fdrobky bez krutosti (knihy, bi\u017eut\u00e9ria, svie\u010dky). Ma\u0165 veg\u00e1nske alebo vegetari\u00e1nske ozna\u010denie sa pova\u017euje za pridan\u00fa hodnotu pri predaji a ist\u00fd bod odli\u0161nosti. Taktie\u017e to pom\u00e1ha z\u00e1kazn\u00edkom zorientova\u0165 sa v n\u00e1kupnom hluku a n\u00e1js\u0165 bezpe\u010dn\u00e9 a udr\u017eate\u013en\u00e9 v\u00fdrobky v eshopoch alebo kamenn\u00fdch predajniach.<\/p>\n\n\n\n<div class=\"wp-block-buttons is-content-justification-center is-layout-flex wp-container-core-buttons-is-layout-16018d1d wp-block-buttons-is-layout-flex\">\n<div class=\"wp-block-button\"><a class=\"wp-block-button__link wp-element-button\" href=\"https:\/\/www.v-label.com\/sk\/for-business\/get-certified\/\">Z\u00edskajte certifik\u00e1t V-Label<\/a><\/div>\n<\/div>\n","protected":false},"excerpt":{"rendered":"<p>Priemysel, ktor\u00fd je s\u013eubn\u00fd na \u010fal\u0161ie roky je pr\u00e1ve veg\u00e1nska m\u00f3da bez krutosti, ktor\u00e1 sa pova\u017euje za cool a luxusn\u00fa. Celosvetov\u00fd trh so \u017eenskou veg\u00e1nskou m\u00f3dou mal v roku 2019 hodnotu 396,3 mili\u00e1rd dol\u00e1rov a pod\u013ea Statista.com sa o\u010dak\u00e1va, \u017ee do roku 2027 bude jeho n\u00e1rast o 13,6 %. Hybnou silou tohto odvetvia je trh [&hellip;]<\/p>\n","protected":false},"author":5,"featured_media":17124,"parent":8023,"menu_order":0,"comment_status":"closed","ping_status":"closed","template":"","meta":{"_acf_changed":false,"_editorskit_title_hidden":false,"_editorskit_reading_time":0,"_editorskit_is_block_options_detached":false,"_editorskit_block_options_position":"{}","inline_featured_image":false,"_uag_custom_page_level_css":"","footnotes":""},"categories":[],"tags":[],"class_list":["post-8164","page","type-page","status-publish","has-post-thumbnail","hentry"],"acf":[],"uagb_featured_image_src":{"full":["https:\/\/www.v-label.com\/wp-content\/uploads\/2022\/12\/v-label-non-food-sectors.jpg",1280,692,false],"thumbnail":["https:\/\/www.v-label.com\/wp-content\/uploads\/2022\/12\/v-label-non-food-sectors-500x270.jpg",500,270,true],"medium":["https:\/\/www.v-label.com\/wp-content\/uploads\/2022\/12\/v-label-non-food-sectors-300x162.jpg",300,162,true],"medium_large":["https:\/\/www.v-label.com\/wp-content\/uploads\/2022\/12\/v-label-non-food-sectors-768x415.jpg",768,415,true],"large":["https:\/\/www.v-label.com\/wp-content\/uploads\/2022\/12\/v-label-non-food-sectors-1024x554.jpg",1024,554,true],"1536x1536":["https:\/\/www.v-label.com\/wp-content\/uploads\/2022\/12\/v-label-non-food-sectors.jpg",1280,692,false],"2048x2048":["https:\/\/www.v-label.com\/wp-content\/uploads\/2022\/12\/v-label-non-food-sectors.jpg",1280,692,false],"preview":["https:\/\/www.v-label.com\/wp-content\/uploads\/2022\/12\/v-label-non-food-sectors-904x692.jpg",904,692,true],"header":["https:\/\/www.v-label.com\/wp-content\/uploads\/2022\/12\/v-label-non-food-sectors.jpg",1280,692,false],"gform-image-choice-sm":["https:\/\/www.v-label.com\/wp-content\/uploads\/2022\/12\/v-label-non-food-sectors.jpg",300,162,false],"gform-image-choice-md":["https:\/\/www.v-label.com\/wp-content\/uploads\/2022\/12\/v-label-non-food-sectors.jpg",400,216,false],"gform-image-choice-lg":["https:\/\/www.v-label.com\/wp-content\/uploads\/2022\/12\/v-label-non-food-sectors.jpg",600,324,false]},"uagb_author_info":{"display_name":"Can Aslan","author_link":"https:\/\/www.v-label.com\/sk"},"uagb_comment_info":0,"uagb_excerpt":"Priemysel, ktor\u00fd je s\u013eubn\u00fd na \u010fal\u0161ie roky je pr\u00e1ve veg\u00e1nska m\u00f3da bez krutosti, ktor\u00e1 sa pova\u017euje za cool a luxusn\u00fa. Celosvetov\u00fd trh so \u017eenskou veg\u00e1nskou m\u00f3dou mal v roku 2019 hodnotu 396,3 mili\u00e1rd dol\u00e1rov a pod\u013ea Statista.com sa o\u010dak\u00e1va, \u017ee do roku 2027 bude jeho n\u00e1rast o 13,6 %. Hybnou silou tohto odvetvia je trh&hellip;","_links":{"self":[{"href":"https:\/\/www.v-label.com\/sk\/wp-json\/wp\/v2\/pages\/8164","targetHints":{"allow":["GET"]}}],"collection":[{"href":"https:\/\/www.v-label.com\/sk\/wp-json\/wp\/v2\/pages"}],"about":[{"href":"https:\/\/www.v-label.com\/sk\/wp-json\/wp\/v2\/types\/page"}],"author":[{"embeddable":true,"href":"https:\/\/www.v-label.com\/sk\/wp-json\/wp\/v2\/users\/5"}],"replies":[{"embeddable":true,"href":"https:\/\/www.v-label.com\/sk\/wp-json\/wp\/v2\/comments?post=8164"}],"version-history":[{"count":4,"href":"https:\/\/www.v-label.com\/sk\/wp-json\/wp\/v2\/pages\/8164\/revisions"}],"predecessor-version":[{"id":35028,"href":"https:\/\/www.v-label.com\/sk\/wp-json\/wp\/v2\/pages\/8164\/revisions\/35028"}],"up":[{"embeddable":true,"href":"https:\/\/www.v-label.com\/sk\/wp-json\/wp\/v2\/pages\/8023"}],"wp:featuredmedia":[{"embeddable":true,"href":"https:\/\/www.v-label.com\/sk\/wp-json\/wp\/v2\/media\/17124"}],"wp:attachment":[{"href":"https:\/\/www.v-label.com\/sk\/wp-json\/wp\/v2\/media?parent=8164"}],"wp:term":[{"taxonomy":"category","embeddable":true,"href":"https:\/\/www.v-label.com\/sk\/wp-json\/wp\/v2\/categories?post=8164"},{"taxonomy":"post_tag","embeddable":true,"href":"https:\/\/www.v-label.com\/sk\/wp-json\/wp\/v2\/tags?post=8164"}],"curies":[{"name":"wp","href":"https:\/\/api.w.org\/{rel}","templated":true}]}}