{"id":8434,"date":"2022-05-30T16:16:01","date_gmt":"2022-05-30T14:16:01","guid":{"rendered":"https:\/\/www.v-label.com\/general-information\/"},"modified":"2023-06-21T14:09:20","modified_gmt":"2023-06-21T12:09:20","slug":"vseobecne-informacie","status":"publish","type":"page","link":"https:\/\/www.v-label.com\/sk\/vseobecne-informacie\/","title":{"rendered":"V\u0161eobecn\u00e9 Inform\u00e1cie"},"content":{"rendered":"\n<h2 class=\"wp-block-heading has-text-align-center\"><strong>Inform\u00e1cie pre spotrebite\u013eov<\/strong><\/h2>\n\n\n\n<p>Ste veg\u00e1n, vegetari\u00e1n, flexitari\u00e1n, zni\u017eujete konzum\u00e1ciu \u017eivo\u010d\u00ed\u0161nych potrav\u00edn alebo ste iba zvedav\u00fd? Ke\u010f\u017ee nav\u0161tevujete tieto str\u00e1nky, je pravdepodobn\u00e9, \u017ee chcete vidie\u0165 spravodliv\u00fd, udr\u017eate\u013en\u00fd (a chutn\u00fd!) svet. Sme v tom s vami a na\u0161im sp\u00f4sobom, ako prispie\u0165 k takejto bud\u00facnosti, je zabezpe\u010di\u0165, aby boli veg\u00e1nske a vegetari\u00e1nske produkty roz\u0161\u00edren\u00e9 a \u013eahko rozpoznate\u013en\u00e9.<\/p>\n\n\n\n<p>V-Label, medzin\u00e1rodne uzn\u00e1van\u00e1 zn\u00e1mka pre vegetari\u00e1nske a veg\u00e1nske v\u00fdrobky, ktor\u00e9 pre\u0161li d\u00f4kladn\u00fdmi kontrolami, je pri ka\u017edom jednom n\u00e1kupe va\u0161im spojencom na ceste za st\u00e1le viac rastlinn\u00fdm \u017eivotn\u00fdm \u0161t\u00fdlom.<\/p>\n\n\n\n<p>Jednoduch\u00fd a \u013eahko pochopite\u013en\u00fd ka\u017edodenn\u00fd sprievodca V-Label v\u00e1m u\u0161etr\u00ed \u010das a \u00fanavu z rozhodovania. Pri ka\u017edom n\u00e1kupe h\u013eadajte p\u00fatav\u00e9 \u017elt\u00e9 logo: na prv\u00fd poh\u013ead budete vedie\u0165, ktor\u00e9 v\u00fdrobky s\u00fa schv\u00e1len\u00e9, a teda bezpe\u010dn\u00e9 pri n\u00e1kupe!<\/p>\n\n\n\n<p><strong>Spo\u013eahliv\u00fd a d\u00f4veryhodn\u00fd.<\/strong> Pri k\u00fape produktu alebo slu\u017eby, ktor\u00e1 nesie zna\u010dku V-Label sa m\u00f4\u017eete spo\u013eahn\u00fa\u0165 na \u0161tandardizovan\u00e9 krit\u00e9ri\u00e1 pre veg\u00e1nske a vegetari\u00e1nske v\u00fdrobky, ktor\u00e9 platia spravodlivo a medzin\u00e1rodne. Nie je potrebn\u00e9 sa ob\u00e1va\u0165, \u017ee spolo\u010dnosti nespr\u00e1vne ozna\u010dia v\u00fdrobky na z\u00e1klade svojich vlastn\u00fdch n\u00e1hodn\u00fdch krit\u00e9ri\u00ed. Spolo\u010dnos\u0165 V-Label, ktor\u00e1 bola zalo\u017een\u00e1 v roku 1996 vo \u0160vaj\u010diarsku, je jedn\u00fdm z tvorite\u013eov tohto priemyslu.<\/p>\n\n\n\n<div class=\"wp-block-buttons is-content-justification-center is-layout-flex wp-container-core-buttons-is-layout-16018d1d wp-block-buttons-is-layout-flex\">\n<div class=\"wp-block-button\"><a class=\"wp-block-button__link wp-element-button\" href=\"https:\/\/www.v-label.com\/sk\/general-information\/certified-products\/\"><strong>Certifikovan\u00e9 v\u00fdrobky<\/strong><\/a><\/div>\n\n\n\n<div class=\"wp-block-button\"><a class=\"wp-block-button__link wp-element-button\" href=\"https:\/\/www.v-label.com\/sk\/report-a-misuse\/\"><strong>Nahl\u00e1ste n\u00e1m podozriv\u00fd V-Label<\/strong><\/a><\/div>\n<\/div>\n\n\n\n<h3 class=\"wp-block-heading has-text-align-center\"><strong><strong>Za \u010d\u00edm si stoj\u00edme?<\/strong><\/strong><\/h3>\n\n\n\n<p>Pri k\u00fape produktu alebo slu\u017eby poskytovanej spolo\u010dnos\u0165ou V-Label si m\u00f4\u017eete by\u0165 ist\u00ed, \u017ee:<\/p>\n\n\n\n<ul class=\"wp-block-list\">\n<li>Ak je produkt ozna\u010den\u00fd ako veg\u00e1nsky, v \u017eiadnom \u0161t\u00e1diu v\u00fdroby sa nepou\u017e\u00edvali zlo\u017eky \u017eivo\u010d\u00ed\u0161neho p\u00f4vodu. Kontrolovali sa aj pr\u00edsady a ar\u00f3my. Kontroly sa nezastavili iba pri zozname zlo\u017eiek, ale dokonca aj pri pomocn\u00fdch technologick\u00fdch l\u00e1tkach, ktor\u00e9 sa nemusia uv\u00e1dza\u0165, ako s\u00fa napr\u00edklad biotechnologick\u00e9 kultiva\u010dn\u00e9 m\u00e9di\u00e1 a in\u00e9. M\u00f4\u017eete si by\u0165 ist\u00ed, \u017ee jablkov\u00fd d\u017e\u00fas alebo v\u00edno neboli vy\u010d\u00edren\u00e9 \u017eelat\u00ednou, cukor nebol upraven\u00fd kostnou m\u00fa\u010dkou a chlieb neobsahuje cyste\u00edn z prasac\u00edch \u0161tet\u00edn.<\/li>\n\n\n\n<li>Ak je v\u00fdrobok ozna\u010den\u00fd ako vegetari\u00e1nsky, pri v\u00fdrobe je povolen\u00e9 iba mlieko, mledzivo, vajcia z in\u00e9ho ako klietkov\u00e9ho chovu, med, v\u010del\u00ed vosk, propolis, tuk z vlny a \u010fal\u0161ie produkty z vymenovan\u00fdch zlo\u017eiek.<\/li>\n\n\n\n<li>V\u0161etky f\u00e1zy v\u00fdroby musia by\u0165 navrhnut\u00e9 tak, aby sa ne\u00famyseln\u00e9 stopy neveg\u00e1nskych alebo nevegetari\u00e1nskych l\u00e1tok v kone\u010dnom produkte zn\u00ed\u017eili na minimum.<\/li>\n\n\n\n<li>Testovanie na akomko\u013ekvek zvierati je zak\u00e1zan\u00e9 \u010di u\u017e pri kone\u010dnom v\u00fdrobku, alebo pri jednotliv\u00fdch pr\u00edsad\u00e1ch, pomocn\u00fdch a in\u00fdch spracovate\u013esk\u00fdch l\u00e1tkach, ktor\u00e9 s\u00fa vyvinut\u00e9 pre dan\u00fd produkt.<\/li>\n<\/ul>\n\n\n\n<p>V neposlednom rade, pr\u00edjmy z licen\u010dn\u00fdch poplatkov sa pou\u017e\u00edvaj\u00fa hlavne na financovanie viacer\u00fdch neziskov\u00fdch organiz\u00e1ci\u00ed a iniciat\u00edv, ktor\u00e9 podporuj\u00fa veg\u00e1nstvo a zvieracie pr\u00e1va.<\/p>\n\n\n\n<div class=\"wp-block-columns are-vertically-aligned-center is-layout-flex wp-container-core-columns-is-layout-9d6595d7 wp-block-columns-is-layout-flex\">\n<div class=\"wp-block-column is-vertically-aligned-center is-layout-flow wp-block-column-is-layout-flow\">\n<figure class=\"wp-block-image size-full\"><img decoding=\"async\" width=\"720\" height=\"497\" src=\"https:\/\/www.v-label.com\/wp-content\/uploads\/2022\/09\/b2b-info-page-2.webp\" alt=\"\" class=\"wp-image-879\" srcset=\"https:\/\/www.v-label.com\/wp-content\/uploads\/2022\/09\/b2b-info-page-2.webp 720w, https:\/\/www.v-label.com\/wp-content\/uploads\/2022\/09\/b2b-info-page-2-300x207.webp 300w\" sizes=\"(max-width: 720px) 100vw, 720px\" \/><\/figure>\n<\/div>\n\n\n\n<div class=\"wp-block-column is-vertically-aligned-center is-layout-flow wp-block-column-is-layout-flow\">\n<figure class=\"wp-block-image size-full\"><img decoding=\"async\" width=\"720\" height=\"482\" src=\"https:\/\/www.v-label.com\/wp-content\/uploads\/2022\/09\/b2b-info-page-1.webp\" alt=\"\" class=\"wp-image-876\" srcset=\"https:\/\/www.v-label.com\/wp-content\/uploads\/2022\/09\/b2b-info-page-1.webp 720w, https:\/\/www.v-label.com\/wp-content\/uploads\/2022\/09\/b2b-info-page-1-300x201.webp 300w\" sizes=\"(max-width: 720px) 100vw, 720px\" \/><\/figure>\n<\/div>\n\n\n\n<div class=\"wp-block-column is-vertically-aligned-center is-layout-flow wp-block-column-is-layout-flow\">\n<figure class=\"wp-block-image size-full\"><img decoding=\"async\" width=\"720\" height=\"482\" src=\"https:\/\/www.v-label.com\/wp-content\/uploads\/2022\/09\/b2b-info-page-3.webp\" alt=\"\" class=\"wp-image-860\" srcset=\"https:\/\/www.v-label.com\/wp-content\/uploads\/2022\/09\/b2b-info-page-3.webp 720w, https:\/\/www.v-label.com\/wp-content\/uploads\/2022\/09\/b2b-info-page-3-300x201.webp 300w\" sizes=\"(max-width: 720px) 100vw, 720px\" \/><\/figure>\n<\/div>\n<\/div>\n","protected":false},"excerpt":{"rendered":"<p>Inform\u00e1cie pre spotrebite\u013eov Ste veg\u00e1n, vegetari\u00e1n, flexitari\u00e1n, zni\u017eujete konzum\u00e1ciu \u017eivo\u010d\u00ed\u0161nych potrav\u00edn alebo ste iba zvedav\u00fd? Ke\u010f\u017ee nav\u0161tevujete tieto str\u00e1nky, je pravdepodobn\u00e9, \u017ee chcete vidie\u0165 spravodliv\u00fd, udr\u017eate\u013en\u00fd (a chutn\u00fd!) svet. Sme v tom s vami a na\u0161im sp\u00f4sobom, ako prispie\u0165 k takejto bud\u00facnosti, je zabezpe\u010di\u0165, aby boli veg\u00e1nske a vegetari\u00e1nske produkty roz\u0161\u00edren\u00e9 a \u013eahko rozpoznate\u013en\u00e9. V-Label, [&hellip;]<\/p>\n","protected":false},"author":5,"featured_media":17186,"parent":0,"menu_order":0,"comment_status":"closed","ping_status":"closed","template":"","meta":{"_acf_changed":false,"_editorskit_title_hidden":false,"_editorskit_reading_time":0,"_editorskit_is_block_options_detached":false,"_editorskit_block_options_position":"{}","inline_featured_image":false,"_uag_custom_page_level_css":"","footnotes":""},"categories":[],"tags":[],"class_list":["post-8434","page","type-page","status-publish","has-post-thumbnail","hentry"],"acf":[],"uagb_featured_image_src":{"full":["https:\/\/www.v-label.com\/wp-content\/uploads\/2022\/12\/v-label-general-info-consumers.jpg",1280,738,false],"thumbnail":["https:\/\/www.v-label.com\/wp-content\/uploads\/2022\/12\/v-label-general-info-consumers-500x288.jpg",500,288,true],"medium":["https:\/\/www.v-label.com\/wp-content\/uploads\/2022\/12\/v-label-general-info-consumers-300x173.jpg",300,173,true],"medium_large":["https:\/\/www.v-label.com\/wp-content\/uploads\/2022\/12\/v-label-general-info-consumers-768x443.jpg",768,443,true],"large":["https:\/\/www.v-label.com\/wp-content\/uploads\/2022\/12\/v-label-general-info-consumers-1024x590.jpg",1024,590,true],"1536x1536":["https:\/\/www.v-label.com\/wp-content\/uploads\/2022\/12\/v-label-general-info-consumers.jpg",1280,738,false],"2048x2048":["https:\/\/www.v-label.com\/wp-content\/uploads\/2022\/12\/v-label-general-info-consumers.jpg",1280,738,false],"preview":["https:\/\/www.v-label.com\/wp-content\/uploads\/2022\/12\/v-label-general-info-consumers-904x720.jpg",904,720,true],"header":["https:\/\/www.v-label.com\/wp-content\/uploads\/2022\/12\/v-label-general-info-consumers-1280x720.jpg",1280,720,true],"gform-image-choice-sm":["https:\/\/www.v-label.com\/wp-content\/uploads\/2022\/12\/v-label-general-info-consumers.jpg",300,173,false],"gform-image-choice-md":["https:\/\/www.v-label.com\/wp-content\/uploads\/2022\/12\/v-label-general-info-consumers.jpg",400,231,false],"gform-image-choice-lg":["https:\/\/www.v-label.com\/wp-content\/uploads\/2022\/12\/v-label-general-info-consumers.jpg",600,346,false]},"uagb_author_info":{"display_name":"Can Aslan","author_link":"https:\/\/www.v-label.com\/sk"},"uagb_comment_info":0,"uagb_excerpt":"Inform\u00e1cie pre spotrebite\u013eov Ste veg\u00e1n, vegetari\u00e1n, flexitari\u00e1n, zni\u017eujete konzum\u00e1ciu \u017eivo\u010d\u00ed\u0161nych potrav\u00edn alebo ste iba zvedav\u00fd? Ke\u010f\u017ee nav\u0161tevujete tieto str\u00e1nky, je pravdepodobn\u00e9, \u017ee chcete vidie\u0165 spravodliv\u00fd, udr\u017eate\u013en\u00fd (a chutn\u00fd!) svet. Sme v tom s vami a na\u0161im sp\u00f4sobom, ako prispie\u0165 k takejto bud\u00facnosti, je zabezpe\u010di\u0165, aby boli veg\u00e1nske a vegetari\u00e1nske produkty roz\u0161\u00edren\u00e9 a \u013eahko rozpoznate\u013en\u00e9. V-Label,&hellip;","_links":{"self":[{"href":"https:\/\/www.v-label.com\/sk\/wp-json\/wp\/v2\/pages\/8434","targetHints":{"allow":["GET"]}}],"collection":[{"href":"https:\/\/www.v-label.com\/sk\/wp-json\/wp\/v2\/pages"}],"about":[{"href":"https:\/\/www.v-label.com\/sk\/wp-json\/wp\/v2\/types\/page"}],"author":[{"embeddable":true,"href":"https:\/\/www.v-label.com\/sk\/wp-json\/wp\/v2\/users\/5"}],"replies":[{"embeddable":true,"href":"https:\/\/www.v-label.com\/sk\/wp-json\/wp\/v2\/comments?post=8434"}],"version-history":[{"count":5,"href":"https:\/\/www.v-label.com\/sk\/wp-json\/wp\/v2\/pages\/8434\/revisions"}],"predecessor-version":[{"id":59763,"href":"https:\/\/www.v-label.com\/sk\/wp-json\/wp\/v2\/pages\/8434\/revisions\/59763"}],"wp:featuredmedia":[{"embeddable":true,"href":"https:\/\/www.v-label.com\/sk\/wp-json\/wp\/v2\/media\/17186"}],"wp:attachment":[{"href":"https:\/\/www.v-label.com\/sk\/wp-json\/wp\/v2\/media?parent=8434"}],"wp:term":[{"taxonomy":"category","embeddable":true,"href":"https:\/\/www.v-label.com\/sk\/wp-json\/wp\/v2\/categories?post=8434"},{"taxonomy":"post_tag","embeddable":true,"href":"https:\/\/www.v-label.com\/sk\/wp-json\/wp\/v2\/tags?post=8434"}],"curies":[{"name":"wp","href":"https:\/\/api.w.org\/{rel}","templated":true}]}}