{"id":8526,"date":"2022-09-09T10:47:40","date_gmt":"2022-09-09T08:47:40","guid":{"rendered":"https:\/\/www.v-label.com\/general-information\/certified-products\/"},"modified":"2024-07-11T11:02:17","modified_gmt":"2024-07-11T09:02:17","slug":"certifikovane-vyrobky","status":"publish","type":"page","link":"https:\/\/www.v-label.com\/sk\/vseobecne-informacie\/certifikovane-vyrobky\/","title":{"rendered":"Certifikovan\u00e9 V\u00fdrobky"},"content":{"rendered":"\n<p>V\u00fdroba potrav\u00edn je celosvetovo zodpovedn\u00e1 za jednu \u0161tvrtinu emisi\u00ed sklen\u00edkov\u00fdch plynov a \u010doraz viac \u013eud\u00ed sa ob\u00e1va o klimatick\u00e9 zmeny. Posledn\u00e9 \u0161t\u00fadie dokazuj\u00fa, \u017ee ak chcete zn\u00ed\u017ei\u0165 osobn\u00e9 emisie sklen\u00edkov\u00fdch plynov, mali by ste sa zamera\u0165 sk\u00f4r na to, \u010do jete, ne\u017e na to, \u010di je va\u0161e jedlo lok\u00e1lne.<a href=\"https:\/\/ourworldindata.org\/food-choice-vs-eating-local#licence\" target=\"_blank\" rel=\"noopener\"><sup>1<\/sup><\/a><\/p>\n\n\n\n<p>M\u00f4\u017eete, ale nemus\u00edte, \u00eds\u0165 stopercentne do veg\u00e1nstva, aby ste si mohli vychutna\u0165 rozmanitos\u0165 rastlinn\u00fdch mo\u017enost\u00ed. Veg\u00e1nske a vegetari\u00e1nske jedlo je zdrav\u00e9, s\u00fdte, l\u00e1kav\u00e9, pohodln\u00e9 a \u013eahko sa pripravuje. Okrem toho, \u017ee je etick\u00e9 a udr\u017eate\u013en\u00e9, \u013eudia nim vyjadruj\u00fa samich seba.<\/p>\n\n\n\n<p>V-Label je v s\u00fa\u010dasnosti na viac ako 70 000 v\u00fdrobkoch, ktor\u00fdmi sa m\u00f4\u017ete in\u0161pirova\u0165 pri va\u0161om \u010fal\u0161om n\u00e1kupe.<\/p>\n\n\n\n<h3 class=\"wp-block-heading has-text-align-center\"><strong>Nech v\u00e1\u0161 n\u00e1kup stoj\u00ed za to<\/strong><\/h3>\n\n\n\n<div class=\"wp-block-group alignwide is-content-justification-center is-nowrap is-layout-flex wp-container-core-group-is-layout-499140ed wp-block-group-is-layout-flex\">\n<figure class=\"wp-block-image size-thumbnail is-resized\"><img decoding=\"async\" width=\"500\" height=\"500\" src=\"https:\/\/www.v-label.com\/wp-content\/uploads\/2022\/07\/logo-vlabel-favicon-500x500.png\" alt=\"\" class=\"wp-image-331\" style=\"width:50px;height:50px\" srcset=\"https:\/\/www.v-label.com\/wp-content\/uploads\/2022\/07\/logo-vlabel-favicon-500x500.png 500w, https:\/\/www.v-label.com\/wp-content\/uploads\/2022\/07\/logo-vlabel-favicon-300x300.png 300w, https:\/\/www.v-label.com\/wp-content\/uploads\/2022\/07\/logo-vlabel-favicon-768x768.png 768w, https:\/\/www.v-label.com\/wp-content\/uploads\/2022\/07\/logo-vlabel-favicon.png 852w\" sizes=\"(max-width: 500px) 100vw, 500px\" \/><\/figure>\n<\/div>\n\n\n\n<div class=\"wp-block-columns is-layout-flex wp-container-core-columns-is-layout-9d6595d7 wp-block-columns-is-layout-flex\">\n<div class=\"wp-block-column is-layout-flow wp-block-column-is-layout-flow\">\n<figure class=\"wp-block-image size-medium\"><img decoding=\"async\" width=\"300\" height=\"200\" src=\"https:\/\/www.v-label.com\/wp-content\/uploads\/2022\/12\/meat-alternatives-1280-300x200.jpg\" alt=\"\" class=\"wp-image-17407\" srcset=\"https:\/\/www.v-label.com\/wp-content\/uploads\/2022\/12\/meat-alternatives-1280-300x200.jpg 300w, https:\/\/www.v-label.com\/wp-content\/uploads\/2022\/12\/meat-alternatives-1280-1024x682.jpg 1024w, https:\/\/www.v-label.com\/wp-content\/uploads\/2022\/12\/meat-alternatives-1280-500x333.jpg 500w, https:\/\/www.v-label.com\/wp-content\/uploads\/2022\/12\/meat-alternatives-1280-768x511.jpg 768w, https:\/\/www.v-label.com\/wp-content\/uploads\/2022\/12\/meat-alternatives-1280.jpg 1280w\" sizes=\"(max-width: 300px) 100vw, 300px\" \/><\/figure>\n\n\n\n<h2 class=\"wp-block-heading\"><a href=\"https:\/\/www.v-label.com\/sk\/general-information\/certified-products\/meat-alternatives\/\" data-type=\"page\" data-id=\"1016\"><strong>M\u00e4sov\u00e9 alternat\u00edvy<\/strong><\/a><\/h2>\n\n\n\n<p>Pokrokov\u00e9 ingrediencie, spolo\u010densk\u00e9 uznanie a nekone\u010dn\u00e9 mo\u017enosti kombinova\u0165. To s\u00fa tri d\u00f4vody, pre\u010do m\u00e4sov\u00e9 alternat\u00edvy nielen\u017ee exponenci\u00e1lne rast\u00fa, ale tie\u017e n\u00e1m ukazuj\u00fa, ako budeme v bud\u00facnosti jed\u00e1va\u0165. Pozrite sa na ne lep\u0161ie a pote\u0161te va\u0161e chu\u0165ov\u00e9 poh\u00e1riky!<\/p>\n<\/div>\n\n\n\n<div class=\"wp-block-column is-layout-flow wp-block-column-is-layout-flow\">\n<figure class=\"wp-block-image size-medium\"><img decoding=\"async\" width=\"300\" height=\"200\" src=\"https:\/\/www.v-label.com\/wp-content\/uploads\/2022\/12\/milk-alternatives-1280-300x200.jpg\" alt=\"\" class=\"wp-image-17890\" srcset=\"https:\/\/www.v-label.com\/wp-content\/uploads\/2022\/12\/milk-alternatives-1280-300x200.jpg 300w, https:\/\/www.v-label.com\/wp-content\/uploads\/2022\/12\/milk-alternatives-1280-1024x682.jpg 1024w, https:\/\/www.v-label.com\/wp-content\/uploads\/2022\/12\/milk-alternatives-1280-500x333.jpg 500w, https:\/\/www.v-label.com\/wp-content\/uploads\/2022\/12\/milk-alternatives-1280-768x512.jpg 768w, https:\/\/www.v-label.com\/wp-content\/uploads\/2022\/12\/milk-alternatives-1280.jpg 1280w\" sizes=\"(max-width: 300px) 100vw, 300px\" \/><\/figure>\n\n\n\n<h2 class=\"wp-block-heading\"><a href=\"https:\/\/www.v-label.com\/sk\/general-information\/certified-products\/dairy-alternatives\/\" data-type=\"page\" data-id=\"1325\"><strong>Mlie\u010dne alternat\u00edvy<\/strong><\/a><\/h2>\n\n\n\n<p>Prechod od s\u00f3jov\u00e9ho k ovsen\u00e9mu, mand\u013eov\u00e9mu \u010di kokosov\u00e9mu mlieku bol iba za\u010diatkom rastlinnej mlie\u010dnej revol\u00facie. Vyberte si to, \u010do m\u00e1te radi. Na trhu je toho ve\u013ea, od gr\u00e9ckych jogurtov a\u017e po jogurtov\u00e9 n\u00e1poje, chutn\u00e9 a pre plan\u00e9tu udr\u017eate\u013en\u00e9 zmrzliny, masl\u00e1 a ra\u0148ajkov\u00e9 n\u00e1tierky. A absol\u00fatnou \u0161pi\u010dkou s\u00fa veg\u00e1nske syry!<\/p>\n<\/div>\n\n\n\n<div class=\"wp-block-column is-layout-flow wp-block-column-is-layout-flow\">\n<figure class=\"wp-block-image size-medium\"><img decoding=\"async\" width=\"300\" height=\"200\" src=\"https:\/\/www.v-label.com\/wp-content\/uploads\/2022\/12\/ready-meals-1280-300x200.jpg\" alt=\"\" class=\"wp-image-17227\" srcset=\"https:\/\/www.v-label.com\/wp-content\/uploads\/2022\/12\/ready-meals-1280-300x200.jpg 300w, https:\/\/www.v-label.com\/wp-content\/uploads\/2022\/12\/ready-meals-1280-1024x682.jpg 1024w, https:\/\/www.v-label.com\/wp-content\/uploads\/2022\/12\/ready-meals-1280-500x333.jpg 500w, https:\/\/www.v-label.com\/wp-content\/uploads\/2022\/12\/ready-meals-1280-768x511.jpg 768w, https:\/\/www.v-label.com\/wp-content\/uploads\/2022\/12\/ready-meals-1280.jpg 1280w\" sizes=\"(max-width: 300px) 100vw, 300px\" \/><\/figure>\n\n\n\n<h2 class=\"wp-block-heading\"><a href=\"https:\/\/www.v-label.com\/sk\/general-information\/certified-products\/ready-made-meals\/\" data-type=\"page\" data-id=\"1327\"><strong>Hotov\u00e9 jedl\u00e1<\/strong><\/a><\/h2>\n\n\n\n<p>Obedy na cest\u00e1ch u\u017e nemusia by\u0165 n\u00e1ro\u010dn\u00e9 ako kedysi. Zdrav\u00e9, chutn\u00e9 a veggie je motto v\u00e4\u010d\u0161iny ve\u013ek\u00fdch re\u0165azcov, ktor\u00e9 plnia mrazen\u00e9 sekcie rastlinn\u00fdmi pizzami a pon\u00fakaj\u00fa \u0161irok\u00fd v\u00fdber zo svetovej kuchyne, od hotov\u00fdch kr\u00e9mov\u00fdch polievok a\u017e po chilli sin carne.<\/p>\n<\/div>\n<\/div>\n\n\n\n<div class=\"wp-block-columns is-layout-flex wp-container-core-columns-is-layout-9d6595d7 wp-block-columns-is-layout-flex\">\n<div class=\"wp-block-column is-layout-flow wp-block-column-is-layout-flow\">\n<figure class=\"wp-block-image size-medium\"><img decoding=\"async\" width=\"300\" height=\"200\" src=\"https:\/\/www.v-label.com\/wp-content\/uploads\/2022\/12\/sweets-1280-300x200.jpg\" alt=\"\" class=\"wp-image-17327\" srcset=\"https:\/\/www.v-label.com\/wp-content\/uploads\/2022\/12\/sweets-1280-300x200.jpg 300w, https:\/\/www.v-label.com\/wp-content\/uploads\/2022\/12\/sweets-1280-1024x682.jpg 1024w, https:\/\/www.v-label.com\/wp-content\/uploads\/2022\/12\/sweets-1280-500x333.jpg 500w, https:\/\/www.v-label.com\/wp-content\/uploads\/2022\/12\/sweets-1280-768x512.jpg 768w, https:\/\/www.v-label.com\/wp-content\/uploads\/2022\/12\/sweets-1280.jpg 1280w\" sizes=\"(max-width: 300px) 100vw, 300px\" \/><\/figure>\n\n\n\n<h2 class=\"wp-block-heading\"><a href=\"https:\/\/www.v-label.com\/sk\/general-information\/certified-products\/sweets\/\" data-type=\"page\" data-id=\"1329\"><strong>Sladkosti<\/strong><\/a><\/h2>\n\n\n\n<p>Skontrolujte, \u010di s\u00fa va\u0161e ob\u013e\u00faben\u00e9 ma\u0161krty skuto\u010dne vegetari\u00e1nske alebo veg\u00e1nske, a z\u00e1sobte si \u0161pajzu \u010disto rastlinnou \u010dokol\u00e1dou, su\u0161ienkami, \u010dipsami a ty\u010dinkami! A po\u010dkajte, je tu e\u0161te nie\u010do: trh s pe\u010divom je to, \u010do skuto\u010dne napreduje. Veg\u00e1nske kol\u00e1\u010de, croissanty alebo dokonca ro\u017eky s klob\u00e1sou, ktor\u00e9 chutia na nerozoznanie.<\/p>\n<\/div>\n\n\n\n<div class=\"wp-block-column is-layout-flow wp-block-column-is-layout-flow\">\n<figure class=\"wp-block-image size-medium\"><img decoding=\"async\" width=\"300\" height=\"200\" src=\"https:\/\/www.v-label.com\/wp-content\/uploads\/2022\/12\/beverages-1280-300x200.jpg\" alt=\"\" class=\"wp-image-17307\" srcset=\"https:\/\/www.v-label.com\/wp-content\/uploads\/2022\/12\/beverages-1280-300x200.jpg 300w, https:\/\/www.v-label.com\/wp-content\/uploads\/2022\/12\/beverages-1280-1024x682.jpg 1024w, https:\/\/www.v-label.com\/wp-content\/uploads\/2022\/12\/beverages-1280-500x333.jpg 500w, https:\/\/www.v-label.com\/wp-content\/uploads\/2022\/12\/beverages-1280-768x512.jpg 768w, https:\/\/www.v-label.com\/wp-content\/uploads\/2022\/12\/beverages-1280.jpg 1280w\" sizes=\"(max-width: 300px) 100vw, 300px\" \/><\/figure>\n\n\n\n<h2 class=\"wp-block-heading\"><a href=\"https:\/\/www.v-label.com\/sk\/general-information\/certified-products\/beverages\/\" data-type=\"page\" data-id=\"1331\"><strong>N\u00e1poje<\/strong><\/a><\/h2>\n\n\n\n<p>Dajte si pozor na zvierat\u00e1 ukryt\u00e9 vo va\u0161om ob\u013e\u00fabenom n\u00e1poji! Zistite, ktor\u00e9 d\u017e\u00fasy s\u00fa bez neveg\u00e1nskej D3, ktor\u00e9 v\u00edna nie s\u00fa rafinovan\u00e9 ani filtrovan\u00e9 \u017eivo\u010d\u00ed\u0161nymi bielkovinami, a tie\u017e si overte, \u010di je va\u0161a malinovka stopercentne rastlinn\u00e9ho p\u00f4vodu.<\/p>\n<\/div>\n\n\n\n<div class=\"wp-block-column is-layout-flow wp-block-column-is-layout-flow\">\n<figure class=\"wp-block-image size-medium\"><img decoding=\"async\" width=\"300\" height=\"200\" src=\"https:\/\/www.v-label.com\/wp-content\/uploads\/2022\/12\/non-foods-1280-300x200.jpg\" alt=\"\" class=\"wp-image-17912\" srcset=\"https:\/\/www.v-label.com\/wp-content\/uploads\/2022\/12\/non-foods-1280-300x200.jpg 300w, https:\/\/www.v-label.com\/wp-content\/uploads\/2022\/12\/non-foods-1280-1024x683.jpg 1024w, https:\/\/www.v-label.com\/wp-content\/uploads\/2022\/12\/non-foods-1280-500x334.jpg 500w, https:\/\/www.v-label.com\/wp-content\/uploads\/2022\/12\/non-foods-1280-768x512.jpg 768w, https:\/\/www.v-label.com\/wp-content\/uploads\/2022\/12\/non-foods-1280.jpg 1280w\" sizes=\"(max-width: 300px) 100vw, 300px\" \/><\/figure>\n\n\n\n<h2 class=\"wp-block-heading\"><a href=\"https:\/\/www.v-label.com\/sk\/general-information\/certified-products\/non-food\/\" data-type=\"page\" data-id=\"1337\"><strong>Nepotravinov\u00e9<\/strong><\/a><\/h2>\n\n\n\n<p>Roz\u0161\u00edrte svoj veg\u00e1nsky svet pomocou n\u00e1\u0161ho sprievodcu: od kn\u00edh na \u010d\u00edtanie, a\u017e po miestne tla\u010diarne, kadern\u00edctvo, kozmeti\u010dku alebo dokonca tetovacie sal\u00f3ny.<\/p>\n<\/div>\n<\/div>\n","protected":false},"excerpt":{"rendered":"<p>V\u00fdroba potrav\u00edn je celosvetovo zodpovedn\u00e1 za jednu \u0161tvrtinu emisi\u00ed sklen\u00edkov\u00fdch plynov a \u010doraz viac \u013eud\u00ed sa ob\u00e1va o klimatick\u00e9 zmeny. Posledn\u00e9 \u0161t\u00fadie dokazuj\u00fa, \u017ee ak chcete zn\u00ed\u017ei\u0165 osobn\u00e9 emisie sklen\u00edkov\u00fdch plynov, mali by ste sa zamera\u0165 sk\u00f4r na to, \u010do jete, ne\u017e na to, \u010di je va\u0161e jedlo lok\u00e1lne.1 M\u00f4\u017eete, ale nemus\u00edte, \u00eds\u0165 stopercentne do [&hellip;]<\/p>\n","protected":false},"author":5,"featured_media":17207,"parent":8434,"menu_order":0,"comment_status":"closed","ping_status":"closed","template":"","meta":{"_acf_changed":false,"_editorskit_title_hidden":false,"_editorskit_reading_time":0,"_editorskit_is_block_options_detached":false,"_editorskit_block_options_position":"{}","inline_featured_image":false,"_uag_custom_page_level_css":"","footnotes":""},"categories":[],"tags":[],"class_list":["post-8526","page","type-page","status-publish","has-post-thumbnail","hentry"],"acf":[],"uagb_featured_image_src":{"full":["https:\/\/www.v-label.com\/wp-content\/uploads\/2022\/12\/v-label-cert-products.jpg",2000,1339,false],"thumbnail":["https:\/\/www.v-label.com\/wp-content\/uploads\/2022\/12\/v-label-cert-products-500x335.jpg",500,335,true],"medium":["https:\/\/www.v-label.com\/wp-content\/uploads\/2022\/12\/v-label-cert-products-300x201.jpg",300,201,true],"medium_large":["https:\/\/www.v-label.com\/wp-content\/uploads\/2022\/12\/v-label-cert-products-768x514.jpg",768,514,true],"large":["https:\/\/www.v-label.com\/wp-content\/uploads\/2022\/12\/v-label-cert-products-1024x686.jpg",1024,686,true],"1536x1536":["https:\/\/www.v-label.com\/wp-content\/uploads\/2022\/12\/v-label-cert-products-1536x1028.jpg",1536,1028,true],"2048x2048":["https:\/\/www.v-label.com\/wp-content\/uploads\/2022\/12\/v-label-cert-products.jpg",2000,1339,false],"preview":["https:\/\/www.v-label.com\/wp-content\/uploads\/2022\/12\/v-label-cert-products-904x720.jpg",904,720,true],"header":["https:\/\/www.v-label.com\/wp-content\/uploads\/2022\/12\/v-label-cert-products-2000x720.jpg",2000,720,true],"gform-image-choice-sm":["https:\/\/www.v-label.com\/wp-content\/uploads\/2022\/12\/v-label-cert-products.jpg",300,201,false],"gform-image-choice-md":["https:\/\/www.v-label.com\/wp-content\/uploads\/2022\/12\/v-label-cert-products.jpg",400,268,false],"gform-image-choice-lg":["https:\/\/www.v-label.com\/wp-content\/uploads\/2022\/12\/v-label-cert-products.jpg",600,402,false]},"uagb_author_info":{"display_name":"Can Aslan","author_link":"https:\/\/www.v-label.com\/sk"},"uagb_comment_info":0,"uagb_excerpt":"V\u00fdroba potrav\u00edn je celosvetovo zodpovedn\u00e1 za jednu \u0161tvrtinu emisi\u00ed sklen\u00edkov\u00fdch plynov a \u010doraz viac \u013eud\u00ed sa ob\u00e1va o klimatick\u00e9 zmeny. Posledn\u00e9 \u0161t\u00fadie dokazuj\u00fa, \u017ee ak chcete zn\u00ed\u017ei\u0165 osobn\u00e9 emisie sklen\u00edkov\u00fdch plynov, mali by ste sa zamera\u0165 sk\u00f4r na to, \u010do jete, ne\u017e na to, \u010di je va\u0161e jedlo lok\u00e1lne.1 M\u00f4\u017eete, ale nemus\u00edte, \u00eds\u0165 stopercentne do&hellip;","_links":{"self":[{"href":"https:\/\/www.v-label.com\/sk\/wp-json\/wp\/v2\/pages\/8526","targetHints":{"allow":["GET"]}}],"collection":[{"href":"https:\/\/www.v-label.com\/sk\/wp-json\/wp\/v2\/pages"}],"about":[{"href":"https:\/\/www.v-label.com\/sk\/wp-json\/wp\/v2\/types\/page"}],"author":[{"embeddable":true,"href":"https:\/\/www.v-label.com\/sk\/wp-json\/wp\/v2\/users\/5"}],"replies":[{"embeddable":true,"href":"https:\/\/www.v-label.com\/sk\/wp-json\/wp\/v2\/comments?post=8526"}],"version-history":[{"count":6,"href":"https:\/\/www.v-label.com\/sk\/wp-json\/wp\/v2\/pages\/8526\/revisions"}],"predecessor-version":[{"id":83955,"href":"https:\/\/www.v-label.com\/sk\/wp-json\/wp\/v2\/pages\/8526\/revisions\/83955"}],"up":[{"embeddable":true,"href":"https:\/\/www.v-label.com\/sk\/wp-json\/wp\/v2\/pages\/8434"}],"wp:featuredmedia":[{"embeddable":true,"href":"https:\/\/www.v-label.com\/sk\/wp-json\/wp\/v2\/media\/17207"}],"wp:attachment":[{"href":"https:\/\/www.v-label.com\/sk\/wp-json\/wp\/v2\/media?parent=8526"}],"wp:term":[{"taxonomy":"category","embeddable":true,"href":"https:\/\/www.v-label.com\/sk\/wp-json\/wp\/v2\/categories?post=8526"},{"taxonomy":"post_tag","embeddable":true,"href":"https:\/\/www.v-label.com\/sk\/wp-json\/wp\/v2\/tags?post=8526"}],"curies":[{"name":"wp","href":"https:\/\/api.w.org\/{rel}","templated":true}]}}