{"id":8632,"date":"2022-05-30T16:16:08","date_gmt":"2022-05-30T14:16:08","guid":{"rendered":"https:\/\/www.v-label.com\/faqs\/"},"modified":"2023-03-13T10:30:13","modified_gmt":"2023-03-13T09:30:13","slug":"faqs","status":"publish","type":"page","link":"https:\/\/www.v-label.com\/sk\/faqs\/","title":{"rendered":"FAQ"},"content":{"rendered":"\n<h3 class=\"has-text-align-center wp-block-heading\">N\u00e1jdite odpovede na niektor\u00e9 z ot\u00e1zok oh\u013eadom zn\u00e1mky V-Label.<\/h3>\n\n\n\r\n<section id=\"accordion-block_bb95973940bcc71f2f7f825c4c7e4903\" class=\"wp-block-accordion\">\r\n\t\t\t<button class=\"toggle_open\" id=\"button_toggle\">Expand all<\/button>\r\n\t\t<ul class=\"posts_list_accordion\">\r\n\t\t\t\t\t\t\t<li>\r\n\t\t\t\t\t\t\t\t\t\t\t\t\t\t\t\t\t<h4 id=\"\">Ak\u00e9 v\u00fdhody poskytuje V-Label oproti in\u00fdm veg\u00e1nskym zna\u010dk\u00e1m?<i class=\"icon-angle-down\"><\/i><\/h4>\r\n\t\t\t\t\t\t\t\t\t\t\t\t\t\t\t\t<div class=\"accordion_text\"><p>Mnoh\u00e9 spolo\u010dnosti a v\u00fdrobcovia pou\u017e\u00edvaj\u00fa pre svoje produkty vlastn\u00e9 ozna\u010denia. Av\u0161ak ke\u010f tvoria svoju zna\u010dku, ur\u010duj\u00fa si svoje vlastn\u00e9 krit\u00e9ri\u00e1 pre veg\u00e1nske a vegetari\u00e1nske produkty, v d\u00f4sledku \u010doho vznikaj\u00fa nezrovnalosti s in\u00fdmi spolo\u010dnos\u0165ami a v\u00fdrobcami. Nedostatok z\u00e1kladn\u00fdch vedomost\u00ed o r\u00f4znych pr\u00edsad\u00e1ch a d\u00f4le\u017eit\u00fdch v\u00fdrobn\u00fdch krit\u00e9ri\u00e1ch u spolo\u010dnost\u00ed m\u00f4\u017ee vies\u0165 k nespr\u00e1vnemu ozna\u010dovaniu. Tieto zna\u010dky nie s\u00fa kontrolovan\u00e9 \u017eiadnymi nez\u00e1visl\u00fdmi organiz\u00e1ciami, \u010do znamen\u00e1, \u017ee z\u00e1kazn\u00edci si \u010dasto nespr\u00e1vne ozna\u010denie nev\u0161imn\u00fa. Z\u00e1kazn\u00edci st\u00e1le viac volaj\u00fa po transparentnosti, aby mohli r\u00fdchlo a jednozna\u010dne identifikova\u0165 veg\u00e1nske a vegetari\u00e1nske produkty.<\/p>\n<p>V s\u00fa\u010dasnosti jedine V-Label umo\u017e\u0148uje tak\u00fato preh\u013eadnos\u0165 v\u010faka \u0161tandardizovan\u00fdm krit\u00e9ri\u00e1m ozna\u010dovania veg\u00e1nskych a vegetari\u00e1nskych produktov. Zna\u010dka V-Label znamen\u00e1, \u017ee spolo\u010dnosti m\u00f4\u017eu vyu\u017e\u00edva\u0165 extern\u00fa zodpovednos\u0165 za kontroly kvality ich veg\u00e1nskych a vegetari\u00e1nskych produktov.<\/p>\n<p>Okrem toho je V-Label jedinou eur\u00f3pskou nez\u00e1vislou zna\u010dkou vo veg\u00e1nskej a vegetari\u00e1nskej kateg\u00f3rii.<\/p>\n<\/div>\r\n\t\t\t\t\t\t\t\t\t<\/li>\r\n\t\t\t\t\t\t\t<li>\r\n\t\t\t\t\t\t\t\t\t\t\t\t\t\t\t\t\t<h4 id=\"\">Pre\u010do nesta\u010d\u00ed len pre\u010d\u00edta\u0165 zlo\u017eenie?<i class=\"icon-angle-down\"><\/i><\/h4>\r\n\t\t\t\t\t\t\t\t\t\t\t\t\t\t\t\t<div class=\"accordion_text\"><p>Oby\u010dajn\u00e9 pre\u010d\u00edtanie zlo\u017eenia poskytuje len ve\u013emi m\u00e1lo garancie, \u010di ide alebo nejde o veg\u00e1nsky alebo vegetari\u00e1nsky produkt. Niektor\u00e9 pr\u00edsady s\u00fa uveden\u00e9 ako E \u010d\u00edsla, ktor\u00e9 mnoh\u00ed spotrebitelia nepoznaj\u00fa, zatia\u013e \u010do in\u00e9 nie s\u00fa uveden\u00e9 v\u00f4bec, preto\u017ee sa uv\u00e1dza\u0165 nemusia. Taktie\u017e nie je v\u017edy jasn\u00e9, \u010di predmetn\u00e9 pr\u00edsady s\u00fa rastlinn\u00e9ho alebo \u017eivo\u010d\u00ed\u0161neho p\u00f4vodu \u2013 napr. nie je \u00faplne be\u017en\u00e9 uv\u00e1dza\u0165 v\u00fdrobn\u00e9 adit\u00edva v zozname pr\u00edsad a mnoho z nich je \u017eivo\u010d\u00ed\u0161neho p\u00f4vodu. Zmena recept\u00fary m\u00f4\u017ee znamena\u0165, \u017ee ob\u013e\u00faben\u00fd veg\u00e1nsky alebo vegetari\u00e1nsky produkt zrazu obsahuje \u017eivo\u010d\u00ed\u0161ne produkty bez toho, aby o tom spotrebite\u013e vedel. V pr\u00edpade produktov s licenciou V-Label, nie je kontrolovan\u00e9 len ich zlo\u017eenie, ale sledovan\u00fd je aj ka\u017ed\u00fd krok v\u00fdroby produktu. V-Label je preto r\u00fdchly a spo\u013eahliv\u00fd ukazovate\u013e, ktor\u00fd u\u0161etr\u00ed spotrebite\u013eom \u010das str\u00e1ven\u00fd \u010d\u00edtan\u00edm zlo\u017eenia.<\/p>\n<\/div>\r\n\t\t\t\t\t\t\t\t\t<\/li>\r\n\t\t\t\t\t\t\t<li>\r\n\t\t\t\t\t\t\t\t\t\t\t\t\t\t\t\t\t<h4 id=\"\">Pod\u013ea ak\u00fdch krit\u00e9ri\u00ed s\u00fa produkty nes\u00face zna\u010dku V-Label ozna\u010den\u00e9 ako veg\u00e1nske alebo vegetari\u00e1nske?<i class=\"icon-angle-down\"><\/i><\/h4>\r\n\t\t\t\t\t\t\t\t\t\t\t\t\t\t\t\t<div class=\"accordion_text\"><p>Defin\u00edcia z\u00e1kladn\u00fdch term\u00ednov \u201cveg\u00e1nsky\u201d a \u201cvegetari\u00e1nsky\u201d, ktor\u00e9 pou\u017e\u00edva zna\u010dka V-Label, je v s\u00falade s odpor\u00fa\u010danou defin\u00edciou zavedenou po\u010das 12. konferencie ministrov pre ochranu spotrebite\u013eov z 22. apr\u00edla 2016.<\/p>\n<p><strong>Vegetari\u00e1nsky<\/strong><\/p>\n<p>Jedlo a ostatn\u00e9 produkty, ktor\u00e9 neobsahuj\u00fa \u017eivo\u010d\u00edchy alebo \u017eivo\u010d\u00ed\u0161ne \u010dasti, s\u00fa pova\u017eovan\u00e9 za vegetari\u00e1nske. Patr\u00ed sem aj v\u00fdroba a spracovanie. Jedlo a ostatn\u00e9 produkty vytvoren\u00e9 s pomocou \u017eiv\u00fdch zvierat a produkty poch\u00e1dzaj\u00face od \u017eivo\u010d\u00edchov sa pova\u017euj\u00fa za vegetari\u00e1nske.<\/p>\n<p><strong>Veg\u00e1nsky<\/strong><\/p>\n<p>Jedlo a ostatn\u00e9 produkty, ktor\u00e9 neobsahuj\u00fa \u017eivo\u010d\u00edchy alebo \u017eivo\u010d\u00ed\u0161ne \u010dasti sa pova\u017euj\u00fa za veg\u00e1nske. Aby bolo jedlo alebo ostatn\u00e9 produkty pova\u017eovan\u00e9 za veg\u00e1nske, mus\u00ed by\u0165 vyroben\u00e9 bez pomoci zvierat alebo produktov poch\u00e1dzaj\u00facich od \u017eivo\u010d\u00edchov. Toto zah\u0155\u0148a cel\u00fa v\u00fdrobu a spracovate\u013esk\u00e9 postupy.<\/p>\n<p><strong>\u010eal\u0161ie krit\u00e9ri\u00e1 zna\u010dky V-Label<\/strong><\/p>\n<p>V-Label licencia nikdy nebude udelen\u00e1, ak:<\/p>\n<ul>\n<li>Produkty obsahuj\u00fa GMO (geneticky modifikovan\u00e9 organizmy)<\/li>\n<li>Produkty obsahuj\u00fa vajcia z klietkov\u00e9ho chovu (vr\u00e1tane obohaten\u00fdch klietok a odchovu v mal\u00fdch skupin\u00e1ch)<\/li>\n<\/ul>\n<p><strong>Balenie<\/strong><\/p>\n<p>Zna\u010dka V-Label nevylu\u010duje produkty, ktor\u00fdch balenie obsahuje \u017eivo\u010d\u00ed\u0161ne produkty. Av\u0161ak spolo\u010dnosti s\u00fa nab\u00e1dan\u00e9, aby sa dobrovo\u013ene vyh\u00fdbali baleniam obsahuj\u00facim \u017eivo\u010d\u00ed\u0161ne produkty.<\/p>\n<p><strong>Hnojenie a pestovanie<\/strong><\/p>\n<p>Po\u010das ude\u013eovania licencie V-Label sa za jednotliv\u00e9 zlo\u017eky pova\u017euj\u00fa l\u00e1tky od momentu zberu. Hnojiv\u00e1, pou\u017e\u00edvan\u00e9 na p\u00f4du, v ktorej rast\u00fa suroviny pre produkty zna\u010dky V-Label nepredstavuj\u00fa d\u00f4le\u017eit\u00e9 krit\u00e9rium. Av\u0161ak mali by by\u0165 vyu\u017e\u00edvan\u00e9 hlavne suroviny z veg\u00e1nskeho, organick\u00e9ho po\u013enohospod\u00e1rstva a podporujeme spolo\u010dnosti v pou\u017e\u00edvan\u00ed hnoj\u00edv bez l\u00e1tok \u017eivo\u010d\u00ed\u0161neho p\u00f4vodu.<\/p>\n<p><strong>Pr\u00edtomnos\u0165 ne\u017eelan\u00fdch st\u00f4p a ich uv\u00e1dzanie<\/strong><\/p>\n<p>Spolo\u010dnosti sa na z\u00e1klade vlastn\u00e9ho uv\u00e1\u017eenia rozhoduj\u00fa, \u010di uved\u00fa alebo neuved\u00fa na obale pr\u00edtomnos\u0165 ne\u017eelan\u00fdch st\u00f4p s alerg\u00e9nmi alebo \u017eivo\u010d\u00ed\u0161nymi produktmi, ktor\u00e9 by sa teoreticky mohli vyskytn\u00fa\u0165 po\u010das procesu v\u00fdroby. Uveden\u00edm mo\u017enej pr\u00edtomnosti ne\u017eelan\u00fdch st\u00f4p sa spolo\u010dnosti chr\u00e1nia vo\u010di pr\u00e1vnym n\u00e1sledkom v pr\u00edpade alergickej reakcie spotrebite\u013ea. Av\u0161ak, to, \u017ee je tak\u00e1to inform\u00e1cia uveden\u00e1, e\u0161te neznamen\u00e1, \u017ee koncov\u00fd produkt naozaj obsahuje \u017eivo\u010d\u00ed\u0161ne produkty. Inform\u00e1cia iba varuje spotrebite\u013ea, \u017ee v procese v\u00fdroby nastala mo\u017enos\u0165 minim\u00e1lnej kontamin\u00e1cie.<\/p>\n<p>Produkty obsahuj\u00face t\u00fato inform\u00e1ciu sp\u013a\u0148aj\u00fa krit\u00e9ri\u00e1 zna\u010dky V-Label za predpokladu, \u017ee po\u010das v\u00fdroby neboli vedome pridan\u00e9 \u017eiadne \u017eivo\u010d\u00ed\u0161ne produkty. V\u0161etky f\u00e1zy v\u00fdroby, spracovania a distrib\u00facie by mali by\u0165 navrhnut\u00e9 tak, aby nedo\u0161lo k ne\u00famyselnej pr\u00edtomnosti neveg\u00e1nskych a nevegetari\u00e1nskych zlo\u017eiek. Za ne\u00famyseln\u00fa pr\u00edtomnos\u0165 neveg\u00e1nskych a nevegetari\u00e1nskych zlo\u017eiek sa pova\u017euje mno\u017estvo ni\u017e\u0161ie ako 0,1% (1g\/1kg) v koncovom produkte. Ak sa prekro\u010d\u00ed hranica 0,1%, v\u00fdrobca je povinn\u00fd upravi\u0165 v\u0161etky f\u00e1zy v\u00fdroby, spracovania a distrib\u00facie. Ak nie je zlep\u0161enie mo\u017en\u00e9, v\u00fdrobca mus\u00ed uvies\u0165 d\u00f4vod. Za predpokladu, \u017ee v\u00fdrobca vyvinul maxim\u00e1lne \u00fasilie na zabr\u00e1nenie kontamin\u00e1cie neveg\u00e1nskymi a nevegetari\u00e1nskymi l\u00e1tkami, odch\u00fdlka od hranice 0,1% neznamen\u00e1 automatick\u00e9 odobratie \u201eveg\u00e1nskej\u201c alebo \u201evegetari\u00e1nskej\u201c licencie V-Label.<\/p>\n<p><strong>Pr\u00edklady<\/strong><\/p>\n<p>Licencia V-Label sa nikdy neudel\u00ed nasleduj\u00facim produktom alebo produktom obsahuj\u00facim nasleduj\u00face zlo\u017eky:<\/p>\n<ul>\n<li>Zab\u00edja\u010dkov\u00e9 v\u00fdrobky<\/li>\n<li>Tuky z r\u00fdb, ryb\u00edch \u010dast\u00ed alebo in\u00fdch morsk\u00fdch \u017eivo\u010d\u00edchov<\/li>\n<li>Dochucovadl\u00e1 \u017eivo\u010d\u00ed\u0161neho p\u00f4vodu (okrem dochucovadiel na mlie\u010dnej b\u00e1ze)<\/li>\n<li>Vajcia, in\u00e9 ako hydinov\u00e9 (napr. kavi\u00e1r)<\/li>\n<li>Mlie\u010dne v\u00fdrobky, v ktor\u00fdch sa pou\u017e\u00edva \u017eivo\u010d\u00ed\u0161ne syridlo<\/li>\n<li>Matersk\u00e1 ka\u0161i\u010dka<\/li>\n<li>Farbiv\u00e1 vyroben\u00e9 z pr\u00edsad na \u017eivo\u010d\u00ed\u0161nej b\u00e1ze (napr. karm\u00edn)<\/li>\n<li>Cukry spracovan\u00e9 s pomocou \u017eivo\u010d\u00ed\u0161neho uhlia<\/li>\n<li>Nosn\u00e9 l\u00e1tky alebo pr\u00edsady \u017eivo\u010d\u00ed\u0161neho p\u00f4vodu<\/li>\n<li>\u017divo\u010d\u00ed\u0161ne \u010d\u00edren\u00e9 l\u00e1tky (napr. \u017eelat\u00edna, r\u00f4sol)<\/li>\n<\/ul>\n<p>Licencia V-Label vo \u201eveg\u00e1nskej\u201c kateg\u00f3rii sa ude\u013euje len produktom, ktor\u00e9 neobsahuj\u00fa \u017eivo\u010d\u00ed\u0161ne produkty ako s\u00fa:<\/p>\n<ul>\n<li>Vajcia<\/li>\n<li>Med<\/li>\n<li>Mlie\u010dne v\u00fdrobky<\/li>\n<li>\u017divo\u010d\u00ed\u0161ny vosk<\/li>\n<li>Farbiv\u00e1 zo \u017eivo\u010d\u00ed\u0161nych produktov<\/li>\n<li>Nosn\u00e9 l\u00e1tky alebo pr\u00edsady \u017eivo\u010d\u00ed\u0161neho p\u00f4vodu<\/li>\n<li>\u017divo\u010d\u00ed\u0161ne \u010d\u00edren\u00e9 l\u00e1tky (napr. vaje\u010dn\u00fdm bielkom)<\/li>\n<\/ul>\n<\/div>\r\n\t\t\t\t\t\t\t\t\t<\/li>\r\n\t\t\t\t\t\t\t<li>\r\n\t\t\t\t\t\t\t\t\t\t\t\t\t\t\t\t\t<h4 id=\"\">Na z\u00e1klade \u010doho s\u00fa potraviny a in\u00e9 produkty ozna\u010dovan\u00e9 ako \u201eveg\u00e1nske\u201c alebo \u201evegetari\u00e1nske\u201c?<i class=\"icon-angle-down\"><\/i><\/h4>\r\n\t\t\t\t\t\t\t\t\t\t\t\t\t\t\t\t<div class=\"accordion_text\"><p>Spolo\u010dnosti, ktor\u00e9 \u017eiadaj\u00fa o udelenie licencie V-Label musia poskytovate\u013eovi licencie predlo\u017ei\u0165 pln\u00e9 zlo\u017eenie produktov a v\u0161etk\u00fdch pr\u00eddavn\u00fdch l\u00e1tok pou\u017eit\u00fdch po\u010das spracovania. Na z\u00e1klade tohto vyhl\u00e1senia a n\u00e1slednej kontroly t\u00edmom V-Label, potraviny a in\u00e9 produkty m\u00f4\u017eu by\u0165 ozna\u010den\u00e9 ako \u201eveg\u00e1nske\u201c alebo \u201evegetari\u00e1nske\u201c.<\/p>\n<\/div>\r\n\t\t\t\t\t\t\t\t\t<\/li>\r\n\t\t\t\t\t\t\t<li>\r\n\t\t\t\t\t\t\t\t\t\t\t\t\t\t\t\t\t<h4 id=\"\">Ak\u00e9 opatrenia s\u00fa prijat\u00e9 na zabezpe\u010denie toho, \u017ee v\u00fdrobcovia splnia po\u017eiadavky V-Label?<i class=\"icon-angle-down\"><\/i><\/h4>\r\n\t\t\t\t\t\t\t\t\t\t\t\t\t\t\t\t<div class=\"accordion_text\"><p>T\u00edm V-Label si vyhradzuje pr\u00e1vo na vykonanie kontroly kvality zameranej na zabezpe\u010denie d\u00f4veryhodnosti a v\u00fdhod zaru\u010den\u00fdch zna\u010dkou V-Label.<\/p>\n<p>Ak\u00e1ko\u013evek zmena v recept\u00fare alebo zmeny v procese v\u00fdroby potrav\u00edn alebo in\u00fdch produktov nes\u00facich ozna\u010denie V-Label musia by\u0165 okam\u017eite nahl\u00e1sen\u00e9 a to bez vyzvania \u010dlenov t\u00edmu V-Label zodpovedn\u00fdch za riadenie kvality. Po nahl\u00e1sen\u00ed relevantn\u00fdch zmien prebehne nov\u00e1 kontrola.<\/p>\n<\/div>\r\n\t\t\t\t\t\t\t\t\t<\/li>\r\n\t\t\t\t\t\t\t<li>\r\n\t\t\t\t\t\t\t\t\t\t\t\t\t\t\t\t\t<h4 id=\"\">Existuj\u00fa situ\u00e1cie, kedy nem\u00e1 zmysel, aby produkt niesol ozna\u010denie V-Label?<i class=\"icon-angle-down\"><\/i><\/h4>\r\n\t\t\t\t\t\t\t\t\t\t\t\t\t\t\t\t<div class=\"accordion_text\"><p>Nem\u00e1 zmysel, aby boli v\u0161etky potraviny ozna\u010den\u00e9 zna\u010dkou V-Label: monoprodukty ako \u010daje, korenia alebo miner\u00e1lna voda a surov\u00e9 produkty, ako nespracovan\u00e1 zelenina, s\u00fa v\u017edy rastlinn\u00e9ho p\u00f4vodu a tak nemusia by\u0165 ozna\u010den\u00e9. Hoci nie je na takomto ozna\u010den\u00ed v\u00fdrobku z reklamn\u00fdch d\u00f4vodov ni\u010d zl\u00e9, neodpor\u00fa\u010dame to.<\/p>\n<\/div>\r\n\t\t\t\t\t\t\t\t\t<\/li>\r\n\t\t\t\t\t\t\t<li>\r\n\t\t\t\t\t\t\t\t\t\t\t\t\t\t\t\t\t<h4 id=\"\">Ak\u00e9 n\u00e1klady m\u00f4\u017eu spolo\u010dnosti o\u010dak\u00e1va\u0165, ak po\u017eiadaj\u00fa o udelenie licencie V-Label?<i class=\"icon-angle-down\"><\/i><\/h4>\r\n\t\t\t\t\t\t\t\t\t\t\t\t\t\t\t\t<div class=\"accordion_text\"><p>Za pou\u017e\u00edvanie licencie V-Label sa plat\u00ed ro\u010dn\u00fd licen\u010dn\u00fd poplatok a jednorazov\u00fd poplatok za kontrolu recept\u00fary.<\/p>\n<\/div>\r\n\t\t\t\t\t\t\t\t\t<\/li>\r\n\t\t\t\t\t\t\t<li>\r\n\t\t\t\t\t\t\t\t\t\t\t\t\t\t\t\t\t<h4 id=\"\">Ako dlho trv\u00e1 udelenie licencie?<i class=\"icon-angle-down\"><\/i><\/h4>\r\n\t\t\t\t\t\t\t\t\t\t\t\t\t\t\t\t<div class=\"accordion_text\"><p>Udelenie licencie prebieha v piatich krokoch. Po tom, ako spolo\u010dnos\u0165 pod\u00e1 prvotn\u00fa \u017eiados\u0165, na z\u00e1klade uveden\u00fdch \u00fadajov je vypracovan\u00e1 ponuka. Po jej potvrden\u00ed spolo\u010dnos\u0165ou je uzatvoren\u00e1 licen\u010dn\u00e1 zmluva. N\u00e1sledne skontroluje poskytovate\u013e licencie inform\u00e1cie o produkte. Po d\u00f4kladnej kontrole, ak je poskytovate\u013e licencie s v\u00fdsledkom kontroly spokojn\u00fd, je udelen\u00e1 licencia V-Label. Na z\u00e1ver sa skontroluje a schv\u00e1li n\u00e1vrh balenia.<\/p>\n<p>V pr\u00edpade \u0161tandardn\u00e9ho licen\u010dn\u00e9ho postupu, trv\u00e1 2 a\u017e 8 t\u00fd\u017ed\u0148ov, k\u00fdm spolo\u010dnos\u0165 obdr\u017e\u00ed licenciu k ozna\u010deniu V-Label. Taktie\u017e je mo\u017en\u00e9 zr\u00fdchlen\u00e9 udelenie licencie. V tom pr\u00edpade maj\u00fa dotazn\u00edky prioritu a potrebn\u00e9 kontroly sa vykonaj\u00fa do desiatich dn\u00ed od prvotn\u00e9ho dopytu.<\/p>\n<\/div>\r\n\t\t\t\t\t\t\t\t\t<\/li>\r\n\t\t\t\t\t\t\t<li>\r\n\t\t\t\t\t\t\t\t\t\t\t\t\t\t\t\t\t<h4 id=\"\">Ako vyzeraj\u00fa zmluvy so spolo\u010dnos\u0165ami?<i class=\"icon-angle-down\"><\/i><\/h4>\r\n\t\t\t\t\t\t\t\t\t\t\t\t\t\t\t\t<div class=\"accordion_text\"><p><strong>Doba platnosti<\/strong><\/p>\n<p>Zmluvn\u00fd vz\u0165ah be\u017ene trv\u00e1 jeden rok. Ak predaj klesne alebo st\u00fapne o viac ako 10%, ro\u010dn\u00fd licen\u010dn\u00fd poplatok sa pod\u013ea toho uprav\u00ed. Platnos\u0165 trvania je uveden\u00e1 v zmluve. M\u00f4\u017ee sa zoh\u013eadni\u0165 aj neskor\u0161\u00ed d\u00e1tum, napr. uvedenie nov\u00e9ho produktu na trh. Zmluva sa automaticky pred\u013a\u017ei, ak nie je p\u00edsomne vypovedan\u00e1 tri mesiace pred d\u00e1tumom ukon\u010denia platnosti.<\/p>\n<p><strong>Licen\u010dn\u00fd certifik\u00e1t<\/strong><\/p>\n<p>Po ukon\u010den\u00ed procesu ude\u013eovania licencie je produktu vystaven\u00fd licen\u010dn\u00fd certifik\u00e1t v predmetnej kateg\u00f3rii.<\/p>\n<\/div>\r\n\t\t\t\t\t\t\t\t\t<\/li>\r\n\t\t\t\t\t<\/ul>\r\n\t<\/section>","protected":false},"excerpt":{"rendered":"<p>N\u00e1jdite odpovede na niektor\u00e9 z ot\u00e1zok oh\u013eadom zn\u00e1mky V-Label.<\/p>\n","protected":false},"author":5,"featured_media":17166,"parent":0,"menu_order":0,"comment_status":"closed","ping_status":"closed","template":"","meta":{"_acf_changed":false,"_editorskit_title_hidden":false,"_editorskit_reading_time":0,"_editorskit_is_block_options_detached":false,"_editorskit_block_options_position":"{}","inline_featured_image":false,"_uag_custom_page_level_css":"","footnotes":""},"categories":[],"tags":[],"class_list":["post-8632","page","type-page","status-publish","has-post-thumbnail","hentry"],"acf":[],"uagb_featured_image_src":{"full":["https:\/\/www.v-label.com\/wp-content\/uploads\/2022\/12\/v-label-faqs.jpg",1280,743,false],"thumbnail":["https:\/\/www.v-label.com\/wp-content\/uploads\/2022\/12\/v-label-faqs-500x290.jpg",500,290,true],"medium":["https:\/\/www.v-label.com\/wp-content\/uploads\/2022\/12\/v-label-faqs-300x174.jpg",300,174,true],"medium_large":["https:\/\/www.v-label.com\/wp-content\/uploads\/2022\/12\/v-label-faqs-768x446.jpg",768,446,true],"large":["https:\/\/www.v-label.com\/wp-content\/uploads\/2022\/12\/v-label-faqs-1024x594.jpg",1024,594,true],"1536x1536":["https:\/\/www.v-label.com\/wp-content\/uploads\/2022\/12\/v-label-faqs.jpg",1280,743,false],"2048x2048":["https:\/\/www.v-label.com\/wp-content\/uploads\/2022\/12\/v-label-faqs.jpg",1280,743,false],"preview":["https:\/\/www.v-label.com\/wp-content\/uploads\/2022\/12\/v-label-faqs-904x720.jpg",904,720,true],"header":["https:\/\/www.v-label.com\/wp-content\/uploads\/2022\/12\/v-label-faqs-1280x720.jpg",1280,720,true],"gform-image-choice-sm":["https:\/\/www.v-label.com\/wp-content\/uploads\/2022\/12\/v-label-faqs.jpg",300,174,false],"gform-image-choice-md":["https:\/\/www.v-label.com\/wp-content\/uploads\/2022\/12\/v-label-faqs.jpg",400,232,false],"gform-image-choice-lg":["https:\/\/www.v-label.com\/wp-content\/uploads\/2022\/12\/v-label-faqs.jpg",600,348,false]},"uagb_author_info":{"display_name":"Can Aslan","author_link":"https:\/\/www.v-label.com\/sk"},"uagb_comment_info":0,"uagb_excerpt":"N\u00e1jdite odpovede na niektor\u00e9 z ot\u00e1zok oh\u013eadom zn\u00e1mky V-Label.","_links":{"self":[{"href":"https:\/\/www.v-label.com\/sk\/wp-json\/wp\/v2\/pages\/8632","targetHints":{"allow":["GET"]}}],"collection":[{"href":"https:\/\/www.v-label.com\/sk\/wp-json\/wp\/v2\/pages"}],"about":[{"href":"https:\/\/www.v-label.com\/sk\/wp-json\/wp\/v2\/types\/page"}],"author":[{"embeddable":true,"href":"https:\/\/www.v-label.com\/sk\/wp-json\/wp\/v2\/users\/5"}],"replies":[{"embeddable":true,"href":"https:\/\/www.v-label.com\/sk\/wp-json\/wp\/v2\/comments?post=8632"}],"version-history":[{"count":7,"href":"https:\/\/www.v-label.com\/sk\/wp-json\/wp\/v2\/pages\/8632\/revisions"}],"predecessor-version":[{"id":51227,"href":"https:\/\/www.v-label.com\/sk\/wp-json\/wp\/v2\/pages\/8632\/revisions\/51227"}],"wp:featuredmedia":[{"embeddable":true,"href":"https:\/\/www.v-label.com\/sk\/wp-json\/wp\/v2\/media\/17166"}],"wp:attachment":[{"href":"https:\/\/www.v-label.com\/sk\/wp-json\/wp\/v2\/media?parent=8632"}],"wp:term":[{"taxonomy":"category","embeddable":true,"href":"https:\/\/www.v-label.com\/sk\/wp-json\/wp\/v2\/categories?post=8632"},{"taxonomy":"post_tag","embeddable":true,"href":"https:\/\/www.v-label.com\/sk\/wp-json\/wp\/v2\/tags?post=8632"}],"curies":[{"name":"wp","href":"https:\/\/api.w.org\/{rel}","templated":true}]}}