{"id":98249,"date":"2025-06-20T10:29:03","date_gmt":"2025-06-20T08:29:03","guid":{"rendered":"https:\/\/www.v-label.com\/?page_id=98249"},"modified":"2026-02-18T12:03:45","modified_gmt":"2026-02-18T11:03:45","slug":"form-test","status":"publish","type":"page","link":"https:\/\/www.v-label.com\/sk\/form-test\/","title":{"rendered":"Form Test"},"content":{"rendered":"","protected":true},"excerpt":{"rendered":"","protected":true},"author":5,"featured_media":0,"parent":0,"menu_order":0,"comment_status":"closed","ping_status":"closed","template":"","meta":{"_acf_changed":false,"_editorskit_title_hidden":false,"_editorskit_reading_time":0,"_editorskit_is_block_options_detached":false,"_editorskit_block_options_position":"{}","inline_featured_image":false,"_uag_custom_page_level_css":"","footnotes":""},"categories":[],"tags":[],"class_list":["post-98249","page","type-page","status-publish","post-password-required","hentry"],"acf":[],"uagb_featured_image_src":{"full":false,"thumbnail":false,"medium":false,"medium_large":false,"large":false,"1536x1536":false,"2048x2048":false,"preview":false,"header":false,"gform-image-choice-sm":false,"gform-image-choice-md":false,"gform-image-choice-lg":false},"uagb_author_info":{"display_name":"Can Aslan","author_link":"https:\/\/www.v-label.com\/sk"},"uagb_comment_info":0,"uagb_excerpt":"\u010cl\u00e1nok nem\u00e1 zhrnutie, preto\u017ee je chr\u00e1nen\u00fd.","_links":{"self":[{"href":"https:\/\/www.v-label.com\/sk\/wp-json\/wp\/v2\/pages\/98249","targetHints":{"allow":["GET"]}}],"collection":[{"href":"https:\/\/www.v-label.com\/sk\/wp-json\/wp\/v2\/pages"}],"about":[{"href":"https:\/\/www.v-label.com\/sk\/wp-json\/wp\/v2\/types\/page"}],"author":[{"embeddable":true,"href":"https:\/\/www.v-label.com\/sk\/wp-json\/wp\/v2\/users\/5"}],"replies":[{"embeddable":true,"href":"https:\/\/www.v-label.com\/sk\/wp-json\/wp\/v2\/comments?post=98249"}],"version-history":[{"count":4,"href":"https:\/\/www.v-label.com\/sk\/wp-json\/wp\/v2\/pages\/98249\/revisions"}],"predecessor-version":[{"id":113014,"href":"https:\/\/www.v-label.com\/sk\/wp-json\/wp\/v2\/pages\/98249\/revisions\/113014"}],"wp:attachment":[{"href":"https:\/\/www.v-label.com\/sk\/wp-json\/wp\/v2\/media?parent=98249"}],"wp:term":[{"taxonomy":"category","embeddable":true,"href":"https:\/\/www.v-label.com\/sk\/wp-json\/wp\/v2\/categories?post=98249"},{"taxonomy":"post_tag","embeddable":true,"href":"https:\/\/www.v-label.com\/sk\/wp-json\/wp\/v2\/tags?post=98249"}],"curies":[{"name":"wp","href":"https:\/\/api.w.org\/{rel}","templated":true}]}}