{"id":11421,"date":"2022-09-13T11:06:38","date_gmt":"2022-09-13T09:06:38","guid":{"rendered":"https:\/\/www.v-label.com\/general-information\/certified-products\/sweets\/"},"modified":"2022-12-18T16:40:16","modified_gmt":"2022-12-18T15:40:16","slug":"sweets","status":"publish","type":"page","link":"https:\/\/www.v-label.com\/sr\/general-information\/certified-products\/sweets\/","title":{"rendered":"Slatki\u0161i"},"content":{"rendered":"\n<p>Proverite da li su va\u0161e omiljene grickalice zaista vegetarijanske ili veganske, i zalihe napunite biljnom \u010dokoladom, keksima, \u010dipsom i plo\u010dicama! I sa\u010dekajte, ima jo\u0161: istra\u017eite tr\u017ei\u0161te pekarskih proizvoda na kom ima veganskih kola\u010da, kroasana, pa i kiflica sa kobasicama koji imaju zaista odli\u010dan ukus.<\/p>\n\n\n\n<div class=\"wp-block-columns are-vertically-aligned-center is-layout-flex wp-container-core-columns-is-layout-9d6595d7 wp-block-columns-is-layout-flex\">\n<div class=\"wp-block-column is-vertically-aligned-center is-layout-flow wp-block-column-is-layout-flow\">\n<figure class=\"wp-block-image aligncenter size-medium\"><a href=\"https:\/\/bambi.rs\" target=\"_blank\" rel=\"noreferrer noopener\"><img decoding=\"async\" width=\"300\" height=\"225\" src=\"https:\/\/www.v-label.com\/wp-content\/uploads\/2022\/12\/logo-kompanije-bambi-300x225.png\" alt=\"\" class=\"wp-image-15365\" srcset=\"https:\/\/www.v-label.com\/wp-content\/uploads\/2022\/12\/logo-kompanije-bambi-300x225.png 300w, https:\/\/www.v-label.com\/wp-content\/uploads\/2022\/12\/logo-kompanije-bambi-500x375.png 500w, https:\/\/www.v-label.com\/wp-content\/uploads\/2022\/12\/logo-kompanije-bambi.png 600w\" sizes=\"(max-width: 300px) 100vw, 300px\" \/><\/a><\/figure>\n<\/div>\n\n\n\n<div class=\"wp-block-column is-vertically-aligned-center is-layout-flow wp-block-column-is-layout-flow\">\n<figure class=\"wp-block-image aligncenter size-medium\"><a href=\"https:\/\/www.hmc.rs\/presne-poslastice\/vegabons.html\" target=\"_blank\" rel=\"noreferrer noopener\"><img decoding=\"async\" width=\"300\" height=\"206\" src=\"https:\/\/www.v-label.com\/wp-content\/uploads\/2022\/12\/home-made-kvalitet-desk-300x206.png\" alt=\"\" class=\"wp-image-15345\" srcset=\"https:\/\/www.v-label.com\/wp-content\/uploads\/2022\/12\/home-made-kvalitet-desk-300x206.png 300w, https:\/\/www.v-label.com\/wp-content\/uploads\/2022\/12\/home-made-kvalitet-desk-500x343.png 500w, https:\/\/www.v-label.com\/wp-content\/uploads\/2022\/12\/home-made-kvalitet-desk.png 600w\" sizes=\"(max-width: 300px) 100vw, 300px\" \/><\/a><\/figure>\n<\/div>\n<\/div>\n","protected":false},"excerpt":{"rendered":"<p>Proverite da li su va\u0161e omiljene grickalice zaista vegetarijanske ili veganske, i zalihe napunite biljnom \u010dokoladom, keksima, \u010dipsom i plo\u010dicama! I sa\u010dekajte, ima jo\u0161: istra\u017eite tr\u017ei\u0161te pekarskih proizvoda na kom ima veganskih kola\u010da, kroasana, pa i kiflica sa kobasicama koji imaju zaista odli\u010dan ukus.<\/p>\n","protected":false},"author":5,"featured_media":17326,"parent":8525,"menu_order":0,"comment_status":"closed","ping_status":"closed","template":"","meta":{"_acf_changed":false,"_editorskit_title_hidden":false,"_editorskit_reading_time":0,"_editorskit_is_block_options_detached":false,"_editorskit_block_options_position":"{}","inline_featured_image":false,"_uag_custom_page_level_css":"","footnotes":""},"categories":[],"tags":[],"class_list":["post-11421","page","type-page","status-publish","has-post-thumbnail","hentry"],"acf":[],"uagb_featured_image_src":{"full":["https:\/\/www.v-label.com\/wp-content\/uploads\/2022\/12\/sweets-1280.jpg",1280,853,false],"thumbnail":["https:\/\/www.v-label.com\/wp-content\/uploads\/2022\/12\/sweets-1280-500x333.jpg",500,333,true],"medium":["https:\/\/www.v-label.com\/wp-content\/uploads\/2022\/12\/sweets-1280-300x200.jpg",300,200,true],"medium_large":["https:\/\/www.v-label.com\/wp-content\/uploads\/2022\/12\/sweets-1280-768x512.jpg",768,512,true],"large":["https:\/\/www.v-label.com\/wp-content\/uploads\/2022\/12\/sweets-1280-1024x682.jpg",1024,682,true],"1536x1536":["https:\/\/www.v-label.com\/wp-content\/uploads\/2022\/12\/sweets-1280.jpg",1280,853,false],"2048x2048":["https:\/\/www.v-label.com\/wp-content\/uploads\/2022\/12\/sweets-1280.jpg",1280,853,false],"preview":["https:\/\/www.v-label.com\/wp-content\/uploads\/2022\/12\/sweets-1280-904x720.jpg",904,720,true],"header":["https:\/\/www.v-label.com\/wp-content\/uploads\/2022\/12\/sweets-1280-1280x720.jpg",1280,720,true],"gform-image-choice-sm":["https:\/\/www.v-label.com\/wp-content\/uploads\/2022\/12\/sweets-1280.jpg",300,200,false],"gform-image-choice-md":["https:\/\/www.v-label.com\/wp-content\/uploads\/2022\/12\/sweets-1280.jpg",400,267,false],"gform-image-choice-lg":["https:\/\/www.v-label.com\/wp-content\/uploads\/2022\/12\/sweets-1280.jpg",600,400,false]},"uagb_author_info":{"display_name":"Can Aslan","author_link":"https:\/\/www.v-label.com\/sr"},"uagb_comment_info":0,"uagb_excerpt":"Proverite da li su va\u0161e omiljene grickalice zaista vegetarijanske ili veganske, i zalihe napunite biljnom \u010dokoladom, keksima, \u010dipsom i plo\u010dicama! I sa\u010dekajte, ima jo\u0161: istra\u017eite tr\u017ei\u0161te pekarskih proizvoda na kom ima veganskih kola\u010da, kroasana, pa i kiflica sa kobasicama koji imaju zaista odli\u010dan ukus.","_links":{"self":[{"href":"https:\/\/www.v-label.com\/sr\/wp-json\/wp\/v2\/pages\/11421","targetHints":{"allow":["GET"]}}],"collection":[{"href":"https:\/\/www.v-label.com\/sr\/wp-json\/wp\/v2\/pages"}],"about":[{"href":"https:\/\/www.v-label.com\/sr\/wp-json\/wp\/v2\/types\/page"}],"author":[{"embeddable":true,"href":"https:\/\/www.v-label.com\/sr\/wp-json\/wp\/v2\/users\/5"}],"replies":[{"embeddable":true,"href":"https:\/\/www.v-label.com\/sr\/wp-json\/wp\/v2\/comments?post=11421"}],"version-history":[{"count":1,"href":"https:\/\/www.v-label.com\/sr\/wp-json\/wp\/v2\/pages\/11421\/revisions"}],"predecessor-version":[{"id":15385,"href":"https:\/\/www.v-label.com\/sr\/wp-json\/wp\/v2\/pages\/11421\/revisions\/15385"}],"up":[{"embeddable":true,"href":"https:\/\/www.v-label.com\/sr\/wp-json\/wp\/v2\/pages\/8525"}],"wp:featuredmedia":[{"embeddable":true,"href":"https:\/\/www.v-label.com\/sr\/wp-json\/wp\/v2\/media\/17326"}],"wp:attachment":[{"href":"https:\/\/www.v-label.com\/sr\/wp-json\/wp\/v2\/media?parent=11421"}],"wp:term":[{"taxonomy":"category","embeddable":true,"href":"https:\/\/www.v-label.com\/sr\/wp-json\/wp\/v2\/categories?post=11421"},{"taxonomy":"post_tag","embeddable":true,"href":"https:\/\/www.v-label.com\/sr\/wp-json\/wp\/v2\/tags?post=11421"}],"curies":[{"name":"wp","href":"https:\/\/api.w.org\/{rel}","templated":true}]}}