{"id":11810,"date":"2022-09-13T11:06:00","date_gmt":"2022-09-13T09:06:00","guid":{"rendered":"https:\/\/www.v-label.com\/general-information\/certified-products\/ready-made-meals\/"},"modified":"2022-12-18T16:38:30","modified_gmt":"2022-12-18T15:38:30","slug":"ready-made-meals","status":"publish","type":"page","link":"https:\/\/www.v-label.com\/sr\/general-information\/certified-products\/ready-made-meals\/","title":{"rendered":"Gotova jela"},"content":{"rendered":"\n<p>Obroci u pokretu vi\u0161e ne moraju biti kompromis. Zdravo, ukusno i veggie, moto je ve\u0107ine vode\u0107ih prodavaca, koji odeljke sa smrznutom robom pune picama na biljnoj bazi i nude \u0161iroku paletu kuhinja, od gotove Dahl supe do \u010dili sin carne.<\/p>\n\n\n\n<div class=\"wp-block-columns are-vertically-aligned-center is-layout-flex wp-container-core-columns-is-layout-9d6595d7 wp-block-columns-is-layout-flex\">\n<div class=\"wp-block-column is-vertically-aligned-center is-layout-flow wp-block-column-is-layout-flow\">\n<figure class=\"wp-block-image aligncenter size-medium\"><a href=\"https:\/\/begevege.rs\/\" target=\"_blank\" rel=\"noreferrer noopener\"><img decoding=\"async\" width=\"300\" height=\"149\" src=\"https:\/\/www.v-label.com\/wp-content\/uploads\/2022\/12\/begevege-300x149.png\" alt=\"\" class=\"wp-image-15261\" srcset=\"https:\/\/www.v-label.com\/wp-content\/uploads\/2022\/12\/begevege-300x149.png 300w, https:\/\/www.v-label.com\/wp-content\/uploads\/2022\/12\/begevege-500x248.png 500w, https:\/\/www.v-label.com\/wp-content\/uploads\/2022\/12\/begevege.png 600w\" sizes=\"(max-width: 300px) 100vw, 300px\" \/><\/a><\/figure>\n<\/div>\n\n\n\n<div class=\"wp-block-column is-vertically-aligned-center is-layout-flow wp-block-column-is-layout-flow\">\n<figure class=\"wp-block-image aligncenter size-medium\"><a href=\"https:\/\/ribella.net\" target=\"_blank\" rel=\"noreferrer noopener\"><img decoding=\"async\" width=\"300\" height=\"129\" src=\"https:\/\/www.v-label.com\/wp-content\/uploads\/2022\/12\/ribella-300x129.png\" alt=\"\" class=\"wp-image-15323\" srcset=\"https:\/\/www.v-label.com\/wp-content\/uploads\/2022\/12\/ribella-300x129.png 300w, https:\/\/www.v-label.com\/wp-content\/uploads\/2022\/12\/ribella-500x215.png 500w, https:\/\/www.v-label.com\/wp-content\/uploads\/2022\/12\/ribella.png 600w\" sizes=\"(max-width: 300px) 100vw, 300px\" \/><\/a><\/figure>\n<\/div>\n\n\n\n<div class=\"wp-block-column is-vertically-aligned-center is-layout-flow wp-block-column-is-layout-flow\">\n<figure class=\"wp-block-image aligncenter size-medium\"><a href=\"https:\/\/nutrinolab.com\" target=\"_blank\" rel=\"noreferrer noopener\"><img decoding=\"async\" width=\"300\" height=\"150\" src=\"https:\/\/www.v-label.com\/wp-content\/uploads\/2022\/12\/nutrino-lab-logo-300x150.png\" alt=\"\" class=\"wp-image-15303\" srcset=\"https:\/\/www.v-label.com\/wp-content\/uploads\/2022\/12\/nutrino-lab-logo-300x150.png 300w, https:\/\/www.v-label.com\/wp-content\/uploads\/2022\/12\/nutrino-lab-logo-500x250.png 500w, https:\/\/www.v-label.com\/wp-content\/uploads\/2022\/12\/nutrino-lab-logo.png 600w\" sizes=\"(max-width: 300px) 100vw, 300px\" \/><\/a><\/figure>\n<\/div>\n\n\n\n<div class=\"wp-block-column is-vertically-aligned-center is-layout-flow wp-block-column-is-layout-flow\">\n<figure class=\"wp-block-image aligncenter size-medium\"><a href=\"https:\/\/www.argeta.com\" target=\"_blank\" rel=\"noreferrer noopener\"><img decoding=\"async\" width=\"300\" height=\"93\" src=\"https:\/\/www.v-label.com\/wp-content\/uploads\/2022\/12\/logo-argeta-orange-300x93.png\" alt=\"\" class=\"wp-image-15283\" srcset=\"https:\/\/www.v-label.com\/wp-content\/uploads\/2022\/12\/logo-argeta-orange-300x93.png 300w, https:\/\/www.v-label.com\/wp-content\/uploads\/2022\/12\/logo-argeta-orange-500x154.png 500w, https:\/\/www.v-label.com\/wp-content\/uploads\/2022\/12\/logo-argeta-orange.png 600w\" sizes=\"(max-width: 300px) 100vw, 300px\" \/><\/a><\/figure>\n<\/div>\n<\/div>\n","protected":false},"excerpt":{"rendered":"<p>Obroci u pokretu vi\u0161e ne moraju biti kompromis. Zdravo, ukusno i veggie, moto je ve\u0107ine vode\u0107ih prodavaca, koji odeljke sa smrznutom robom pune picama na biljnoj bazi i nude \u0161iroku paletu kuhinja, od gotove Dahl supe do \u010dili sin carne.<\/p>\n","protected":false},"author":5,"featured_media":17226,"parent":8525,"menu_order":0,"comment_status":"closed","ping_status":"closed","template":"","meta":{"_acf_changed":false,"_editorskit_title_hidden":false,"_editorskit_reading_time":0,"_editorskit_is_block_options_detached":false,"_editorskit_block_options_position":"{}","inline_featured_image":false,"_uag_custom_page_level_css":"","footnotes":""},"categories":[],"tags":[],"class_list":["post-11810","page","type-page","status-publish","has-post-thumbnail","hentry"],"acf":[],"uagb_featured_image_src":{"full":["https:\/\/www.v-label.com\/wp-content\/uploads\/2022\/12\/ready-meals-1280.jpg",1280,852,false],"thumbnail":["https:\/\/www.v-label.com\/wp-content\/uploads\/2022\/12\/ready-meals-1280-500x333.jpg",500,333,true],"medium":["https:\/\/www.v-label.com\/wp-content\/uploads\/2022\/12\/ready-meals-1280-300x200.jpg",300,200,true],"medium_large":["https:\/\/www.v-label.com\/wp-content\/uploads\/2022\/12\/ready-meals-1280-768x511.jpg",768,511,true],"large":["https:\/\/www.v-label.com\/wp-content\/uploads\/2022\/12\/ready-meals-1280-1024x682.jpg",1024,682,true],"1536x1536":["https:\/\/www.v-label.com\/wp-content\/uploads\/2022\/12\/ready-meals-1280.jpg",1280,852,false],"2048x2048":["https:\/\/www.v-label.com\/wp-content\/uploads\/2022\/12\/ready-meals-1280.jpg",1280,852,false],"preview":["https:\/\/www.v-label.com\/wp-content\/uploads\/2022\/12\/ready-meals-1280-904x720.jpg",904,720,true],"header":["https:\/\/www.v-label.com\/wp-content\/uploads\/2022\/12\/ready-meals-1280-1280x720.jpg",1280,720,true],"gform-image-choice-sm":["https:\/\/www.v-label.com\/wp-content\/uploads\/2022\/12\/ready-meals-1280.jpg",300,200,false],"gform-image-choice-md":["https:\/\/www.v-label.com\/wp-content\/uploads\/2022\/12\/ready-meals-1280.jpg",400,266,false],"gform-image-choice-lg":["https:\/\/www.v-label.com\/wp-content\/uploads\/2022\/12\/ready-meals-1280.jpg",600,399,false]},"uagb_author_info":{"display_name":"Can Aslan","author_link":"https:\/\/www.v-label.com\/sr"},"uagb_comment_info":0,"uagb_excerpt":"Obroci u pokretu vi\u0161e ne moraju biti kompromis. Zdravo, ukusno i veggie, moto je ve\u0107ine vode\u0107ih prodavaca, koji odeljke sa smrznutom robom pune picama na biljnoj bazi i nude \u0161iroku paletu kuhinja, od gotove Dahl supe do \u010dili sin carne.","_links":{"self":[{"href":"https:\/\/www.v-label.com\/sr\/wp-json\/wp\/v2\/pages\/11810","targetHints":{"allow":["GET"]}}],"collection":[{"href":"https:\/\/www.v-label.com\/sr\/wp-json\/wp\/v2\/pages"}],"about":[{"href":"https:\/\/www.v-label.com\/sr\/wp-json\/wp\/v2\/types\/page"}],"author":[{"embeddable":true,"href":"https:\/\/www.v-label.com\/sr\/wp-json\/wp\/v2\/users\/5"}],"replies":[{"embeddable":true,"href":"https:\/\/www.v-label.com\/sr\/wp-json\/wp\/v2\/comments?post=11810"}],"version-history":[{"count":2,"href":"https:\/\/www.v-label.com\/sr\/wp-json\/wp\/v2\/pages\/11810\/revisions"}],"predecessor-version":[{"id":15344,"href":"https:\/\/www.v-label.com\/sr\/wp-json\/wp\/v2\/pages\/11810\/revisions\/15344"}],"up":[{"embeddable":true,"href":"https:\/\/www.v-label.com\/sr\/wp-json\/wp\/v2\/pages\/8525"}],"wp:featuredmedia":[{"embeddable":true,"href":"https:\/\/www.v-label.com\/sr\/wp-json\/wp\/v2\/media\/17226"}],"wp:attachment":[{"href":"https:\/\/www.v-label.com\/sr\/wp-json\/wp\/v2\/media?parent=11810"}],"wp:term":[{"taxonomy":"category","embeddable":true,"href":"https:\/\/www.v-label.com\/sr\/wp-json\/wp\/v2\/categories?post=11810"},{"taxonomy":"post_tag","embeddable":true,"href":"https:\/\/www.v-label.com\/sr\/wp-json\/wp\/v2\/tags?post=11810"}],"curies":[{"name":"wp","href":"https:\/\/api.w.org\/{rel}","templated":true}]}}