{"id":32720,"date":"2022-05-30T16:16:08","date_gmt":"2022-05-30T14:16:08","guid":{"rendered":"https:\/\/www.v-label.com\/?page_id=32720"},"modified":"2022-12-24T11:00:10","modified_gmt":"2022-12-24T10:00:10","slug":"cpp","status":"publish","type":"page","link":"https:\/\/www.v-label.com\/sr\/cpp\/","title":{"rendered":"CPP"},"content":{"rendered":"\n<h3 class=\"has-text-align-center wp-block-heading\">Prona\u0111ite odgovore na neka od pitanja koja se mo\u017eda pitate o V-Labelu.<\/h3>\n\n\n\r\n<section id=\"accordion-block_2333c7b6097efc238c4272a72711a375\" class=\"wp-block-accordion\">\r\n\t\t\t<button class=\"toggle_open\" id=\"button_toggle\">Expand all<\/button>\r\n\t\t<ul class=\"posts_list_accordion\">\r\n\t\t\t\t\t\t\t<li>\r\n\t\t\t\t\t\t\t\t\t\t\t\t\t\t\t\t\t<h4 id=\"\">Koje prednosti nudi V-Label u  odnosu na druge vege oznake?<i class=\"icon-angle-down\"><\/i><\/h4>\r\n\t\t\t\t\t\t\t\t\t\t\t\t\t\t\t\t<div class=\"accordion_text\"><p>Mnoge kompanije i proizvo\u0111a\u010di koriste sopstvene veggie oznake za svoje proizvode. Me\u0111utim, prilikom kreiranja tih oznaka, oni defini\u0161u sopstvene kriterijume za veganske i vegetarijanske proizvode, \u0161to rezultira nedoslednostima sa drugim kompanijama i proizvo\u0111a\u010dima. Nedostatak osnovnog znanja me\u0111u kompanijama u vezi sa razli\u010ditim sastojcima i va\u017enim kriterijumima proizvodnje mo\u017ee dovesti do pogre\u0161nog ozna\u010davanja. Ove samostalne oznake ne podle\u017eu kontroli nezavisnih tela, \u0161to zna\u010di da pogre\u0161no ozna\u010davnje ponekad mo\u017ee da pro\u0111e neprimec\u0301eno od strane potro\u0161a\u010da. Potro\u0161a\u010di sve vi\u0161e pozivaju na transparentnost kako bi mogli brzo i sa sigurno\u0161\u0107u da identifikuju veganske i vegetarijanske proizvode.<\/p>\n<p>Trenutno samo V-Label mo\u017ee ponuditi ovu jasnoc\u0301u zahvaljujuc\u0301i standardizovanim kriterijumima u ozna\u010davanju veganskih i vegetarijanskih proizvoda. V-oznaka zna\u010di da kompanije mogu da autsorsuju zadu\u017eenje za inspekciju osiguranja kvaliteta svojih veganskih i vegetarijanskih proizvoda.<\/p>\n<p>Tako\u0111e, V-Label je jedina nezavisna oznaka u Evropi u kategorijama \u201evegan\u201c i \u201evegetarian\u201c.<\/p>\n<\/div>\r\n\t\t\t\t\t\t\t\t\t<\/li>\r\n\t\t\t\t\t\t\t<li>\r\n\t\t\t\t\t\t\t\t\t\t\t\t\t\t\t\t\t<h4 id=\"\">Za\u0161to nije dovoljno jednostavno pro\u010ditati listu sastojaka?<i class=\"icon-angle-down\"><\/i><\/h4>\r\n\t\t\t\t\t\t\t\t\t\t\t\t\t\t\t\t<div class=\"accordion_text\"><p>Jednostavno \u010ditanje liste sastojaka ne garantuje da je proizvod vegetarijanski ili veganski. Neki sastojci su navedeni kao E brojevi koji su nepoznati mnogim potro\u0161a\u010dima, dok drugi uop\u0161te nisu navedeni jer ih ne treba deklarisati. Tako\u0111e, nije uvek jasno da li su pojedini sastojci biljnog ili \u017eivotinjskog porekla \u2013 na primer, nije uobi\u010dajeno da se aditivi za proizvodnju, od kojih su mnogi \u017eivotinjskog porekla, nalaze na listi sastojaka. Promene u receptu mogu zna\u010diti da omiljeni veganski ili vegetarijanski proizvod odjednom sadr\u017ei \u017eivotinjske proizvode, a da je to ostalo neprime\u0107eno od strane potro\u0161a\u010da. Ne samo da se proverava sastav proizvoda koji su licencirani V-oznakom, vec\u0301 se tako\u0111e ispituje svaki pojedina\u010dni proizvodni korak uklju\u010den u razvoj proizvoda. V-oznaka je stoga brz i pouzdan indikator koji potro\u0161a\u010dima \u0161tedi trud oko pregleda liste sastojaka.<\/p>\n<\/div>\r\n\t\t\t\t\t\t\t\t\t<\/li>\r\n\t\t\t\t\t\t\t<li>\r\n\t\t\t\t\t\t\t\t\t\t\t\t\t\t\t\t\t<h4 id=\"\">Po kojim kriterijumima su proizvodi koji nose V-oznaku ozna\u010deni kao veganski ili vegetarijanski?<i class=\"icon-angle-down\"><\/i><\/h4>\r\n\t\t\t\t\t\t\t\t\t\t\t\t\t\t\t\t<div class=\"accordion_text\"><p>Definicija pojmova \u201evegan\u201c i \u201evegetarian\u201c, koju V-Label koristi kao osnovu, u skladu je sa preporu\u010denom definicijom navedenom tokom 12. konferencije ministara za za\u0161titu potro\u0161a\u010da odr\u017eane 22. aprila 2016. godine.<\/p>\n<p><strong>Vegetarian<\/strong><\/p>\n<p>Hrana i drugi proizvodi koji ne sadr\u017ee \u017eivotinje ili delove \u017eivotinja smatraju se vegetarijanskim. Ovo uzima u obzir sve korake proizvodnje i obrade. Hrana i drugi proizvodi stvoreni uz pomoc\u0301 \u017eivih \u017eivotinja i proizvoda \u017eivotinjskog porekla smatraju se vegetarijanskim.<\/p>\n<p><strong>Vegan<\/strong><\/p>\n<p>Hrana i drugi proizvodi koji ne sadr\u017ee \u017eivotinje ili delove \u017eivotinja smatraju se veganskim. Da bi bili veganski, hrana i drugi proizvodi ne smeju da se prave uz pomoc\u0301 \u017eivih \u017eivotinja ili proizvoda \u017eivotinjskog porekla. Ovo uzima u obzir sve korake proizvodnje i obrade.<\/p>\n<p><strong>Dodatni kriterijumi V-Label-a<\/strong><\/p>\n<p><strong>V-Label nikada nije licenciran u sledec\u0301im slu\u010dajevima:<\/strong><\/p>\n<ul>\n<li>Proizvodi deklarisani da sadr\u017ee GMO (genetski modifikovane organizme)<\/li>\n<li>Proizvodi koji sadr\u017ee jaja od koko\u0161i u kavezu (uklju\u010dujuc\u0301i obogac\u0301ene kavezne sisteme i uzgoj u malim grupama)<\/li>\n<\/ul>\n<p>Pakovanje<\/p>\n<p>V-oznaka ne isklju\u010duje proizvode \u010dije pakovanje sadr\u017ei proizvode \u017eivotinjskog porekla. Me\u0111utim, kompanije se podsti\u010du da dobrovoljno izbegavaju upotrebu ambala\u017ee koja sadr\u017ei proizvode \u017eivotinjskog porekla.<\/p>\n<p>\u0110ubrenje i gajenje<\/p>\n<p>Proces V-Label licenciranja za proizvode i sastojke pokriva period od berbe. \u0110ubriva koja se koriste na zemlji\u0161tu u kome se uzgajaju sirovine za proizvode sa oznakom \u201eV\u201c ne predstavljaju relevantan kriterijum. Me\u0111utim, treba dati prednost sirovinama koje se uzgajaju iz veganske, organske poljoprivrede, a kompanije se podsti\u010du da dobrovoljno izbegavaju upotrebu \u0111ubriva koja sadr\u017ee supstance \u017eivotinjskog porekla.<\/p>\n<p>Sastojci u tragovima i kontaminenti<\/p>\n<p>Kompanije na dobrovoljnoj osnovi odlu\u010duju da li da na ambala\u017ei nazna\u010de prisustvo tragova kontaminacije alergenima ili \u017eivotinjskim proizvodima do kojih bi moglo doc\u0301i u procesu proizvodnje. Ukazujuc\u0301i na potencijalno prisustvo sastojaka u tragovima, kompanije se \u0161tite od bilo kakvih pravnih posledica u slu\u010daju da kupci do\u017eive alergijske reakcije. Samo zato \u0161to su ove informacije date, me\u0111utim, ne zna\u010di nu\u017eno da krajnji proizvod zapravo sadr\u017ei \u017eivotinjske proizvode; informacije samo upozoravaju potro\u0161a\u010de na moguc\u0301nost minimalne kontaminacije u procesu proizvodnje.<\/p>\n<p>Proizvodi koji sadr\u017ee ove informacije ispunjavaju kriterijume V-oznake pod uslovom da se nikakvi \u017eivotinjski sastojci ne dodaju namerno ni u jednom trenutku tokom proizvodnje. Proizvodni proces mora biti osmi\u0161ljen tako da isklju\u010di svaku moguc\u0301nost kontaminacije \u017eivotinjskim sastojcima. Prema kriterijumima V-oznake, ukupna kontaminacija svim proverljivim \u017eivotinjskim sastojcima u krajnjem proizvodu ne sme biti vec\u0301a od 0,1% (1 g\/kg). Druga pravila zasnovana na \u201etehni\u010dki izvodljivoj granici otkrivanja\u201c mogu da se primenjuju za odre\u0111ene grupe proizvoda.<\/p>\n<p>Primeri<\/p>\n<p>V-Label nikada nije licenciran za sledec\u0301e proizvode ili proizvode koji sadr\u017ee bilo koji od sledec\u0301ih sastojaka:<\/p>\n<ul>\n<li>Proizvode klanja<\/li>\n<li>Masti iz ribe, delove ribe ili drugih morskih \u017eivotinja<\/li>\n<li>Arome \u017eivotinjskog porekla (sa izuzetkom aroma na bazi mleka)<\/li>\n<li>Jaja osim \u017eivinskih jaja (npr. kavijar)<\/li>\n<li>Mle\u010dni proizvodi u kojima se koristi \u017eivotinjsko sirilo<\/li>\n<li>Mati\u010dni mle\u010d<\/li>\n<li>Boje napravljene od sastojaka \u017eivotinjskog porekla (npr. ko\u0161enil)<\/li>\n<li>\u0160ec\u0301eri obra\u0111eni ugljenom od \u017eivotinjskih kostiju<\/li>\n<li>Nosioce ili aditive na \u017eivotinjskoj bazi<\/li>\n<li>Pre\u010di\u0161c\u0301avanje sa supstancama \u017eivotinjskog porekla (npr. \u017eelatin, isinglass)<\/li>\n<\/ul>\n<p>V-oznaka u kategoriji \u201evegan\u201c je licencirana samo za proizvode koji dodatno ne sadr\u017ee \u017eivotinjske proizvode kao \u0161to su:<\/p>\n<ul>\n<li>Jaja<\/li>\n<li>Med<\/li>\n<li>Mle\u010dne proizvode<\/li>\n<li>\u017divotinjski vosak<\/li>\n<li>Boje napravljene od \u017eivotinjskih proizvoda<\/li>\n<li>Nosioce ili additive na \u017eivotinjskoj bazi<\/li>\n<li>Pre\u010di\u0161c\u0301avanje supstancama \u017eivotinjskog porekla (npr. belancetom)<\/li>\n<\/ul>\n<\/div>\r\n\t\t\t\t\t\t\t\t\t<\/li>\r\n\t\t\t\t\t\t\t<li>\r\n\t\t\t\t\t\t\t\t\t\t\t\t\t\t\t\t\t<h4 id=\"\">Na osnovu \u010dega se hrana i drugi proizvodi klasifikuju kao \u201evegan\u201d ili \u201evegetarian\u201d?<i class=\"icon-angle-down\"><\/i><\/h4>\r\n\t\t\t\t\t\t\t\t\t\t\t\t\t\t\t\t<div class=\"accordion_text\"><p>Kompanije koje \u017eele da licenciraju proizvode V-oznakom du\u017ene su da davaocu licence prijave puni sastav ovih proizvoda i svih aditiva koji se koriste tokom prerade. Na osnovu ove samodeklaracije i nakon inspekcije V-Label tima, hrana i drugi proizvodi se tada mogu klasifikovati kao \u201evegan\u201c ili \u201evegetarian\u201c.<\/p>\n<\/div>\r\n\t\t\t\t\t\t\t\t\t<\/li>\r\n\t\t\t\t\t\t\t<li>\r\n\t\t\t\t\t\t\t\t\t\t\t\t\t\t\t\t\t<h4 id=\"\">Koji koraci se preduzimaju da bi se osiguralo da kompanije ispunjavaju zahteve V-oznake?<i class=\"icon-angle-down\"><\/i><\/h4>\r\n\t\t\t\t\t\t\t\t\t\t\t\t\t\t\t\t<div class=\"accordion_text\"><p>V-Label tim zadr\u017eava pravo da primeni mere obezbe\u0111enja kvaliteta koje imaju za cilj o\u010duvanje kredibiliteta i beneficija koje obe\u0107ava V-Label.<\/p>\n<p>Svaka promena recepture ili promena procesa uklju\u010denih u proizvodnju hrane i drugih proizvoda koji nose V-oznaku moraju se prijaviti odmah i bez zahteva \u010dlanovima V-Label tima odgovornim za upravljanje kvalitetom. Nakon \u0161to se kompanija izjasni o relevantnim promenama, sprovodi se nova inspekcija.<\/p>\n<\/div>\r\n\t\t\t\t\t\t\t\t\t<\/li>\r\n\t\t\t\t\t\t\t<li>\r\n\t\t\t\t\t\t\t\t\t\t\t\t\t\t\t\t\t<h4 id=\"\">Da li postoje situacije kada nema smisla da proizvod nosi V-oznaku?<i class=\"icon-angle-down\"><\/i><\/h4>\r\n\t\t\t\t\t\t\t\t\t\t\t\t\t\t\t\t<div class=\"accordion_text\"><p>Nema smisla da sve namirnice nose V-oznaku: monoproizvodi kao \u0161to su \u010dajevi, za\u010dini i mineralna voda i sirova hrana kao \u0161to je neprera\u0111eno povrc\u0301e uvek su biljnog porekla i ne moraju da budu posebno ozna\u010deni kao takvi. Iako u principu nema ni\u0161ta lo\u0161e u reklamiranju proizvoda navodec\u0301i ono \u0161to je o\u010digledno ta\u010dno, to se ne smatra preporu\u010dljivim.<\/p>\n<\/div>\r\n\t\t\t\t\t\t\t\t\t<\/li>\r\n\t\t\t\t\t\t\t<li>\r\n\t\t\t\t\t\t\t\t\t\t\t\t\t\t\t\t\t<h4 id=\"\">Koje tro\u0161kove kompanije mogu o\u010dekivati da plate kada licenciraju svoje proizvode sa V-oznakom?<i class=\"icon-angle-down\"><\/i><\/h4>\r\n\t\t\t\t\t\t\t\t\t\t\t\t\t\t\t\t<div class=\"accordion_text\"><p>Kori\u0161c\u0301enje V-oznake podle\u017ee godi\u0161njoj taksi za licenciranje i jednokratnoj naknadi za inspekciju.<\/p>\n<\/div>\r\n\t\t\t\t\t\t\t\t\t<\/li>\r\n\t\t\t\t\t\t\t<li>\r\n\t\t\t\t\t\t\t\t\t\t\t\t\t\t\t\t\t<h4 id=\"\">Koliko vremena mo\u017ee proc\u0301i da kompanija dobije licencu?<i class=\"icon-angle-down\"><\/i><\/h4>\r\n\t\t\t\t\t\t\t\t\t\t\t\t\t\t\t\t<div class=\"accordion_text\"><p>Proces licenciranja uklju\u010duje pet koraka. Kada kompanija podnese inicijalni zahtev, ponuda se pravi na osnovu dostavljenih podataka kompanije. Nakon \u0161to kompanija potvrdi ponudu, zaklju\u010duje se ugovor o licenciranju. Nakon toga, davalac licence proverava sve detalje o proizvodu. Nakon detaljne provere, i ako je davalac licence zadovoljan ishodom, izdaje se V-Label licenca. Kona\u010dno, izgled pakovanja proizvoda je proveren i odobren za upotrebu. U standardnom procesu licenciranja, mo\u017ee proc\u0301i izme\u0111u 2 i 8 nedelja dok kompanija kona\u010dno ne dobije zeleno svetlo za kori\u0161c\u0301enje V-oznake.<\/p>\n<\/div>\r\n\t\t\t\t\t\t\t\t\t<\/li>\r\n\t\t\t\t\t\t\t<li>\r\n\t\t\t\t\t\t\t\t\t\t\t\t\t\t\t\t\t<h4 id=\"\">Kakva je priroda ugovora za kompanije?<i class=\"icon-angle-down\"><\/i><\/h4>\r\n\t\t\t\t\t\t\t\t\t\t\t\t\t\t\t\t<div class=\"accordion_text\"><p>Period va\u017eenja<\/p>\n<p>Ugovorni odnos uglavnom traje godinu dana. Ako prodaja varira za vi\u0161e od 10% navi\u0161e ili nani\u017ee, godi\u0161nja naknada za licenciranje se prilago\u0111ava u skladu sa tim. Po\u010detak ugovora je preciziran u ugovoru. Mo\u017ee se odrediti kasniji datum kako bi se uzeli u obzir, na primer, buduc\u0301a lansiranja proizvoda. Ugovor se automatski produ\u017eava ako se ne raskine pismenim putem tri meseca pre isteka.<\/p>\n<p>Potvrda o licenci<\/p>\n<p>Kada se proces licenciranja zavr\u0161i, izdaje se sertifikat o licenci za proizvod u relevantnoj kategoriji.<\/p>\n<\/div>\r\n\t\t\t\t\t\t\t\t\t<\/li>\r\n\t\t\t\t\t<\/ul>\r\n\t<\/section>","protected":false},"excerpt":{"rendered":"<p>Prona\u0111ite odgovore na neka od pitanja koja se mo\u017eda pitate o V-Labelu.<\/p>\n","protected":false},"author":5,"featured_media":17165,"parent":0,"menu_order":0,"comment_status":"closed","ping_status":"closed","template":"","meta":{"_acf_changed":false,"_editorskit_title_hidden":false,"_editorskit_reading_time":0,"_editorskit_is_block_options_detached":false,"_editorskit_block_options_position":"{}","inline_featured_image":false,"_uag_custom_page_level_css":"","footnotes":""},"categories":[],"tags":[],"class_list":["post-32720","page","type-page","status-publish","has-post-thumbnail","hentry"],"acf":[],"uagb_featured_image_src":{"full":["https:\/\/www.v-label.com\/wp-content\/uploads\/2022\/12\/v-label-faqs.jpg",1280,743,false],"thumbnail":["https:\/\/www.v-label.com\/wp-content\/uploads\/2022\/12\/v-label-faqs-500x290.jpg",500,290,true],"medium":["https:\/\/www.v-label.com\/wp-content\/uploads\/2022\/12\/v-label-faqs-300x174.jpg",300,174,true],"medium_large":["https:\/\/www.v-label.com\/wp-content\/uploads\/2022\/12\/v-label-faqs-768x446.jpg",768,446,true],"large":["https:\/\/www.v-label.com\/wp-content\/uploads\/2022\/12\/v-label-faqs-1024x594.jpg",1024,594,true],"1536x1536":["https:\/\/www.v-label.com\/wp-content\/uploads\/2022\/12\/v-label-faqs.jpg",1280,743,false],"2048x2048":["https:\/\/www.v-label.com\/wp-content\/uploads\/2022\/12\/v-label-faqs.jpg",1280,743,false],"preview":["https:\/\/www.v-label.com\/wp-content\/uploads\/2022\/12\/v-label-faqs-904x720.jpg",904,720,true],"header":["https:\/\/www.v-label.com\/wp-content\/uploads\/2022\/12\/v-label-faqs-1280x720.jpg",1280,720,true],"gform-image-choice-sm":["https:\/\/www.v-label.com\/wp-content\/uploads\/2022\/12\/v-label-faqs.jpg",300,174,false],"gform-image-choice-md":["https:\/\/www.v-label.com\/wp-content\/uploads\/2022\/12\/v-label-faqs.jpg",400,232,false],"gform-image-choice-lg":["https:\/\/www.v-label.com\/wp-content\/uploads\/2022\/12\/v-label-faqs.jpg",600,348,false]},"uagb_author_info":{"display_name":"Can Aslan","author_link":"https:\/\/www.v-label.com\/sr"},"uagb_comment_info":0,"uagb_excerpt":"Prona\u0111ite odgovore na neka od pitanja koja se mo\u017eda pitate o V-Labelu.","_links":{"self":[{"href":"https:\/\/www.v-label.com\/sr\/wp-json\/wp\/v2\/pages\/32720","targetHints":{"allow":["GET"]}}],"collection":[{"href":"https:\/\/www.v-label.com\/sr\/wp-json\/wp\/v2\/pages"}],"about":[{"href":"https:\/\/www.v-label.com\/sr\/wp-json\/wp\/v2\/types\/page"}],"author":[{"embeddable":true,"href":"https:\/\/www.v-label.com\/sr\/wp-json\/wp\/v2\/users\/5"}],"replies":[{"embeddable":true,"href":"https:\/\/www.v-label.com\/sr\/wp-json\/wp\/v2\/comments?post=32720"}],"version-history":[{"count":2,"href":"https:\/\/www.v-label.com\/sr\/wp-json\/wp\/v2\/pages\/32720\/revisions"}],"predecessor-version":[{"id":32722,"href":"https:\/\/www.v-label.com\/sr\/wp-json\/wp\/v2\/pages\/32720\/revisions\/32722"}],"wp:featuredmedia":[{"embeddable":true,"href":"https:\/\/www.v-label.com\/sr\/wp-json\/wp\/v2\/media\/17165"}],"wp:attachment":[{"href":"https:\/\/www.v-label.com\/sr\/wp-json\/wp\/v2\/media?parent=32720"}],"wp:term":[{"taxonomy":"category","embeddable":true,"href":"https:\/\/www.v-label.com\/sr\/wp-json\/wp\/v2\/categories?post=32720"},{"taxonomy":"post_tag","embeddable":true,"href":"https:\/\/www.v-label.com\/sr\/wp-json\/wp\/v2\/tags?post=32720"}],"curies":[{"name":"wp","href":"https:\/\/api.w.org\/{rel}","templated":true}]}}