{"id":7860,"date":"2022-05-25T18:05:39","date_gmt":"2022-05-25T16:05:39","guid":{"rendered":"https:\/\/www.v-label.com\/worlds-leading-vegan-vegetarian-trademark\/"},"modified":"2024-07-11T10:57:05","modified_gmt":"2024-07-11T08:57:05","slug":"worlds-leading-vegan-vegetarian-trademark","status":"publish","type":"page","link":"https:\/\/www.v-label.com\/sr\/","title":{"rendered":"Home Page"},"content":{"rendered":"\n<div style=\"height:1px\" aria-hidden=\"true\" class=\"wp-block-spacer\"><\/div>\n\n\n\n<h2 class=\"wp-block-heading has-text-align-center has-large-font-size\" style=\"font-style:normal;font-weight:700;text-transform:uppercase\"><strong>Vode\u0107i svetski veganski i vegetarijanski za\u0161titni znak<\/strong><\/h2>\n\n\n\n<div class=\"wp-block-media-text alignwide has-media-on-the-right is-stacked-on-mobile is-vertically-aligned-top is-image-fill\"><div class=\"wp-block-media-text__content\">\n<div style=\"height:10px\" aria-hidden=\"true\" class=\"wp-block-spacer\"><\/div>\n\n\n\n<p>\u0160irom sveta vi\u0161e od 70.000 proizvoda od vi\u0161e od 4.800 nosilaca licenci sada nosi V-oznaku.<\/p>\n\n\n\n<p>V-Oznaka je me\u0111unarodno priznati, registrovani \u017eig za ozna\u010davanje veganskih i vegetarijanskih proizvoda i usluga, osnovan u \u0160vajcarskoj 1996. godine. To je pouzdan vodi\u010d pri kupovinu za potro\u0161a\u010de.<\/p>\n\n\n\n<div class=\"wp-block-buttons is-layout-flex wp-block-buttons-is-layout-flex\">\n<div class=\"wp-block-button\"><a class=\"wp-block-button__link has-greendark-background-color has-background wp-element-button\" href=\"https:\/\/www.v-label.com\/sr\/get-certified\/\">Nabavite V-Label sertifikat<\/a><\/div>\n<\/div>\n<\/div><figure class=\"wp-block-media-text__media\" style=\"background-image:url(https:\/\/www.v-label.com\/wp-content\/uploads\/2022\/12\/v-label-new-home-page-2-1024x732.jpg);background-position:50% 50%\"><img decoding=\"async\" width=\"1024\" height=\"732\" src=\"https:\/\/www.v-label.com\/wp-content\/uploads\/2022\/12\/v-label-new-home-page-2-1024x732.jpg\" alt=\"\" class=\"wp-image-40341 size-full\" srcset=\"https:\/\/www.v-label.com\/wp-content\/uploads\/2022\/12\/v-label-new-home-page-2-1024x732.jpg 1024w, https:\/\/www.v-label.com\/wp-content\/uploads\/2022\/12\/v-label-new-home-page-2-300x214.jpg 300w, https:\/\/www.v-label.com\/wp-content\/uploads\/2022\/12\/v-label-new-home-page-2-500x357.jpg 500w, https:\/\/www.v-label.com\/wp-content\/uploads\/2022\/12\/v-label-new-home-page-2-768x549.jpg 768w, https:\/\/www.v-label.com\/wp-content\/uploads\/2022\/12\/v-label-new-home-page-2-1536x1098.jpg 1536w, https:\/\/www.v-label.com\/wp-content\/uploads\/2022\/12\/v-label-new-home-page-2.jpg 1920w\" sizes=\"(max-width: 1024px) 100vw, 1024px\" \/><\/figure><\/div>\n\n\n\n<div style=\"height:70px\" aria-hidden=\"true\" class=\"wp-block-spacer\"><\/div>\n\n\n\n<div class=\"wp-block-media-text alignwide is-stacked-on-mobile is-image-fill\"><figure class=\"wp-block-media-text__media\" style=\"background-image:url(https:\/\/www.v-label.com\/wp-content\/uploads\/2022\/09\/home-producers-and-consumers-trust-1024x683.jpeg);background-position:50% 50%\"><img decoding=\"async\" width=\"1024\" height=\"683\" src=\"https:\/\/www.v-label.com\/wp-content\/uploads\/2022\/09\/home-producers-and-consumers-trust-1024x683.jpeg\" alt=\"\" class=\"wp-image-710 size-full\" srcset=\"https:\/\/www.v-label.com\/wp-content\/uploads\/2022\/09\/home-producers-and-consumers-trust-1024x683.jpeg 1024w, https:\/\/www.v-label.com\/wp-content\/uploads\/2022\/09\/home-producers-and-consumers-trust-300x200.jpeg 300w, https:\/\/www.v-label.com\/wp-content\/uploads\/2022\/09\/home-producers-and-consumers-trust-500x334.jpeg 500w, https:\/\/www.v-label.com\/wp-content\/uploads\/2022\/09\/home-producers-and-consumers-trust-768x512.jpeg 768w, https:\/\/www.v-label.com\/wp-content\/uploads\/2022\/09\/home-producers-and-consumers-trust-1536x1025.jpeg 1536w, https:\/\/www.v-label.com\/wp-content\/uploads\/2022\/09\/home-producers-and-consumers-trust.jpeg 1920w\" sizes=\"(max-width: 1024px) 100vw, 1024px\" \/><\/figure><div class=\"wp-block-media-text__content\">\n<h2 class=\"wp-block-heading has-text-align-left\"><strong>Proizvo\u0111a\u010di i potro\u0161a\u010di veruju V-Oznaci<\/strong><\/h2>\n\n\n\n<p class=\"has-text-align-left\">Sa vi\u0161e od 25 godina iskustva u ozna\u010davanju proizvoda i anga\u017eovanju stru\u010dnjaka u oblasti upravljanja kvalitetom, prehrambene tehnologije, hemije, kozmetologije i marketinga, mi smo predvodnici globalnog pokreta. Kao takvi sara\u0111ujemo sa preduze\u0107ima, trgovcima, potro\u0161a\u010dima i aktivistima.<\/p>\n\n\n\n<div class=\"wp-block-buttons is-content-justification-left is-layout-flex wp-container-core-buttons-is-layout-fdcfc74e wp-block-buttons-is-layout-flex\">\n<div class=\"wp-block-button is-style-default\"><a class=\"wp-block-button__link has-greendark-background-color has-background wp-element-button\" href=\"https:\/\/www.v-label.com\/sr\/about-us\/\">Saznajte vi\u0161e o V-Oznaci<\/a><\/div>\n<\/div>\n<\/div><\/div>\n\n\n\n<div style=\"height:70px\" aria-hidden=\"true\" class=\"wp-block-spacer\"><\/div>\n\n\n\n<div class=\"wp-block-media-text alignwide has-media-on-the-right is-stacked-on-mobile is-image-fill\"><div class=\"wp-block-media-text__content\">\n<div style=\"height:30px\" aria-hidden=\"true\" class=\"wp-block-spacer\"><\/div>\n\n\n\n<h2 class=\"wp-block-heading has-text-align-left\"><strong>Globalna zajednica, lokalna podr\u0161ka<\/strong><\/h2>\n\n\n\n<p class=\"has-text-align-left\">Imamo partnerske organizacije u vi\u0161e od 50 zemalja koje govore vi\u0161e od 30 jezika, \u0161to nas \u010dini jedinstveno pozicioniranim da pru\u017eamo podr\u0161ku va\u0161im proizvodima kako na lokalnom tako i na me\u0111unarodnom nivou.<\/p>\n\n\n\n<div class=\"wp-block-buttons is-content-justification-left is-layout-flex wp-container-core-buttons-is-layout-fdcfc74e wp-block-buttons-is-layout-flex\">\n<div class=\"wp-block-button is-style-default\"><a class=\"wp-block-button__link has-greendark-background-color has-background wp-element-button\" href=\"https:\/\/www.v-label.com\/sr\/info-for-producers\/benefits\/\">Istra\u017eite vi\u0161e o pogodnostima V-Oznake<\/a><\/div>\n<\/div>\n\n\n\n<div style=\"height:30px\" aria-hidden=\"true\" class=\"wp-block-spacer\"><\/div>\n<\/div><figure class=\"wp-block-media-text__media\" style=\"background-image:url(https:\/\/www.v-label.com\/wp-content\/uploads\/2022\/12\/v-label-global-community-local-support.jpg);background-position:50% 50%\"><img decoding=\"async\" width=\"1280\" height=\"837\" src=\"https:\/\/www.v-label.com\/wp-content\/uploads\/2022\/12\/v-label-global-community-local-support.jpg\" alt=\"\" class=\"wp-image-16861 size-full\" srcset=\"https:\/\/www.v-label.com\/wp-content\/uploads\/2022\/12\/v-label-global-community-local-support.jpg 1280w, https:\/\/www.v-label.com\/wp-content\/uploads\/2022\/12\/v-label-global-community-local-support-300x196.jpg 300w, https:\/\/www.v-label.com\/wp-content\/uploads\/2022\/12\/v-label-global-community-local-support-1024x670.jpg 1024w, https:\/\/www.v-label.com\/wp-content\/uploads\/2022\/12\/v-label-global-community-local-support-500x327.jpg 500w, https:\/\/www.v-label.com\/wp-content\/uploads\/2022\/12\/v-label-global-community-local-support-768x502.jpg 768w\" sizes=\"(max-width: 1280px) 100vw, 1280px\" \/><\/figure><\/div>\n\n\n\n<h2 class=\"wp-block-heading has-text-align-center\"><strong>Spremni da se pridru\u017eite?<\/strong><\/h2>\n\n\n\n<p class=\"has-text-align-center\">Jo\u0161 uvek razmi\u0161ljate o tome? Ako ste <strong>proizvo\u0111a\u010d<\/strong>, mo\u017eete prona\u0107i <strong><a href=\"https:\/\/dev.boks.li\/vlabel\/wp-content\/uploads\/2022\/12\/regulations-sr.pdf\" data-type=\"URL\" data-id=\"https:\/\/dev.boks.li\/vlabel\/wp-content\/uploads\/2022\/12\/regulations-sr.pdf\" target=\"_blank\" rel=\"noopener\">detaljne kriterijume i postupak sertifikacije ovde<\/a><\/strong>. Jeste li <strong>potro\u0161a\u010d<\/strong>? Pogledajte izbor <a href=\"https:\/\/www.v-label.com\/sr\/general-information\/certified-products\/\" data-type=\"URL\" data-id=\"https:\/\/www.v-label.com\/sr\/general-information\/certified-products\/\">vegetarijanskih i veganskih proizvoda koje smo sertifikovali<\/a><strong>.<\/strong><\/p>\n","protected":false},"excerpt":{"rendered":"<p>Across the globe, more than 70,000 products from more than 4,800 licensees now carry the V-Label. <\/p>\n<p>V-Label is an internationally recognised, registered seal for labelling vegan and vegetarian products and services established in Switzerland in 1996. It is a reliable, go-to shopping guide for consumers.<\/p>\n","protected":false},"author":5,"featured_media":40419,"parent":0,"menu_order":0,"comment_status":"closed","ping_status":"closed","template":"","meta":{"_acf_changed":false,"_editorskit_title_hidden":false,"_editorskit_reading_time":0,"_editorskit_is_block_options_detached":false,"_editorskit_block_options_position":"{}","inline_featured_image":false,"_uag_custom_page_level_css":"","footnotes":""},"categories":[],"tags":[],"class_list":["post-7860","page","type-page","status-publish","has-post-thumbnail","hentry"],"acf":[],"uagb_featured_image_src":{"full":["https:\/\/www.v-label.com\/wp-content\/uploads\/2022\/12\/header-test.jpg",2000,1000,false],"thumbnail":["https:\/\/www.v-label.com\/wp-content\/uploads\/2022\/12\/header-test-500x250.jpg",500,250,true],"medium":["https:\/\/www.v-label.com\/wp-content\/uploads\/2022\/12\/header-test-300x150.jpg",300,150,true],"medium_large":["https:\/\/www.v-label.com\/wp-content\/uploads\/2022\/12\/header-test-768x384.jpg",768,384,true],"large":["https:\/\/www.v-label.com\/wp-content\/uploads\/2022\/12\/header-test-1024x512.jpg",1024,512,true],"1536x1536":["https:\/\/www.v-label.com\/wp-content\/uploads\/2022\/12\/header-test-1536x768.jpg",1536,768,true],"2048x2048":["https:\/\/www.v-label.com\/wp-content\/uploads\/2022\/12\/header-test.jpg",2000,1000,false],"preview":["https:\/\/www.v-label.com\/wp-content\/uploads\/2022\/12\/header-test-904x720.jpg",904,720,true],"header":["https:\/\/www.v-label.com\/wp-content\/uploads\/2022\/12\/header-test-2000x720.jpg",2000,720,true],"gform-image-choice-sm":["https:\/\/www.v-label.com\/wp-content\/uploads\/2022\/12\/header-test.jpg",300,150,false],"gform-image-choice-md":["https:\/\/www.v-label.com\/wp-content\/uploads\/2022\/12\/header-test.jpg",400,200,false],"gform-image-choice-lg":["https:\/\/www.v-label.com\/wp-content\/uploads\/2022\/12\/header-test.jpg",600,300,false]},"uagb_author_info":{"display_name":"Can Aslan","author_link":"https:\/\/www.v-label.com\/sr"},"uagb_comment_info":0,"uagb_excerpt":"Across the globe, more than 70,000 products from more than 4,800 licensees now carry the V-Label. V-Label is an internationally recognised, registered seal for labelling vegan and vegetarian products and services established in Switzerland in 1996. It is a reliable, go-to shopping guide for consumers.","_links":{"self":[{"href":"https:\/\/www.v-label.com\/sr\/wp-json\/wp\/v2\/pages\/7860","targetHints":{"allow":["GET"]}}],"collection":[{"href":"https:\/\/www.v-label.com\/sr\/wp-json\/wp\/v2\/pages"}],"about":[{"href":"https:\/\/www.v-label.com\/sr\/wp-json\/wp\/v2\/types\/page"}],"author":[{"embeddable":true,"href":"https:\/\/www.v-label.com\/sr\/wp-json\/wp\/v2\/users\/5"}],"replies":[{"embeddable":true,"href":"https:\/\/www.v-label.com\/sr\/wp-json\/wp\/v2\/comments?post=7860"}],"version-history":[{"count":8,"href":"https:\/\/www.v-label.com\/sr\/wp-json\/wp\/v2\/pages\/7860\/revisions"}],"predecessor-version":[{"id":83947,"href":"https:\/\/www.v-label.com\/sr\/wp-json\/wp\/v2\/pages\/7860\/revisions\/83947"}],"wp:featuredmedia":[{"embeddable":true,"href":"https:\/\/www.v-label.com\/sr\/wp-json\/wp\/v2\/media\/40419"}],"wp:attachment":[{"href":"https:\/\/www.v-label.com\/sr\/wp-json\/wp\/v2\/media?parent=7860"}],"wp:term":[{"taxonomy":"category","embeddable":true,"href":"https:\/\/www.v-label.com\/sr\/wp-json\/wp\/v2\/categories?post=7860"},{"taxonomy":"post_tag","embeddable":true,"href":"https:\/\/www.v-label.com\/sr\/wp-json\/wp\/v2\/tags?post=7860"}],"curies":[{"name":"wp","href":"https:\/\/api.w.org\/{rel}","templated":true}]}}