{"id":7901,"date":"2022-05-30T16:16:14","date_gmt":"2022-05-30T14:16:14","guid":{"rendered":"https:\/\/www.v-label.com\/info-for-producers\/"},"modified":"2024-07-11T10:57:24","modified_gmt":"2024-07-11T08:57:24","slug":"info-for-producers","status":"publish","type":"page","link":"https:\/\/www.v-label.com\/sr\/info-for-producers\/","title":{"rendered":"Informacije za proizvo\u0111a\u010de"},"content":{"rendered":"\n<p>\u0160irom sveta, vi\u0161e od <strong>70.000 proizvoda<\/strong> od vi\u0161e od <strong>4.800 nosilaca<\/strong> licenci sada nosi V-Oznaku, pe\u010dat kvaliteta veganske i vegetarijanske robe i usluga. Ova me\u0111unarodno priznata oznaka omogu\u0107ava kupcima \u0161irom sveta da na prvi pogled prepoznaju izbore koji se zasnivaju na biljkama.<\/p>\n\n\n\n<h3 class=\"wp-block-heading has-text-align-center has-greenlightultra-background-color has-background\">Ako ste proizvo\u0111a\u010d, evo za\u0161to bi trebalo da razmislite o tome da nabavite V-Label sertifikat:<\/h3>\n\n\n\n<p><strong>Osvojite nova tr\u017ei\u0161ta.<\/strong> Budu\u0107i da polovina stanovni\u0161tva u zemljama poput Nema\u010dke, \u0160panije ili Poljske sebe smatra fleksitarijancima, postoji raznolika, brzo rastu\u0107a baza kupaca koja veganske i vegetarijanske proizvode tra\u017ei iz zdravstvenih i eti\u010dkih razloga.<\/p>\n\n\n\n<p><strong>Pove\u0107ajte svoju vidljivost.<\/strong> Stavite svoje proizvode pred o\u010di ljudi i olak\u0161ajte im odluke o kupovini s verodostojnom i \u0161iroko priznatom oznakom.<\/p>\n\n\n\n<p><strong>Stecite poverenje.<\/strong> Ne treba ni\u0161ta vi\u0161e re\u0107i; V-Oznaka sve govori za vas. Njena reputacija i priznanje kao profesionalnog, nezavisnog pe\u010data kvaliteta i stvaratelja trendova u industriji, prodaju se sami.<\/p>\n\n\n\n<div class=\"wp-block-buttons alignwide is-content-justification-center is-layout-flex wp-container-core-buttons-is-layout-16018d1d wp-block-buttons-is-layout-flex\">\n<div class=\"wp-block-button\"><a class=\"wp-block-button__link wp-element-button\" href=\"https:\/\/www.v-label.com\/sr\/for-business\/get-certified\/\" rel=\"noopener\">Nabavite sertifikat<\/a><\/div>\n\n\n\n<div class=\"wp-block-button\"><a class=\"wp-block-button__link wp-element-button\" href=\"https:\/\/www.v-label.com\/sr\/for-business\/benefits\/\">Istra\u017eite vi\u0161e o pogodnostima V-Oznake<\/a><\/div>\n<\/div>\n\n\n\n<div class=\"wp-block-columns are-vertically-aligned-center is-layout-flex wp-container-core-columns-is-layout-9d6595d7 wp-block-columns-is-layout-flex\">\n<div class=\"wp-block-column is-vertically-aligned-center is-layout-flow wp-block-column-is-layout-flow\">\n<figure class=\"wp-block-image size-full\"><img decoding=\"async\" width=\"720\" height=\"482\" src=\"https:\/\/www.v-label.com\/wp-content\/uploads\/2022\/09\/b2b-info-page-1.webp\" alt=\"\" class=\"wp-image-876\" srcset=\"https:\/\/www.v-label.com\/wp-content\/uploads\/2022\/09\/b2b-info-page-1.webp 720w, https:\/\/www.v-label.com\/wp-content\/uploads\/2022\/09\/b2b-info-page-1-300x201.webp 300w\" sizes=\"(max-width: 720px) 100vw, 720px\" \/><\/figure>\n<\/div>\n\n\n\n<div class=\"wp-block-column is-vertically-aligned-center is-layout-flow wp-block-column-is-layout-flow\">\n<figure class=\"wp-block-image size-full\"><img decoding=\"async\" width=\"720\" height=\"497\" src=\"https:\/\/www.v-label.com\/wp-content\/uploads\/2022\/09\/b2b-info-page-2.webp\" alt=\"\" class=\"wp-image-879\" srcset=\"https:\/\/www.v-label.com\/wp-content\/uploads\/2022\/09\/b2b-info-page-2.webp 720w, https:\/\/www.v-label.com\/wp-content\/uploads\/2022\/09\/b2b-info-page-2-300x207.webp 300w\" sizes=\"(max-width: 720px) 100vw, 720px\" \/><\/figure>\n<\/div>\n\n\n\n<div class=\"wp-block-column is-vertically-aligned-center is-layout-flow wp-block-column-is-layout-flow\">\n<figure class=\"wp-block-image size-full\"><img decoding=\"async\" width=\"720\" height=\"482\" src=\"https:\/\/www.v-label.com\/wp-content\/uploads\/2022\/09\/b2b-info-page-3.webp\" alt=\"\" class=\"wp-image-860\" srcset=\"https:\/\/www.v-label.com\/wp-content\/uploads\/2022\/09\/b2b-info-page-3.webp 720w, https:\/\/www.v-label.com\/wp-content\/uploads\/2022\/09\/b2b-info-page-3-300x201.webp 300w\" sizes=\"(max-width: 720px) 100vw, 720px\" \/><\/figure>\n<\/div>\n<\/div>\n\n\n\n<h3 class=\"wp-block-heading\"><strong>Nabavite sertifikat<\/strong><\/h3>\n\n\n\n<p><strong>Da li ste spremni da pove\u0107ate vidljivost svojih veganskih i vegetarijanskih proizvoda?<\/strong> Pomo\u0107u V-Oznake kupci \u0107e na prvi pogled mo\u0107i da identifikuju va\u0161e proizvode kao veganske ili vegetarijanske &#8211; kupuju\u0107i ih tako bez oklevanja i naga\u0111anja o njihovom veganskom ili vegetarijanskom kvalitetu.<\/p>\n\n\n\n<p>Iz poslovne perspektive, partnerstvo sa liderom u industriji kao \u0161to je V-Label pove\u0107ava va\u0161u pouzdanost i transparentnost kada je u pitanju vegetarijansko i vegansko etiketiranje. Za va\u0161e kupce V-Oznaka je jednostavan i pouzdan vodi\u010d koji \u0107e im pomo\u0107i da donesu dobre, odr\u017eive i dosledne odluke o kupovini.<\/p>\n\n\n\n<div class=\"wp-block-buttons alignwide is-content-justification-center is-layout-flex wp-container-core-buttons-is-layout-16018d1d wp-block-buttons-is-layout-flex\">\n<div class=\"wp-block-button\"><a class=\"wp-block-button__link wp-element-button\" href=\"https:\/\/www.v-label.com\/sr\/for-business\/get-certified\/\" rel=\"noopener\">Nabavite V-Label sertifikat<\/a><\/div>\n<\/div>\n\n\n\n<h3 class=\"wp-block-heading\"><strong>Kriterijumi i \u010cesto postavljana pitanja<\/strong><\/h3>\n\n\n\n<p>Ovde \u0107ete prona\u0107i odgovore na neka od pitanja koja vas interesuju u vezi V-Oznake.<\/p>\n\n\n\n<div class=\"wp-block-buttons alignwide is-content-justification-center is-layout-flex wp-container-core-buttons-is-layout-16018d1d wp-block-buttons-is-layout-flex\">\n<div class=\"wp-block-button\"><a class=\"wp-block-button__link wp-element-button\" href=\"https:\/\/www.v-label.com\/sr\/cpp\/\">Istra\u017eite \u010desto postavljana pitanja<\/a><\/div>\n<\/div>\n","protected":false},"excerpt":{"rendered":"<p>\u0160irom sveta, vi\u0161e od 70.000 proizvoda od vi\u0161e od 4.800 nosilaca licenci sada nosi V-Oznaku, pe\u010dat kvaliteta veganske i vegetarijanske robe i usluga. Ova me\u0111unarodno priznata oznaka omogu\u0107ava kupcima \u0161irom sveta da na prvi pogled prepoznaju izbore koji se zasnivaju na biljkama. Ako ste proizvo\u0111a\u010d, evo za\u0161to bi trebalo da razmislite o tome da nabavite [&hellip;]<\/p>\n","protected":false},"author":5,"featured_media":39768,"parent":0,"menu_order":0,"comment_status":"closed","ping_status":"closed","template":"","meta":{"_acf_changed":false,"_editorskit_title_hidden":false,"_editorskit_reading_time":0,"_editorskit_is_block_options_detached":false,"_editorskit_block_options_position":"{}","inline_featured_image":false,"_uag_custom_page_level_css":"","footnotes":""},"categories":[],"tags":[],"class_list":["post-7901","page","type-page","status-publish","has-post-thumbnail","hentry"],"acf":[],"uagb_featured_image_src":{"full":["https:\/\/www.v-label.com\/wp-content\/uploads\/2022\/12\/v-label-info-for-producers.jpg",1280,870,false],"thumbnail":["https:\/\/www.v-label.com\/wp-content\/uploads\/2022\/12\/v-label-info-for-producers-500x340.jpg",500,340,true],"medium":["https:\/\/www.v-label.com\/wp-content\/uploads\/2022\/12\/v-label-info-for-producers-300x204.jpg",300,204,true],"medium_large":["https:\/\/www.v-label.com\/wp-content\/uploads\/2022\/12\/v-label-info-for-producers-768x522.jpg",768,522,true],"large":["https:\/\/www.v-label.com\/wp-content\/uploads\/2022\/12\/v-label-info-for-producers-1024x696.jpg",1024,696,true],"1536x1536":["https:\/\/www.v-label.com\/wp-content\/uploads\/2022\/12\/v-label-info-for-producers.jpg",1280,870,false],"2048x2048":["https:\/\/www.v-label.com\/wp-content\/uploads\/2022\/12\/v-label-info-for-producers.jpg",1280,870,false],"preview":["https:\/\/www.v-label.com\/wp-content\/uploads\/2022\/12\/v-label-info-for-producers-904x720.jpg",904,720,true],"header":["https:\/\/www.v-label.com\/wp-content\/uploads\/2022\/12\/v-label-info-for-producers-1280x720.jpg",1280,720,true],"gform-image-choice-sm":["https:\/\/www.v-label.com\/wp-content\/uploads\/2022\/12\/v-label-info-for-producers.jpg",300,204,false],"gform-image-choice-md":["https:\/\/www.v-label.com\/wp-content\/uploads\/2022\/12\/v-label-info-for-producers.jpg",400,272,false],"gform-image-choice-lg":["https:\/\/www.v-label.com\/wp-content\/uploads\/2022\/12\/v-label-info-for-producers.jpg",600,408,false]},"uagb_author_info":{"display_name":"Can Aslan","author_link":"https:\/\/www.v-label.com\/sr"},"uagb_comment_info":0,"uagb_excerpt":"\u0160irom sveta, vi\u0161e od 70.000 proizvoda od vi\u0161e od 4.800 nosilaca licenci sada nosi V-Oznaku, pe\u010dat kvaliteta veganske i vegetarijanske robe i usluga. Ova me\u0111unarodno priznata oznaka omogu\u0107ava kupcima \u0161irom sveta da na prvi pogled prepoznaju izbore koji se zasnivaju na biljkama. Ako ste proizvo\u0111a\u010d, evo za\u0161to bi trebalo da razmislite o tome da nabavite&hellip;","_links":{"self":[{"href":"https:\/\/www.v-label.com\/sr\/wp-json\/wp\/v2\/pages\/7901","targetHints":{"allow":["GET"]}}],"collection":[{"href":"https:\/\/www.v-label.com\/sr\/wp-json\/wp\/v2\/pages"}],"about":[{"href":"https:\/\/www.v-label.com\/sr\/wp-json\/wp\/v2\/types\/page"}],"author":[{"embeddable":true,"href":"https:\/\/www.v-label.com\/sr\/wp-json\/wp\/v2\/users\/5"}],"replies":[{"embeddable":true,"href":"https:\/\/www.v-label.com\/sr\/wp-json\/wp\/v2\/comments?post=7901"}],"version-history":[{"count":4,"href":"https:\/\/www.v-label.com\/sr\/wp-json\/wp\/v2\/pages\/7901\/revisions"}],"predecessor-version":[{"id":83948,"href":"https:\/\/www.v-label.com\/sr\/wp-json\/wp\/v2\/pages\/7901\/revisions\/83948"}],"wp:featuredmedia":[{"embeddable":true,"href":"https:\/\/www.v-label.com\/sr\/wp-json\/wp\/v2\/media\/39768"}],"wp:attachment":[{"href":"https:\/\/www.v-label.com\/sr\/wp-json\/wp\/v2\/media?parent=7901"}],"wp:term":[{"taxonomy":"category","embeddable":true,"href":"https:\/\/www.v-label.com\/sr\/wp-json\/wp\/v2\/categories?post=7901"},{"taxonomy":"post_tag","embeddable":true,"href":"https:\/\/www.v-label.com\/sr\/wp-json\/wp\/v2\/tags?post=7901"}],"curies":[{"name":"wp","href":"https:\/\/api.w.org\/{rel}","templated":true}]}}