{"id":7958,"date":"2022-05-30T16:16:29","date_gmt":"2022-05-30T14:16:29","guid":{"rendered":"https:\/\/www.v-label.com\/info-for-producers\/benefits\/"},"modified":"2024-07-11T10:59:45","modified_gmt":"2024-07-11T08:59:45","slug":"benefits","status":"publish","type":"page","link":"https:\/\/www.v-label.com\/sr\/info-for-producers\/benefits\/","title":{"rendered":"Pogodnostima"},"content":{"rendered":"\n<p>Kupci \u0161irom sveta se sve vi\u0161e odlu\u010duju za biljne proizvode iz razloga kao \u0161to su zdravlje, netolerancija, pogodnost, etika, popustljivost ili jednostavno zato \u0161to to vole njihova deca. Kako se veganstvo sve vi\u0161e \u0161iri, vlade i organizacije to prime\u0107uju. Postaje o\u010digledno da se ciljevi Pari\u0161kog klimatskog sporazuma, na koji su se obavezale gotovo sve vlade, ne mogu posti\u0107i bez smanjenja konzumacije \u017eivotinjskih proizvoda. Sve ovo podsti\u010de va\u017ean ekosistem za proizvo\u0111a\u010de, da prona\u0111u inovativne i odr\u017eive alternative. Ostvarite sna\u017ean uticaj na ovo, sve ve\u0107e, tr\u017ei\u0161te, danas i u godinama koje dolaze, sa V-Oznakom.<\/p>\n\n\n\n<div class=\"wp-block-media-text is-stacked-on-mobile is-vertically-aligned-center is-image-fill\"><figure class=\"wp-block-media-text__media\" style=\"background-image:url(https:\/\/www.v-label.com\/wp-content\/uploads\/2022\/12\/v-label-consumers-favorite.jpg);background-position:62% 53%\"><img decoding=\"async\" src=\"https:\/\/www.v-label.com\/wp-content\/uploads\/2022\/12\/v-label-consumers-favorite.jpg\" alt=\"\" class=\"wp-image-39649 size-full\"\/><\/figure><div class=\"wp-block-media-text__content\">\n<h3 class=\"wp-block-heading\"><strong>Favorit potro\u0161a\u010da<\/strong><\/h3>\n\n\n\n<p>V-Oznaka je u Nema\u010dkoj osma najpoznatija oznaka kvaliteta i na tre\u0107em je mestu kao pe\u010dat kvaliteta hrane kom se najvi\u0161e veruje, prema renomiranoj studiji G\u00fctesiegel Monitor 2020. U Evropskoj uniji V-Oznaka je sada najpoznatija oznaka za vegetarijanske i veganske proizvode. V-Label je sertifikovao preko 70.000 proizvoda \u0161irom sveta i ima veliku podr\u0161ku u veganskoj i vegetarijanskoj zajednici. Jednostavnom kategorizacijom proizvoda kao vegansko ili vegetarijansko, V-Oznaka je brz i pouzdan na\u010din da ljudima ka\u017eete \u0161ta ta\u010dno kupuju.<\/p>\n<\/div><\/div>\n\n\n\n<div style=\"height:30px\" aria-hidden=\"true\" class=\"wp-block-spacer\"><\/div>\n\n\n\n<div class=\"wp-block-media-text is-stacked-on-mobile is-vertically-aligned-center is-image-fill\"><figure class=\"wp-block-media-text__media\" style=\"background-image:url(https:\/\/www.v-label.com\/wp-content\/uploads\/2022\/12\/v-label-global-recognition.jpg);background-position:50% 50%\"><img decoding=\"async\" width=\"1280\" height=\"959\" src=\"https:\/\/www.v-label.com\/wp-content\/uploads\/2022\/12\/v-label-global-recognition.jpg\" alt=\"\" class=\"wp-image-17595 size-full\" srcset=\"https:\/\/www.v-label.com\/wp-content\/uploads\/2022\/12\/v-label-global-recognition.jpg 1280w, https:\/\/www.v-label.com\/wp-content\/uploads\/2022\/12\/v-label-global-recognition-300x225.jpg 300w, https:\/\/www.v-label.com\/wp-content\/uploads\/2022\/12\/v-label-global-recognition-1024x767.jpg 1024w, https:\/\/www.v-label.com\/wp-content\/uploads\/2022\/12\/v-label-global-recognition-500x375.jpg 500w, https:\/\/www.v-label.com\/wp-content\/uploads\/2022\/12\/v-label-global-recognition-768x575.jpg 768w\" sizes=\"(max-width: 1280px) 100vw, 1280px\" \/><\/figure><div class=\"wp-block-media-text__content\">\n<h3 class=\"wp-block-heading\"><strong>Globalno priznata<\/strong><\/h3>\n\n\n\n<p>V-Oznaka je osnovana pre 25 godina u \u0160vajcarskoj i stekla je vode\u0107u poziciju u potvr\u0111ivanju kvaliteta veganskih i vegetarijanskih proizvoda i usluga. Sa V-Oznakom dobijate jedinstveni sertifikat koji je izuzetno prepoznatljiv na svim tr\u017ei\u0161tima. Od Berlina do Buenos Airesa, oku svesnog potro\u0161a\u010da te\u0161ko mo\u017ee da promakne \u017euta na zelenoj i zemljanoj boji \u010desto kori\u0161\u0107enoj u odr\u017eivoj ambala\u017ei.<\/p>\n<\/div><\/div>\n\n\n\n<div style=\"height:30px\" aria-hidden=\"true\" class=\"wp-block-spacer\"><\/div>\n\n\n\n<div class=\"wp-block-media-text is-stacked-on-mobile is-vertically-aligned-center is-image-fill\"><figure class=\"wp-block-media-text__media\" style=\"background-image:url(https:\/\/www.v-label.com\/wp-content\/uploads\/2022\/12\/v-label-business-partnerships.jpg);background-position:50% 50%\"><img decoding=\"async\" width=\"1280\" height=\"853\" src=\"https:\/\/www.v-label.com\/wp-content\/uploads\/2022\/12\/v-label-business-partnerships.jpg\" alt=\"\" class=\"wp-image-17615 size-full\" srcset=\"https:\/\/www.v-label.com\/wp-content\/uploads\/2022\/12\/v-label-business-partnerships.jpg 1280w, https:\/\/www.v-label.com\/wp-content\/uploads\/2022\/12\/v-label-business-partnerships-300x200.jpg 300w, https:\/\/www.v-label.com\/wp-content\/uploads\/2022\/12\/v-label-business-partnerships-1024x682.jpg 1024w, https:\/\/www.v-label.com\/wp-content\/uploads\/2022\/12\/v-label-business-partnerships-500x333.jpg 500w, https:\/\/www.v-label.com\/wp-content\/uploads\/2022\/12\/v-label-business-partnerships-768x512.jpg 768w\" sizes=\"(max-width: 1280px) 100vw, 1280px\" \/><\/figure><div class=\"wp-block-media-text__content\">\n<h3 class=\"wp-block-heading\"><strong>Poslovno partnerstvo<\/strong><\/h3>\n\n\n\n<p>Kao jedina svetska sertifikacija sa lokalnim predstavnicima u vi\u0161e od 50 zemalja (i slu\u017ebom za korisnike na vi\u0161e od 30 jezika), V-Label vas poziva na putovanje daleko dalje od dobijanja sertifikata. \u0160ta bi za va\u0161u kompaniju zna\u010dilo da imate alate za izgradnju poslovanja poput uvida u tr\u017ei\u0161te, kvalitativne analize, saveta o sastojcima, partnera za ogla\u0161avanje i drugih smernica? Lansirate li novi proizvod ili prvi put ulazite na vegansko tr\u017ei\u0161te? Rado bismo vas uputili na stru\u010dnjake (stru\u010dnjake za prehrambenu tehnologiju, zakone o hrani, upravljanje kvalitetom, kozmetologiju, marketing, biotehnologiju, ishranu, istra\u017eivanje tr\u017ei\u0161ta i potro\u0161a\u010da i jo\u0161 mnogo toga) i kontakte u veganskoj industriji i zajednici.<\/p>\n<\/div><\/div>\n\n\n\n<div style=\"height:30px\" aria-hidden=\"true\" class=\"wp-block-spacer\"><\/div>\n\n\n\n<div class=\"wp-block-media-text is-stacked-on-mobile is-vertically-aligned-center is-image-fill\"><figure class=\"wp-block-media-text__media\" style=\"background-image:url(https:\/\/www.v-label.com\/wp-content\/uploads\/2022\/12\/v-label-inclusive-approach.jpg);background-position:12% 52%\"><img decoding=\"async\" width=\"1280\" height=\"854\" src=\"https:\/\/www.v-label.com\/wp-content\/uploads\/2022\/12\/v-label-inclusive-approach.jpg\" alt=\"\" class=\"wp-image-17635 size-full\" srcset=\"https:\/\/www.v-label.com\/wp-content\/uploads\/2022\/12\/v-label-inclusive-approach.jpg 1280w, https:\/\/www.v-label.com\/wp-content\/uploads\/2022\/12\/v-label-inclusive-approach-300x200.jpg 300w, https:\/\/www.v-label.com\/wp-content\/uploads\/2022\/12\/v-label-inclusive-approach-1024x683.jpg 1024w, https:\/\/www.v-label.com\/wp-content\/uploads\/2022\/12\/v-label-inclusive-approach-500x334.jpg 500w, https:\/\/www.v-label.com\/wp-content\/uploads\/2022\/12\/v-label-inclusive-approach-768x512.jpg 768w\" sizes=\"(max-width: 1280px) 100vw, 1280px\" \/><\/figure><div class=\"wp-block-media-text__content\">\n<h3 class=\"wp-block-heading\"><strong>Inkluzivni pristup<\/strong><\/h3>\n\n\n\n<p>Pru\u017eaju\u0107i proizvo\u0111a\u010dima veganske i vegetarijanske sertifikate na osnovu temeljnih provera i upravljanja kvalitetom, V-Label je namenjen bilo kojoj vrsti poslovanja, od veganskih novoosnovanih preduze\u0107a do me\u0111unarodnih kompanija kao \u0161to su Unilever, Nestle ili Danone. Zajedno sa poslovnom inteligencijom, to je odr\u017eiva opcija za kompanije koje nisu prete\u017eno orijentisane u biljnom segmentu, ali \u017eele da slu\u017ee rastu\u0107oj fleksitarijanskoj populaciji. Osim u hrani, V-Oznaka je dostupna i drugim industrijama poput mode, kozmetike, gastronomije, sredstava za \u010di\u0161\u0107enje i mnogih drugih.<\/p>\n<\/div><\/div>\n","protected":false},"excerpt":{"rendered":"<p>Kupci \u0161irom sveta se sve vi\u0161e odlu\u010duju za biljne proizvode iz razloga kao \u0161to su zdravlje, netolerancija, pogodnost, etika, popustljivost ili jednostavno zato \u0161to to vole njihova deca. Kako se veganstvo sve vi\u0161e \u0161iri, vlade i organizacije to prime\u0107uju. Postaje o\u010digledno da se ciljevi Pari\u0161kog klimatskog sporazuma, na koji su se obavezale gotovo sve vlade, [&hellip;]<\/p>\n","protected":false},"author":5,"featured_media":17561,"parent":7901,"menu_order":0,"comment_status":"closed","ping_status":"closed","template":"","meta":{"_acf_changed":false,"_editorskit_title_hidden":false,"_editorskit_reading_time":0,"_editorskit_is_block_options_detached":false,"_editorskit_block_options_position":"{}","inline_featured_image":false,"_uag_custom_page_level_css":"","footnotes":""},"categories":[],"tags":[],"class_list":["post-7958","page","type-page","status-publish","has-post-thumbnail","hentry"],"acf":[],"uagb_featured_image_src":{"full":["https:\/\/www.v-label.com\/wp-content\/uploads\/2022\/12\/v-label-benefits.jpg",1280,878,false],"thumbnail":["https:\/\/www.v-label.com\/wp-content\/uploads\/2022\/12\/v-label-benefits-500x343.jpg",500,343,true],"medium":["https:\/\/www.v-label.com\/wp-content\/uploads\/2022\/12\/v-label-benefits-300x206.jpg",300,206,true],"medium_large":["https:\/\/www.v-label.com\/wp-content\/uploads\/2022\/12\/v-label-benefits-768x527.jpg",768,527,true],"large":["https:\/\/www.v-label.com\/wp-content\/uploads\/2022\/12\/v-label-benefits-1024x702.jpg",1024,702,true],"1536x1536":["https:\/\/www.v-label.com\/wp-content\/uploads\/2022\/12\/v-label-benefits.jpg",1280,878,false],"2048x2048":["https:\/\/www.v-label.com\/wp-content\/uploads\/2022\/12\/v-label-benefits.jpg",1280,878,false],"preview":["https:\/\/www.v-label.com\/wp-content\/uploads\/2022\/12\/v-label-benefits-904x720.jpg",904,720,true],"header":["https:\/\/www.v-label.com\/wp-content\/uploads\/2022\/12\/v-label-benefits-1280x720.jpg",1280,720,true],"gform-image-choice-sm":["https:\/\/www.v-label.com\/wp-content\/uploads\/2022\/12\/v-label-benefits.jpg",300,206,false],"gform-image-choice-md":["https:\/\/www.v-label.com\/wp-content\/uploads\/2022\/12\/v-label-benefits.jpg",400,274,false],"gform-image-choice-lg":["https:\/\/www.v-label.com\/wp-content\/uploads\/2022\/12\/v-label-benefits.jpg",600,412,false]},"uagb_author_info":{"display_name":"Can Aslan","author_link":"https:\/\/www.v-label.com\/sr"},"uagb_comment_info":0,"uagb_excerpt":"Kupci \u0161irom sveta se sve vi\u0161e odlu\u010duju za biljne proizvode iz razloga kao \u0161to su zdravlje, netolerancija, pogodnost, etika, popustljivost ili jednostavno zato \u0161to to vole njihova deca. Kako se veganstvo sve vi\u0161e \u0161iri, vlade i organizacije to prime\u0107uju. Postaje o\u010digledno da se ciljevi Pari\u0161kog klimatskog sporazuma, na koji su se obavezale gotovo sve vlade,&hellip;","_links":{"self":[{"href":"https:\/\/www.v-label.com\/sr\/wp-json\/wp\/v2\/pages\/7958","targetHints":{"allow":["GET"]}}],"collection":[{"href":"https:\/\/www.v-label.com\/sr\/wp-json\/wp\/v2\/pages"}],"about":[{"href":"https:\/\/www.v-label.com\/sr\/wp-json\/wp\/v2\/types\/page"}],"author":[{"embeddable":true,"href":"https:\/\/www.v-label.com\/sr\/wp-json\/wp\/v2\/users\/5"}],"replies":[{"embeddable":true,"href":"https:\/\/www.v-label.com\/sr\/wp-json\/wp\/v2\/comments?post=7958"}],"version-history":[{"count":6,"href":"https:\/\/www.v-label.com\/sr\/wp-json\/wp\/v2\/pages\/7958\/revisions"}],"predecessor-version":[{"id":83950,"href":"https:\/\/www.v-label.com\/sr\/wp-json\/wp\/v2\/pages\/7958\/revisions\/83950"}],"up":[{"embeddable":true,"href":"https:\/\/www.v-label.com\/sr\/wp-json\/wp\/v2\/pages\/7901"}],"wp:featuredmedia":[{"embeddable":true,"href":"https:\/\/www.v-label.com\/sr\/wp-json\/wp\/v2\/media\/17561"}],"wp:attachment":[{"href":"https:\/\/www.v-label.com\/sr\/wp-json\/wp\/v2\/media?parent=7958"}],"wp:term":[{"taxonomy":"category","embeddable":true,"href":"https:\/\/www.v-label.com\/sr\/wp-json\/wp\/v2\/categories?post=7958"},{"taxonomy":"post_tag","embeddable":true,"href":"https:\/\/www.v-label.com\/sr\/wp-json\/wp\/v2\/tags?post=7958"}],"curies":[{"name":"wp","href":"https:\/\/api.w.org\/{rel}","templated":true}]}}