{"id":8022,"date":"2022-05-30T16:14:53","date_gmt":"2022-05-30T14:14:53","guid":{"rendered":"https:\/\/www.v-label.com\/branches\/"},"modified":"2022-12-10T09:36:10","modified_gmt":"2022-12-10T08:36:10","slug":"branches","status":"publish","type":"page","link":"https:\/\/www.v-label.com\/sr\/branches\/","title":{"rendered":"Informacije"},"content":{"rendered":"\n<p>Globalno tr\u017ei\u0161te biljnih sastojaka bele\u017ei rekordnu prodaju dugi niz godina i <a href=\"https:\/\/univdatosmarketinsights.medium.com\/plant-based-food-market-global-industry-analysis-size-share-growth-trends-and-forecast-2a0c4dd7867\" target=\"_blank\" rel=\"noopener\">o\u010dekuje se rast<\/a><strong> <\/strong>od 8,94% godi\u0161nje tokom perioda 2019-2025. Dok je prihod u 2018. iznosio 10,66 biliona dolara, o\u010dekuje se da \u0107e <a href=\"https:\/\/www.absolutemarketsinsights.com\/reports\/Global-Vegan-Food-Market-2019-2027-532\" target=\"_blank\" rel=\"noopener\">do 2027. godine isti dosti\u0107i 27,98 biliona dolara<\/a>.<\/p>\n\n\n\n<p>Globalno, potro\u0161a\u010di sve vi\u0161e tra\u017ee zdrave, eti\u010dke i isplative proizvode sa malim uticajem na \u017eivotnu sredinu, \u0161to <a href=\"https:\/\/www.researchandmarkets.com\/reports\/5141758\/plant-based-meat-market-global-outlook-and\" target=\"_blank\" rel=\"noopener\">pokre\u0107e potra\u017enju<\/a> za veganskim i vegetarijanskim opcijama. Sve vi\u0161e kompanija prepoznaje prednosti zadovoljavanja rastu\u0107ih potreba tr\u017ei\u0161ta za nizom raznolikih visokokvalitetnih proizvoda bez saastojaka \u017eivotinjskog porekla.<\/p>\n\n\n\n<p>Potro\u0161a\u010di tako\u0111e sve vi\u0161e tra\u017ee transparentnost u ozna\u010davanju. Oni \u017eele mogu\u0107nost da samostalno, brzo i sigurno identifikuju veganske i vegetarijanske proizvode. G\u00fctesiegel Monitor rangirao je V-Oznaku kao jednu od tri najpouzdanije oznake za hranu u Nema\u010dkoj 2020. Ozna\u010davanje od strane nezavisnih organizacija daje potro\u0161a\u010dima ve\u0107e poverenje od oznaka koje dodeljuje proizvo\u0111a\u010d &#8211; samo u Nema\u010dkoj 60% veruje da institucija za za\u0161titu \u017eivotne sredine vr\u0161i doslednije inspekcije od privatnh robnih marki.<\/p>\n\n\n\r\n<ul id=\"pagelinks-block_d0322fcf0e8999c4170627dd56a85837\" class=\"wp-block-pagelinks\">\r\n\t\t\t\t\t\t<li>\r\n\t\t\t\t<article>\r\n\t\t\t\t\t\t\t\t\t\t\t<a href=\"https:\/\/www.v-label.com\/sr\/branches\/cosmetics\/\" class=\"post_thumbnail\">\r\n\t\t\t\t\t\t\t<img decoding=\"async\" width=\"904\" height=\"720\" src=\"https:\/\/www.v-label.com\/wp-content\/uploads\/2022\/12\/cosmetics-1280-904x720.jpg\" class=\"attachment-preview size-preview wp-post-image\" alt=\"\" \/>\t\t\t\t\t\t<\/a>\r\n\t\t\t\t\t\t\t\t\t\t<div class=\"inner\">\r\n\t\t\t\t\t\t<div class=\"inner_top\">\r\n\t\t\t\t\t\t\t<header>\r\n\t\t\t\t\t\t\t\t<h3>\r\n\t\t\t\t\t\t\t\t\t<a href=\"https:\/\/www.v-label.com\/sr\/branches\/cosmetics\/\">Kozmetika i sredstva za \u010di\u0161c\u0301enje<\/a>\r\n\t\t\t\t\t\t\t\t<\/h3>\r\n\t\t\t\t\t\t\t\t\t\t\t\t\t\t\t<\/header>\r\n\t\t\t\t\t\t\t\t\t\t\t\t\t\t\t<div class=\"excerpt\">\r\n\t\t\t\t\t\t\t\t\t<p>Pogodnost, odgovornost za sopstveno zdravlje i glasniji poziv za lepotu bez okrutnosti. To su tri glavna razloga zbog kojih se predvi\u0111a da \u0107e globalno tr\u017ei\u0161te veganske kozmetike dosti\u0107i 20,8 biliona ameri\u010dkih dolara do 2025. godine, \u0161to predstavlja rast od 6,3%. Ovaj podatak proizlazi iz izve\u0161taja o veli\u010dini tr\u017ei\u0161ta, udelu i trendovima veganske kozmetike iz 2018. [&hellip;]<\/p>\r\n\t\t\t\t\t\t\t\t<\/div>\r\n\t\t\t\t\t\t\t\t\t\t\t\t\t<\/div>\r\n\t\t\t\t\t\t<a href=\"https:\/\/www.v-label.com\/sr\/branches\/cosmetics\/\" class=\"read_more\">Read more<\/a>\r\n\t\t\t\t\t<\/div>\r\n\t\t\t\t<\/article>\r\n\t\t\t<\/li>\r\n\t\t\t\t\t<li>\r\n\t\t\t\t<article>\r\n\t\t\t\t\t\t\t\t\t\t\t<a href=\"https:\/\/www.v-label.com\/sr\/branches\/food\/\" class=\"post_thumbnail\">\r\n\t\t\t\t\t\t\t<img decoding=\"async\" width=\"904\" height=\"720\" src=\"https:\/\/www.v-label.com\/wp-content\/uploads\/2022\/12\/v-label-food-sector-904x720.jpg\" class=\"attachment-preview size-preview wp-post-image\" alt=\"\" \/>\t\t\t\t\t\t<\/a>\r\n\t\t\t\t\t\t\t\t\t\t<div class=\"inner\">\r\n\t\t\t\t\t\t<div class=\"inner_top\">\r\n\t\t\t\t\t\t\t<header>\r\n\t\t\t\t\t\t\t\t<h3>\r\n\t\t\t\t\t\t\t\t\t<a href=\"https:\/\/www.v-label.com\/sr\/branches\/food\/\">Hrana<\/a>\r\n\t\t\t\t\t\t\t\t<\/h3>\r\n\t\t\t\t\t\t\t\t\t\t\t\t\t\t\t<\/header>\r\n\t\t\t\t\t\t\t\t\t\t\t\t\t\t\t<div class=\"excerpt\">\r\n\t\t\t\t\t\t\t\t\t<p>Da li ste znali da se, prema podacima Euromonitor International, tr\u017ei\u0161te biljne hrane u zapadnoj Evropi udvostru\u010dilo samo u poslednjih deset godina i \u010dini 38,5% ukupnog globalnog prihoda? Iako se o\u010dekuje da \u0107e globalno tr\u017ei\u0161te biljne hrane rasti po stopi od 8,94%, sam protein sektor \u0107e se ubrzati za 18%, dostigav\u0161i prag od 28 milijardi [&hellip;]<\/p>\r\n\t\t\t\t\t\t\t\t<\/div>\r\n\t\t\t\t\t\t\t\t\t\t\t\t\t<\/div>\r\n\t\t\t\t\t\t<a href=\"https:\/\/www.v-label.com\/sr\/branches\/food\/\" class=\"read_more\">Read more<\/a>\r\n\t\t\t\t\t<\/div>\r\n\t\t\t\t<\/article>\r\n\t\t\t<\/li>\r\n\t\t\t\t\t<li>\r\n\t\t\t\t<article>\r\n\t\t\t\t\t\t\t\t\t\t\t<a href=\"https:\/\/www.v-label.com\/sr\/branches\/gastronomy\/\" class=\"post_thumbnail\">\r\n\t\t\t\t\t\t\t<img decoding=\"async\" width=\"904\" height=\"720\" src=\"https:\/\/www.v-label.com\/wp-content\/uploads\/2022\/12\/gastronomy-1280-904x720.jpg\" class=\"attachment-preview size-preview wp-post-image\" alt=\"\" \/>\t\t\t\t\t\t<\/a>\r\n\t\t\t\t\t\t\t\t\t\t<div class=\"inner\">\r\n\t\t\t\t\t\t<div class=\"inner_top\">\r\n\t\t\t\t\t\t\t<header>\r\n\t\t\t\t\t\t\t\t<h3>\r\n\t\t\t\t\t\t\t\t\t<a href=\"https:\/\/www.v-label.com\/sr\/branches\/gastronomy\/\">Gastronomija<\/a>\r\n\t\t\t\t\t\t\t\t<\/h3>\r\n\t\t\t\t\t\t\t\t\t\t\t\t\t\t\t<\/header>\r\n\t\t\t\t\t\t\t\t\t\t\t\t\t\t\t<div class=\"excerpt\">\r\n\t\t\t\t\t\t\t\t\t<p>Od kafi\u0107a do vrhunskih restorana, bistroa i kioska, industrija prehrambenih usluga je po veli\u010dini pribli\u017eno jednaka maloprodaji hrane. Tokom protekle decenije, potro\u0161a\u010di mla\u0111i od 40 godina pove\u0107ali su unos sve\u017eeg povr\u0107a za 52%. Ovo je vidljivo iz globalne varijabilnosti u potro\u0161nji vo\u0107a i povr\u0107a, a na osnovu studije ra\u0111ene pomo\u0107u podataka SZO, Svetskih zdravstvenih anketa. [&hellip;]<\/p>\r\n\t\t\t\t\t\t\t\t<\/div>\r\n\t\t\t\t\t\t\t\t\t\t\t\t\t<\/div>\r\n\t\t\t\t\t\t<a href=\"https:\/\/www.v-label.com\/sr\/branches\/gastronomy\/\" class=\"read_more\">Read more<\/a>\r\n\t\t\t\t\t<\/div>\r\n\t\t\t\t<\/article>\r\n\t\t\t<\/li>\r\n\t\t\t\t\t<li>\r\n\t\t\t\t<article>\r\n\t\t\t\t\t\t\t\t\t\t\t<a href=\"https:\/\/www.v-label.com\/sr\/branches\/non-food\/\" class=\"post_thumbnail\">\r\n\t\t\t\t\t\t\t<img decoding=\"async\" width=\"904\" height=\"692\" src=\"https:\/\/www.v-label.com\/wp-content\/uploads\/2022\/12\/v-label-non-food-sectors-904x692.jpg\" class=\"attachment-preview size-preview wp-post-image\" alt=\"\" \/>\t\t\t\t\t\t<\/a>\r\n\t\t\t\t\t\t\t\t\t\t<div class=\"inner\">\r\n\t\t\t\t\t\t<div class=\"inner_top\">\r\n\t\t\t\t\t\t\t<header>\r\n\t\t\t\t\t\t\t\t<h3>\r\n\t\t\t\t\t\t\t\t\t<a href=\"https:\/\/www.v-label.com\/sr\/branches\/non-food\/\">Ne-hrana<\/a>\r\n\t\t\t\t\t\t\t\t<\/h3>\r\n\t\t\t\t\t\t\t\t\t\t\t\t\t\t\t<\/header>\r\n\t\t\t\t\t\t\t\t\t\t\t\t\t\t\t<div class=\"excerpt\">\r\n\t\t\t\t\t\t\t\t\t<p>Veganska i moda bez okrutnosti su industrije u usponu u godinama koje dolaze, a ve\u0107 se smatraju kul i luksuznim. Globalno tr\u017ei\u0161te veganske \u017eenske ode\u0107e procenjeno je na 396,3 biliona ameri\u010dkih dolara u 2019. godini i o\u010dekuje se da \u0107e porasti za 13,6% do 2027. godine, navodi Statista.com. Tr\u017ei\u0161te veganske ko\u017ee je pokreta\u010dka snaga industrije, [&hellip;]<\/p>\r\n\t\t\t\t\t\t\t\t<\/div>\r\n\t\t\t\t\t\t\t\t\t\t\t\t\t<\/div>\r\n\t\t\t\t\t\t<a href=\"https:\/\/www.v-label.com\/sr\/branches\/non-food\/\" class=\"read_more\">Read more<\/a>\r\n\t\t\t\t\t<\/div>\r\n\t\t\t\t<\/article>\r\n\t\t\t<\/li>\r\n\t\t\t<\/ul>","protected":false},"excerpt":{"rendered":"<p>Globalno tr\u017ei\u0161te biljnih sastojaka bele\u017ei rekordnu prodaju dugi niz godina i o\u010dekuje se rast od 8,94% godi\u0161nje tokom perioda 2019-2025. Dok je prihod u 2018. iznosio 10,66 biliona dolara, o\u010dekuje se da \u0107e do 2027. godine isti dosti\u0107i 27,98 biliona dolara. Globalno, potro\u0161a\u010di sve vi\u0161e tra\u017ee zdrave, eti\u010dke i isplative proizvode sa malim uticajem na [&hellip;]<\/p>\n","protected":false},"author":5,"featured_media":16980,"parent":0,"menu_order":0,"comment_status":"closed","ping_status":"closed","template":"","meta":{"_acf_changed":false,"_editorskit_title_hidden":false,"_editorskit_reading_time":0,"_editorskit_is_block_options_detached":false,"_editorskit_block_options_position":"{}","inline_featured_image":false,"_uag_custom_page_level_css":"","footnotes":""},"categories":[],"tags":[],"class_list":["post-8022","page","type-page","status-publish","has-post-thumbnail","hentry"],"acf":[],"uagb_featured_image_src":{"full":["https:\/\/www.v-label.com\/wp-content\/uploads\/2022\/12\/v-label-general-info-sectors.jpg",1280,716,false],"thumbnail":["https:\/\/www.v-label.com\/wp-content\/uploads\/2022\/12\/v-label-general-info-sectors-500x280.jpg",500,280,true],"medium":["https:\/\/www.v-label.com\/wp-content\/uploads\/2022\/12\/v-label-general-info-sectors-300x168.jpg",300,168,true],"medium_large":["https:\/\/www.v-label.com\/wp-content\/uploads\/2022\/12\/v-label-general-info-sectors-768x430.jpg",768,430,true],"large":["https:\/\/www.v-label.com\/wp-content\/uploads\/2022\/12\/v-label-general-info-sectors-1024x573.jpg",1024,573,true],"1536x1536":["https:\/\/www.v-label.com\/wp-content\/uploads\/2022\/12\/v-label-general-info-sectors.jpg",1280,716,false],"2048x2048":["https:\/\/www.v-label.com\/wp-content\/uploads\/2022\/12\/v-label-general-info-sectors.jpg",1280,716,false],"preview":["https:\/\/www.v-label.com\/wp-content\/uploads\/2022\/12\/v-label-general-info-sectors-904x716.jpg",904,716,true],"header":["https:\/\/www.v-label.com\/wp-content\/uploads\/2022\/12\/v-label-general-info-sectors.jpg",1280,716,false],"gform-image-choice-sm":["https:\/\/www.v-label.com\/wp-content\/uploads\/2022\/12\/v-label-general-info-sectors.jpg",300,168,false],"gform-image-choice-md":["https:\/\/www.v-label.com\/wp-content\/uploads\/2022\/12\/v-label-general-info-sectors.jpg",400,224,false],"gform-image-choice-lg":["https:\/\/www.v-label.com\/wp-content\/uploads\/2022\/12\/v-label-general-info-sectors.jpg",600,336,false]},"uagb_author_info":{"display_name":"Can Aslan","author_link":"https:\/\/www.v-label.com\/sr"},"uagb_comment_info":0,"uagb_excerpt":"Globalno tr\u017ei\u0161te biljnih sastojaka bele\u017ei rekordnu prodaju dugi niz godina i o\u010dekuje se rast od 8,94% godi\u0161nje tokom perioda 2019-2025. Dok je prihod u 2018. iznosio 10,66 biliona dolara, o\u010dekuje se da \u0107e do 2027. godine isti dosti\u0107i 27,98 biliona dolara. Globalno, potro\u0161a\u010di sve vi\u0161e tra\u017ee zdrave, eti\u010dke i isplative proizvode sa malim uticajem na&hellip;","_links":{"self":[{"href":"https:\/\/www.v-label.com\/sr\/wp-json\/wp\/v2\/pages\/8022","targetHints":{"allow":["GET"]}}],"collection":[{"href":"https:\/\/www.v-label.com\/sr\/wp-json\/wp\/v2\/pages"}],"about":[{"href":"https:\/\/www.v-label.com\/sr\/wp-json\/wp\/v2\/types\/page"}],"author":[{"embeddable":true,"href":"https:\/\/www.v-label.com\/sr\/wp-json\/wp\/v2\/users\/5"}],"replies":[{"embeddable":true,"href":"https:\/\/www.v-label.com\/sr\/wp-json\/wp\/v2\/comments?post=8022"}],"version-history":[{"count":4,"href":"https:\/\/www.v-label.com\/sr\/wp-json\/wp\/v2\/pages\/8022\/revisions"}],"predecessor-version":[{"id":10483,"href":"https:\/\/www.v-label.com\/sr\/wp-json\/wp\/v2\/pages\/8022\/revisions\/10483"}],"wp:featuredmedia":[{"embeddable":true,"href":"https:\/\/www.v-label.com\/sr\/wp-json\/wp\/v2\/media\/16980"}],"wp:attachment":[{"href":"https:\/\/www.v-label.com\/sr\/wp-json\/wp\/v2\/media?parent=8022"}],"wp:term":[{"taxonomy":"category","embeddable":true,"href":"https:\/\/www.v-label.com\/sr\/wp-json\/wp\/v2\/categories?post=8022"},{"taxonomy":"post_tag","embeddable":true,"href":"https:\/\/www.v-label.com\/sr\/wp-json\/wp\/v2\/tags?post=8022"}],"curies":[{"name":"wp","href":"https:\/\/api.w.org\/{rel}","templated":true}]}}