{"id":8061,"date":"2022-05-30T16:15:29","date_gmt":"2022-05-30T14:15:29","guid":{"rendered":"https:\/\/www.v-label.com\/branches\/cosmetics\/"},"modified":"2022-12-25T10:10:32","modified_gmt":"2022-12-25T09:10:32","slug":"cosmetics","status":"publish","type":"page","link":"https:\/\/www.v-label.com\/sr\/branches\/cosmetics\/","title":{"rendered":"Kozmetika i sredstva za \u010di\u0161c\u0301enje"},"content":{"rendered":"\n<p>Pogodnost, odgovornost za sopstveno zdravlje i glasniji poziv za lepotu bez okrutnosti. To su tri glavna razloga zbog kojih se predvi\u0111a da \u0107e globalno tr\u017ei\u0161te veganske kozmetike dosti\u0107i 20,8 biliona ameri\u010dkih dolara do 2025. godine, \u0161to predstavlja rast od 6,3%. Ovaj podatak proizlazi iz izve\u0161taja o veli\u010dini tr\u017ei\u0161ta, udelu i trendovima veganske kozmetike iz 2018. godine.<\/p>\n\n\n\n<p>Evropa ima glavni udeo na tr\u017ei\u0161tu, svedo\u010de\u0107i sve ve\u0107u potra\u017enju za proizvodima koji nisu testirani na \u017eivotinjama. Od nege ko\u017ee preko dezodoransa do \u0161ampona, sve vi\u0161e potro\u0161a\u010dkih segmenata prilikom kupovine tra\u017ei klju\u010dne re\u010di poput &#8211; vegan.<\/p>\n\n\n\n<p>Budu\u0107i da je veganska kozmetika i dalje novina, potro\u0161a\u010di su vrlo prijem\u010divi za oznake i druge znakove koji dokazuju da je njihov izbor veganski ili vegetarijanski. Da li ste znali da 19% ljudi, prema Veganskom dru\u0161tvu, proverava da li su njihovi toaletni proizvodi testirani na \u017eivotinjama? U\u010dinite ovu karakteristiku svog proizvoda vidljivom pomo\u0107u V-Oznake i budite njihov prirodan izbor!<\/p>\n\n\n\n<p>O\u010digledno je da nije samo li\u010dna nega svedok porasta veganskih i vegetarijanskih alternativa &#8211; to je i doma\u0107instvo! Neka se va\u0161i proizvodi za \u010di\u0161\u0107enje istaknu upadljivom V-Oznakom.<\/p>\n\n\n\n<div class=\"wp-block-buttons is-content-justification-center is-layout-flex wp-container-core-buttons-is-layout-16018d1d wp-block-buttons-is-layout-flex\">\n<div class=\"wp-block-button\"><a class=\"wp-block-button__link wp-element-button\" href=\"https:\/\/www.v-label.com\/sr\/for-business\/get-certified\/\">Nabavite V-Label sertifikat<\/a><\/div>\n<\/div>\n","protected":false},"excerpt":{"rendered":"<p>Pogodnost, odgovornost za sopstveno zdravlje i glasniji poziv za lepotu bez okrutnosti. To su tri glavna razloga zbog kojih se predvi\u0111a da \u0107e globalno tr\u017ei\u0161te veganske kozmetike dosti\u0107i 20,8 biliona ameri\u010dkih dolara do 2025. godine, \u0161to predstavlja rast od 6,3%. Ovaj podatak proizlazi iz izve\u0161taja o veli\u010dini tr\u017ei\u0161ta, udelu i trendovima veganske kozmetike iz 2018. [&hellip;]<\/p>\n","protected":false},"author":5,"featured_media":17286,"parent":8022,"menu_order":0,"comment_status":"closed","ping_status":"closed","template":"","meta":{"_acf_changed":false,"_editorskit_title_hidden":false,"_editorskit_reading_time":0,"_editorskit_is_block_options_detached":false,"_editorskit_block_options_position":"{}","inline_featured_image":false,"_uag_custom_page_level_css":"","footnotes":""},"categories":[],"tags":[],"class_list":["post-8061","page","type-page","status-publish","has-post-thumbnail","hentry"],"acf":[],"uagb_featured_image_src":{"full":["https:\/\/www.v-label.com\/wp-content\/uploads\/2022\/12\/cosmetics-1280.jpg",1280,868,false],"thumbnail":["https:\/\/www.v-label.com\/wp-content\/uploads\/2022\/12\/cosmetics-1280-500x339.jpg",500,339,true],"medium":["https:\/\/www.v-label.com\/wp-content\/uploads\/2022\/12\/cosmetics-1280-300x203.jpg",300,203,true],"medium_large":["https:\/\/www.v-label.com\/wp-content\/uploads\/2022\/12\/cosmetics-1280-768x521.jpg",768,521,true],"large":["https:\/\/www.v-label.com\/wp-content\/uploads\/2022\/12\/cosmetics-1280-1024x694.jpg",1024,694,true],"1536x1536":["https:\/\/www.v-label.com\/wp-content\/uploads\/2022\/12\/cosmetics-1280.jpg",1280,868,false],"2048x2048":["https:\/\/www.v-label.com\/wp-content\/uploads\/2022\/12\/cosmetics-1280.jpg",1280,868,false],"preview":["https:\/\/www.v-label.com\/wp-content\/uploads\/2022\/12\/cosmetics-1280-904x720.jpg",904,720,true],"header":["https:\/\/www.v-label.com\/wp-content\/uploads\/2022\/12\/cosmetics-1280-1280x720.jpg",1280,720,true],"gform-image-choice-sm":["https:\/\/www.v-label.com\/wp-content\/uploads\/2022\/12\/cosmetics-1280.jpg",300,203,false],"gform-image-choice-md":["https:\/\/www.v-label.com\/wp-content\/uploads\/2022\/12\/cosmetics-1280.jpg",400,271,false],"gform-image-choice-lg":["https:\/\/www.v-label.com\/wp-content\/uploads\/2022\/12\/cosmetics-1280.jpg",600,407,false]},"uagb_author_info":{"display_name":"Can Aslan","author_link":"https:\/\/www.v-label.com\/sr"},"uagb_comment_info":0,"uagb_excerpt":"Pogodnost, odgovornost za sopstveno zdravlje i glasniji poziv za lepotu bez okrutnosti. To su tri glavna razloga zbog kojih se predvi\u0111a da \u0107e globalno tr\u017ei\u0161te veganske kozmetike dosti\u0107i 20,8 biliona ameri\u010dkih dolara do 2025. godine, \u0161to predstavlja rast od 6,3%. Ovaj podatak proizlazi iz izve\u0161taja o veli\u010dini tr\u017ei\u0161ta, udelu i trendovima veganske kozmetike iz 2018.&hellip;","_links":{"self":[{"href":"https:\/\/www.v-label.com\/sr\/wp-json\/wp\/v2\/pages\/8061","targetHints":{"allow":["GET"]}}],"collection":[{"href":"https:\/\/www.v-label.com\/sr\/wp-json\/wp\/v2\/pages"}],"about":[{"href":"https:\/\/www.v-label.com\/sr\/wp-json\/wp\/v2\/types\/page"}],"author":[{"embeddable":true,"href":"https:\/\/www.v-label.com\/sr\/wp-json\/wp\/v2\/users\/5"}],"replies":[{"embeddable":true,"href":"https:\/\/www.v-label.com\/sr\/wp-json\/wp\/v2\/comments?post=8061"}],"version-history":[{"count":7,"href":"https:\/\/www.v-label.com\/sr\/wp-json\/wp\/v2\/pages\/8061\/revisions"}],"predecessor-version":[{"id":34999,"href":"https:\/\/www.v-label.com\/sr\/wp-json\/wp\/v2\/pages\/8061\/revisions\/34999"}],"up":[{"embeddable":true,"href":"https:\/\/www.v-label.com\/sr\/wp-json\/wp\/v2\/pages\/8022"}],"wp:featuredmedia":[{"embeddable":true,"href":"https:\/\/www.v-label.com\/sr\/wp-json\/wp\/v2\/media\/17286"}],"wp:attachment":[{"href":"https:\/\/www.v-label.com\/sr\/wp-json\/wp\/v2\/media?parent=8061"}],"wp:term":[{"taxonomy":"category","embeddable":true,"href":"https:\/\/www.v-label.com\/sr\/wp-json\/wp\/v2\/categories?post=8061"},{"taxonomy":"post_tag","embeddable":true,"href":"https:\/\/www.v-label.com\/sr\/wp-json\/wp\/v2\/tags?post=8061"}],"curies":[{"name":"wp","href":"https:\/\/api.w.org\/{rel}","templated":true}]}}