{"id":8095,"date":"2022-05-30T16:15:11","date_gmt":"2022-05-30T14:15:11","guid":{"rendered":"https:\/\/www.v-label.com\/branches\/food\/"},"modified":"2022-12-25T09:53:49","modified_gmt":"2022-12-25T08:53:49","slug":"food","status":"publish","type":"page","link":"https:\/\/www.v-label.com\/sr\/branches\/food\/","title":{"rendered":"Hrana"},"content":{"rendered":"\n<p>Da li ste znali da se, prema podacima Euromonitor International, tr\u017ei\u0161te biljne hrane u zapadnoj Evropi udvostru\u010dilo samo u poslednjih deset godina i \u010dini 38,5% ukupnog globalnog prihoda?<\/p>\n\n\n\n<p>Iako se o\u010dekuje da \u0107e globalno tr\u017ei\u0161te biljne hrane rasti po stopi od 8,94%, sam protein sektor \u0107e se <a href=\"https:\/\/www.prnewswire.com\/news-releases\/the-global-plant-based-meat-market-by-revenue-is-expected-to-grow-at-a-cagr-of-over-18-during-the-period-20192025-301123673.html\" target=\"_blank\" rel=\"noopener\">ubrzati za 18%<\/a>, dostigav\u0161i prag od 28 milijardi dolara do 2025. Pokretanje veganskih preduze\u0107a ve\u0107 podr\u017eava statistiku: ona su usredsre\u0111ena na zadovoljavanje rastu\u0107e potra\u017enje za veganskom govedinom, ribom, sirom, mlekom, jogurtom, jajima, pecivima, vitaminima i suplementima, od kojih je svaka kategorija u porastu. Pored toga, ciljani proizvodi na\u0161li su se u tradicionalnim trgovinskim lancima, a utemeljeni proizvo\u0111a\u010di hrane uvode veganske i vegetarijanske linije.<\/p>\n\n\n\n<p>Zanimljivo je da je ovo samo po\u010detak. Prema ProVeg International-u, sve ve\u0107a ulaganja u tehnolo\u0161ke inovacije osiguravaju da se ukus i tekstura ovih proizvoda samo pobolj\u0161avaju daljim unapre\u0111enjem sastojaka i procesa obrade. Posedovanjem V-Oznake, kao najpoznatije veganske i vegetarijanske oznake u prehrambenom sektoru, vi imate mnogo benefita usled ovog nevi\u0111enog rasta tr\u017ei\u0161ta.<\/p>\n\n\n\n<div class=\"wp-block-buttons is-content-justification-center is-layout-flex wp-container-core-buttons-is-layout-16018d1d wp-block-buttons-is-layout-flex\">\n<div class=\"wp-block-button\"><a class=\"wp-block-button__link wp-element-button\" href=\"https:\/\/www.v-label.com\/sr\/for-business\/get-certified\/\">Nabavite V-Label sertifikat<\/a><\/div>\n<\/div>\n","protected":false},"excerpt":{"rendered":"<p>Da li ste znali da se, prema podacima Euromonitor International, tr\u017ei\u0161te biljne hrane u zapadnoj Evropi udvostru\u010dilo samo u poslednjih deset godina i \u010dini 38,5% ukupnog globalnog prihoda? Iako se o\u010dekuje da \u0107e globalno tr\u017ei\u0161te biljne hrane rasti po stopi od 8,94%, sam protein sektor \u0107e se ubrzati za 18%, dostigav\u0161i prag od 28 milijardi [&hellip;]<\/p>\n","protected":false},"author":5,"featured_media":17001,"parent":8022,"menu_order":0,"comment_status":"closed","ping_status":"closed","template":"","meta":{"_acf_changed":false,"_editorskit_title_hidden":false,"_editorskit_reading_time":0,"_editorskit_is_block_options_detached":false,"_editorskit_block_options_position":"{}","inline_featured_image":false,"_uag_custom_page_level_css":"","footnotes":""},"categories":[],"tags":[],"class_list":["post-8095","page","type-page","status-publish","has-post-thumbnail","hentry"],"acf":[],"uagb_featured_image_src":{"full":["https:\/\/www.v-label.com\/wp-content\/uploads\/2022\/12\/v-label-food-sector.jpg",1280,857,false],"thumbnail":["https:\/\/www.v-label.com\/wp-content\/uploads\/2022\/12\/v-label-food-sector-500x335.jpg",500,335,true],"medium":["https:\/\/www.v-label.com\/wp-content\/uploads\/2022\/12\/v-label-food-sector-300x201.jpg",300,201,true],"medium_large":["https:\/\/www.v-label.com\/wp-content\/uploads\/2022\/12\/v-label-food-sector-768x514.jpg",768,514,true],"large":["https:\/\/www.v-label.com\/wp-content\/uploads\/2022\/12\/v-label-food-sector-1024x686.jpg",1024,686,true],"1536x1536":["https:\/\/www.v-label.com\/wp-content\/uploads\/2022\/12\/v-label-food-sector.jpg",1280,857,false],"2048x2048":["https:\/\/www.v-label.com\/wp-content\/uploads\/2022\/12\/v-label-food-sector.jpg",1280,857,false],"preview":["https:\/\/www.v-label.com\/wp-content\/uploads\/2022\/12\/v-label-food-sector-904x720.jpg",904,720,true],"header":["https:\/\/www.v-label.com\/wp-content\/uploads\/2022\/12\/v-label-food-sector-1280x720.jpg",1280,720,true],"gform-image-choice-sm":["https:\/\/www.v-label.com\/wp-content\/uploads\/2022\/12\/v-label-food-sector.jpg",300,201,false],"gform-image-choice-md":["https:\/\/www.v-label.com\/wp-content\/uploads\/2022\/12\/v-label-food-sector.jpg",400,268,false],"gform-image-choice-lg":["https:\/\/www.v-label.com\/wp-content\/uploads\/2022\/12\/v-label-food-sector.jpg",600,402,false]},"uagb_author_info":{"display_name":"Can Aslan","author_link":"https:\/\/www.v-label.com\/sr"},"uagb_comment_info":0,"uagb_excerpt":"Da li ste znali da se, prema podacima Euromonitor International, tr\u017ei\u0161te biljne hrane u zapadnoj Evropi udvostru\u010dilo samo u poslednjih deset godina i \u010dini 38,5% ukupnog globalnog prihoda? Iako se o\u010dekuje da \u0107e globalno tr\u017ei\u0161te biljne hrane rasti po stopi od 8,94%, sam protein sektor \u0107e se ubrzati za 18%, dostigav\u0161i prag od 28 milijardi&hellip;","_links":{"self":[{"href":"https:\/\/www.v-label.com\/sr\/wp-json\/wp\/v2\/pages\/8095","targetHints":{"allow":["GET"]}}],"collection":[{"href":"https:\/\/www.v-label.com\/sr\/wp-json\/wp\/v2\/pages"}],"about":[{"href":"https:\/\/www.v-label.com\/sr\/wp-json\/wp\/v2\/types\/page"}],"author":[{"embeddable":true,"href":"https:\/\/www.v-label.com\/sr\/wp-json\/wp\/v2\/users\/5"}],"replies":[{"embeddable":true,"href":"https:\/\/www.v-label.com\/sr\/wp-json\/wp\/v2\/comments?post=8095"}],"version-history":[{"count":6,"href":"https:\/\/www.v-label.com\/sr\/wp-json\/wp\/v2\/pages\/8095\/revisions"}],"predecessor-version":[{"id":34958,"href":"https:\/\/www.v-label.com\/sr\/wp-json\/wp\/v2\/pages\/8095\/revisions\/34958"}],"up":[{"embeddable":true,"href":"https:\/\/www.v-label.com\/sr\/wp-json\/wp\/v2\/pages\/8022"}],"wp:featuredmedia":[{"embeddable":true,"href":"https:\/\/www.v-label.com\/sr\/wp-json\/wp\/v2\/media\/17001"}],"wp:attachment":[{"href":"https:\/\/www.v-label.com\/sr\/wp-json\/wp\/v2\/media?parent=8095"}],"wp:term":[{"taxonomy":"category","embeddable":true,"href":"https:\/\/www.v-label.com\/sr\/wp-json\/wp\/v2\/categories?post=8095"},{"taxonomy":"post_tag","embeddable":true,"href":"https:\/\/www.v-label.com\/sr\/wp-json\/wp\/v2\/tags?post=8095"}],"curies":[{"name":"wp","href":"https:\/\/api.w.org\/{rel}","templated":true}]}}