{"id":8163,"date":"2022-05-30T16:15:52","date_gmt":"2022-05-30T14:15:52","guid":{"rendered":"https:\/\/www.v-label.com\/branches\/non-food\/"},"modified":"2022-12-25T10:21:56","modified_gmt":"2022-12-25T09:21:56","slug":"non-food","status":"publish","type":"page","link":"https:\/\/www.v-label.com\/sr\/branches\/non-food\/","title":{"rendered":"Ne-hrana"},"content":{"rendered":"\n<p>Veganska i moda bez okrutnosti su industrije u usponu u godinama koje dolaze, a ve\u0107 se smatraju kul i luksuznim. Globalno tr\u017ei\u0161te veganske \u017eenske ode\u0107e procenjeno je na 396,3 biliona ameri\u010dkih dolara u 2019. godini i o\u010dekuje se da \u0107e porasti za 13,6% do 2027. godine, navodi Statista.com. Tr\u017ei\u0161te veganske ko\u017ee je pokreta\u010dka snaga industrije, uglavnom zahvaljuju\u0107i tehnolo\u0161kom napretku koji se ogleda u usavr\u0161avanju novih materijala i produ\u017eavanju veka veganske ko\u017ee. Umesto ko\u017ee na bazi plastike, sve \u010de\u0161\u0107e vidimo odr\u017eivije prirodne tkanine iz razli\u010ditih izvora poput li\u0161\u0107a ananasa, fermentisanog kvasca, nusproizvoda vinske industrije i pe\u010durki. Tako\u0111e se razvijaju alternativne opcije za vunu i svilu napravljene od celuloznih vlakana, kao i razni materijali za recikliranje sve popularnije veganske aktivne ode\u0107e.<\/p>\n\n\n\n<p>I na kraju, ali ne manje va\u017eno, ne radi se samo o ode\u0107i, torbama i cipelama. Druge neprehrambene industrije tako\u0111e su izazvane i nadahnute da osmisle veganske proizvode bez okrutnosti (knjige, nakit ili sve\u0107e). No\u0161enje oznake za vegansko i vegetarijansko smatra se dodatnim poenom koji se ogleda u prodaji i \u010dini razliku. Tako\u0111e poma\u017ee potro\u0161a\u010dima da smanje buku i prona\u0111u sigurnu, odr\u017eivu ode\u0107u na sajtovima e-trgovine ili u maloprodajnim prodavnicama.<\/p>\n\n\n\n<div class=\"wp-block-buttons is-content-justification-center is-layout-flex wp-container-core-buttons-is-layout-16018d1d wp-block-buttons-is-layout-flex\">\n<div class=\"wp-block-button\"><a class=\"wp-block-button__link wp-element-button\" href=\"https:\/\/www.v-label.com\/sr\/for-business\/get-certified\/\">Nabavite V-Label sertifikat<\/a><\/div>\n<\/div>\n","protected":false},"excerpt":{"rendered":"<p>Veganska i moda bez okrutnosti su industrije u usponu u godinama koje dolaze, a ve\u0107 se smatraju kul i luksuznim. Globalno tr\u017ei\u0161te veganske \u017eenske ode\u0107e procenjeno je na 396,3 biliona ameri\u010dkih dolara u 2019. godini i o\u010dekuje se da \u0107e porasti za 13,6% do 2027. godine, navodi Statista.com. Tr\u017ei\u0161te veganske ko\u017ee je pokreta\u010dka snaga industrije, [&hellip;]<\/p>\n","protected":false},"author":5,"featured_media":17123,"parent":8022,"menu_order":0,"comment_status":"closed","ping_status":"closed","template":"","meta":{"_acf_changed":false,"_editorskit_title_hidden":false,"_editorskit_reading_time":0,"_editorskit_is_block_options_detached":false,"_editorskit_block_options_position":"{}","inline_featured_image":false,"_uag_custom_page_level_css":"","footnotes":""},"categories":[],"tags":[],"class_list":["post-8163","page","type-page","status-publish","has-post-thumbnail","hentry"],"acf":[],"uagb_featured_image_src":{"full":["https:\/\/www.v-label.com\/wp-content\/uploads\/2022\/12\/v-label-non-food-sectors.jpg",1280,692,false],"thumbnail":["https:\/\/www.v-label.com\/wp-content\/uploads\/2022\/12\/v-label-non-food-sectors-500x270.jpg",500,270,true],"medium":["https:\/\/www.v-label.com\/wp-content\/uploads\/2022\/12\/v-label-non-food-sectors-300x162.jpg",300,162,true],"medium_large":["https:\/\/www.v-label.com\/wp-content\/uploads\/2022\/12\/v-label-non-food-sectors-768x415.jpg",768,415,true],"large":["https:\/\/www.v-label.com\/wp-content\/uploads\/2022\/12\/v-label-non-food-sectors-1024x554.jpg",1024,554,true],"1536x1536":["https:\/\/www.v-label.com\/wp-content\/uploads\/2022\/12\/v-label-non-food-sectors.jpg",1280,692,false],"2048x2048":["https:\/\/www.v-label.com\/wp-content\/uploads\/2022\/12\/v-label-non-food-sectors.jpg",1280,692,false],"preview":["https:\/\/www.v-label.com\/wp-content\/uploads\/2022\/12\/v-label-non-food-sectors-904x692.jpg",904,692,true],"header":["https:\/\/www.v-label.com\/wp-content\/uploads\/2022\/12\/v-label-non-food-sectors.jpg",1280,692,false],"gform-image-choice-sm":["https:\/\/www.v-label.com\/wp-content\/uploads\/2022\/12\/v-label-non-food-sectors.jpg",300,162,false],"gform-image-choice-md":["https:\/\/www.v-label.com\/wp-content\/uploads\/2022\/12\/v-label-non-food-sectors.jpg",400,216,false],"gform-image-choice-lg":["https:\/\/www.v-label.com\/wp-content\/uploads\/2022\/12\/v-label-non-food-sectors.jpg",600,324,false]},"uagb_author_info":{"display_name":"Can Aslan","author_link":"https:\/\/www.v-label.com\/sr"},"uagb_comment_info":0,"uagb_excerpt":"Veganska i moda bez okrutnosti su industrije u usponu u godinama koje dolaze, a ve\u0107 se smatraju kul i luksuznim. Globalno tr\u017ei\u0161te veganske \u017eenske ode\u0107e procenjeno je na 396,3 biliona ameri\u010dkih dolara u 2019. godini i o\u010dekuje se da \u0107e porasti za 13,6% do 2027. godine, navodi Statista.com. Tr\u017ei\u0161te veganske ko\u017ee je pokreta\u010dka snaga industrije,&hellip;","_links":{"self":[{"href":"https:\/\/www.v-label.com\/sr\/wp-json\/wp\/v2\/pages\/8163","targetHints":{"allow":["GET"]}}],"collection":[{"href":"https:\/\/www.v-label.com\/sr\/wp-json\/wp\/v2\/pages"}],"about":[{"href":"https:\/\/www.v-label.com\/sr\/wp-json\/wp\/v2\/types\/page"}],"author":[{"embeddable":true,"href":"https:\/\/www.v-label.com\/sr\/wp-json\/wp\/v2\/users\/5"}],"replies":[{"embeddable":true,"href":"https:\/\/www.v-label.com\/sr\/wp-json\/wp\/v2\/comments?post=8163"}],"version-history":[{"count":4,"href":"https:\/\/www.v-label.com\/sr\/wp-json\/wp\/v2\/pages\/8163\/revisions"}],"predecessor-version":[{"id":35027,"href":"https:\/\/www.v-label.com\/sr\/wp-json\/wp\/v2\/pages\/8163\/revisions\/35027"}],"up":[{"embeddable":true,"href":"https:\/\/www.v-label.com\/sr\/wp-json\/wp\/v2\/pages\/8022"}],"wp:featuredmedia":[{"embeddable":true,"href":"https:\/\/www.v-label.com\/sr\/wp-json\/wp\/v2\/media\/17123"}],"wp:attachment":[{"href":"https:\/\/www.v-label.com\/sr\/wp-json\/wp\/v2\/media?parent=8163"}],"wp:term":[{"taxonomy":"category","embeddable":true,"href":"https:\/\/www.v-label.com\/sr\/wp-json\/wp\/v2\/categories?post=8163"},{"taxonomy":"post_tag","embeddable":true,"href":"https:\/\/www.v-label.com\/sr\/wp-json\/wp\/v2\/tags?post=8163"}],"curies":[{"name":"wp","href":"https:\/\/api.w.org\/{rel}","templated":true}]}}