{"id":8433,"date":"2022-05-30T16:16:01","date_gmt":"2022-05-30T14:16:01","guid":{"rendered":"https:\/\/www.v-label.com\/general-information\/"},"modified":"2022-11-18T11:20:01","modified_gmt":"2022-11-18T10:20:01","slug":"general-information","status":"publish","type":"page","link":"https:\/\/www.v-label.com\/sr\/general-information\/","title":{"rendered":"Informacije"},"content":{"rendered":"\n<h2 class=\"has-text-align-center wp-block-heading\"><strong>Informacije za potro\u0161a\u010de<\/strong><\/h2>\n\n\n\n<p>Da li ste vegan, vegetarijanac, fleksilitarijanac, smanjujete unos hrane \u017eivotinjskog porekla ili ste samo znati\u017eeljni? Budu\u0107i da pose\u0107ujete ovu stranicu, velika je verovatno\u0107a da \u017eelite po\u0161ten, odr\u017eiv (i ukusan!) svet. Sa vama smo, a na\u0161 na\u010din da doprinesemo toj budu\u0107nosti je taj \u0161to veganske i vegetarijanske proizvode u\u010dinimo \u0161iroko rasprostranjenim i lako prepoznatljivim.<\/p>\n\n\n\n<p>V-Oznaka, me\u0111unarodno priznati \u017eig za proizvode koji su vegetarijanski ili veganski i koji su pro\u0161li temeljne provere, va\u0161 je saveznik u stvaranju \u017eivota koji se zasniva na biljkama, sve vi\u0161e nakon svake informisane kupovine.<\/p>\n\n\n\n<p>Kao jednostavan i lako razumljiv svakodnevni vodi\u010d, V-Oznaka \u0161tedi vam vreme i umor od odluka. Potra\u017eite privla\u010dan \u017euti logotip prilikom slede\u0107e kupovine: na prvi pogled \u0107ete znati koji su proizvodi odobreni i stoga sigurni za kupovinu!<\/p>\n\n\n\n<p><strong>Pouzdana i verodostojna.<\/strong> Kada kupujete proizvod ili uslugu ozna\u010denu V-Oznakom, mo\u017eete se osloniti na standardizovane kriterijume za veganske i vegetarijanske proizvode koji se primenjuju po\u0161teno i me\u0111unarodno. Ne morate da brinete da li \u0107e kompanije pogre\u0161no ozna\u010davati proizvode na osnovu sopstvenih slu\u010dajnih kriterijuma. V-Oznaka, osnovana u \u0160vajcarskoj 1996. godine, jedan je od oblikova\u010da industrije.<\/p>\n\n\n\n<div class=\"wp-block-buttons is-content-justification-center is-layout-flex wp-container-core-buttons-is-layout-16018d1d wp-block-buttons-is-layout-flex\">\n<div class=\"wp-block-button\"><a class=\"wp-block-button__link wp-element-button\" href=\"https:\/\/www.v-label.com\/sr\/general-information\/certified-products\/\"><strong>Sertifikovani proizvodi<\/strong><\/a><\/div>\n\n\n\n<div class=\"wp-block-button\"><a class=\"wp-block-button__link wp-element-button\" href=\"https:\/\/www.v-label.com\/sr\/report-a-misuse\/\"><strong>Prijavi zloupotrebu<\/strong><\/a><\/div>\n<\/div>\n\n\n\n<h3 class=\"has-text-align-center wp-block-heading\"><strong><strong>Za \u0161ta se zala\u017eemo?<\/strong><\/strong><\/h3>\n\n\n\n<p>Kada kupujete proizvod ili uslugu ozna\u010denu V-Oznakom, mo\u017eete biti sigurni da:<\/p>\n\n\n\n<ul class=\"wp-block-list\">\n<li>U proizvodnji koja je ozna\u010dena kao veganska, ni u jednoj fazi proizvodnje nisu se koristili sastojci \u017eivotinjskog porekla. Tako\u0111e su uzeti u obzir aditivi i arome. Kontrole se nisu zaustavile na spisku sastojaka, ve\u0107 su obuhva\u0107ene i supstance koje nije potrebno navesti na deklaraciji, poput biotehnolo\u0161kih podloga za kulturu i pomo\u0107nih sredstava za obradu. Tako mo\u017eete biti sigurni da sok od jabuke ili vino nisu razbistreni \u017eelatinom, \u0161e\u0107er nije tretiran ko\u0161tanim bra\u0161nom, a hleb nije tretiran cisteinom koji poti\u010de od svinjskih \u010dekinja.<\/li>\n\n\n\n<li>U proizvodnji koja je ozna\u010dena kao vegetarijanska, dozvoljeno je samo mleko, kolostrum, jaja koja su uzgajana van kaveza, med, p\u010delinji vosak, propolis ili mast od vune i proizvodi od njih.<\/li>\n\n\n\n<li>Sve faze proizvodnje treba da budu dizajnirane na na\u010din da se ne\u017eeljeni tragovi neveganskih ili nevegetarijanskih supstanci u kona\u010dnom proizvodu svedu na minimum.<\/li>\n\n\n\n<li>Eksperimenti na \u017eivotinjama bilo koje vrste ne smeju biti ili nisu sprovedeni za krajnji proizvod ili za pojedina\u010dne sastojke, pomo\u0107ne materijale i druge supstance koje se koriste za preradu, ako su razvijene za kona\u010dni proizvod.<\/li>\n<\/ul>\n\n\n\n<p>Poslednje, ali svakako ne manje va\u017eno, prihod od naknada za licencu uglavnom se koristi za finansiranje razli\u010ditih nevladinih organizacija i projekata za prava vegana i \u017eivotinja.<\/p>\n\n\n\n<div class=\"wp-block-columns are-vertically-aligned-center is-layout-flex wp-container-core-columns-is-layout-9d6595d7 wp-block-columns-is-layout-flex\">\n<div class=\"wp-block-column is-vertically-aligned-center is-layout-flow wp-block-column-is-layout-flow\">\n<figure class=\"wp-block-image size-full\"><img decoding=\"async\" width=\"720\" height=\"497\" src=\"https:\/\/www.v-label.com\/wp-content\/uploads\/2022\/09\/b2b-info-page-2.webp\" alt=\"\" class=\"wp-image-879\" srcset=\"https:\/\/www.v-label.com\/wp-content\/uploads\/2022\/09\/b2b-info-page-2.webp 720w, https:\/\/www.v-label.com\/wp-content\/uploads\/2022\/09\/b2b-info-page-2-300x207.webp 300w\" sizes=\"(max-width: 720px) 100vw, 720px\" \/><\/figure>\n<\/div>\n\n\n\n<div class=\"wp-block-column is-vertically-aligned-center is-layout-flow wp-block-column-is-layout-flow\">\n<figure class=\"wp-block-image size-full\"><img decoding=\"async\" width=\"720\" height=\"482\" src=\"https:\/\/www.v-label.com\/wp-content\/uploads\/2022\/09\/b2b-info-page-1.webp\" alt=\"\" class=\"wp-image-876\" srcset=\"https:\/\/www.v-label.com\/wp-content\/uploads\/2022\/09\/b2b-info-page-1.webp 720w, https:\/\/www.v-label.com\/wp-content\/uploads\/2022\/09\/b2b-info-page-1-300x201.webp 300w\" sizes=\"(max-width: 720px) 100vw, 720px\" \/><\/figure>\n<\/div>\n\n\n\n<div class=\"wp-block-column is-vertically-aligned-center is-layout-flow wp-block-column-is-layout-flow\">\n<figure class=\"wp-block-image size-full\"><img decoding=\"async\" width=\"720\" height=\"482\" src=\"https:\/\/www.v-label.com\/wp-content\/uploads\/2022\/09\/b2b-info-page-3.webp\" alt=\"\" class=\"wp-image-860\" srcset=\"https:\/\/www.v-label.com\/wp-content\/uploads\/2022\/09\/b2b-info-page-3.webp 720w, https:\/\/www.v-label.com\/wp-content\/uploads\/2022\/09\/b2b-info-page-3-300x201.webp 300w\" sizes=\"(max-width: 720px) 100vw, 720px\" \/><\/figure>\n<\/div>\n<\/div>\n","protected":false},"excerpt":{"rendered":"<p>Informacije za potro\u0161a\u010de Da li ste vegan, vegetarijanac, fleksilitarijanac, smanjujete unos hrane \u017eivotinjskog porekla ili ste samo znati\u017eeljni? Budu\u0107i da pose\u0107ujete ovu stranicu, velika je verovatno\u0107a da \u017eelite po\u0161ten, odr\u017eiv (i ukusan!) svet. Sa vama smo, a na\u0161 na\u010din da doprinesemo toj budu\u0107nosti je taj \u0161to veganske i vegetarijanske proizvode u\u010dinimo \u0161iroko rasprostranjenim i lako [&hellip;]<\/p>\n","protected":false},"author":5,"featured_media":17185,"parent":0,"menu_order":0,"comment_status":"closed","ping_status":"closed","template":"","meta":{"_acf_changed":false,"_editorskit_title_hidden":false,"_editorskit_reading_time":0,"_editorskit_is_block_options_detached":false,"_editorskit_block_options_position":"{}","inline_featured_image":false,"_uag_custom_page_level_css":"","footnotes":""},"categories":[],"tags":[],"class_list":["post-8433","page","type-page","status-publish","has-post-thumbnail","hentry"],"acf":[],"uagb_featured_image_src":{"full":["https:\/\/www.v-label.com\/wp-content\/uploads\/2022\/12\/v-label-general-info-consumers.jpg",1280,738,false],"thumbnail":["https:\/\/www.v-label.com\/wp-content\/uploads\/2022\/12\/v-label-general-info-consumers-500x288.jpg",500,288,true],"medium":["https:\/\/www.v-label.com\/wp-content\/uploads\/2022\/12\/v-label-general-info-consumers-300x173.jpg",300,173,true],"medium_large":["https:\/\/www.v-label.com\/wp-content\/uploads\/2022\/12\/v-label-general-info-consumers-768x443.jpg",768,443,true],"large":["https:\/\/www.v-label.com\/wp-content\/uploads\/2022\/12\/v-label-general-info-consumers-1024x590.jpg",1024,590,true],"1536x1536":["https:\/\/www.v-label.com\/wp-content\/uploads\/2022\/12\/v-label-general-info-consumers.jpg",1280,738,false],"2048x2048":["https:\/\/www.v-label.com\/wp-content\/uploads\/2022\/12\/v-label-general-info-consumers.jpg",1280,738,false],"preview":["https:\/\/www.v-label.com\/wp-content\/uploads\/2022\/12\/v-label-general-info-consumers-904x720.jpg",904,720,true],"header":["https:\/\/www.v-label.com\/wp-content\/uploads\/2022\/12\/v-label-general-info-consumers-1280x720.jpg",1280,720,true],"gform-image-choice-sm":["https:\/\/www.v-label.com\/wp-content\/uploads\/2022\/12\/v-label-general-info-consumers.jpg",300,173,false],"gform-image-choice-md":["https:\/\/www.v-label.com\/wp-content\/uploads\/2022\/12\/v-label-general-info-consumers.jpg",400,231,false],"gform-image-choice-lg":["https:\/\/www.v-label.com\/wp-content\/uploads\/2022\/12\/v-label-general-info-consumers.jpg",600,346,false]},"uagb_author_info":{"display_name":"Can Aslan","author_link":"https:\/\/www.v-label.com\/sr"},"uagb_comment_info":0,"uagb_excerpt":"Informacije za potro\u0161a\u010de Da li ste vegan, vegetarijanac, fleksilitarijanac, smanjujete unos hrane \u017eivotinjskog porekla ili ste samo znati\u017eeljni? Budu\u0107i da pose\u0107ujete ovu stranicu, velika je verovatno\u0107a da \u017eelite po\u0161ten, odr\u017eiv (i ukusan!) svet. Sa vama smo, a na\u0161 na\u010din da doprinesemo toj budu\u0107nosti je taj \u0161to veganske i vegetarijanske proizvode u\u010dinimo \u0161iroko rasprostranjenim i lako&hellip;","_links":{"self":[{"href":"https:\/\/www.v-label.com\/sr\/wp-json\/wp\/v2\/pages\/8433","targetHints":{"allow":["GET"]}}],"collection":[{"href":"https:\/\/www.v-label.com\/sr\/wp-json\/wp\/v2\/pages"}],"about":[{"href":"https:\/\/www.v-label.com\/sr\/wp-json\/wp\/v2\/types\/page"}],"author":[{"embeddable":true,"href":"https:\/\/www.v-label.com\/sr\/wp-json\/wp\/v2\/users\/5"}],"replies":[{"embeddable":true,"href":"https:\/\/www.v-label.com\/sr\/wp-json\/wp\/v2\/comments?post=8433"}],"version-history":[{"count":4,"href":"https:\/\/www.v-label.com\/sr\/wp-json\/wp\/v2\/pages\/8433\/revisions"}],"predecessor-version":[{"id":9236,"href":"https:\/\/www.v-label.com\/sr\/wp-json\/wp\/v2\/pages\/8433\/revisions\/9236"}],"wp:featuredmedia":[{"embeddable":true,"href":"https:\/\/www.v-label.com\/sr\/wp-json\/wp\/v2\/media\/17185"}],"wp:attachment":[{"href":"https:\/\/www.v-label.com\/sr\/wp-json\/wp\/v2\/media?parent=8433"}],"wp:term":[{"taxonomy":"category","embeddable":true,"href":"https:\/\/www.v-label.com\/sr\/wp-json\/wp\/v2\/categories?post=8433"},{"taxonomy":"post_tag","embeddable":true,"href":"https:\/\/www.v-label.com\/sr\/wp-json\/wp\/v2\/tags?post=8433"}],"curies":[{"name":"wp","href":"https:\/\/api.w.org\/{rel}","templated":true}]}}