{"id":8525,"date":"2022-09-09T10:47:40","date_gmt":"2022-09-09T08:47:40","guid":{"rendered":"https:\/\/www.v-label.com\/general-information\/certified-products\/"},"modified":"2024-07-11T11:00:04","modified_gmt":"2024-07-11T09:00:04","slug":"certified-products","status":"publish","type":"page","link":"https:\/\/www.v-label.com\/sr\/general-information\/certified-products\/","title":{"rendered":"Sertifikovani Proizvodi"},"content":{"rendered":"\n<p>Budu\u0107i da je proizvodnja hrane odgovorna za \u010detvrtinu svetskih emisija gasova sa efektom staklene ba\u0161te, a sve vi\u0161e ljudi postaje zabrinuto zbog klimatskih promena. Nedavna istra\u017eivanja pokazuju da, ako \u017eelite da smanjite li\u010dne emisije gasova staklene ba\u0161te, trebalo bi da se usresredite na ono \u0161to jedete, pre nego na to da li je va\u0161a hrana lokalna.<a href=\"https:\/\/ourworldindata.org\/food-choice-vs-eating-local#licence\" target=\"_blank\" rel=\"noopener\"><sup>1<\/sup><\/a><\/p>\n\n\n\n<p>Mo\u017eete, ali ne morate biti 100% vegan da biste u\u017eivali u raznovrsnim biljnim opcijama. Veganska i vegetarijanska hrana je zdrava, kalori\u010dna, prikladna, laka za pripremu i dopadljiva. Osim \u0161to je eti\u010dna i odr\u017eiva, izraz je li\u010dnog identiteta.<\/p>\n\n\n\n<p>V-Oznaka se trenutno nalazi na vi\u0161e od 70.000 proizvoda. Evo finog izbora nekih sertifikovanih proizvoda koji \u0107e nadahnuti va\u0161u slede\u0107u kupovinu.<\/p>\n\n\n\n<h3 class=\"wp-block-heading has-text-align-center\"><strong>Neka se va\u0161a kupovina ra\u010duna<\/strong><\/h3>\n\n\n\n<div class=\"wp-block-group alignwide is-content-justification-center is-nowrap is-layout-flex wp-container-core-group-is-layout-499140ed wp-block-group-is-layout-flex\">\n<figure class=\"wp-block-image size-thumbnail is-resized\"><img decoding=\"async\" width=\"500\" height=\"500\" src=\"https:\/\/www.v-label.com\/wp-content\/uploads\/2022\/07\/logo-vlabel-favicon-500x500.png\" alt=\"\" class=\"wp-image-331\" style=\"width:50px;height:50px\" srcset=\"https:\/\/www.v-label.com\/wp-content\/uploads\/2022\/07\/logo-vlabel-favicon-500x500.png 500w, https:\/\/www.v-label.com\/wp-content\/uploads\/2022\/07\/logo-vlabel-favicon-300x300.png 300w, https:\/\/www.v-label.com\/wp-content\/uploads\/2022\/07\/logo-vlabel-favicon-768x768.png 768w, https:\/\/www.v-label.com\/wp-content\/uploads\/2022\/07\/logo-vlabel-favicon.png 852w\" sizes=\"(max-width: 500px) 100vw, 500px\" \/><\/figure>\n<\/div>\n\n\n\n<div class=\"wp-block-columns is-layout-flex wp-container-core-columns-is-layout-9d6595d7 wp-block-columns-is-layout-flex\">\n<div class=\"wp-block-column is-layout-flow wp-block-column-is-layout-flow\">\n<figure class=\"wp-block-image size-medium\"><img decoding=\"async\" width=\"300\" height=\"200\" src=\"https:\/\/www.v-label.com\/wp-content\/uploads\/2022\/12\/meat-alternatives-1280-300x200.jpg\" alt=\"\" class=\"wp-image-17406\" srcset=\"https:\/\/www.v-label.com\/wp-content\/uploads\/2022\/12\/meat-alternatives-1280-300x200.jpg 300w, https:\/\/www.v-label.com\/wp-content\/uploads\/2022\/12\/meat-alternatives-1280-1024x682.jpg 1024w, https:\/\/www.v-label.com\/wp-content\/uploads\/2022\/12\/meat-alternatives-1280-500x333.jpg 500w, https:\/\/www.v-label.com\/wp-content\/uploads\/2022\/12\/meat-alternatives-1280-768x511.jpg 768w, https:\/\/www.v-label.com\/wp-content\/uploads\/2022\/12\/meat-alternatives-1280.jpg 1280w\" sizes=\"(max-width: 300px) 100vw, 300px\" \/><\/figure>\n\n\n\n<h2 class=\"wp-block-heading\"><a href=\"https:\/\/www.v-label.com\/sr\/general-information\/certified-products\/meat-alternatives\/\" data-type=\"page\" data-id=\"1016\"><strong>Zamene za meso<\/strong><\/a><\/h2>\n\n\n\n<p>Proboj sastojaka, jasno prepoznavanje i beskrajne mogu\u0107nosti skaliranja. Tri razloga za\u0161to alternative mesu ne samo da eksponencijalno rastu, ve\u0107 i mnogo pribli\u017eavaju budu\u0107nost potro\u0161nje hrane. Pregledajte i udovoljite svojim ukusima!<\/p>\n<\/div>\n\n\n\n<div class=\"wp-block-column is-layout-flow wp-block-column-is-layout-flow\">\n<figure class=\"wp-block-image size-medium\"><img decoding=\"async\" width=\"300\" height=\"200\" src=\"https:\/\/www.v-label.com\/wp-content\/uploads\/2022\/12\/milk-alternatives-1280-300x200.jpg\" alt=\"\" class=\"wp-image-17889\" srcset=\"https:\/\/www.v-label.com\/wp-content\/uploads\/2022\/12\/milk-alternatives-1280-300x200.jpg 300w, https:\/\/www.v-label.com\/wp-content\/uploads\/2022\/12\/milk-alternatives-1280-1024x682.jpg 1024w, https:\/\/www.v-label.com\/wp-content\/uploads\/2022\/12\/milk-alternatives-1280-500x333.jpg 500w, https:\/\/www.v-label.com\/wp-content\/uploads\/2022\/12\/milk-alternatives-1280-768x512.jpg 768w, https:\/\/www.v-label.com\/wp-content\/uploads\/2022\/12\/milk-alternatives-1280.jpg 1280w\" sizes=\"(max-width: 300px) 100vw, 300px\" \/><\/figure>\n\n\n\n<h2 class=\"wp-block-heading\"><a href=\"https:\/\/www.v-label.com\/sr\/general-information\/certified-products\/dairy-alternatives\/\" data-type=\"page\" data-id=\"1325\"><strong>Zamene za mleko<\/strong><\/a><\/h2>\n\n\n\n<p>Prelazak sa sojinog na zobeno, bademovo i kokosovo mleko bio je samo po\u010detak revolucije mleka zasnovanih na biljkama. Izaberite po \u017eelji: jogurt u prikladnom formatu, od gr\u010dkog do pitkog. Ukusni i ekolo\u0161ki sladoledi, puteri i namazi za doru\u010dak, sa sirom na vrhu!<\/p>\n<\/div>\n\n\n\n<div class=\"wp-block-column is-layout-flow wp-block-column-is-layout-flow\">\n<figure class=\"wp-block-image size-medium\"><img decoding=\"async\" width=\"300\" height=\"200\" src=\"https:\/\/www.v-label.com\/wp-content\/uploads\/2022\/12\/ready-meals-1280-300x200.jpg\" alt=\"\" class=\"wp-image-17226\" srcset=\"https:\/\/www.v-label.com\/wp-content\/uploads\/2022\/12\/ready-meals-1280-300x200.jpg 300w, https:\/\/www.v-label.com\/wp-content\/uploads\/2022\/12\/ready-meals-1280-1024x682.jpg 1024w, https:\/\/www.v-label.com\/wp-content\/uploads\/2022\/12\/ready-meals-1280-500x333.jpg 500w, https:\/\/www.v-label.com\/wp-content\/uploads\/2022\/12\/ready-meals-1280-768x511.jpg 768w, https:\/\/www.v-label.com\/wp-content\/uploads\/2022\/12\/ready-meals-1280.jpg 1280w\" sizes=\"(max-width: 300px) 100vw, 300px\" \/><\/figure>\n\n\n\n<h2 class=\"wp-block-heading\"><a href=\"https:\/\/www.v-label.com\/sr\/general-information\/certified-products\/ready-made-meals\/\" data-type=\"page\" data-id=\"1327\"><strong>Gotova jela<\/strong><\/a><\/h2>\n\n\n\n<p>Obroci u pokretu vi\u0161e ne moraju biti kompromis. Zdravo, ukusno i veggie, moto je ve\u0107ine vode\u0107ih prodavaca, koji odeljke sa smrznutom robom pune picama na biljnoj bazi i nude \u0161iroku paletu kuhinja, od gotove Dahl supe do \u010dili sin carne.<\/p>\n<\/div>\n<\/div>\n\n\n\n<div class=\"wp-block-columns is-layout-flex wp-container-core-columns-is-layout-9d6595d7 wp-block-columns-is-layout-flex\">\n<div class=\"wp-block-column is-layout-flow wp-block-column-is-layout-flow\">\n<figure class=\"wp-block-image size-medium\"><img decoding=\"async\" width=\"300\" height=\"200\" src=\"https:\/\/www.v-label.com\/wp-content\/uploads\/2022\/12\/sweets-1280-300x200.jpg\" alt=\"\" class=\"wp-image-17326\" srcset=\"https:\/\/www.v-label.com\/wp-content\/uploads\/2022\/12\/sweets-1280-300x200.jpg 300w, https:\/\/www.v-label.com\/wp-content\/uploads\/2022\/12\/sweets-1280-1024x682.jpg 1024w, https:\/\/www.v-label.com\/wp-content\/uploads\/2022\/12\/sweets-1280-500x333.jpg 500w, https:\/\/www.v-label.com\/wp-content\/uploads\/2022\/12\/sweets-1280-768x512.jpg 768w, https:\/\/www.v-label.com\/wp-content\/uploads\/2022\/12\/sweets-1280.jpg 1280w\" sizes=\"(max-width: 300px) 100vw, 300px\" \/><\/figure>\n\n\n\n<h2 class=\"wp-block-heading\"><a href=\"https:\/\/www.v-label.com\/sr\/general-information\/certified-products\/sweets\/\" data-type=\"page\" data-id=\"1329\"><strong>Slatki\u0161i<\/strong><\/a><\/h2>\n\n\n\n<p>Proverite da li su va\u0161e omiljene grickalice zaista vegetarijanske ili veganske, i zalihe napunite biljnom \u010dokoladom, keksima, \u010dipsom i plo\u010dicama! I sa\u010dekajte, ima jo\u0161: istra\u017eite tr\u017ei\u0161te pekarskih proizvoda na kom ima veganskih kola\u010da, kroasana, pa i kiflica sa kobasicama koji imaju zaista odli\u010dan ukus.<\/p>\n<\/div>\n\n\n\n<div class=\"wp-block-column is-layout-flow wp-block-column-is-layout-flow\">\n<figure class=\"wp-block-image size-medium\"><img decoding=\"async\" width=\"300\" height=\"200\" src=\"https:\/\/www.v-label.com\/wp-content\/uploads\/2022\/12\/beverages-1280-300x200.jpg\" alt=\"\" class=\"wp-image-17306\" srcset=\"https:\/\/www.v-label.com\/wp-content\/uploads\/2022\/12\/beverages-1280-300x200.jpg 300w, https:\/\/www.v-label.com\/wp-content\/uploads\/2022\/12\/beverages-1280-1024x682.jpg 1024w, https:\/\/www.v-label.com\/wp-content\/uploads\/2022\/12\/beverages-1280-500x333.jpg 500w, https:\/\/www.v-label.com\/wp-content\/uploads\/2022\/12\/beverages-1280-768x512.jpg 768w, https:\/\/www.v-label.com\/wp-content\/uploads\/2022\/12\/beverages-1280.jpg 1280w\" sizes=\"(max-width: 300px) 100vw, 300px\" \/><\/figure>\n\n\n\n<h2 class=\"wp-block-heading\"><a href=\"https:\/\/www.v-label.com\/sr\/general-information\/certified-products\/beverages\/\" data-type=\"page\" data-id=\"1331\"><strong>Pi\u0107e<\/strong><\/a><\/h2>\n\n\n\n<p>Pazite na skrivene \u017eivotinje u svom omiljenom pi\u0107u! Otkrijte u kojim sokovima nema neveganskog D3, koja vina nisu rafinisana ili filtrirana uz pomo\u0107 \u017eivotinjskih proteina, i uverite se da je i va\u0161a soda 100% na biljnoj osnovi.<\/p>\n<\/div>\n\n\n\n<div class=\"wp-block-column is-layout-flow wp-block-column-is-layout-flow\">\n<figure class=\"wp-block-image size-medium\"><img decoding=\"async\" width=\"300\" height=\"203\" src=\"https:\/\/www.v-label.com\/wp-content\/uploads\/2022\/12\/cosmetics-1280-300x203.jpg\" alt=\"\" class=\"wp-image-17286\" srcset=\"https:\/\/www.v-label.com\/wp-content\/uploads\/2022\/12\/cosmetics-1280-300x203.jpg 300w, https:\/\/www.v-label.com\/wp-content\/uploads\/2022\/12\/cosmetics-1280-1024x694.jpg 1024w, https:\/\/www.v-label.com\/wp-content\/uploads\/2022\/12\/cosmetics-1280-500x339.jpg 500w, https:\/\/www.v-label.com\/wp-content\/uploads\/2022\/12\/cosmetics-1280-768x521.jpg 768w, https:\/\/www.v-label.com\/wp-content\/uploads\/2022\/12\/cosmetics-1280.jpg 1280w\" sizes=\"(max-width: 300px) 100vw, 300px\" \/><\/figure>\n\n\n\n<h2 class=\"wp-block-heading\"><a href=\"https:\/\/www.v-label.com\/sr\/general-information\/certified-products\/cosmetics\/\" data-type=\"page\" data-id=\"1333\"><strong>Kozmetika<\/strong><\/a><\/h2>\n\n\n\n<p>U\u010dinite svoju rutinu lepote na\u0161im izborom veganske nege kose i ko\u017ee. Od hidratantnih krema do maskare, birajte izme\u0111u brendova koji koriste isklju\u010divo mineralne ili biljne sastojke.<\/p>\n<\/div>\n<\/div>\n\n\n\n<div class=\"wp-block-columns is-layout-flex wp-container-core-columns-is-layout-9d6595d7 wp-block-columns-is-layout-flex\">\n<div class=\"wp-block-column is-layout-flow wp-block-column-is-layout-flow\"><\/div>\n\n\n\n<div class=\"wp-block-column is-layout-flow wp-block-column-is-layout-flow\">\n<figure class=\"wp-block-image size-medium\"><img decoding=\"async\" width=\"300\" height=\"200\" src=\"https:\/\/www.v-label.com\/wp-content\/uploads\/2022\/12\/non-foods-1280-300x200.jpg\" alt=\"\" class=\"wp-image-17911\" srcset=\"https:\/\/www.v-label.com\/wp-content\/uploads\/2022\/12\/non-foods-1280-300x200.jpg 300w, https:\/\/www.v-label.com\/wp-content\/uploads\/2022\/12\/non-foods-1280-1024x683.jpg 1024w, https:\/\/www.v-label.com\/wp-content\/uploads\/2022\/12\/non-foods-1280-500x334.jpg 500w, https:\/\/www.v-label.com\/wp-content\/uploads\/2022\/12\/non-foods-1280-768x512.jpg 768w, https:\/\/www.v-label.com\/wp-content\/uploads\/2022\/12\/non-foods-1280.jpg 1280w\" sizes=\"(max-width: 300px) 100vw, 300px\" \/><\/figure>\n\n\n\n<h2 class=\"wp-block-heading\"><a href=\"https:\/\/www.v-label.com\/sr\/general-information\/certified-products\/non-food\/\" data-type=\"page\" data-id=\"1337\"><strong>Ne-hrana<\/strong><\/a><\/h2>\n\n\n\n<p>Pro\u0161irite svoj svet na\u0161im vodi\u010dem za veganski \u017eivot: od knjiga koje ste pro\u010ditali do lokalnih \u0161tamparija, frizera, kozmeti\u010dara ili \u010dak salona za tetoviranje.<\/p>\n<\/div>\n\n\n\n<div class=\"wp-block-column is-layout-flow wp-block-column-is-layout-flow\"><\/div>\n<\/div>\n","protected":false},"excerpt":{"rendered":"<p>Budu\u0107i da je proizvodnja hrane odgovorna za \u010detvrtinu svetskih emisija gasova sa efektom staklene ba\u0161te, a sve vi\u0161e ljudi postaje zabrinuto zbog klimatskih promena. Nedavna istra\u017eivanja pokazuju da, ako \u017eelite da smanjite li\u010dne emisije gasova staklene ba\u0161te, trebalo bi da se usresredite na ono \u0161to jedete, pre nego na to da li je va\u0161a hrana [&hellip;]<\/p>\n","protected":false},"author":5,"featured_media":17206,"parent":8433,"menu_order":0,"comment_status":"closed","ping_status":"closed","template":"","meta":{"_acf_changed":false,"_editorskit_title_hidden":false,"_editorskit_reading_time":0,"_editorskit_is_block_options_detached":false,"_editorskit_block_options_position":"{}","inline_featured_image":false,"_uag_custom_page_level_css":"","footnotes":""},"categories":[],"tags":[],"class_list":["post-8525","page","type-page","status-publish","has-post-thumbnail","hentry"],"acf":[],"uagb_featured_image_src":{"full":["https:\/\/www.v-label.com\/wp-content\/uploads\/2022\/12\/v-label-cert-products.jpg",2000,1339,false],"thumbnail":["https:\/\/www.v-label.com\/wp-content\/uploads\/2022\/12\/v-label-cert-products-500x335.jpg",500,335,true],"medium":["https:\/\/www.v-label.com\/wp-content\/uploads\/2022\/12\/v-label-cert-products-300x201.jpg",300,201,true],"medium_large":["https:\/\/www.v-label.com\/wp-content\/uploads\/2022\/12\/v-label-cert-products-768x514.jpg",768,514,true],"large":["https:\/\/www.v-label.com\/wp-content\/uploads\/2022\/12\/v-label-cert-products-1024x686.jpg",1024,686,true],"1536x1536":["https:\/\/www.v-label.com\/wp-content\/uploads\/2022\/12\/v-label-cert-products-1536x1028.jpg",1536,1028,true],"2048x2048":["https:\/\/www.v-label.com\/wp-content\/uploads\/2022\/12\/v-label-cert-products.jpg",2000,1339,false],"preview":["https:\/\/www.v-label.com\/wp-content\/uploads\/2022\/12\/v-label-cert-products-904x720.jpg",904,720,true],"header":["https:\/\/www.v-label.com\/wp-content\/uploads\/2022\/12\/v-label-cert-products-2000x720.jpg",2000,720,true],"gform-image-choice-sm":["https:\/\/www.v-label.com\/wp-content\/uploads\/2022\/12\/v-label-cert-products.jpg",300,201,false],"gform-image-choice-md":["https:\/\/www.v-label.com\/wp-content\/uploads\/2022\/12\/v-label-cert-products.jpg",400,268,false],"gform-image-choice-lg":["https:\/\/www.v-label.com\/wp-content\/uploads\/2022\/12\/v-label-cert-products.jpg",600,402,false]},"uagb_author_info":{"display_name":"Can Aslan","author_link":"https:\/\/www.v-label.com\/sr"},"uagb_comment_info":0,"uagb_excerpt":"Budu\u0107i da je proizvodnja hrane odgovorna za \u010detvrtinu svetskih emisija gasova sa efektom staklene ba\u0161te, a sve vi\u0161e ljudi postaje zabrinuto zbog klimatskih promena. Nedavna istra\u017eivanja pokazuju da, ako \u017eelite da smanjite li\u010dne emisije gasova staklene ba\u0161te, trebalo bi da se usresredite na ono \u0161to jedete, pre nego na to da li je va\u0161a hrana&hellip;","_links":{"self":[{"href":"https:\/\/www.v-label.com\/sr\/wp-json\/wp\/v2\/pages\/8525","targetHints":{"allow":["GET"]}}],"collection":[{"href":"https:\/\/www.v-label.com\/sr\/wp-json\/wp\/v2\/pages"}],"about":[{"href":"https:\/\/www.v-label.com\/sr\/wp-json\/wp\/v2\/types\/page"}],"author":[{"embeddable":true,"href":"https:\/\/www.v-label.com\/sr\/wp-json\/wp\/v2\/users\/5"}],"replies":[{"embeddable":true,"href":"https:\/\/www.v-label.com\/sr\/wp-json\/wp\/v2\/comments?post=8525"}],"version-history":[{"count":5,"href":"https:\/\/www.v-label.com\/sr\/wp-json\/wp\/v2\/pages\/8525\/revisions"}],"predecessor-version":[{"id":83951,"href":"https:\/\/www.v-label.com\/sr\/wp-json\/wp\/v2\/pages\/8525\/revisions\/83951"}],"up":[{"embeddable":true,"href":"https:\/\/www.v-label.com\/sr\/wp-json\/wp\/v2\/pages\/8433"}],"wp:featuredmedia":[{"embeddable":true,"href":"https:\/\/www.v-label.com\/sr\/wp-json\/wp\/v2\/media\/17206"}],"wp:attachment":[{"href":"https:\/\/www.v-label.com\/sr\/wp-json\/wp\/v2\/media?parent=8525"}],"wp:term":[{"taxonomy":"category","embeddable":true,"href":"https:\/\/www.v-label.com\/sr\/wp-json\/wp\/v2\/categories?post=8525"},{"taxonomy":"post_tag","embeddable":true,"href":"https:\/\/www.v-label.com\/sr\/wp-json\/wp\/v2\/tags?post=8525"}],"curies":[{"name":"wp","href":"https:\/\/api.w.org\/{rel}","templated":true}]}}