{"id":56060,"date":"2022-05-25T18:05:39","date_gmt":"2022-05-25T16:05:39","guid":{"rendered":"https:\/\/www.v-label.com\/varldens-ledande-vegansk-och-vegetariansk-varumarke\/"},"modified":"2024-07-11T11:06:55","modified_gmt":"2024-07-11T09:06:55","slug":"varldens-ledande-vegansk-och-vegetarisk-varumarke","status":"publish","type":"page","link":"https:\/\/www.v-label.com\/sv\/","title":{"rendered":"Hemsida"},"content":{"rendered":"\n<div style=\"height:1px\" aria-hidden=\"true\" class=\"wp-block-spacer\"><\/div>\n\n\n\n<h2 class=\"wp-block-heading has-text-align-center has-large-font-size\" style=\"font-style:normal;font-weight:700;text-transform:uppercase\">V\u00c4RLDENS LEDANDE <strong>VEGANSKA<\/strong> och <strong>VEGETARISKA<\/strong> VARUM\u00c4RKE<\/h2>\n\n\n\n<div class=\"wp-block-media-text alignwide has-media-on-the-right is-stacked-on-mobile is-vertically-aligned-top is-image-fill\"><div class=\"wp-block-media-text__content\">\n<div style=\"height:10px\" aria-hidden=\"true\" class=\"wp-block-spacer\"><\/div>\n\n\n\n<p>\u00d6ver hela v\u00e4rlden har mer \u00e4n 70 000 produkter fr\u00e5n mer \u00e4n 4 800 licenstagare nu V-m\u00e4rket.<\/p>\n\n\n\n<p>V-Label \u00e4r ett internationellt erk\u00e4nt och registrerat m\u00e4rke f\u00f6r m\u00e4rkning av veganska och vegetariska produkter och tj\u00e4nster som grundades i Schweiz 1996. Det \u00e4r en p\u00e5litlig och trov\u00e4rdig ink\u00f6psguide f\u00f6r konsumenterna. <\/p>\n\n\n\n<div class=\"wp-block-buttons is-layout-flex wp-block-buttons-is-layout-flex\">\n<div class=\"wp-block-button\"><a class=\"wp-block-button__link has-greendark-background-color has-background wp-element-button\" href=\"https:\/\/www.v-label.com\/sv\/bli-certifierad\/\">Bli certifierad<\/a><\/div>\n<\/div>\n<\/div><figure class=\"wp-block-media-text__media\" style=\"background-image:url(https:\/\/www.v-label.com\/wp-content\/uploads\/2022\/12\/v-label-new-home-page-2-1024x732.jpg);background-position:50% 50%\"><img decoding=\"async\" width=\"1024\" height=\"732\" src=\"https:\/\/www.v-label.com\/wp-content\/uploads\/2022\/12\/v-label-new-home-page-2-1024x732.jpg\" alt=\"\u00d6ver hela v\u00e4rlden har mer \u00e4n 50 000 produkter fr\u00e5n mer \u00e4n 4 300 licenstagare nu V-m\u00e4rket.\" class=\"wp-image-40341 size-full\" srcset=\"https:\/\/www.v-label.com\/wp-content\/uploads\/2022\/12\/v-label-new-home-page-2-1024x732.jpg 1024w, https:\/\/www.v-label.com\/wp-content\/uploads\/2022\/12\/v-label-new-home-page-2-300x214.jpg 300w, https:\/\/www.v-label.com\/wp-content\/uploads\/2022\/12\/v-label-new-home-page-2-500x357.jpg 500w, https:\/\/www.v-label.com\/wp-content\/uploads\/2022\/12\/v-label-new-home-page-2-768x549.jpg 768w, https:\/\/www.v-label.com\/wp-content\/uploads\/2022\/12\/v-label-new-home-page-2-1536x1098.jpg 1536w, https:\/\/www.v-label.com\/wp-content\/uploads\/2022\/12\/v-label-new-home-page-2.jpg 1920w\" sizes=\"(max-width: 1024px) 100vw, 1024px\" \/><\/figure><\/div>\n\n\n\n<div style=\"height:70px\" aria-hidden=\"true\" class=\"wp-block-spacer\"><\/div>\n\n\n\n<div class=\"wp-block-media-text alignwide is-stacked-on-mobile is-image-fill\"><figure class=\"wp-block-media-text__media\" style=\"background-image:url(https:\/\/www.v-label.com\/wp-content\/uploads\/2022\/09\/home-producers-and-consumers-trust-1024x683.jpeg);background-position:50% 50%\"><img decoding=\"async\" width=\"1024\" height=\"683\" src=\"https:\/\/www.v-label.com\/wp-content\/uploads\/2022\/09\/home-producers-and-consumers-trust-1024x683.jpeg\" alt=\"Med mer \u00e4n 25 \u00e5rs erfarenhet av att m\u00e4rka produkter och med engagerade specialister inom kvalitetshantering, livsmedelsteknik, kemi, kosmetologi och marknadsf\u00f6ring \u00e4r vi f\u00f6reg\u00e5ngare i en global r\u00f6relse. Vi samarbetar med f\u00f6retag, \u00e5terf\u00f6rs\u00e4ljare, konsumenter och kampanjarbetare.\" class=\"wp-image-710 size-full\" srcset=\"https:\/\/www.v-label.com\/wp-content\/uploads\/2022\/09\/home-producers-and-consumers-trust-1024x683.jpeg 1024w, https:\/\/www.v-label.com\/wp-content\/uploads\/2022\/09\/home-producers-and-consumers-trust-300x200.jpeg 300w, https:\/\/www.v-label.com\/wp-content\/uploads\/2022\/09\/home-producers-and-consumers-trust-500x334.jpeg 500w, https:\/\/www.v-label.com\/wp-content\/uploads\/2022\/09\/home-producers-and-consumers-trust-768x512.jpeg 768w, https:\/\/www.v-label.com\/wp-content\/uploads\/2022\/09\/home-producers-and-consumers-trust-1536x1025.jpeg 1536w, https:\/\/www.v-label.com\/wp-content\/uploads\/2022\/09\/home-producers-and-consumers-trust.jpeg 1920w\" sizes=\"(max-width: 1024px) 100vw, 1024px\" \/><\/figure><div class=\"wp-block-media-text__content\">\n<h2 class=\"wp-block-heading has-text-align-left\">Producenter och konsumenter litar p\u00e5 V-Label<\/h2>\n\n\n\n<p class=\"has-text-align-left\">Med mer \u00e4n <strong>25 \u00e5rs erfarenhet<\/strong> av att m\u00e4rka produkter och med engagerade specialister inom kvalitetshantering, livsmedelsteknik, kemi, kosmetologi och marknadsf\u00f6ring \u00e4r vi f\u00f6reg\u00e5ngare i en global r\u00f6relse. Vi samarbetar med f\u00f6retag, \u00e5terf\u00f6rs\u00e4ljare, konsumenter och kampanjarbetare. <\/p>\n\n\n\n<div class=\"wp-block-buttons is-content-justification-left is-layout-flex wp-container-core-buttons-is-layout-fdcfc74e wp-block-buttons-is-layout-flex\">\n<div class=\"wp-block-button is-style-default\"><a class=\"wp-block-button__link has-greendark-background-color has-background wp-element-button\" href=\"https:\/\/www.v-label.com\/sv\/om-oss\/\">Ta reda p\u00e5 mer om V-Label<\/a><\/div>\n<\/div>\n<\/div><\/div>\n\n\n\n<div style=\"height:70px\" aria-hidden=\"true\" class=\"wp-block-spacer\"><\/div>\n\n\n\n<div class=\"wp-block-media-text alignwide has-media-on-the-right is-stacked-on-mobile is-image-fill\"><div class=\"wp-block-media-text__content\">\n<div style=\"height:30px\" aria-hidden=\"true\" class=\"wp-block-spacer\"><\/div>\n\n\n\n<h2 class=\"wp-block-heading has-text-align-left\">Global gemenskap, lokalt st\u00f6d<\/h2>\n\n\n\n<p class=\"has-text-align-left\">Vi har partnerorganisationer i mer \u00e4n <strong>50 l\u00e4nder<\/strong> som talar mer \u00e4n <strong>30 spr\u00e5k<\/strong>, vilket g\u00f6r att vi har en unik position f\u00f6r att st\u00f6dja dina produkter b\u00e5de <strong>lokalt och internationellt<\/strong>.<\/p>\n\n\n\n<div class=\"wp-block-buttons is-content-justification-left is-layout-flex wp-container-core-buttons-is-layout-fdcfc74e wp-block-buttons-is-layout-flex\">\n<div class=\"wp-block-button is-style-default\"><a class=\"wp-block-button__link has-greendark-background-color has-background wp-element-button\" href=\"https:\/\/www.v-label.com\/sv\/information-till-producenter\/formaner\/\">Uppt\u00e4ck mer f\u00f6rdelar<\/a><\/div>\n<\/div>\n\n\n\n<div style=\"height:30px\" aria-hidden=\"true\" class=\"wp-block-spacer\"><\/div>\n<\/div><figure class=\"wp-block-media-text__media\" style=\"background-image:url(https:\/\/www.v-label.com\/wp-content\/uploads\/2022\/12\/v-label-global-community-local-support.jpg);background-position:50% 50%\"><img decoding=\"async\" width=\"1280\" height=\"837\" src=\"https:\/\/www.v-label.com\/wp-content\/uploads\/2022\/12\/v-label-global-community-local-support.jpg\" alt=\"Vi har partnerorganisationer i mer \u00e4n 30 l\u00e4nder som talar mer \u00e4n 20 spr\u00e5k, vilket g\u00f6r att vi har en unik position f\u00f6r att st\u00f6dja dina produkter b\u00e5de lokalt och internationellt.\" class=\"wp-image-16861 size-full\" srcset=\"https:\/\/www.v-label.com\/wp-content\/uploads\/2022\/12\/v-label-global-community-local-support.jpg 1280w, https:\/\/www.v-label.com\/wp-content\/uploads\/2022\/12\/v-label-global-community-local-support-300x196.jpg 300w, https:\/\/www.v-label.com\/wp-content\/uploads\/2022\/12\/v-label-global-community-local-support-1024x670.jpg 1024w, https:\/\/www.v-label.com\/wp-content\/uploads\/2022\/12\/v-label-global-community-local-support-500x327.jpg 500w, https:\/\/www.v-label.com\/wp-content\/uploads\/2022\/12\/v-label-global-community-local-support-768x502.jpg 768w\" sizes=\"(max-width: 1280px) 100vw, 1280px\" \/><\/figure><\/div>\n\n\n\n<h2 class=\"wp-block-heading has-text-align-center\">Redo att g\u00e5 med?<\/h2>\n\n\n\n<p class=\"has-text-align-center\">T\u00e4nker du fortfarande p\u00e5 det? Om du \u00e4r <strong>producent<\/strong> kan du hitta detaljerade kriterier och certifieringsprocessen <a href=\"\" target=\"\" data-type=\"\" rel=\"noopener\">h\u00e4r<\/a>.  \u00c4r du <strong>konsument<\/strong>? Se ett urval av vegetariska och veganska produkter <a href=\"\" data-type=\"\" data-id=\"\" target=\"\" rel=\"noopener\">som vi har certifierat<\/a><a href=\"\" data-type=\"\" data-id=\"\" target=\"\" rel=\"noopener\">.<\/a> <\/p>\n","protected":false},"excerpt":{"rendered":"<p>\u00d6ver hela v\u00e4rlden har mer \u00e4n 70 000 produkter fr\u00e5n mer \u00e4n 4 800 licenstagare nu V-m\u00e4rket. <\/p>\n","protected":false},"author":5,"featured_media":55823,"parent":0,"menu_order":0,"comment_status":"closed","ping_status":"closed","template":"","meta":{"_acf_changed":false,"_editorskit_title_hidden":false,"_editorskit_reading_time":0,"_editorskit_is_block_options_detached":false,"_editorskit_block_options_position":"{}","inline_featured_image":false,"_uag_custom_page_level_css":"","footnotes":""},"categories":[],"tags":[],"class_list":["post-56060","page","type-page","status-publish","has-post-thumbnail","hentry"],"acf":[],"uagb_featured_image_src":{"full":["https:\/\/www.v-label.com\/wp-content\/uploads\/2022\/12\/header-test.jpg",2000,1000,false],"thumbnail":["https:\/\/www.v-label.com\/wp-content\/uploads\/2022\/12\/header-test-500x250.jpg",500,250,true],"medium":["https:\/\/www.v-label.com\/wp-content\/uploads\/2022\/12\/header-test-300x150.jpg",300,150,true],"medium_large":["https:\/\/www.v-label.com\/wp-content\/uploads\/2022\/12\/header-test-768x384.jpg",768,384,true],"large":["https:\/\/www.v-label.com\/wp-content\/uploads\/2022\/12\/header-test-1024x512.jpg",1024,512,true],"1536x1536":["https:\/\/www.v-label.com\/wp-content\/uploads\/2022\/12\/header-test-1536x768.jpg",1536,768,true],"2048x2048":["https:\/\/www.v-label.com\/wp-content\/uploads\/2022\/12\/header-test.jpg",2000,1000,false],"preview":["https:\/\/www.v-label.com\/wp-content\/uploads\/2022\/12\/header-test-904x720.jpg",904,720,true],"header":["https:\/\/www.v-label.com\/wp-content\/uploads\/2022\/12\/header-test-2000x720.jpg",2000,720,true],"gform-image-choice-sm":["https:\/\/www.v-label.com\/wp-content\/uploads\/2022\/12\/header-test.jpg",300,150,false],"gform-image-choice-md":["https:\/\/www.v-label.com\/wp-content\/uploads\/2022\/12\/header-test.jpg",400,200,false],"gform-image-choice-lg":["https:\/\/www.v-label.com\/wp-content\/uploads\/2022\/12\/header-test.jpg",600,300,false]},"uagb_author_info":{"display_name":"Can Aslan","author_link":"https:\/\/www.v-label.com\/sv"},"uagb_comment_info":0,"uagb_excerpt":"\u00d6ver hela v\u00e4rlden har mer \u00e4n 70 000 produkter fr\u00e5n mer \u00e4n 4 800 licenstagare nu V-m\u00e4rket.","_links":{"self":[{"href":"https:\/\/www.v-label.com\/sv\/wp-json\/wp\/v2\/pages\/56060","targetHints":{"allow":["GET"]}}],"collection":[{"href":"https:\/\/www.v-label.com\/sv\/wp-json\/wp\/v2\/pages"}],"about":[{"href":"https:\/\/www.v-label.com\/sv\/wp-json\/wp\/v2\/types\/page"}],"author":[{"embeddable":true,"href":"https:\/\/www.v-label.com\/sv\/wp-json\/wp\/v2\/users\/5"}],"replies":[{"embeddable":true,"href":"https:\/\/www.v-label.com\/sv\/wp-json\/wp\/v2\/comments?post=56060"}],"version-history":[{"count":8,"href":"https:\/\/www.v-label.com\/sv\/wp-json\/wp\/v2\/pages\/56060\/revisions"}],"predecessor-version":[{"id":83960,"href":"https:\/\/www.v-label.com\/sv\/wp-json\/wp\/v2\/pages\/56060\/revisions\/83960"}],"wp:featuredmedia":[{"embeddable":true,"href":"https:\/\/www.v-label.com\/sv\/wp-json\/wp\/v2\/media\/55823"}],"wp:attachment":[{"href":"https:\/\/www.v-label.com\/sv\/wp-json\/wp\/v2\/media?parent=56060"}],"wp:term":[{"taxonomy":"category","embeddable":true,"href":"https:\/\/www.v-label.com\/sv\/wp-json\/wp\/v2\/categories?post=56060"},{"taxonomy":"post_tag","embeddable":true,"href":"https:\/\/www.v-label.com\/sv\/wp-json\/wp\/v2\/tags?post=56060"}],"curies":[{"name":"wp","href":"https:\/\/api.w.org\/{rel}","templated":true}]}}