{"id":56064,"date":"2022-05-30T16:16:14","date_gmt":"2022-05-30T14:16:14","guid":{"rendered":"https:\/\/www.v-label.com\/information-till-producenter\/"},"modified":"2024-07-11T11:07:10","modified_gmt":"2024-07-11T09:07:10","slug":"information-till-producenter","status":"publish","type":"page","link":"https:\/\/www.v-label.com\/sv\/information-till-producenter\/","title":{"rendered":"Information till producenter"},"content":{"rendered":"\n<p>\u00d6ver hela v\u00e4rlden har mer \u00e4n <strong>70 000 produkter<\/strong> fr\u00e5n mer \u00e4n <strong>4 800 licenstagare<\/strong> <strong>nu V-Label<\/strong>, en kvalitetsst\u00e4mpel f\u00f6r veganska och vegetariska varor och tj\u00e4nster. Denna internationellt erk\u00e4nda m\u00e4rkning hj\u00e4lper kunder \u00f6ver hela v\u00e4rlden att <strong>identifiera v\u00e4xtbaserade<\/strong> <strong>val enkelt och snabbt<\/strong>.<\/p>\n\n\n\n<h3 class=\"wp-block-heading has-text-align-center has-greenlightultra-background-color has-background\">Om du \u00e4r en producent,s\u00e5 h\u00e4r kan du t\u00e4nka dig att bli V-Label-certifierad:<\/h3>\n\n\n\n<p><mark style=\"background-color:rgba(0, 0, 0, 0)\" class=\"has-inline-color has-greendark-color\"><strong>Er\u00f6vra nya marknader<\/strong><\/mark>. H\u00e4lften av befolkningen i l\u00e4nder som Tyskland, Spanien och Polen anser sig vara flexitarianer, och det finns en <strong>m\u00e5ngsidig, snabbt v\u00e4xande kundkrets<\/strong> som s\u00f6ker veganska och vegetariska produkter av allt fr\u00e5n h\u00e4lsosk\u00e4l till etiska sk\u00e4l.<\/p>\n\n\n\n<p><strong><mark style=\"background-color:rgba(0, 0, 0, 0)\" class=\"has-inline-color has-greendark-color\">F\u00f6rb\u00e4ttra din synlighet<\/mark><\/strong>. F\u00e5 dina produkter <strong>synliga och g\u00f6r det l\u00e4ttare<\/strong> f\u00f6r konsumenter att g\u00f6ra sina val med en mycket trov\u00e4rdig och allm\u00e4nt erk\u00e4nd m\u00e4rkning.<\/p>\n\n\n\n<p><strong><mark style=\"background-color:rgba(0, 0, 0, 0)\" class=\"has-inline-color has-greendark-color\">Tj\u00e4na f\u00f6rtroende.<\/mark><\/strong> Du beh\u00f6ver inte s\u00e4ga mer, V-Label s\u00e4ger det f\u00f6r dig. Dess rykte och erk\u00e4nnande som professionell, oberoende kvalitetsst\u00e4mpel och trends\u00e4ttare i branschen <strong>s\u00e4ljer<\/strong>.<\/p>\n\n\n\n<div class=\"wp-block-buttons alignwide is-content-justification-center is-layout-flex wp-container-core-buttons-is-layout-16018d1d wp-block-buttons-is-layout-flex\">\n<div class=\"wp-block-button\"><a class=\"wp-block-button__link wp-element-button\" href=\"https:\/\/www.v-label.com\/for-business\/get-certified\/\" rel=\"noopener\">Bli Certifierad<\/a><\/div>\n\n\n\n<div class=\"wp-block-button\"><a class=\"wp-block-button__link wp-element-button\" href=\"https:\/\/www.v-label.com\/for-business\/benefits\/\">Uppt\u00e4ck fler f\u00f6rdelar<\/a><\/div>\n<\/div>\n\n\n\n<div class=\"wp-block-columns are-vertically-aligned-center is-layout-flex wp-container-core-columns-is-layout-9d6595d7 wp-block-columns-is-layout-flex\">\n<div class=\"wp-block-column is-vertically-aligned-center is-layout-flow wp-block-column-is-layout-flow\">\n<figure class=\"wp-block-image size-full\"><img decoding=\"async\" width=\"1000\" height=\"667\" src=\"https:\/\/www.v-label.com\/wp-content\/uploads\/2022\/12\/adobestock-465730438-preview.jpeg\" alt=\"\" class=\"wp-image-17436\" srcset=\"https:\/\/www.v-label.com\/wp-content\/uploads\/2022\/12\/adobestock-465730438-preview.jpeg 1000w, https:\/\/www.v-label.com\/wp-content\/uploads\/2022\/12\/adobestock-465730438-preview-300x200.jpeg 300w, https:\/\/www.v-label.com\/wp-content\/uploads\/2022\/12\/adobestock-465730438-preview-500x334.jpeg 500w, https:\/\/www.v-label.com\/wp-content\/uploads\/2022\/12\/adobestock-465730438-preview-768x512.jpeg 768w\" sizes=\"(max-width: 1000px) 100vw, 1000px\" \/><\/figure>\n<\/div>\n\n\n\n<div class=\"wp-block-column is-vertically-aligned-center is-layout-flow wp-block-column-is-layout-flow\">\n<figure class=\"wp-block-image size-full\"><img decoding=\"async\" width=\"1116\" height=\"745\" src=\"https:\/\/www.v-label.com\/wp-content\/uploads\/2022\/12\/v-label-step-2.jpg\" alt=\"\" class=\"wp-image-17456\" srcset=\"https:\/\/www.v-label.com\/wp-content\/uploads\/2022\/12\/v-label-step-2.jpg 1116w, https:\/\/www.v-label.com\/wp-content\/uploads\/2022\/12\/v-label-step-2-300x200.jpg 300w, https:\/\/www.v-label.com\/wp-content\/uploads\/2022\/12\/v-label-step-2-1024x684.jpg 1024w, https:\/\/www.v-label.com\/wp-content\/uploads\/2022\/12\/v-label-step-2-500x334.jpg 500w, https:\/\/www.v-label.com\/wp-content\/uploads\/2022\/12\/v-label-step-2-768x513.jpg 768w\" sizes=\"(max-width: 1116px) 100vw, 1116px\" \/><\/figure>\n<\/div>\n\n\n\n<div class=\"wp-block-column is-vertically-aligned-center is-layout-flow wp-block-column-is-layout-flow\">\n<figure class=\"wp-block-image size-full\"><img decoding=\"async\" width=\"1000\" height=\"667\" src=\"https:\/\/www.v-label.com\/wp-content\/uploads\/2022\/12\/adobestock-498930860-preview.jpeg\" alt=\"\" class=\"wp-image-17476\" srcset=\"https:\/\/www.v-label.com\/wp-content\/uploads\/2022\/12\/adobestock-498930860-preview.jpeg 1000w, https:\/\/www.v-label.com\/wp-content\/uploads\/2022\/12\/adobestock-498930860-preview-300x200.jpeg 300w, https:\/\/www.v-label.com\/wp-content\/uploads\/2022\/12\/adobestock-498930860-preview-500x334.jpeg 500w, https:\/\/www.v-label.com\/wp-content\/uploads\/2022\/12\/adobestock-498930860-preview-768x512.jpeg 768w\" sizes=\"(max-width: 1000px) 100vw, 1000px\" \/><\/figure>\n<\/div>\n<\/div>\n\n\n\n<h3 class=\"wp-block-heading\">Bli Certifierad<\/h3>\n\n\n\n<p><strong>\u00c4r du redo att \u00f6ka synligheten f\u00f6r dina veganska och vegetariska produkter?<\/strong> Med V-Label kommer kunderna att kunna identifiera dina produkter som veganska eller vegetariska med en enda blick &#8211; och d\u00e4rmed k\u00f6pa dem utan att tveka eller ifr\u00e5gas\u00e4tta deras veganska eller vegetariska kvalitet<strong>.<\/strong> <\/p>\n\n\n\n<p>Ur aff\u00e4rssynpunkt \u00f6kar ett samarbete med en branschledare som V-Label din trov\u00e4rdighet och transparens n\u00e4r det g\u00e4ller vegetarisk och vegansk m\u00e4rkning. F\u00f6r dina kunder \u00e4r V-Label en enkel och p\u00e5litlig guide som hj\u00e4lper dem att fatta bra, h\u00e5llbara och konsekventa k\u00f6pbeslut. <\/p>\n\n\n\n<div class=\"wp-block-buttons is-content-justification-center is-layout-flex wp-container-core-buttons-is-layout-16018d1d wp-block-buttons-is-layout-flex\">\n<div class=\"wp-block-button\"><a class=\"wp-block-button__link wp-element-button\" href=\"https:\/\/www.v-label.com\/for-business\/get-certified\/\" rel=\"noopener\">Bli V-Label Certifierad<\/a><\/div>\n<\/div>\n\n\n\n<h3 class=\"wp-block-heading\">Kriterier och vanliga fr\u00e5gor<\/h3>\n\n\n\n<p>H\u00e4r hittar du svar p\u00e5 n\u00e5gra av de fr\u00e5gor du kanske undrar om V-Label.<\/p>\n\n\n\n<div class=\"wp-block-buttons is-content-justification-center is-layout-flex wp-container-core-buttons-is-layout-16018d1d wp-block-buttons-is-layout-flex\">\n<div class=\"wp-block-button\"><a class=\"wp-block-button__link wp-element-button\" href=\"https:\/\/www.v-label.com\/faqs\/\">Utforska de vanligaste fr\u00e5gorna<\/a><\/div>\n<\/div>\n","protected":false},"excerpt":{"rendered":"<p>\u00d6ver hela v\u00e4rlden har mer \u00e4n 70 000 produkter fr\u00e5n mer \u00e4n 4 800 licenstagare nu V-Label, en kvalitetsst\u00e4mpel f\u00f6r veganska och vegetariska varor och tj\u00e4nster. Denna internationellt erk\u00e4nda m\u00e4rkning hj\u00e4lper kunder \u00f6ver hela v\u00e4rlden att identifiera v\u00e4xtbaserade val enkelt och snabbt. Om du \u00e4r en producent,s\u00e5 h\u00e4r kan du t\u00e4nka dig att bli V-Label-certifierad: [&hellip;]<\/p>\n","protected":false},"author":5,"featured_media":55801,"parent":0,"menu_order":0,"comment_status":"closed","ping_status":"closed","template":"","meta":{"_acf_changed":false,"_editorskit_title_hidden":false,"_editorskit_reading_time":0,"_editorskit_is_block_options_detached":false,"_editorskit_block_options_position":"{}","inline_featured_image":false,"_uag_custom_page_level_css":"","footnotes":""},"categories":[],"tags":[],"class_list":["post-56064","page","type-page","status-publish","has-post-thumbnail","hentry"],"acf":[],"uagb_featured_image_src":{"full":["https:\/\/www.v-label.com\/wp-content\/uploads\/2022\/12\/v-label-info-for-producers.jpg",1280,870,false],"thumbnail":["https:\/\/www.v-label.com\/wp-content\/uploads\/2022\/12\/v-label-info-for-producers-500x340.jpg",500,340,true],"medium":["https:\/\/www.v-label.com\/wp-content\/uploads\/2022\/12\/v-label-info-for-producers-300x204.jpg",300,204,true],"medium_large":["https:\/\/www.v-label.com\/wp-content\/uploads\/2022\/12\/v-label-info-for-producers-768x522.jpg",768,522,true],"large":["https:\/\/www.v-label.com\/wp-content\/uploads\/2022\/12\/v-label-info-for-producers-1024x696.jpg",1024,696,true],"1536x1536":["https:\/\/www.v-label.com\/wp-content\/uploads\/2022\/12\/v-label-info-for-producers.jpg",1280,870,false],"2048x2048":["https:\/\/www.v-label.com\/wp-content\/uploads\/2022\/12\/v-label-info-for-producers.jpg",1280,870,false],"preview":["https:\/\/www.v-label.com\/wp-content\/uploads\/2022\/12\/v-label-info-for-producers-904x720.jpg",904,720,true],"header":["https:\/\/www.v-label.com\/wp-content\/uploads\/2022\/12\/v-label-info-for-producers-1280x720.jpg",1280,720,true],"gform-image-choice-sm":["https:\/\/www.v-label.com\/wp-content\/uploads\/2022\/12\/v-label-info-for-producers.jpg",300,204,false],"gform-image-choice-md":["https:\/\/www.v-label.com\/wp-content\/uploads\/2022\/12\/v-label-info-for-producers.jpg",400,272,false],"gform-image-choice-lg":["https:\/\/www.v-label.com\/wp-content\/uploads\/2022\/12\/v-label-info-for-producers.jpg",600,408,false]},"uagb_author_info":{"display_name":"Can Aslan","author_link":"https:\/\/www.v-label.com\/sv"},"uagb_comment_info":0,"uagb_excerpt":"\u00d6ver hela v\u00e4rlden har mer \u00e4n 70 000 produkter fr\u00e5n mer \u00e4n 4 800 licenstagare nu V-Label, en kvalitetsst\u00e4mpel f\u00f6r veganska och vegetariska varor och tj\u00e4nster. Denna internationellt erk\u00e4nda m\u00e4rkning hj\u00e4lper kunder \u00f6ver hela v\u00e4rlden att identifiera v\u00e4xtbaserade val enkelt och snabbt. Om du \u00e4r en producent,s\u00e5 h\u00e4r kan du t\u00e4nka dig att bli V-Label-certifierad:&hellip;","_links":{"self":[{"href":"https:\/\/www.v-label.com\/sv\/wp-json\/wp\/v2\/pages\/56064","targetHints":{"allow":["GET"]}}],"collection":[{"href":"https:\/\/www.v-label.com\/sv\/wp-json\/wp\/v2\/pages"}],"about":[{"href":"https:\/\/www.v-label.com\/sv\/wp-json\/wp\/v2\/types\/page"}],"author":[{"embeddable":true,"href":"https:\/\/www.v-label.com\/sv\/wp-json\/wp\/v2\/users\/5"}],"replies":[{"embeddable":true,"href":"https:\/\/www.v-label.com\/sv\/wp-json\/wp\/v2\/comments?post=56064"}],"version-history":[{"count":3,"href":"https:\/\/www.v-label.com\/sv\/wp-json\/wp\/v2\/pages\/56064\/revisions"}],"predecessor-version":[{"id":83961,"href":"https:\/\/www.v-label.com\/sv\/wp-json\/wp\/v2\/pages\/56064\/revisions\/83961"}],"wp:featuredmedia":[{"embeddable":true,"href":"https:\/\/www.v-label.com\/sv\/wp-json\/wp\/v2\/media\/55801"}],"wp:attachment":[{"href":"https:\/\/www.v-label.com\/sv\/wp-json\/wp\/v2\/media?parent=56064"}],"wp:term":[{"taxonomy":"category","embeddable":true,"href":"https:\/\/www.v-label.com\/sv\/wp-json\/wp\/v2\/categories?post=56064"},{"taxonomy":"post_tag","embeddable":true,"href":"https:\/\/www.v-label.com\/sv\/wp-json\/wp\/v2\/tags?post=56064"}],"curies":[{"name":"wp","href":"https:\/\/api.w.org\/{rel}","templated":true}]}}