{"id":56066,"date":"2022-05-30T16:16:29","date_gmt":"2022-05-30T14:16:29","guid":{"rendered":"https:\/\/www.v-label.com\/information-till-producenter\/formaner\/"},"modified":"2024-07-11T11:07:34","modified_gmt":"2024-07-11T09:07:34","slug":"formaner","status":"publish","type":"page","link":"https:\/\/www.v-label.com\/sv\/information-till-producenter\/formaner\/","title":{"rendered":"F\u00f6rm\u00e5ner"},"content":{"rendered":"\n<p>Kunder \u00f6ver hela v\u00e4rlden v\u00e4ljer allt oftare v\u00e4xtbaserade produkter av olika sk\u00e4l, fr\u00e5n h\u00e4lsa till intolerans, bekv\u00e4mlighet, etik, \u00f6verseende eller helt enkelt f\u00f6r att barnen gillar det. I takt med att veganismen blir alltmer utbredd tar regeringar och organisationer notis om detta. Det b\u00f6rjar bli uppenbart att det inte kommer att vara m\u00f6jligt att n\u00e5 m\u00e5len i Paris klimatavtal, som n\u00e4stan alla regeringar har \u00e5tagit sig att uppn\u00e5, utan att minska konsumtionen av djur. Allt detta ger br\u00e4nsle \u00e5t ett viktigt ekosystem f\u00f6r producenter som m\u00e5ste hitta innovativa och h\u00e5llbara alternativ. F\u00e5 ett starkt grepp om denna st\u00e4ndigt v\u00e4xande marknad idag och under kommande \u00e5r med V-Label.    <\/p>\n\n\n\n<div class=\"wp-block-media-text is-stacked-on-mobile is-vertically-aligned-center is-image-fill\"><figure class=\"wp-block-media-text__media\" style=\"background-image:url(https:\/\/www.v-label.com\/wp-content\/uploads\/2022\/12\/v-label-consumers-favorite.jpg);background-position:62% 53%\"><img decoding=\"async\" src=\"https:\/\/www.v-label.com\/wp-content\/uploads\/2022\/12\/v-label-consumers-favorite.jpg\" alt=\"\" class=\"wp-image-39649 size-full\"\/><\/figure><div class=\"wp-block-media-text__content\">\n<h3 class=\"wp-block-heading\">Konsumenternas favorit<\/h3>\n\n\n\n<p>I Tyskland \u00e4r V-Label enligt den v\u00e4lk\u00e4nda G\u00fctesiegel Monitor 2020 den 8:e mest k\u00e4nda och den 3:e mest betrodda kvalitetsst\u00e4mpeln f\u00f6r livsmedel. I Europeiska unionen \u00e4r <a href=\"https:\/\/www.v-label.com\/about-us\/the-history-of-v-label\/\" data-type=\"page\" data-id=\"2676\">V-Label nu den mest k\u00e4nda<\/a> m\u00e4rkningen f\u00f6r vegetariska och veganska produkter. V-Label har certifierat \u00f6ver 70 000 produkter \u00f6ver hela v\u00e4rlden och har ett brett st\u00f6d i vegan- och vegetariska kretsar. Genom den l\u00e4ttf\u00f6rst\u00e5eliga <a type=\"page\" id=\"34\" href=\"https:\/\/www.v-label.com\/sv\/vanliga-fragor\/\" class=\"ek-link\">kategoriseringen av produkter som veganska eller vegetariska<\/a> \u00e4r V-Label ett snabbt och p\u00e5litligt s\u00e4tt att ber\u00e4tta exakt vad man k\u00f6per.<\/p>\n<\/div><\/div>\n\n\n\n<div style=\"height:30px\" aria-hidden=\"true\" class=\"wp-block-spacer\"><\/div>\n\n\n\n<div class=\"wp-block-media-text is-stacked-on-mobile is-vertically-aligned-center is-image-fill\"><figure class=\"wp-block-media-text__media\" style=\"background-image:url(https:\/\/www.v-label.com\/wp-content\/uploads\/2022\/12\/v-label-global-recognition.jpg);background-position:50% 50%\"><img decoding=\"async\" width=\"1280\" height=\"959\" src=\"https:\/\/www.v-label.com\/wp-content\/uploads\/2022\/12\/v-label-global-recognition.jpg\" alt=\"\" class=\"wp-image-17595 size-full\" srcset=\"https:\/\/www.v-label.com\/wp-content\/uploads\/2022\/12\/v-label-global-recognition.jpg 1280w, https:\/\/www.v-label.com\/wp-content\/uploads\/2022\/12\/v-label-global-recognition-300x225.jpg 300w, https:\/\/www.v-label.com\/wp-content\/uploads\/2022\/12\/v-label-global-recognition-1024x767.jpg 1024w, https:\/\/www.v-label.com\/wp-content\/uploads\/2022\/12\/v-label-global-recognition-500x375.jpg 500w, https:\/\/www.v-label.com\/wp-content\/uploads\/2022\/12\/v-label-global-recognition-768x575.jpg 768w\" sizes=\"(max-width: 1280px) 100vw, 1280px\" \/><\/figure><div class=\"wp-block-media-text__content\">\n<h3 class=\"wp-block-heading\">Globalt erk\u00e4nt<\/h3>\n\n\n\n<p>I Tyskland \u00e4r V-Label enligt den v\u00e4lk\u00e4nda G\u00fctesiegel Monitor 2020 den 8:e mest k\u00e4nda och den 3:e mest betrodda kvalitetsst\u00e4mpeln f\u00f6r livsmedel. I Europeiska unionen \u00e4r V-Label nu den mest k\u00e4nda m\u00e4rkningen f\u00f6r vegetariska och veganska produkter. V-Label har certifierat \u00f6ver 50 000 produkter \u00f6ver hela v\u00e4rlden och har ett brett st\u00f6d i vegan- och vegetariska kretsar. Genom den l\u00e4ttf\u00f6rst\u00e5eliga kategoriseringen av produkter som veganska eller vegetariska \u00e4r V-Label ett snabbt och p\u00e5litligt s\u00e4tt att ber\u00e4tta exakt vad man k\u00f6per.  <\/p>\n<\/div><\/div>\n\n\n\n<div style=\"height:30px\" aria-hidden=\"true\" class=\"wp-block-spacer\"><\/div>\n\n\n\n<div class=\"wp-block-media-text is-stacked-on-mobile is-vertically-aligned-center is-image-fill\"><figure class=\"wp-block-media-text__media\" style=\"background-image:url(https:\/\/www.v-label.com\/wp-content\/uploads\/2022\/12\/v-label-business-partnerships.jpg);background-position:50% 50%\"><img decoding=\"async\" width=\"1280\" height=\"853\" src=\"https:\/\/www.v-label.com\/wp-content\/uploads\/2022\/12\/v-label-business-partnerships.jpg\" alt=\"\" class=\"wp-image-17615 size-full\" srcset=\"https:\/\/www.v-label.com\/wp-content\/uploads\/2022\/12\/v-label-business-partnerships.jpg 1280w, https:\/\/www.v-label.com\/wp-content\/uploads\/2022\/12\/v-label-business-partnerships-300x200.jpg 300w, https:\/\/www.v-label.com\/wp-content\/uploads\/2022\/12\/v-label-business-partnerships-1024x682.jpg 1024w, https:\/\/www.v-label.com\/wp-content\/uploads\/2022\/12\/v-label-business-partnerships-500x333.jpg 500w, https:\/\/www.v-label.com\/wp-content\/uploads\/2022\/12\/v-label-business-partnerships-768x512.jpg 768w\" sizes=\"(max-width: 1280px) 100vw, 1280px\" \/><\/figure><div class=\"wp-block-media-text__content\">\n<h3 class=\"wp-block-heading\">Aff\u00e4rspartnerskap<\/h3>\n\n\n\n<p>V-Label \u00e4r den enda globala certifieringen med lokala representanter i mer \u00e4n 50 l\u00e4nder (och kundtj\u00e4nst p\u00e5 mer \u00e4n 30 spr\u00e5k) och bjuder in dig till en resa som str\u00e4cker sig l\u00e5ngt bortom att bli certifierad. Vad skulle det betyda f\u00f6r ditt f\u00f6retag om du hade tillg\u00e5ng till aff\u00e4rsutvecklingsverktyg som marknadsinsikter, kvalitetsanalyser, r\u00e5dgivning om ingredienser, marknadsf\u00f6ringspartners och annan v\u00e4gledning? Lanserar du en ny produkt eller ger dig in p\u00e5 den veganska marknaden f\u00f6r f\u00f6rsta g\u00e5ngen? Vi har eller h\u00e4nvisar dig g\u00e4rna till experter (specialister inom livsmedelsteknik, livsmedelslagstiftning, kvalitetshantering, kosmetologi, marknadsf\u00f6ring, bioteknik, n\u00e4ring, marknads- och konsumentunders\u00f6kningar med mera) och kontakter inom den veganska industrin och samh\u00e4llet.<\/p>\n<\/div><\/div>\n\n\n\n<div style=\"height:30px\" aria-hidden=\"true\" class=\"wp-block-spacer\"><\/div>\n\n\n\n<div class=\"wp-block-media-text is-stacked-on-mobile is-vertically-aligned-center is-image-fill\"><figure class=\"wp-block-media-text__media\" style=\"background-image:url(https:\/\/www.v-label.com\/wp-content\/uploads\/2022\/12\/v-label-inclusive-approach.jpg);background-position:12% 52%\"><img decoding=\"async\" width=\"1280\" height=\"854\" src=\"https:\/\/www.v-label.com\/wp-content\/uploads\/2022\/12\/v-label-inclusive-approach.jpg\" alt=\"\" class=\"wp-image-17635 size-full\" srcset=\"https:\/\/www.v-label.com\/wp-content\/uploads\/2022\/12\/v-label-inclusive-approach.jpg 1280w, https:\/\/www.v-label.com\/wp-content\/uploads\/2022\/12\/v-label-inclusive-approach-300x200.jpg 300w, https:\/\/www.v-label.com\/wp-content\/uploads\/2022\/12\/v-label-inclusive-approach-1024x683.jpg 1024w, https:\/\/www.v-label.com\/wp-content\/uploads\/2022\/12\/v-label-inclusive-approach-500x334.jpg 500w, https:\/\/www.v-label.com\/wp-content\/uploads\/2022\/12\/v-label-inclusive-approach-768x512.jpg 768w\" sizes=\"(max-width: 1280px) 100vw, 1280px\" \/><\/figure><div class=\"wp-block-media-text__content\">\n<h3 class=\"wp-block-heading\">Ett inkluderande tillv\u00e4gag\u00e5ngss\u00e4tt<\/h3>\n\n\n\n<p>V-Label ger producenter b\u00e5de vegansk och vegetarisk certifiering som bygger p\u00e5 noggranna kontroller och kvalitetshantering och \u00e4r avsett f\u00f6r alla typer av f\u00f6retag, fr\u00e5n nyetablerade veganska f\u00f6retag till internationella f\u00f6retag som Unilever, Nestl\u00e9 och Danone. Tillsammans med aff\u00e4rsinformation \u00e4r det ett genomf\u00f6rbart alternativ f\u00f6r f\u00f6retag som inte fr\u00e4mst \u00e4r inriktade p\u00e5 det v\u00e4xtbaserade segmentet, men som \u00e4nd\u00e5 vill betj\u00e4na den \u00f6kande flexitariska befolkningen. F\u00f6rutom livsmedel finns den tillg\u00e4nglig i branscher som mode, kosmetika, gastronomi, reng\u00f6ringsmedel med mera.  <\/p>\n<\/div><\/div>\n","protected":false},"excerpt":{"rendered":"<p>Kunder \u00f6ver hela v\u00e4rlden v\u00e4ljer allt oftare v\u00e4xtbaserade produkter av olika sk\u00e4l, fr\u00e5n h\u00e4lsa till intolerans, bekv\u00e4mlighet, etik, \u00f6verseende eller helt enkelt f\u00f6r att barnen gillar det. I takt med att veganismen blir alltmer utbredd tar regeringar och organisationer notis om detta. Det b\u00f6rjar bli uppenbart att det inte kommer att vara m\u00f6jligt att n\u00e5 [&hellip;]<\/p>\n","protected":false},"author":5,"featured_media":55047,"parent":56064,"menu_order":0,"comment_status":"closed","ping_status":"closed","template":"","meta":{"_acf_changed":false,"_editorskit_title_hidden":false,"_editorskit_reading_time":0,"_editorskit_is_block_options_detached":false,"_editorskit_block_options_position":"{}","inline_featured_image":false,"_uag_custom_page_level_css":"","footnotes":""},"categories":[],"tags":[],"class_list":["post-56066","page","type-page","status-publish","has-post-thumbnail","hentry"],"acf":[],"uagb_featured_image_src":{"full":["https:\/\/www.v-label.com\/wp-content\/uploads\/2022\/12\/v-label-benefits.jpg",1280,878,false],"thumbnail":["https:\/\/www.v-label.com\/wp-content\/uploads\/2022\/12\/v-label-benefits-500x343.jpg",500,343,true],"medium":["https:\/\/www.v-label.com\/wp-content\/uploads\/2022\/12\/v-label-benefits-300x206.jpg",300,206,true],"medium_large":["https:\/\/www.v-label.com\/wp-content\/uploads\/2022\/12\/v-label-benefits-768x527.jpg",768,527,true],"large":["https:\/\/www.v-label.com\/wp-content\/uploads\/2022\/12\/v-label-benefits-1024x702.jpg",1024,702,true],"1536x1536":["https:\/\/www.v-label.com\/wp-content\/uploads\/2022\/12\/v-label-benefits.jpg",1280,878,false],"2048x2048":["https:\/\/www.v-label.com\/wp-content\/uploads\/2022\/12\/v-label-benefits.jpg",1280,878,false],"preview":["https:\/\/www.v-label.com\/wp-content\/uploads\/2022\/12\/v-label-benefits-904x720.jpg",904,720,true],"header":["https:\/\/www.v-label.com\/wp-content\/uploads\/2022\/12\/v-label-benefits-1280x720.jpg",1280,720,true],"gform-image-choice-sm":["https:\/\/www.v-label.com\/wp-content\/uploads\/2022\/12\/v-label-benefits.jpg",300,206,false],"gform-image-choice-md":["https:\/\/www.v-label.com\/wp-content\/uploads\/2022\/12\/v-label-benefits.jpg",400,274,false],"gform-image-choice-lg":["https:\/\/www.v-label.com\/wp-content\/uploads\/2022\/12\/v-label-benefits.jpg",600,412,false]},"uagb_author_info":{"display_name":"Can Aslan","author_link":"https:\/\/www.v-label.com\/sv"},"uagb_comment_info":0,"uagb_excerpt":"Kunder \u00f6ver hela v\u00e4rlden v\u00e4ljer allt oftare v\u00e4xtbaserade produkter av olika sk\u00e4l, fr\u00e5n h\u00e4lsa till intolerans, bekv\u00e4mlighet, etik, \u00f6verseende eller helt enkelt f\u00f6r att barnen gillar det. I takt med att veganismen blir alltmer utbredd tar regeringar och organisationer notis om detta. Det b\u00f6rjar bli uppenbart att det inte kommer att vara m\u00f6jligt att n\u00e5&hellip;","_links":{"self":[{"href":"https:\/\/www.v-label.com\/sv\/wp-json\/wp\/v2\/pages\/56066","targetHints":{"allow":["GET"]}}],"collection":[{"href":"https:\/\/www.v-label.com\/sv\/wp-json\/wp\/v2\/pages"}],"about":[{"href":"https:\/\/www.v-label.com\/sv\/wp-json\/wp\/v2\/types\/page"}],"author":[{"embeddable":true,"href":"https:\/\/www.v-label.com\/sv\/wp-json\/wp\/v2\/users\/5"}],"replies":[{"embeddable":true,"href":"https:\/\/www.v-label.com\/sv\/wp-json\/wp\/v2\/comments?post=56066"}],"version-history":[{"count":4,"href":"https:\/\/www.v-label.com\/sv\/wp-json\/wp\/v2\/pages\/56066\/revisions"}],"predecessor-version":[{"id":83962,"href":"https:\/\/www.v-label.com\/sv\/wp-json\/wp\/v2\/pages\/56066\/revisions\/83962"}],"up":[{"embeddable":true,"href":"https:\/\/www.v-label.com\/sv\/wp-json\/wp\/v2\/pages\/56064"}],"wp:featuredmedia":[{"embeddable":true,"href":"https:\/\/www.v-label.com\/sv\/wp-json\/wp\/v2\/media\/55047"}],"wp:attachment":[{"href":"https:\/\/www.v-label.com\/sv\/wp-json\/wp\/v2\/media?parent=56066"}],"wp:term":[{"taxonomy":"category","embeddable":true,"href":"https:\/\/www.v-label.com\/sv\/wp-json\/wp\/v2\/categories?post=56066"},{"taxonomy":"post_tag","embeddable":true,"href":"https:\/\/www.v-label.com\/sv\/wp-json\/wp\/v2\/tags?post=56066"}],"curies":[{"name":"wp","href":"https:\/\/api.w.org\/{rel}","templated":true}]}}