{"id":56069,"date":"2022-05-30T16:14:53","date_gmt":"2022-05-30T14:14:53","guid":{"rendered":"https:\/\/www.v-label.com\/grenar\/"},"modified":"2023-07-03T10:23:03","modified_gmt":"2023-07-03T08:23:03","slug":"grenar","status":"publish","type":"page","link":"https:\/\/www.v-label.com\/sv\/grenar\/","title":{"rendered":"Allm\u00e4n information"},"content":{"rendered":"\n<p>Den globala marknaden f\u00f6r v\u00e4xtbaserade ingredienser har haft rekordf\u00f6rs\u00e4ljning under m\u00e5nga \u00e5r och f\u00f6rv\u00e4ntas v\u00e4xa med <a href=\"https:\/\/univdatosmarketinsights.medium.com\/plant-based-food-market-global-industry-analysis-size-share-growth-trends-and-forecast-2a0c4dd7867\" target=\"_blank\" rel=\"noopener\">8,94 %<\/a> per \u00e5r under perioden 2019-2025. Medan den 2018 v\u00e4rderades till 10,66 miljarder USD i int\u00e4kter f\u00f6rv\u00e4ntas den <a href=\"https:\/\/www.absolutemarketsinsights.com\/reports\/Global-Vegan-Food-Market-2019-2027-532\" target=\"_blank\" rel=\"noopener\">n\u00e5 27,98 miljarder \u00e5r 2027<\/a>. <\/p>\n\n\n\n<p>Globalt sett s\u00f6ker konsumenterna alltmer efter h\u00e4lsosamma, etiska och kostnadseffektiva produkter med l\u00e5g milj\u00f6p\u00e5verkan, vilket <a href=\"https:\/\/www.researchandmarkets.com\/reports\/5141758\/plant-based-meat-market-global-outlook-and\" target=\"_blank\" rel=\"noopener\">driver efterfr\u00e5gan<\/a> p\u00e5 veganska alternativ. Fler och fler f\u00f6retag inser f\u00f6rdelarna med att tillgodose marknadens v\u00e4xande behov av ett utbud av varierade, h\u00f6gkvalitativa och djurfria produkter. <\/p>\n\n\n\n<p>Konsumenterna kr\u00e4ver ocks\u00e5 i allt h\u00f6gre grad \u00f6ppenhet i m\u00e4rkningen. De vill kunna identifiera veganska och vegetariska produkter snabbt och s\u00e4kert. G\u00fctesiegel Monitor rankade V-Label som en av de tre mest betrodda livsmedelsm\u00e4rkena i Tyskland 2020. M\u00e4rkning av oberoende organisationer ger konsumenterna st\u00f6rre f\u00f6rtroende \u00e4n etiketter som produceras av tillverkaren &#8211; bara i Tyskland anser 60 % att en milj\u00f6institution g\u00f6r mer konsekventa inspektioner \u00e4n privata etiketter.   <\/p>\n\n\n\r\n<ul id=\"pagelinks-block_bebbd5417247eace4b954ccbfc555ba2\" class=\"wp-block-pagelinks alignwide\">\r\n\t\t\t\t\t\t<li>\r\n\t\t\t\t<article>\r\n\t\t\t\t\t\t\t\t\t\t\t<a href=\"https:\/\/www.v-label.com\/sv\/grenar\/mat\/\" class=\"post_thumbnail\">\r\n\t\t\t\t\t\t\t<img decoding=\"async\" width=\"904\" height=\"720\" src=\"https:\/\/www.v-label.com\/wp-content\/uploads\/2022\/12\/v-label-food-sector-904x720.jpg\" class=\"attachment-preview size-preview wp-post-image\" alt=\"\" \/>\t\t\t\t\t\t<\/a>\r\n\t\t\t\t\t\t\t\t\t\t<div class=\"inner\">\r\n\t\t\t\t\t\t<div class=\"inner_top\">\r\n\t\t\t\t\t\t\t<header>\r\n\t\t\t\t\t\t\t\t<h3>\r\n\t\t\t\t\t\t\t\t\t<a href=\"https:\/\/www.v-label.com\/sv\/grenar\/mat\/\">Mat<\/a>\r\n\t\t\t\t\t\t\t\t<\/h3>\r\n\t\t\t\t\t\t\t\t\t\t\t\t\t\t\t<\/header>\r\n\t\t\t\t\t\t\t\t\t\t\t\t\t\t\t<div class=\"excerpt\">\r\n\t\t\t\t\t\t\t\t\t<p>Visste du att enligt Euromonitor International att den v\u00e4xtbaserade marknaden i V\u00e4steuropa har f\u00f6rdubblats i storlek bara under det senaste decenniet och st\u00e5r f\u00f6r 38,5 % av de totala globala int\u00e4kterna? Medan den globala marknaden f\u00f6r v\u00e4xtbaserade livsmedel f\u00f6rv\u00e4ntas v\u00e4xa med 8,94 procent, kommer proteinsektorn att \u00f6ka med 18 procent och n\u00e5 en niv\u00e5 p\u00e5 [&hellip;]<\/p>\r\n\t\t\t\t\t\t\t\t<\/div>\r\n\t\t\t\t\t\t\t\t\t\t\t\t\t<\/div>\r\n\t\t\t\t\t\t<a href=\"https:\/\/www.v-label.com\/sv\/grenar\/mat\/\" class=\"read_more\">L\u00e4s mer<\/a>\r\n\t\t\t\t\t<\/div>\r\n\t\t\t\t<\/article>\r\n\t\t\t<\/li>\r\n\t\t\t\t\t<li>\r\n\t\t\t\t<article>\r\n\t\t\t\t\t\t\t\t\t\t\t<a href=\"https:\/\/www.v-label.com\/sv\/grenar\/kosmetika\/\" class=\"post_thumbnail\">\r\n\t\t\t\t\t\t\t<img decoding=\"async\" width=\"904\" height=\"720\" src=\"https:\/\/www.v-label.com\/wp-content\/uploads\/2022\/12\/cosmetics-1280-904x720.jpg\" class=\"attachment-preview size-preview wp-post-image\" alt=\"\" \/>\t\t\t\t\t\t<\/a>\r\n\t\t\t\t\t\t\t\t\t\t<div class=\"inner\">\r\n\t\t\t\t\t\t<div class=\"inner_top\">\r\n\t\t\t\t\t\t\t<header>\r\n\t\t\t\t\t\t\t\t<h3>\r\n\t\t\t\t\t\t\t\t\t<a href=\"https:\/\/www.v-label.com\/sv\/grenar\/kosmetika\/\">Kosmetika och reng\u00f6ringsmedel<\/a>\r\n\t\t\t\t\t\t\t\t<\/h3>\r\n\t\t\t\t\t\t\t\t\t\t\t\t\t\t\t<\/header>\r\n\t\t\t\t\t\t\t\t\t\t\t\t\t\t\t<div class=\"excerpt\">\r\n\t\t\t\t\t\t\t\t\t<p>Bekv\u00e4mlighet, att ta ansvar f\u00f6r sin egen h\u00e4lsa och grymtfri sk\u00f6nhet. Det \u00e4r de tre huvudanledningarna till att den globala marknaden f\u00f6r vegansk kosmetika ber\u00e4knas n\u00e5 20,8 miljarder dollar \u00e5r 2025, med en tillv\u00e4xttakt p\u00e5 6,3 %, enligt Vegan Cosmetics Market Size, Share &amp; Trends Analysis Report fr\u00e5n 2018. Europa har en stor andel av [&hellip;]<\/p>\r\n\t\t\t\t\t\t\t\t<\/div>\r\n\t\t\t\t\t\t\t\t\t\t\t\t\t<\/div>\r\n\t\t\t\t\t\t<a href=\"https:\/\/www.v-label.com\/sv\/grenar\/kosmetika\/\" class=\"read_more\">L\u00e4s mer<\/a>\r\n\t\t\t\t\t<\/div>\r\n\t\t\t\t<\/article>\r\n\t\t\t<\/li>\r\n\t\t\t\t\t<li>\r\n\t\t\t\t<article>\r\n\t\t\t\t\t\t\t\t\t\t\t<a href=\"https:\/\/www.v-label.com\/sv\/grenar\/icke-livsmedel\/\" class=\"post_thumbnail\">\r\n\t\t\t\t\t\t\t<img decoding=\"async\" width=\"904\" height=\"692\" src=\"https:\/\/www.v-label.com\/wp-content\/uploads\/2022\/12\/v-label-non-food-sectors-904x692.jpg\" class=\"attachment-preview size-preview wp-post-image\" alt=\"\" \/>\t\t\t\t\t\t<\/a>\r\n\t\t\t\t\t\t\t\t\t\t<div class=\"inner\">\r\n\t\t\t\t\t\t<div class=\"inner_top\">\r\n\t\t\t\t\t\t\t<header>\r\n\t\t\t\t\t\t\t\t<h3>\r\n\t\t\t\t\t\t\t\t\t<a href=\"https:\/\/www.v-label.com\/sv\/grenar\/icke-livsmedel\/\">Icke livsmedel<\/a>\r\n\t\t\t\t\t\t\t\t<\/h3>\r\n\t\t\t\t\t\t\t\t\t\t\t\t\t\t\t<\/header>\r\n\t\t\t\t\t\t\t\t\t\t\t\t\t\t\t<div class=\"excerpt\">\r\n\t\t\t\t\t\t\t\t\t<p>Veganskt och grymtfritt mode anses redan vara coolt och lyxigt och \u00e4r en blomstrande bransch som kommer att v\u00e4xa i m\u00e5nga \u00e5r fram\u00f6ver. Den globala marknaden f\u00f6r veganskt mode f\u00f6r kvinnor v\u00e4rderades till 396,3 miljarder USD 2019 och f\u00f6rv\u00e4ntas v\u00e4xa med 13,6 % fram till 2027, enligt Statista.com. Marknaden f\u00f6r veganskt l\u00e4der \u00e4r branschens drivkraft, [&hellip;]<\/p>\r\n\t\t\t\t\t\t\t\t<\/div>\r\n\t\t\t\t\t\t\t\t\t\t\t\t\t<\/div>\r\n\t\t\t\t\t\t<a href=\"https:\/\/www.v-label.com\/sv\/grenar\/icke-livsmedel\/\" class=\"read_more\">L\u00e4s mer<\/a>\r\n\t\t\t\t\t<\/div>\r\n\t\t\t\t<\/article>\r\n\t\t\t<\/li>\r\n\t\t\t\t\t<li>\r\n\t\t\t\t<article>\r\n\t\t\t\t\t\t\t\t\t\t\t<a href=\"https:\/\/www.v-label.com\/sv\/grenar\/gastronomi\/\" class=\"post_thumbnail\">\r\n\t\t\t\t\t\t\t<img decoding=\"async\" width=\"904\" height=\"720\" src=\"https:\/\/www.v-label.com\/wp-content\/uploads\/2022\/12\/gastronomy-1280-904x720.jpg\" class=\"attachment-preview size-preview wp-post-image\" alt=\"\" \/>\t\t\t\t\t\t<\/a>\r\n\t\t\t\t\t\t\t\t\t\t<div class=\"inner\">\r\n\t\t\t\t\t\t<div class=\"inner_top\">\r\n\t\t\t\t\t\t\t<header>\r\n\t\t\t\t\t\t\t\t<h3>\r\n\t\t\t\t\t\t\t\t\t<a href=\"https:\/\/www.v-label.com\/sv\/grenar\/gastronomi\/\">Gastronomi<\/a>\r\n\t\t\t\t\t\t\t\t<\/h3>\r\n\t\t\t\t\t\t\t\t\t\t\t\t\t\t\t<\/header>\r\n\t\t\t\t\t\t\t\t\t\t\t\t\t\t\t<div class=\"excerpt\">\r\n\t\t\t\t\t\t\t\t\t<p>Fr\u00e5n kaf\u00e9er till h\u00f6gklassiga restauranger, bistroer och pop-ups &#8211; livsmedelsbranschen \u00e4r n\u00e4stan lika stor som detaljhandeln. Under det senaste decenniet har konsumenter under 40 \u00e5r \u00f6kat sitt intag av f\u00e4rska gr\u00f6nsaker med 52 procent, enligt Global Variability in Fruit and Vegetable Consumption, en studie som bygger p\u00e5 uppgifter fr\u00e5n WHO:s v\u00e4rldsh\u00e4lsounders\u00f6kningar. Bara under 2021 gick [&hellip;]<\/p>\r\n\t\t\t\t\t\t\t\t<\/div>\r\n\t\t\t\t\t\t\t\t\t\t\t\t\t<\/div>\r\n\t\t\t\t\t\t<a href=\"https:\/\/www.v-label.com\/sv\/grenar\/gastronomi\/\" class=\"read_more\">L\u00e4s mer<\/a>\r\n\t\t\t\t\t<\/div>\r\n\t\t\t\t<\/article>\r\n\t\t\t<\/li>\r\n\t\t\t<\/ul>","protected":false},"excerpt":{"rendered":"<p>Den globala marknaden f\u00f6r v\u00e4xtbaserade ingredienser har haft rekordf\u00f6rs\u00e4ljning under m\u00e5nga \u00e5r och f\u00f6rv\u00e4ntas v\u00e4xa med 8,94 % per \u00e5r under perioden 2019-2025. Medan den 2018 v\u00e4rderades till 10,66 miljarder USD i int\u00e4kter f\u00f6rv\u00e4ntas den n\u00e5 27,98 miljarder \u00e5r 2027. Globalt sett s\u00f6ker konsumenterna alltmer efter h\u00e4lsosamma, etiska och kostnadseffektiva produkter med l\u00e5g milj\u00f6p\u00e5verkan, vilket [&hellip;]<\/p>\n","protected":false},"author":5,"featured_media":54991,"parent":0,"menu_order":0,"comment_status":"closed","ping_status":"closed","template":"","meta":{"_acf_changed":false,"_editorskit_title_hidden":false,"_editorskit_reading_time":0,"_editorskit_is_block_options_detached":false,"_editorskit_block_options_position":"{}","inline_featured_image":false,"_uag_custom_page_level_css":"","footnotes":""},"categories":[],"tags":[],"class_list":["post-56069","page","type-page","status-publish","has-post-thumbnail","hentry"],"acf":[],"uagb_featured_image_src":{"full":["https:\/\/www.v-label.com\/wp-content\/uploads\/2022\/12\/v-label-general-info-sectors.jpg",1280,716,false],"thumbnail":["https:\/\/www.v-label.com\/wp-content\/uploads\/2022\/12\/v-label-general-info-sectors-500x280.jpg",500,280,true],"medium":["https:\/\/www.v-label.com\/wp-content\/uploads\/2022\/12\/v-label-general-info-sectors-300x168.jpg",300,168,true],"medium_large":["https:\/\/www.v-label.com\/wp-content\/uploads\/2022\/12\/v-label-general-info-sectors-768x430.jpg",768,430,true],"large":["https:\/\/www.v-label.com\/wp-content\/uploads\/2022\/12\/v-label-general-info-sectors-1024x573.jpg",1024,573,true],"1536x1536":["https:\/\/www.v-label.com\/wp-content\/uploads\/2022\/12\/v-label-general-info-sectors.jpg",1280,716,false],"2048x2048":["https:\/\/www.v-label.com\/wp-content\/uploads\/2022\/12\/v-label-general-info-sectors.jpg",1280,716,false],"preview":["https:\/\/www.v-label.com\/wp-content\/uploads\/2022\/12\/v-label-general-info-sectors-904x716.jpg",904,716,true],"header":["https:\/\/www.v-label.com\/wp-content\/uploads\/2022\/12\/v-label-general-info-sectors.jpg",1280,716,false],"gform-image-choice-sm":["https:\/\/www.v-label.com\/wp-content\/uploads\/2022\/12\/v-label-general-info-sectors.jpg",300,168,false],"gform-image-choice-md":["https:\/\/www.v-label.com\/wp-content\/uploads\/2022\/12\/v-label-general-info-sectors.jpg",400,224,false],"gform-image-choice-lg":["https:\/\/www.v-label.com\/wp-content\/uploads\/2022\/12\/v-label-general-info-sectors.jpg",600,336,false]},"uagb_author_info":{"display_name":"Can Aslan","author_link":"https:\/\/www.v-label.com\/sv"},"uagb_comment_info":0,"uagb_excerpt":"Den globala marknaden f\u00f6r v\u00e4xtbaserade ingredienser har haft rekordf\u00f6rs\u00e4ljning under m\u00e5nga \u00e5r och f\u00f6rv\u00e4ntas v\u00e4xa med 8,94 % per \u00e5r under perioden 2019-2025. Medan den 2018 v\u00e4rderades till 10,66 miljarder USD i int\u00e4kter f\u00f6rv\u00e4ntas den n\u00e5 27,98 miljarder \u00e5r 2027. Globalt sett s\u00f6ker konsumenterna alltmer efter h\u00e4lsosamma, etiska och kostnadseffektiva produkter med l\u00e5g milj\u00f6p\u00e5verkan, vilket&hellip;","_links":{"self":[{"href":"https:\/\/www.v-label.com\/sv\/wp-json\/wp\/v2\/pages\/56069","targetHints":{"allow":["GET"]}}],"collection":[{"href":"https:\/\/www.v-label.com\/sv\/wp-json\/wp\/v2\/pages"}],"about":[{"href":"https:\/\/www.v-label.com\/sv\/wp-json\/wp\/v2\/types\/page"}],"author":[{"embeddable":true,"href":"https:\/\/www.v-label.com\/sv\/wp-json\/wp\/v2\/users\/5"}],"replies":[{"embeddable":true,"href":"https:\/\/www.v-label.com\/sv\/wp-json\/wp\/v2\/comments?post=56069"}],"version-history":[{"count":2,"href":"https:\/\/www.v-label.com\/sv\/wp-json\/wp\/v2\/pages\/56069\/revisions"}],"predecessor-version":[{"id":64807,"href":"https:\/\/www.v-label.com\/sv\/wp-json\/wp\/v2\/pages\/56069\/revisions\/64807"}],"wp:featuredmedia":[{"embeddable":true,"href":"https:\/\/www.v-label.com\/sv\/wp-json\/wp\/v2\/media\/54991"}],"wp:attachment":[{"href":"https:\/\/www.v-label.com\/sv\/wp-json\/wp\/v2\/media?parent=56069"}],"wp:term":[{"taxonomy":"category","embeddable":true,"href":"https:\/\/www.v-label.com\/sv\/wp-json\/wp\/v2\/categories?post=56069"},{"taxonomy":"post_tag","embeddable":true,"href":"https:\/\/www.v-label.com\/sv\/wp-json\/wp\/v2\/tags?post=56069"}],"curies":[{"name":"wp","href":"https:\/\/api.w.org\/{rel}","templated":true}]}}