{"id":56071,"date":"2022-05-30T16:15:11","date_gmt":"2022-05-30T14:15:11","guid":{"rendered":"https:\/\/www.v-label.com\/grenar\/mat\/"},"modified":"2023-05-23T23:03:38","modified_gmt":"2023-05-23T21:03:38","slug":"mat","status":"publish","type":"page","link":"https:\/\/www.v-label.com\/sv\/grenar\/mat\/","title":{"rendered":"Mat"},"content":{"rendered":"\n<p>Visste du att enligt Euromonitor International att den v\u00e4xtbaserade marknaden i V\u00e4steuropa har f\u00f6rdubblats i storlek bara under det senaste decenniet och st\u00e5r f\u00f6r 38,5 % av de totala globala int\u00e4kterna? <\/p>\n\n\n\n<p>Medan den globala marknaden f\u00f6r v\u00e4xtbaserade livsmedel f\u00f6rv\u00e4ntas v\u00e4xa med 8,94 procent, kommer proteinsektorn att \u00f6ka <a href=\"https:\/\/www.prnewswire.com\/news-releases\/the-global-plant-based-meat-market-by-revenue-is-expected-to-grow-at-a-cagr-of-over-18-during-the-period-20192025-301123673.html\" target=\"_blank\" rel=\"noopener\">med 18 procent<\/a> och n\u00e5 en niv\u00e5 p\u00e5 28 miljarder dollar \u00e5r 2025. Lansering efter lansering av veganska nystartade f\u00f6retag st\u00f6der redan statistiken: de \u00e4r inriktade p\u00e5 att m\u00f6ta den v\u00e4xande efterfr\u00e5gan p\u00e5 veganskt n\u00f6tk\u00f6tt, fisk, ost, mj\u00f6lk, yoghurt, \u00e4gg, bakverk, vitaminer och kosttillskott, var och en en blomstrande nisch i sig sj\u00e4lv. Dessutom har nischprodukterna tagit sig in i traditionella detaljhandelskedjor, och etablerade livsmedelsproducenter introducerar veganska och vegetariska sortiment. <\/p>\n\n\n\n<p>Intressant nog \u00e4r detta bara b\u00f6rjan. Enligt ProVeg International garanterar de \u00f6kande investeringarna i teknisk innovation att smaken, konsistensen och munk\u00e4nslan hos dessa produkter bara kommer att forts\u00e4tta att f\u00f6rb\u00e4ttras med ytterligare framsteg n\u00e4r det g\u00e4ller ingredienser och bearbetning. Som den mest erk\u00e4nda veganska och vegetariska m\u00e4rkningen inom livsmedelssegmentet inneb\u00e4r en V-m\u00e4rkning att du drar nytta av denna o\u00f6vertr\u00e4ffade marknadstillv\u00e4xt.   <\/p>\n\n\n\n<h2 class=\"wp-block-heading\">White papers<\/h2>\n\n\n\n<div class=\"wp-block-columns is-layout-flex wp-container-core-columns-is-layout-9d6595d7 wp-block-columns-is-layout-flex\">\n<div class=\"wp-block-column is-layout-flow wp-block-column-is-layout-flow\">\n<figure class=\"wp-block-embed is-type-wp-embed is-provider-v-label wp-block-embed-v-label\"><div class=\"wp-block-embed__wrapper\">\n<blockquote class=\"wp-embedded-content\" data-secret=\"eKCBMVu0lq\"><a href=\"https:\/\/www.v-label.com\/sv\/white-papers\/fish-and-seafood\/\">Fish and Seafood<\/a><\/blockquote><iframe loading=\"lazy\" class=\"wp-embedded-content\" sandbox=\"allow-scripts\" security=\"restricted\" style=\"position: absolute; clip: rect(1px, 1px, 1px, 1px);\" title=\"\u201dFish and Seafood\u201d &ndash; V-Label\" src=\"https:\/\/www.v-label.com\/sv\/white-papers\/fish-and-seafood\/embed\/#?secret=vGCjei1Tqq#?secret=eKCBMVu0lq\" data-secret=\"eKCBMVu0lq\" width=\"500\" height=\"282\" frameborder=\"0\" marginwidth=\"0\" marginheight=\"0\" scrolling=\"no\"><\/iframe>\n<\/div><\/figure>\n<\/div>\n\n\n\n<div class=\"wp-block-column is-layout-flow wp-block-column-is-layout-flow\">\n<figure class=\"wp-block-embed is-type-wp-embed is-provider-v-label wp-block-embed-v-label\"><div class=\"wp-block-embed__wrapper\">\n<blockquote class=\"wp-embedded-content\" data-secret=\"fvCj0BvcWx\"><a href=\"https:\/\/www.v-label.com\/sv\/white-papers\/sweets\/\">Sweets<\/a><\/blockquote><iframe loading=\"lazy\" class=\"wp-embedded-content\" sandbox=\"allow-scripts\" security=\"restricted\" style=\"position: absolute; clip: rect(1px, 1px, 1px, 1px);\" title=\"\u201dSweets\u201d &ndash; V-Label\" src=\"https:\/\/www.v-label.com\/sv\/white-papers\/sweets\/embed\/#?secret=YgkfFSBcv2#?secret=fvCj0BvcWx\" data-secret=\"fvCj0BvcWx\" width=\"500\" height=\"282\" frameborder=\"0\" marginwidth=\"0\" marginheight=\"0\" scrolling=\"no\"><\/iframe>\n<\/div><\/figure>\n<\/div>\n\n\n\n<div class=\"wp-block-column is-layout-flow wp-block-column-is-layout-flow\">\n<figure class=\"wp-block-embed is-type-wp-embed is-provider-v-label wp-block-embed-v-label\"><div class=\"wp-block-embed__wrapper\">\n<blockquote class=\"wp-embedded-content\" data-secret=\"x9dZPBNSl6\"><a href=\"https:\/\/www.v-label.com\/sv\/white-papers\/dairy\/\">Dairy<\/a><\/blockquote><iframe loading=\"lazy\" class=\"wp-embedded-content\" sandbox=\"allow-scripts\" security=\"restricted\" style=\"position: absolute; clip: rect(1px, 1px, 1px, 1px);\" title=\"\u201dDairy\u201d &ndash; V-Label\" src=\"https:\/\/www.v-label.com\/sv\/white-papers\/dairy\/embed\/#?secret=tKRxrXVghh#?secret=x9dZPBNSl6\" data-secret=\"x9dZPBNSl6\" width=\"500\" height=\"282\" frameborder=\"0\" marginwidth=\"0\" marginheight=\"0\" scrolling=\"no\"><\/iframe>\n<\/div><\/figure>\n<\/div>\n<\/div>\n\n\n\n<h2 class=\"wp-block-heading\">Webinars<\/h2>\n\n\n\n<div class=\"wp-block-columns is-layout-flex wp-container-core-columns-is-layout-9d6595d7 wp-block-columns-is-layout-flex\">\n<div class=\"wp-block-column is-layout-flow wp-block-column-is-layout-flow\">\n<figure class=\"wp-block-embed is-type-wp-embed is-provider-v-label wp-block-embed-v-label\"><div class=\"wp-block-embed__wrapper\">\n<blockquote class=\"wp-embedded-content\" data-secret=\"WAJ2AqQz7b\"><a href=\"https:\/\/www.v-label.com\/sv\/events\/free-v-label-webinar-a-deep-dive-into-vegan-seafood-alternatives\/\">Free V-Label webinar: A deep dive into vegan seafood alternatives<\/a><\/blockquote><iframe loading=\"lazy\" class=\"wp-embedded-content\" sandbox=\"allow-scripts\" security=\"restricted\" style=\"position: absolute; clip: rect(1px, 1px, 1px, 1px);\" title=\"\u201dFree V-Label webinar: A deep dive into vegan seafood alternatives\u201d &ndash; V-Label\" src=\"https:\/\/www.v-label.com\/sv\/events\/free-v-label-webinar-a-deep-dive-into-vegan-seafood-alternatives\/embed\/#?secret=FrKagF4A3D#?secret=WAJ2AqQz7b\" data-secret=\"WAJ2AqQz7b\" width=\"500\" height=\"282\" frameborder=\"0\" marginwidth=\"0\" marginheight=\"0\" scrolling=\"no\"><\/iframe>\n<\/div><\/figure>\n<\/div>\n\n\n\n<div class=\"wp-block-column is-layout-flow wp-block-column-is-layout-flow\">\n<figure class=\"wp-block-embed is-type-wp-embed is-provider-v-label wp-block-embed-v-label\"><div class=\"wp-block-embed__wrapper\">\n<blockquote class=\"wp-embedded-content\" data-secret=\"Wn040XzTCr\"><a href=\"https:\/\/www.v-label.com\/sv\/events\/gut-health-dairy-alternatives\/\">Free V-Label webinar: Gut health and dairy alternatives<\/a><\/blockquote><iframe loading=\"lazy\" class=\"wp-embedded-content\" sandbox=\"allow-scripts\" security=\"restricted\" style=\"position: absolute; clip: rect(1px, 1px, 1px, 1px);\" title=\"\u201dFree V-Label webinar: Gut health and dairy alternatives\u201d &ndash; V-Label\" src=\"https:\/\/www.v-label.com\/sv\/events\/gut-health-dairy-alternatives\/embed\/#?secret=CCvXVnFARK#?secret=Wn040XzTCr\" data-secret=\"Wn040XzTCr\" width=\"500\" height=\"282\" frameborder=\"0\" marginwidth=\"0\" marginheight=\"0\" scrolling=\"no\"><\/iframe>\n<\/div><\/figure>\n<\/div>\n\n\n\n<div class=\"wp-block-column is-layout-flow wp-block-column-is-layout-flow\">\n<figure class=\"wp-block-embed is-type-wp-embed is-provider-v-label wp-block-embed-v-label\"><div class=\"wp-block-embed__wrapper\">\n<blockquote class=\"wp-embedded-content\" data-secret=\"b3QoIo2d9A\"><a href=\"https:\/\/www.v-label.com\/sv\/events\/plant-based-meat-in-retail\/\">The Rise Of Plant-Based Meat Products In Retail: Market Trends And Fresh Consumer Behavior Insights In Europe<\/a><\/blockquote><iframe loading=\"lazy\" class=\"wp-embedded-content\" sandbox=\"allow-scripts\" security=\"restricted\" style=\"position: absolute; clip: rect(1px, 1px, 1px, 1px);\" title=\"\u201dThe Rise Of Plant-Based Meat Products In Retail: Market Trends And Fresh Consumer Behavior Insights In Europe\u201d &ndash; V-Label\" src=\"https:\/\/www.v-label.com\/sv\/events\/plant-based-meat-in-retail\/embed\/#?secret=Wm6wdJC492#?secret=b3QoIo2d9A\" data-secret=\"b3QoIo2d9A\" width=\"500\" height=\"282\" frameborder=\"0\" marginwidth=\"0\" marginheight=\"0\" scrolling=\"no\"><\/iframe>\n<\/div><\/figure>\n<\/div>\n<\/div>\n\n\n\n<div class=\"wp-block-buttons is-content-justification-center is-layout-flex wp-container-core-buttons-is-layout-16018d1d wp-block-buttons-is-layout-flex\">\n<div class=\"wp-block-button\"><a class=\"wp-block-button__link wp-element-button\" href=\"https:\/\/www.v-label.com\/for-business\/get-certified\/\">Bli V-Label Certifierad<\/a><\/div>\n<\/div>\n\n\n\n<p><\/p>\n\n\n\n<h2 class=\"wp-block-heading\">Want to stay up to date on the latest trends? <\/h2>\n\n\n\n<p><strong>News from <a href=\"https:\/\/vegconomist.com\/category\/food-and-beverage\/meat-and-fish-alternatives\/\" class=\"ek-link\" target=\"_blank\" rel=\"noopener\">Vegconomist<\/a> on meat and fish alternatives<\/strong><\/p>\n\n\n<div class=\"components-placeholder\"><div class=\"notice notice-error\"><strong>RSS-fel:<\/strong> Retrieved unsupported status code &quot;403&quot;<\/div><\/div>\n\n\n<p><strong>News from <a href=\"https:\/\/vegconomist.com\/category\/food-and-beverage\/cheese-alternatives\" class=\"ek-link\" target=\"_blank\" rel=\"noopener\">Vegconomist<\/a> on cheese alternatives<\/strong><\/p>\n\n\n<div class=\"components-placeholder\"><div class=\"notice notice-error\"><strong>RSS-fel:<\/strong> Retrieved unsupported status code &quot;403&quot;<\/div><\/div>\n\n\n<p><strong>News from <a href=\"https:\/\/vegconomist.com\/category\/food-and-beverage\/milk-and-dairy-alternatives\/\" class=\"ek-link\" target=\"_blank\" rel=\"noopener\">Vegconomist<\/a> on milk and dairy alternatives<\/strong><\/p>\n\n\n<div class=\"components-placeholder\"><div class=\"notice notice-error\"><strong>RSS-fel:<\/strong> Retrieved unsupported status code &quot;403&quot;<\/div><\/div>","protected":false},"excerpt":{"rendered":"<p>Visste du att enligt Euromonitor International att den v\u00e4xtbaserade marknaden i V\u00e4steuropa har f\u00f6rdubblats i storlek bara under det senaste decenniet och st\u00e5r f\u00f6r 38,5 % av de totala globala int\u00e4kterna? Medan den globala marknaden f\u00f6r v\u00e4xtbaserade livsmedel f\u00f6rv\u00e4ntas v\u00e4xa med 8,94 procent, kommer proteinsektorn att \u00f6ka med 18 procent och n\u00e5 en niv\u00e5 p\u00e5 [&hellip;]<\/p>\n","protected":false},"author":5,"featured_media":54993,"parent":56069,"menu_order":0,"comment_status":"closed","ping_status":"closed","template":"","meta":{"_acf_changed":false,"_editorskit_title_hidden":false,"_editorskit_reading_time":0,"_editorskit_is_block_options_detached":false,"_editorskit_block_options_position":"{}","inline_featured_image":false,"_uag_custom_page_level_css":"","footnotes":""},"categories":[],"tags":[],"class_list":["post-56071","page","type-page","status-publish","has-post-thumbnail","hentry"],"acf":[],"uagb_featured_image_src":{"full":["https:\/\/www.v-label.com\/wp-content\/uploads\/2022\/12\/v-label-food-sector.jpg",1280,857,false],"thumbnail":["https:\/\/www.v-label.com\/wp-content\/uploads\/2022\/12\/v-label-food-sector-500x335.jpg",500,335,true],"medium":["https:\/\/www.v-label.com\/wp-content\/uploads\/2022\/12\/v-label-food-sector-300x201.jpg",300,201,true],"medium_large":["https:\/\/www.v-label.com\/wp-content\/uploads\/2022\/12\/v-label-food-sector-768x514.jpg",768,514,true],"large":["https:\/\/www.v-label.com\/wp-content\/uploads\/2022\/12\/v-label-food-sector-1024x686.jpg",1024,686,true],"1536x1536":["https:\/\/www.v-label.com\/wp-content\/uploads\/2022\/12\/v-label-food-sector.jpg",1280,857,false],"2048x2048":["https:\/\/www.v-label.com\/wp-content\/uploads\/2022\/12\/v-label-food-sector.jpg",1280,857,false],"preview":["https:\/\/www.v-label.com\/wp-content\/uploads\/2022\/12\/v-label-food-sector-904x720.jpg",904,720,true],"header":["https:\/\/www.v-label.com\/wp-content\/uploads\/2022\/12\/v-label-food-sector-1280x720.jpg",1280,720,true],"gform-image-choice-sm":["https:\/\/www.v-label.com\/wp-content\/uploads\/2022\/12\/v-label-food-sector.jpg",300,201,false],"gform-image-choice-md":["https:\/\/www.v-label.com\/wp-content\/uploads\/2022\/12\/v-label-food-sector.jpg",400,268,false],"gform-image-choice-lg":["https:\/\/www.v-label.com\/wp-content\/uploads\/2022\/12\/v-label-food-sector.jpg",600,402,false]},"uagb_author_info":{"display_name":"Can Aslan","author_link":"https:\/\/www.v-label.com\/sv"},"uagb_comment_info":0,"uagb_excerpt":"Visste du att enligt Euromonitor International att den v\u00e4xtbaserade marknaden i V\u00e4steuropa har f\u00f6rdubblats i storlek bara under det senaste decenniet och st\u00e5r f\u00f6r 38,5 % av de totala globala int\u00e4kterna? Medan den globala marknaden f\u00f6r v\u00e4xtbaserade livsmedel f\u00f6rv\u00e4ntas v\u00e4xa med 8,94 procent, kommer proteinsektorn att \u00f6ka med 18 procent och n\u00e5 en niv\u00e5 p\u00e5&hellip;","_links":{"self":[{"href":"https:\/\/www.v-label.com\/sv\/wp-json\/wp\/v2\/pages\/56071","targetHints":{"allow":["GET"]}}],"collection":[{"href":"https:\/\/www.v-label.com\/sv\/wp-json\/wp\/v2\/pages"}],"about":[{"href":"https:\/\/www.v-label.com\/sv\/wp-json\/wp\/v2\/types\/page"}],"author":[{"embeddable":true,"href":"https:\/\/www.v-label.com\/sv\/wp-json\/wp\/v2\/users\/5"}],"replies":[{"embeddable":true,"href":"https:\/\/www.v-label.com\/sv\/wp-json\/wp\/v2\/comments?post=56071"}],"version-history":[{"count":2,"href":"https:\/\/www.v-label.com\/sv\/wp-json\/wp\/v2\/pages\/56071\/revisions"}],"predecessor-version":[{"id":56166,"href":"https:\/\/www.v-label.com\/sv\/wp-json\/wp\/v2\/pages\/56071\/revisions\/56166"}],"up":[{"embeddable":true,"href":"https:\/\/www.v-label.com\/sv\/wp-json\/wp\/v2\/pages\/56069"}],"wp:featuredmedia":[{"embeddable":true,"href":"https:\/\/www.v-label.com\/sv\/wp-json\/wp\/v2\/media\/54993"}],"wp:attachment":[{"href":"https:\/\/www.v-label.com\/sv\/wp-json\/wp\/v2\/media?parent=56071"}],"wp:term":[{"taxonomy":"category","embeddable":true,"href":"https:\/\/www.v-label.com\/sv\/wp-json\/wp\/v2\/categories?post=56071"},{"taxonomy":"post_tag","embeddable":true,"href":"https:\/\/www.v-label.com\/sv\/wp-json\/wp\/v2\/tags?post=56071"}],"curies":[{"name":"wp","href":"https:\/\/api.w.org\/{rel}","templated":true}]}}