{"id":56073,"date":"2022-05-30T16:15:29","date_gmt":"2022-05-30T14:15:29","guid":{"rendered":"https:\/\/www.v-label.com\/grenar\/kosmetika\/"},"modified":"2023-07-20T11:08:58","modified_gmt":"2023-07-20T09:08:58","slug":"kosmetika","status":"publish","type":"page","link":"https:\/\/www.v-label.com\/sv\/grenar\/kosmetika\/","title":{"rendered":"Kosmetika och reng\u00f6ringsmedel"},"content":{"rendered":"\n<p>Bekv\u00e4mlighet, att ta ansvar f\u00f6r sin egen h\u00e4lsa och grymtfri sk\u00f6nhet. Det \u00e4r de tre huvudanledningarna till att den globala marknaden f\u00f6r vegansk kosmetika ber\u00e4knas n\u00e5 20,8 miljarder dollar \u00e5r 2025, med en tillv\u00e4xttakt p\u00e5 6,3 %, enligt Vegan Cosmetics Market Size, Share &amp; Trends Analysis Report fr\u00e5n 2018.  <\/p>\n\n<p>Europa har en stor andel av marknaden, med en kraftigt \u00f6kande efterfr\u00e5gan p\u00e5 produkter som inte har testats p\u00e5 djur. Allt fr\u00e5n hudv\u00e5rd till deodoranter och schampo, allt fler konsumentgrupper s\u00f6ker efter nyckelord som vegan n\u00e4r de k\u00f6per. <\/p>\n\n<p>Eftersom vegansk kosmetika fortfarande \u00e4r en nyhet \u00e4r konsumenterna mycket mottagliga f\u00f6r m\u00e4rkning och andra tecken som visar att deras val \u00e4r veganskt eller vegetariskt. Visste du att 19 % av alla m\u00e4nniskor kontrollerar om deras toalettartiklar \u00e4r testade p\u00e5 djur, enligt The Vegan Society? G\u00f6r den h\u00e4r egenskapen av din produkt synlig med V-Label och bli deras naturliga val!   <\/p>\n\n<p>Det \u00e4r tydligen inte bara inom personlig v\u00e5rd som veganska och vegetariska alternativ \u00f6kar &#8211; det g\u00e4ller \u00e4ven hush\u00e5llen! L\u00e5t dina reng\u00f6ringsprodukter sticka ut med den i\u00f6gonfallande V-m\u00e4rkningen. <\/p>\n\n<div class=\"wp-block-buttons is-content-justification-center is-layout-flex wp-container-core-buttons-is-layout-16018d1d wp-block-buttons-is-layout-flex\">\n<div class=\"wp-block-button\"><a class=\"wp-block-button__link wp-element-button\" href=\"https:\/\/www.v-label.com\/for-business\/get-certified\/\">Bli V-Label Certifierad<\/a><\/div>\n<\/div>\n","protected":false},"excerpt":{"rendered":"<p>Bekv\u00e4mlighet, att ta ansvar f\u00f6r sin egen h\u00e4lsa och grymtfri sk\u00f6nhet. Det \u00e4r de tre huvudanledningarna till att den globala marknaden f\u00f6r vegansk kosmetika ber\u00e4knas n\u00e5 20,8 miljarder dollar \u00e5r 2025, med en tillv\u00e4xttakt p\u00e5 6,3 %, enligt Vegan Cosmetics Market Size, Share &amp; Trends Analysis Report fr\u00e5n 2018. Europa har en stor andel av [&hellip;]<\/p>\n","protected":false},"author":5,"featured_media":55021,"parent":56069,"menu_order":0,"comment_status":"closed","ping_status":"closed","template":"","meta":{"_acf_changed":false,"_editorskit_title_hidden":false,"_editorskit_reading_time":0,"_editorskit_is_block_options_detached":false,"_editorskit_block_options_position":"{}","inline_featured_image":false,"_uag_custom_page_level_css":"","footnotes":""},"categories":[],"tags":[],"class_list":["post-56073","page","type-page","status-publish","has-post-thumbnail","hentry"],"acf":[],"uagb_featured_image_src":{"full":["https:\/\/www.v-label.com\/wp-content\/uploads\/2022\/12\/cosmetics-1280.jpg",1280,868,false],"thumbnail":["https:\/\/www.v-label.com\/wp-content\/uploads\/2022\/12\/cosmetics-1280-500x339.jpg",500,339,true],"medium":["https:\/\/www.v-label.com\/wp-content\/uploads\/2022\/12\/cosmetics-1280-300x203.jpg",300,203,true],"medium_large":["https:\/\/www.v-label.com\/wp-content\/uploads\/2022\/12\/cosmetics-1280-768x521.jpg",768,521,true],"large":["https:\/\/www.v-label.com\/wp-content\/uploads\/2022\/12\/cosmetics-1280-1024x694.jpg",1024,694,true],"1536x1536":["https:\/\/www.v-label.com\/wp-content\/uploads\/2022\/12\/cosmetics-1280.jpg",1280,868,false],"2048x2048":["https:\/\/www.v-label.com\/wp-content\/uploads\/2022\/12\/cosmetics-1280.jpg",1280,868,false],"preview":["https:\/\/www.v-label.com\/wp-content\/uploads\/2022\/12\/cosmetics-1280-904x720.jpg",904,720,true],"header":["https:\/\/www.v-label.com\/wp-content\/uploads\/2022\/12\/cosmetics-1280-1280x720.jpg",1280,720,true],"gform-image-choice-sm":["https:\/\/www.v-label.com\/wp-content\/uploads\/2022\/12\/cosmetics-1280.jpg",300,203,false],"gform-image-choice-md":["https:\/\/www.v-label.com\/wp-content\/uploads\/2022\/12\/cosmetics-1280.jpg",400,271,false],"gform-image-choice-lg":["https:\/\/www.v-label.com\/wp-content\/uploads\/2022\/12\/cosmetics-1280.jpg",600,407,false]},"uagb_author_info":{"display_name":"Can Aslan","author_link":"https:\/\/www.v-label.com\/sv"},"uagb_comment_info":0,"uagb_excerpt":"Bekv\u00e4mlighet, att ta ansvar f\u00f6r sin egen h\u00e4lsa och grymtfri sk\u00f6nhet. Det \u00e4r de tre huvudanledningarna till att den globala marknaden f\u00f6r vegansk kosmetika ber\u00e4knas n\u00e5 20,8 miljarder dollar \u00e5r 2025, med en tillv\u00e4xttakt p\u00e5 6,3 %, enligt Vegan Cosmetics Market Size, Share &amp; Trends Analysis Report fr\u00e5n 2018. Europa har en stor andel av&hellip;","_links":{"self":[{"href":"https:\/\/www.v-label.com\/sv\/wp-json\/wp\/v2\/pages\/56073","targetHints":{"allow":["GET"]}}],"collection":[{"href":"https:\/\/www.v-label.com\/sv\/wp-json\/wp\/v2\/pages"}],"about":[{"href":"https:\/\/www.v-label.com\/sv\/wp-json\/wp\/v2\/types\/page"}],"author":[{"embeddable":true,"href":"https:\/\/www.v-label.com\/sv\/wp-json\/wp\/v2\/users\/5"}],"replies":[{"embeddable":true,"href":"https:\/\/www.v-label.com\/sv\/wp-json\/wp\/v2\/comments?post=56073"}],"version-history":[{"count":1,"href":"https:\/\/www.v-label.com\/sv\/wp-json\/wp\/v2\/pages\/56073\/revisions"}],"predecessor-version":[{"id":56074,"href":"https:\/\/www.v-label.com\/sv\/wp-json\/wp\/v2\/pages\/56073\/revisions\/56074"}],"up":[{"embeddable":true,"href":"https:\/\/www.v-label.com\/sv\/wp-json\/wp\/v2\/pages\/56069"}],"wp:featuredmedia":[{"embeddable":true,"href":"https:\/\/www.v-label.com\/sv\/wp-json\/wp\/v2\/media\/55021"}],"wp:attachment":[{"href":"https:\/\/www.v-label.com\/sv\/wp-json\/wp\/v2\/media?parent=56073"}],"wp:term":[{"taxonomy":"category","embeddable":true,"href":"https:\/\/www.v-label.com\/sv\/wp-json\/wp\/v2\/categories?post=56073"},{"taxonomy":"post_tag","embeddable":true,"href":"https:\/\/www.v-label.com\/sv\/wp-json\/wp\/v2\/tags?post=56073"}],"curies":[{"name":"wp","href":"https:\/\/api.w.org\/{rel}","templated":true}]}}