{"id":56075,"date":"2022-05-30T16:15:52","date_gmt":"2022-05-30T14:15:52","guid":{"rendered":"https:\/\/www.v-label.com\/grenar\/icke-livsmedel\/"},"modified":"2023-07-20T11:09:03","modified_gmt":"2023-07-20T09:09:03","slug":"icke-livsmedel","status":"publish","type":"page","link":"https:\/\/www.v-label.com\/sv\/grenar\/icke-livsmedel\/","title":{"rendered":"Icke livsmedel"},"content":{"rendered":"\n<p>Veganskt och grymtfritt mode anses redan vara coolt och lyxigt och \u00e4r en blomstrande bransch som kommer att v\u00e4xa i m\u00e5nga \u00e5r fram\u00f6ver. Den globala marknaden f\u00f6r veganskt mode f\u00f6r kvinnor v\u00e4rderades till 396,3 miljarder USD 2019 och f\u00f6rv\u00e4ntas v\u00e4xa med 13,6 % fram till 2027, enligt Statista.com. Marknaden f\u00f6r veganskt l\u00e4der \u00e4r branschens drivkraft, fr\u00e4mst p\u00e5 grund av tekniska framsteg som f\u00f6rfinar nya material och \u00f6kar veganskt l\u00e4ders livsl\u00e4ngd. Ist\u00e4llet f\u00f6r plastbaserat l\u00e4der ser vi allt oftare mer h\u00e5llbara, naturliga tyger fr\u00e5n s\u00e5 olika k\u00e4llor som ananasblad, fermenterad j\u00e4st, biprodukter fr\u00e5n vinindustrin och svamp. Alternativ till ull och silke, som tillverkas av cellulosafibrer, h\u00e5ller ocks\u00e5 p\u00e5 att utvecklas, liksom olika \u00e5tervunna material som uppgraderas till alltmer popul\u00e4ra veganska aktivkl\u00e4der.     <\/p>\n\n<p>Sist men inte minst handlar det inte bara om kl\u00e4der, handv\u00e4skor och skor. \u00c4ven andra branscher som inte \u00e4r livsmedelsindustrier utmanas och inspireras att ta fram veganska, grymma produkter (b\u00f6cker, smycken eller ljus). Att vara m\u00e4rkt som vegan och vegetarian anses vara ett extra f\u00f6rs\u00e4ljningsargument och en skillnad. Det hj\u00e4lper ocks\u00e5 konsumenterna att g\u00e5 igenom bruset och hitta s\u00e4kra, h\u00e5llbara kl\u00e4der p\u00e5 e-handelssajter eller i butiker.   <\/p>\n\n<div class=\"wp-block-buttons is-content-justification-center is-layout-flex wp-container-core-buttons-is-layout-16018d1d wp-block-buttons-is-layout-flex\">\n<div class=\"wp-block-button\"><a class=\"wp-block-button__link wp-element-button\" href=\"https:\/\/www.v-label.com\/for-business\/get-certified\/\">Bli V-Label Certifierad<\/a><\/div>\n<\/div>\n","protected":false},"excerpt":{"rendered":"<p>Veganskt och grymtfritt mode anses redan vara coolt och lyxigt och \u00e4r en blomstrande bransch som kommer att v\u00e4xa i m\u00e5nga \u00e5r fram\u00f6ver. Den globala marknaden f\u00f6r veganskt mode f\u00f6r kvinnor v\u00e4rderades till 396,3 miljarder USD 2019 och f\u00f6rv\u00e4ntas v\u00e4xa med 13,6 % fram till 2027, enligt Statista.com. Marknaden f\u00f6r veganskt l\u00e4der \u00e4r branschens drivkraft, [&hellip;]<\/p>\n","protected":false},"author":5,"featured_media":55005,"parent":56069,"menu_order":0,"comment_status":"closed","ping_status":"closed","template":"","meta":{"_acf_changed":false,"_editorskit_title_hidden":false,"_editorskit_reading_time":0,"_editorskit_is_block_options_detached":false,"_editorskit_block_options_position":"{}","inline_featured_image":false,"_uag_custom_page_level_css":"","footnotes":""},"categories":[],"tags":[],"class_list":["post-56075","page","type-page","status-publish","has-post-thumbnail","hentry"],"acf":[],"uagb_featured_image_src":{"full":["https:\/\/www.v-label.com\/wp-content\/uploads\/2022\/12\/v-label-non-food-sectors.jpg",1280,692,false],"thumbnail":["https:\/\/www.v-label.com\/wp-content\/uploads\/2022\/12\/v-label-non-food-sectors-500x270.jpg",500,270,true],"medium":["https:\/\/www.v-label.com\/wp-content\/uploads\/2022\/12\/v-label-non-food-sectors-300x162.jpg",300,162,true],"medium_large":["https:\/\/www.v-label.com\/wp-content\/uploads\/2022\/12\/v-label-non-food-sectors-768x415.jpg",768,415,true],"large":["https:\/\/www.v-label.com\/wp-content\/uploads\/2022\/12\/v-label-non-food-sectors-1024x554.jpg",1024,554,true],"1536x1536":["https:\/\/www.v-label.com\/wp-content\/uploads\/2022\/12\/v-label-non-food-sectors.jpg",1280,692,false],"2048x2048":["https:\/\/www.v-label.com\/wp-content\/uploads\/2022\/12\/v-label-non-food-sectors.jpg",1280,692,false],"preview":["https:\/\/www.v-label.com\/wp-content\/uploads\/2022\/12\/v-label-non-food-sectors-904x692.jpg",904,692,true],"header":["https:\/\/www.v-label.com\/wp-content\/uploads\/2022\/12\/v-label-non-food-sectors.jpg",1280,692,false],"gform-image-choice-sm":["https:\/\/www.v-label.com\/wp-content\/uploads\/2022\/12\/v-label-non-food-sectors.jpg",300,162,false],"gform-image-choice-md":["https:\/\/www.v-label.com\/wp-content\/uploads\/2022\/12\/v-label-non-food-sectors.jpg",400,216,false],"gform-image-choice-lg":["https:\/\/www.v-label.com\/wp-content\/uploads\/2022\/12\/v-label-non-food-sectors.jpg",600,324,false]},"uagb_author_info":{"display_name":"Can Aslan","author_link":"https:\/\/www.v-label.com\/sv"},"uagb_comment_info":0,"uagb_excerpt":"Veganskt och grymtfritt mode anses redan vara coolt och lyxigt och \u00e4r en blomstrande bransch som kommer att v\u00e4xa i m\u00e5nga \u00e5r fram\u00f6ver. Den globala marknaden f\u00f6r veganskt mode f\u00f6r kvinnor v\u00e4rderades till 396,3 miljarder USD 2019 och f\u00f6rv\u00e4ntas v\u00e4xa med 13,6 % fram till 2027, enligt Statista.com. Marknaden f\u00f6r veganskt l\u00e4der \u00e4r branschens drivkraft,&hellip;","_links":{"self":[{"href":"https:\/\/www.v-label.com\/sv\/wp-json\/wp\/v2\/pages\/56075","targetHints":{"allow":["GET"]}}],"collection":[{"href":"https:\/\/www.v-label.com\/sv\/wp-json\/wp\/v2\/pages"}],"about":[{"href":"https:\/\/www.v-label.com\/sv\/wp-json\/wp\/v2\/types\/page"}],"author":[{"embeddable":true,"href":"https:\/\/www.v-label.com\/sv\/wp-json\/wp\/v2\/users\/5"}],"replies":[{"embeddable":true,"href":"https:\/\/www.v-label.com\/sv\/wp-json\/wp\/v2\/comments?post=56075"}],"version-history":[{"count":1,"href":"https:\/\/www.v-label.com\/sv\/wp-json\/wp\/v2\/pages\/56075\/revisions"}],"predecessor-version":[{"id":56076,"href":"https:\/\/www.v-label.com\/sv\/wp-json\/wp\/v2\/pages\/56075\/revisions\/56076"}],"up":[{"embeddable":true,"href":"https:\/\/www.v-label.com\/sv\/wp-json\/wp\/v2\/pages\/56069"}],"wp:featuredmedia":[{"embeddable":true,"href":"https:\/\/www.v-label.com\/sv\/wp-json\/wp\/v2\/media\/55005"}],"wp:attachment":[{"href":"https:\/\/www.v-label.com\/sv\/wp-json\/wp\/v2\/media?parent=56075"}],"wp:term":[{"taxonomy":"category","embeddable":true,"href":"https:\/\/www.v-label.com\/sv\/wp-json\/wp\/v2\/categories?post=56075"},{"taxonomy":"post_tag","embeddable":true,"href":"https:\/\/www.v-label.com\/sv\/wp-json\/wp\/v2\/tags?post=56075"}],"curies":[{"name":"wp","href":"https:\/\/api.w.org\/{rel}","templated":true}]}}