{"id":56079,"date":"2022-05-30T16:16:01","date_gmt":"2022-05-30T14:16:01","guid":{"rendered":"https:\/\/www.v-label.com\/information-for-konsumenter\/"},"modified":"2025-11-20T09:58:19","modified_gmt":"2025-11-20T08:58:19","slug":"information-for-konsumenter","status":"publish","type":"page","link":"https:\/\/www.v-label.com\/sv\/information-for-konsumenter\/","title":{"rendered":"Information f\u00f6r konsumenter"},"content":{"rendered":"\n<h2 class=\"has-text-align-center wp-block-heading\">Information f\u00f6r konsumenter<\/h2>\n\n<p>\u00c4r du vegan, vegetarian, flexitarian, minskar du ditt intag av animaliska livsmedel eller \u00e4r du bara nyfiken? Eftersom du bes\u00f6ker den h\u00e4r webbplatsen \u00e4r det troligt att du vill ha en r\u00e4ttvis, h\u00e5llbar (och v\u00e4lsmakande!) v\u00e4rld. Vi \u00e4r med dig, och v\u00e5rt s\u00e4tt att bidra till den framtiden \u00e4r att g\u00f6ra veganska och vegetariska produkter utbredda och l\u00e4tt igenk\u00e4nnliga.  <\/p>\n\n<p><strong>V-Label, en internationellt erk\u00e4nd st\u00e4mpel<\/strong> f\u00f6r produkter som \u00e4r vegetariska eller veganska och som har genomg\u00e5tt noggranna kontroller, \u00e4r din partner n\u00e4r det g\u00e4ller att g\u00f6ra ditt liv mer v\u00e4xtbaserat, ett informerat k\u00f6p i taget. <\/p>\n\n<p><strong>V-Label \u00e4r en enkel och l\u00e4ttf\u00f6rst\u00e5elig vardagsguide<\/strong> som g\u00f6r att du sparar tid och slipper bli tr\u00f6tt p\u00e5 att fatta beslut. Titta efter den i\u00f6gonfallande gula logotypen n\u00e4sta g\u00e5ng du handlar: du vet med en f\u00f6rsta blick vilka produkter som \u00e4r godk\u00e4nda och d\u00e4rmed s\u00e4kra att k\u00f6pa! <\/p>\n\n<p><strong>P\u00e5litlig och trov\u00e4rdig.<\/strong> N\u00e4r du k\u00f6per en produkt eller tj\u00e4nst som \u00e4r m\u00e4rkt med V-Label kan du lita p\u00e5 standardiserade kriterier f\u00f6r veganska och vegetariska produkter som anv\u00e4nds p\u00e5 ett r\u00e4ttvist och internationellt s\u00e4tt. Du beh\u00f6ver inte oroa dig f\u00f6r att f\u00f6retag felm\u00e4rker produkter utifr\u00e5n sina egna slumpm\u00e4ssiga kriterier. V-Label, som grundades 1996 i Schweiz, \u00e4r en av branschens formgivare.    <\/p>\n\n<div class=\"wp-block-buttons is-content-justification-center is-layout-flex wp-container-core-buttons-is-layout-16018d1d wp-block-buttons-is-layout-flex\">\n<div class=\"wp-block-button\"><a class=\"wp-block-button__link wp-element-button\" href=\"https:\/\/www.v-label.com\/general-information\/certified-products\/\">Certifierade produkter<\/a><\/div>\n\n\n\n<div class=\"wp-block-button\"><a class=\"wp-block-button__link wp-element-button\" href=\"https:\/\/www.v-label.com\/sv\/rapportera-ett-missbruk\/\">Rapportera ett missbruk<\/a><\/div>\n<\/div>\n\n<h3 class=\"has-text-align-center wp-block-heading\"><strong>Vad \u00e4r det vi st\u00e5r f\u00f6r?<\/strong><\/h3>\n\n<p>N\u00e4r du k\u00f6per en produkt eller tj\u00e4nst som tillhandah\u00e5lls av V-Label kan du vara s\u00e4ker p\u00e5 att:<\/p>\n\n<ul class=\"wp-block-list\">\n<li><strong>Inga ingredienser av animaliskt ursprung i n\u00e5got skede av produktionen har anv\u00e4nts<\/strong> om produkten \u00e4r m\u00e4rkt som <strong>vegansk<\/strong>. \u00c4ven tillsatser och aromer har beaktats. <strong> <\/strong>Kontrollerna stannade inte vid ingrediensf\u00f6rteckningen utan omfattade \u00e4ven \u00e4mnen som inte beh\u00f6ver anges, t.ex. biotekniska odlingsmedier och processhj\u00e4lpmedel. Du kan allts\u00e5 vara s\u00e4ker p\u00e5 att \u00e4ppeljuicen eller vinet inte har klarats med gelatin, att sockret inte har behandlats med benmj\u00f6l och att br\u00f6det inte har behandlats med cystein fr\u00e5n svinborst. <\/li>\n\n\n\n<li>Endast mj\u00f6lk, r\u00e5mj\u00f6lk, \u00e4gg fr\u00e5n burfria g\u00e5rdar, honung, bivax, propolis eller ullfett och produkter av dessa \u00e4r till\u00e5tna i produktionen om den \u00e4r m\u00e4rkt som <strong>vegetarisk<\/strong>. <\/li>\n\n\n\n<li>Alla steg i produktionen m\u00e5ste <strong>utformas s\u00e5 att oavsiktliga sp\u00e5r<\/strong> av icke-veganska eller icke-vegetariska \u00e4mnen i slutprodukten reduceras till ett minimum. <\/li>\n\n\n\n<li><strong>Djurf\u00f6rs\u00f6k av n\u00e5got slag f\u00e5r inte<\/strong> utf\u00f6ras eller ha utf\u00f6rts f\u00f6r slutprodukten eller f\u00f6r enskilda ingredienser, hj\u00e4lp\u00e4mnen och andra \u00e4mnen som anv\u00e4nds vid bearbetningen om de utvecklas f\u00f6r slutprodukten.<\/li>\n<\/ul>\n\n<p>Sist men inte minst anv\u00e4nds <strong>int\u00e4kterna fr\u00e5n licensavgifterna<\/strong> huvudsakligen f\u00f6r att finansiera olika <strong>icke-statliga organisationer och projekt<\/strong> f\u00f6r veganer och djurr\u00e4ttsorganisationer.<\/p>\n\n<div class=\"wp-block-columns are-vertically-aligned-center is-layout-flex wp-container-core-columns-is-layout-9d6595d7 wp-block-columns-is-layout-flex\">\n<div class=\"wp-block-column is-vertically-aligned-center is-layout-flow wp-block-column-is-layout-flow\">\n<figure class=\"wp-block-image size-full\"><img decoding=\"async\" width=\"720\" height=\"497\" src=\"https:\/\/www.v-label.com\/wp-content\/uploads\/2022\/09\/b2b-info-page-2.webp\" alt=\"\" class=\"wp-image-879\" srcset=\"https:\/\/www.v-label.com\/wp-content\/uploads\/2022\/09\/b2b-info-page-2.webp 720w, https:\/\/www.v-label.com\/wp-content\/uploads\/2022\/09\/b2b-info-page-2-300x207.webp 300w\" sizes=\"(max-width: 720px) 100vw, 720px\" \/><\/figure>\n<\/div>\n\n\n\n<div class=\"wp-block-column is-vertically-aligned-center is-layout-flow wp-block-column-is-layout-flow\">\n<figure class=\"wp-block-image size-full\"><img decoding=\"async\" width=\"720\" height=\"482\" src=\"https:\/\/www.v-label.com\/wp-content\/uploads\/2022\/09\/b2b-info-page-1.webp\" alt=\"\" class=\"wp-image-876\" srcset=\"https:\/\/www.v-label.com\/wp-content\/uploads\/2022\/09\/b2b-info-page-1.webp 720w, https:\/\/www.v-label.com\/wp-content\/uploads\/2022\/09\/b2b-info-page-1-300x201.webp 300w\" sizes=\"(max-width: 720px) 100vw, 720px\" \/><\/figure>\n<\/div>\n\n\n\n<div class=\"wp-block-column is-vertically-aligned-center is-layout-flow wp-block-column-is-layout-flow\">\n<figure class=\"wp-block-image size-full\"><img decoding=\"async\" width=\"720\" height=\"482\" src=\"https:\/\/www.v-label.com\/wp-content\/uploads\/2022\/09\/b2b-info-page-3.webp\" alt=\"\" class=\"wp-image-860\" srcset=\"https:\/\/www.v-label.com\/wp-content\/uploads\/2022\/09\/b2b-info-page-3.webp 720w, https:\/\/www.v-label.com\/wp-content\/uploads\/2022\/09\/b2b-info-page-3-300x201.webp 300w\" sizes=\"(max-width: 720px) 100vw, 720px\" \/><\/figure>\n<\/div>\n<\/div>\n","protected":false},"excerpt":{"rendered":"<p>Information f\u00f6r konsumenter \u00c4r du vegan, vegetarian, flexitarian, minskar du ditt intag av animaliska livsmedel eller \u00e4r du bara nyfiken? Eftersom du bes\u00f6ker den h\u00e4r webbplatsen \u00e4r det troligt att du vill ha en r\u00e4ttvis, h\u00e5llbar (och v\u00e4lsmakande!) v\u00e4rld. Vi \u00e4r med dig, och v\u00e5rt s\u00e4tt att bidra till den framtiden \u00e4r att g\u00f6ra veganska [&hellip;]<\/p>\n","protected":false},"author":5,"featured_media":55011,"parent":0,"menu_order":0,"comment_status":"closed","ping_status":"closed","template":"","meta":{"_acf_changed":false,"_editorskit_title_hidden":false,"_editorskit_reading_time":0,"_editorskit_is_block_options_detached":false,"_editorskit_block_options_position":"{}","inline_featured_image":false,"_uag_custom_page_level_css":"","footnotes":""},"categories":[],"tags":[],"class_list":["post-56079","page","type-page","status-publish","has-post-thumbnail","hentry"],"acf":[],"uagb_featured_image_src":{"full":["https:\/\/www.v-label.com\/wp-content\/uploads\/2022\/12\/v-label-general-info-consumers.jpg",1280,738,false],"thumbnail":["https:\/\/www.v-label.com\/wp-content\/uploads\/2022\/12\/v-label-general-info-consumers-500x288.jpg",500,288,true],"medium":["https:\/\/www.v-label.com\/wp-content\/uploads\/2022\/12\/v-label-general-info-consumers-300x173.jpg",300,173,true],"medium_large":["https:\/\/www.v-label.com\/wp-content\/uploads\/2022\/12\/v-label-general-info-consumers-768x443.jpg",768,443,true],"large":["https:\/\/www.v-label.com\/wp-content\/uploads\/2022\/12\/v-label-general-info-consumers-1024x590.jpg",1024,590,true],"1536x1536":["https:\/\/www.v-label.com\/wp-content\/uploads\/2022\/12\/v-label-general-info-consumers.jpg",1280,738,false],"2048x2048":["https:\/\/www.v-label.com\/wp-content\/uploads\/2022\/12\/v-label-general-info-consumers.jpg",1280,738,false],"preview":["https:\/\/www.v-label.com\/wp-content\/uploads\/2022\/12\/v-label-general-info-consumers-904x720.jpg",904,720,true],"header":["https:\/\/www.v-label.com\/wp-content\/uploads\/2022\/12\/v-label-general-info-consumers-1280x720.jpg",1280,720,true],"gform-image-choice-sm":["https:\/\/www.v-label.com\/wp-content\/uploads\/2022\/12\/v-label-general-info-consumers.jpg",300,173,false],"gform-image-choice-md":["https:\/\/www.v-label.com\/wp-content\/uploads\/2022\/12\/v-label-general-info-consumers.jpg",400,231,false],"gform-image-choice-lg":["https:\/\/www.v-label.com\/wp-content\/uploads\/2022\/12\/v-label-general-info-consumers.jpg",600,346,false]},"uagb_author_info":{"display_name":"Can Aslan","author_link":"https:\/\/www.v-label.com\/sv"},"uagb_comment_info":0,"uagb_excerpt":"Information f\u00f6r konsumenter \u00c4r du vegan, vegetarian, flexitarian, minskar du ditt intag av animaliska livsmedel eller \u00e4r du bara nyfiken? Eftersom du bes\u00f6ker den h\u00e4r webbplatsen \u00e4r det troligt att du vill ha en r\u00e4ttvis, h\u00e5llbar (och v\u00e4lsmakande!) v\u00e4rld. Vi \u00e4r med dig, och v\u00e5rt s\u00e4tt att bidra till den framtiden \u00e4r att g\u00f6ra veganska&hellip;","_links":{"self":[{"href":"https:\/\/www.v-label.com\/sv\/wp-json\/wp\/v2\/pages\/56079","targetHints":{"allow":["GET"]}}],"collection":[{"href":"https:\/\/www.v-label.com\/sv\/wp-json\/wp\/v2\/pages"}],"about":[{"href":"https:\/\/www.v-label.com\/sv\/wp-json\/wp\/v2\/types\/page"}],"author":[{"embeddable":true,"href":"https:\/\/www.v-label.com\/sv\/wp-json\/wp\/v2\/users\/5"}],"replies":[{"embeddable":true,"href":"https:\/\/www.v-label.com\/sv\/wp-json\/wp\/v2\/comments?post=56079"}],"version-history":[{"count":3,"href":"https:\/\/www.v-label.com\/sv\/wp-json\/wp\/v2\/pages\/56079\/revisions"}],"predecessor-version":[{"id":86182,"href":"https:\/\/www.v-label.com\/sv\/wp-json\/wp\/v2\/pages\/56079\/revisions\/86182"}],"wp:featuredmedia":[{"embeddable":true,"href":"https:\/\/www.v-label.com\/sv\/wp-json\/wp\/v2\/media\/55011"}],"wp:attachment":[{"href":"https:\/\/www.v-label.com\/sv\/wp-json\/wp\/v2\/media?parent=56079"}],"wp:term":[{"taxonomy":"category","embeddable":true,"href":"https:\/\/www.v-label.com\/sv\/wp-json\/wp\/v2\/categories?post=56079"},{"taxonomy":"post_tag","embeddable":true,"href":"https:\/\/www.v-label.com\/sv\/wp-json\/wp\/v2\/tags?post=56079"}],"curies":[{"name":"wp","href":"https:\/\/api.w.org\/{rel}","templated":true}]}}