{"id":56089,"date":"2022-05-30T16:16:08","date_gmt":"2022-05-30T14:16:08","guid":{"rendered":"https:\/\/www.v-label.com\/vanliga-fragor\/"},"modified":"2025-11-20T09:58:21","modified_gmt":"2025-11-20T08:58:21","slug":"vanliga-fragor","status":"publish","type":"page","link":"https:\/\/www.v-label.com\/sv\/vanliga-fragor\/","title":{"rendered":"Vanliga fr\u00e5gor"},"content":{"rendered":"\n<h3 class=\"wp-block-heading has-text-align-center\">H\u00e4r hittar du svar p\u00e5 n\u00e5gra av de fr\u00e5gor du kanske undrar om V-Label.<\/h3>\n\r\n<section id=\"accordion-block_424cfb3eb2e082571cbe288d9bd49c75\" class=\"wp-block-accordion\">\r\n\t\t\t<button class=\"toggle_open\" id=\"button_toggle\">Expand all<\/button>\r\n\t\t<ul class=\"posts_list_accordion\">\r\n\t\t\t\t\t\t\t<li>\r\n\t\t\t\t\t\t\t\t\t\t\t\t\t\t\t\t\t<h4 id=\"\">Vilka f\u00f6rdelar erbjuder V-Label j\u00e4mf\u00f6rt med andra veggo m\u00e4rken?<i class=\"icon-angle-down\"><\/i><\/h4>\r\n\t\t\t\t\t\t\t\t\t\t\t\t\t\t\t\t<div class=\"accordion_text\"><p>M\u00e5nga f\u00f6retag och producenter anv\u00e4nder sina egna gr\u00f6nsaksetiketter f\u00f6r sina produkter. N\u00e4r de skapar dessa etiketter definierar de dock sina egna kriterier f\u00f6r veganska och vegetariska produkter, vilket leder till inkonsekvenser i f\u00f6rh\u00e5llande till andra f\u00f6retag och producenter. Bristande bakgrundskunskap hos f\u00f6retagen om de olika ingredienserna och viktiga produktionskriterier kan leda till felaktig m\u00e4rkning. Dessa egentillverkade m\u00e4rkningar kontrolleras inte av oberoende organ, vilket inneb\u00e4r att felaktig m\u00e4rkning ibland kan g\u00e5 konsumenterna obem\u00e4rkt f\u00f6rbi. Konsumenterna efterfr\u00e5gar i allt h\u00f6gre grad \u00f6ppenhet s\u00e5 att de snabbt och s\u00e4kert kan identifiera veganska och vegetariska produkter. F\u00f6r n\u00e4rvarande \u00e4r det bara V-m\u00e4rket som kan erbjuda denna tydlighet tack vare standardiserade kriterier f\u00f6r m\u00e4rkning av veganska och vegetariska produkter. V-m\u00e4rket inneb\u00e4r att f\u00f6retagen kan l\u00e4gga ut ansvaret f\u00f6r kvalitetss\u00e4kringskontrollerna av sina veganska och vegetariska produkter p\u00e5 entreprenad.    <\/p>\n<\/div>\r\n\t\t\t\t\t\t\t\t\t<\/li>\r\n\t\t\t\t\t\t\t<li>\r\n\t\t\t\t\t\t\t\t\t\t\t\t\t\t\t\t\t<h4 id=\"\">Varf\u00f6r r\u00e4cker det inte att bara l\u00e4sa ingrediensf\u00f6rteckningen?<i class=\"icon-angle-down\"><\/i><\/h4>\r\n\t\t\t\t\t\t\t\t\t\t\t\t\t\t\t\t<div class=\"accordion_text\"><p>Att bara l\u00e4sa ingrediensf\u00f6rteckningen ger inte n\u00e5gon st\u00f6rre s\u00e4kerhet om huruvida en produkt \u00e4r vegetarisk eller vegansk eller inte. Vissa ingredienser anges som E-nummer som \u00e4r ok\u00e4nda f\u00f6r m\u00e5nga konsumenter, medan andra inte anges alls eftersom de inte beh\u00f6ver deklareras. Det \u00e4r inte heller alltid tydligt om vissa ingredienser \u00e4r av vegetabiliskt eller animaliskt ursprung &#8211; det \u00e4r till exempel inte vanligt att produktionstillsatser, av vilka m\u00e5nga \u00e4r av animaliskt ursprung, anges i ingrediensf\u00f6rteckningen. Recept\u00e4ndringar kan inneb\u00e4ra att en \u00e4lskad vegansk eller vegetarisk produkt pl\u00f6tsligt inneh\u00e5ller animaliska produkter utan att konsumenterna ens m\u00e4rker det. Det \u00e4r inte bara produkter som \u00e4r licensierade med V-m\u00e4rket som inspekteras med avseende p\u00e5 sammans\u00e4ttningen, utan \u00e4ven varje enskilt produktionssteg som ing\u00e5r i utvecklingen av en produkt granskas noggrant. V-m\u00e4rket \u00e4r d\u00e4rf\u00f6r en snabb och tillf\u00f6rlitlig indikator som g\u00f6r att konsumenterna slipper g\u00e5 igenom ingrediensf\u00f6rteckningen.<\/p>\n<\/div>\r\n\t\t\t\t\t\t\t\t\t<\/li>\r\n\t\t\t\t\t\t\t<li>\r\n\t\t\t\t\t\t\t\t\t\t\t\t\t\t\t\t\t<h4 id=\"\">Enligt vilka kriterier m\u00e4rks produkter med V-m\u00e4rket som veganska eller vegetariska?<i class=\"icon-angle-down\"><\/i><\/h4>\r\n\t\t\t\t\t\t\t\t\t\t\t\t\t\t\t\t<div class=\"accordion_text\"><p>Definitionen av begreppen &#8221;vegan&#8221; och &#8221;vegetarisk&#8221;, som V-m\u00e4rket utg\u00e5r fr\u00e5n, \u00f6verensst\u00e4mmer med den rekommenderade definitionen som angavs under den 12:e ministerkonferensen f\u00f6r konsumentskydd som h\u00f6lls den 22 april 2016.<\/p>\n<p><strong>Vegetariskt<\/strong><\/p>\n<p>Livsmedel och andra produkter som inte inneh\u00e5ller djur eller delar av djur betraktas som vegetariska. Detta tar h\u00e4nsyn till alla produktions- och bearbetningssteg. Livsmedel och andra produkter som skapats med hj\u00e4lp av levande djur och produkter som h\u00e4rr\u00f6r fr\u00e5n djur betraktas som vegetariska.  <\/p>\n<p><strong>Vegan<\/strong><\/p>\n<p>Livsmedel och andra produkter som inte inneh\u00e5ller djur eller delar av djur betraktas som veganska. F\u00f6r att vara vegan f\u00e5r livsmedel och andra produkter inte skapas med hj\u00e4lp av levande djur eller produkter som h\u00e4rr\u00f6r fr\u00e5n djur. Detta tar h\u00e4nsyn till alla produktions- och bearbetningssteg.  <\/p>\n<p><strong>Ytterligare kriterier f\u00f6r V-m\u00e4rket<\/strong><\/p>\n<p>V-m\u00e4rket licensieras aldrig i f\u00f6ljande fall:<\/p>\n<ul>\n<li>Produkter som deklareras inneh\u00e5lla GMO (genetiskt modifierade organismer).<\/li>\n<li>Produkter som inneh\u00e5ller \u00e4gg fr\u00e5n h\u00f6ns i burar (\u00e4ven fr\u00e5n berikade burar och uppf\u00f6dning i sm\u00e5 grupper).<\/li>\n<\/ul>\n<p><strong>F\u00f6rpackningar<\/strong><\/p>\n<p>V-m\u00e4rket utesluter inte produkter vars f\u00f6rpackning inneh\u00e5ller produkter fr\u00e5n djur. F\u00f6retagen uppmuntras dock att frivilligt undvika att anv\u00e4nda f\u00f6rpackningar som inneh\u00e5ller animaliska produkter. <\/p>\n<p><strong>G\u00f6dsling och odling<\/strong><\/p>\n<p>Processen f\u00f6r licensiering av produkter och ingredienser f\u00f6r V-m\u00e4rket omfattar perioden fr\u00e5n sk\u00f6rd. De g\u00f6dningsmedel som anv\u00e4nds p\u00e5 den jord d\u00e4r r\u00e5varorna till V-m\u00e4rkta produkter odlas utg\u00f6r inget relevant kriterium. R\u00e5varor som odlas fr\u00e5n veganskt, ekologiskt jordbruk b\u00f6r dock f\u00f6redras, och f\u00f6retagen uppmuntras att frivilligt undvika att anv\u00e4nda g\u00f6dningsmedel som inneh\u00e5ller \u00e4mnen som h\u00e4rr\u00f6r fr\u00e5n djur.  <\/p>\n<p><strong>Sp\u00e5r\u00e4mnen och f\u00f6roreningar<\/strong><\/p>\n<p>F\u00f6retagen best\u00e4mmer p\u00e5 frivillig basis om de p\u00e5 f\u00f6rpackningen ska ange f\u00f6rekomsten av sp\u00e5r av kontaminering med allergener eller animaliska produkter som eventuellt kan f\u00f6rekomma i produktionsprocessen. Genom att ange eventuell f\u00f6rekomst av sp\u00e5r\u00e4mnen skyddar sig f\u00f6retagen mot eventuella r\u00e4ttsliga konsekvenser om kunderna drabbas av allergiska reaktioner. Bara f\u00f6r att denna information ges betyder det dock inte n\u00f6dv\u00e4ndigtvis att slutprodukten faktiskt inneh\u00e5ller animaliska produkter, utan informationen varnar bara konsumenterna f\u00f6r m\u00f6jligheten att en minimal kontaminering kan uppst\u00e5 i produktionsprocessen.  <\/p>\n<p>Produkter med denna information uppfyller kriterierna f\u00f6r V-m\u00e4rket under f\u00f6ruts\u00e4ttning att inga animaliska ingredienser avsiktligt tills\u00e4tts vid n\u00e5got tillf\u00e4lle under produktionen. Produktionsprocessen m\u00e5ste utformas s\u00e5 att varje m\u00f6jlighet till kontaminering med animaliska ingredienser utesluts. Enligt kriterierna f\u00f6r V-m\u00e4rket f\u00e5r den totala kontamineringen med alla kontrollerbara animaliska ingredienser i slutprodukten inte \u00f6verstiga 0,1 % (1 g\/kg). Andra regler som bygger p\u00e5 en &#8221;tekniskt genomf\u00f6rbar detektionsgr\u00e4ns&#8221; kan g\u00e4lla f\u00f6r vissa produktgrupper.   <\/p>\n<p><strong>Exempel<\/strong><\/p>\n<p>V-m\u00e4rket \u00e4r aldrig godk\u00e4nt f\u00f6r f\u00f6ljande produkter eller produkter som inneh\u00e5ller n\u00e5gon av f\u00f6ljande ingredienser:<\/p>\n<ul>\n<li>Slaktprodukter<\/li>\n<li>Fetter fr\u00e5n fisk, fiskdelar eller andra havsdjur<\/li>\n<li>Aromer av animaliskt ursprung (med undantag f\u00f6r mj\u00f6lkbaserade aromer)<\/li>\n<li>Andra \u00e4gg \u00e4n fj\u00e4derf\u00e4\u00e4gg (t.ex. kaviar)<\/li>\n<li>Mj\u00f6lkprodukter i vilka animalisk l\u00f6pe anv\u00e4nds<\/li>\n<li>Gel\u00e9 royale (gel\u00e9 royale)<\/li>\n<li>F\u00e4rg\u00e4mnen som \u00e4r framst\u00e4llda av animaliska ingredienser (t.ex. kochenill)<\/li>\n<li>Socker som bearbetats med animaliskt benkol<\/li>\n<li>Animaliska b\u00e4rare eller tillsatser<\/li>\n<li>Klarering med animaliska \u00e4mnen (t.ex. gelatin, isinglas)<\/li>\n<\/ul>\n<p>V-m\u00e4rket i kategorin &#8221;vegan&#8221; \u00e4r endast licensierat f\u00f6r produkter som dessutom \u00e4r fria fr\u00e5n animaliska produkter, t.ex:<\/p>\n<ul>\n<li>\u00c4gg<\/li>\n<li>Honung<\/li>\n<li>Mj\u00f6lkprodukter<\/li>\n<li>Animaliskt vax<\/li>\n<li>F\u00e4rg\u00e4mnen som \u00e4r framst\u00e4llda av animaliska produkter<\/li>\n<li>Djurbaserade b\u00e4rsubstanser eller tillsatser<\/li>\n<li>Klarering med animaliska \u00e4mnen (t.ex. \u00e4ggvita)<\/li>\n<\/ul>\n<\/div>\r\n\t\t\t\t\t\t\t\t\t<\/li>\r\n\t\t\t\t\t\t\t<li>\r\n\t\t\t\t\t\t\t\t\t\t\t\t\t\t\t\t\t<h4 id=\"\">P\u00e5 vilka grunder klassificeras livsmedel och andra produkter som &quot;veganska&quot; eller &quot;vegetariska&quot;?<i class=\"icon-angle-down\"><\/i><\/h4>\r\n\t\t\t\t\t\t\t\t\t\t\t\t\t\t\t\t<div class=\"accordion_text\"><p>&#8221;F\u00f6retag som vill licensiera produkter f\u00f6r att b\u00e4ra V-m\u00e4rket m\u00e5ste till licensgivaren deklarera produkternas fullst\u00e4ndiga sammans\u00e4ttning och alla tillsatser som anv\u00e4nds under bearbetningen. P\u00e5 grundval av denna sj\u00e4lvdeklaration och efter en inspektion av V-m\u00e4rkningsteamet kan livsmedel och andra produkter sedan klassificeras som &#8221;veganska&#8221; eller &#8221;vegetariska&#8221;. <\/p>\n<\/div>\r\n\t\t\t\t\t\t\t\t\t<\/li>\r\n\t\t\t\t\t\t\t<li>\r\n\t\t\t\t\t\t\t\t\t\t\t\t\t\t\t\t\t<h4 id=\"\">Vilka \u00e5tg\u00e4rder vidtas f\u00f6r att se till att f\u00f6retagen uppfyller kraven i V-m\u00e4rket?<i class=\"icon-angle-down\"><\/i><\/h4>\r\n\t\t\t\t\t\t\t\t\t\t\t\t\t\t\t\t<div class=\"accordion_text\"><p>V-m\u00e4rkningsteamet f\u00f6rbeh\u00e5ller sig r\u00e4tten att genomf\u00f6ra kvalitetss\u00e4krings\u00e5tg\u00e4rder som syftar till att garantera trov\u00e4rdigheten och de f\u00f6rdelar som utlovas av V-m\u00e4rkningen.<\/p>\n<p>Alla recept\u00e4ndringar eller f\u00f6r\u00e4ndringar i de processer som ing\u00e5r i framst\u00e4llningen av livsmedel och andra produkter som \u00e4r f\u00f6rsedda med V-m\u00e4rket ska omedelbart och utan dr\u00f6jsm\u00e5l rapporteras till de medlemmar av V-m\u00e4rkesgruppen som ansvarar f\u00f6r kvalitetsstyrningen. N\u00e4r f\u00f6retaget har deklarerat de relevanta f\u00f6r\u00e4ndringarna genomf\u00f6rs en ny inspektion.<\/p>\n<\/div>\r\n\t\t\t\t\t\t\t\t\t<\/li>\r\n\t\t\t\t\t\t\t<li>\r\n\t\t\t\t\t\t\t\t\t\t\t\t\t\t\t\t\t<h4 id=\"\">Finns det tillf\u00e4llen d\u00e5 det inte \u00e4r meningsfullt att en produkt b\u00e4r V-m\u00e4rket?<i class=\"icon-angle-down\"><\/i><\/h4>\r\n\t\t\t\t\t\t\t\t\t\t\t\t\t\t\t\t<div class=\"accordion_text\"><p>Det \u00e4r inte vettigt att alla livsmedel ska ha V-m\u00e4rket: Monoprodukter som te, kryddor och mineralvatten samt r\u00e5a livsmedel som obearbetade gr\u00f6nsaker \u00e4r alltid v\u00e4xtbaserade och beh\u00f6ver inte m\u00e4rkas s\u00e4rskilt som s\u00e5dana. \u00c4ven om det i princip inte \u00e4r n\u00e5got fel med att marknadsf\u00f6ra en produkt genom att ange vad som \u00e4r uppenbart sant, anses det inte vara tillr\u00e5dligt.<\/p>\n<\/div>\r\n\t\t\t\t\t\t\t\t\t<\/li>\r\n\t\t\t\t\t\t\t<li>\r\n\t\t\t\t\t\t\t\t\t\t\t\t\t\t\t\t\t<h4 id=\"\">Vilka kostnader kan f\u00f6retagen r\u00e4kna med att betala n\u00e4r de licensierar sina produkter med V-m\u00e4rket?<i class=\"icon-angle-down\"><\/i><\/h4>\r\n\t\t\t\t\t\t\t\t\t\t\t\t\t\t\t\t<div class=\"accordion_text\"><p>Anv\u00e4ndningen av V-m\u00e4rket \u00e4r f\u00f6rem\u00e5l f\u00f6r en \u00e5rlig licensavgift och en eng\u00e5ngsavgift f\u00f6r inspektion.<\/p>\n<\/div>\r\n\t\t\t\t\t\t\t\t\t<\/li>\r\n\t\t\t\t\t\t\t<li>\r\n\t\t\t\t\t\t\t\t\t\t\t\t\t\t\t\t\t<h4 id=\"\">Hur l\u00e5ng tid kan det ta f\u00f6r f\u00f6retagen att f\u00e5 en licens?<i class=\"icon-angle-down\"><\/i><\/h4>\r\n\t\t\t\t\t\t\t\t\t\t\t\t\t\t\t\t<div class=\"accordion_text\"><p>Licensieringsprocessen omfattar fem steg. N\u00e4r ett f\u00f6retag har l\u00e4mnat in en f\u00f6rsta ans\u00f6kan l\u00e4mnas ett erbjudande p\u00e5 grundval av de inl\u00e4mnade f\u00f6retagsuppgifterna. N\u00e4r erbjudandet har bekr\u00e4ftats av f\u00f6retaget ing\u00e5s ett licensavtal. D\u00e4refter kontrollerar licensgivaren alla produktdetaljer. Efter en noggrann kontroll och om licensgivaren \u00e4r n\u00f6jd med resultatet utf\u00e4rdas V-m\u00e4rkningslicensen. Slutligen kontrolleras och godk\u00e4nns produktf\u00f6rpackningens layout f\u00f6r anv\u00e4ndning. I en vanlig licensprocess kan det ta mellan 2 och 8 veckor innan ett f\u00f6retag slutligen f\u00e5r klartecken att anv\u00e4nda V-m\u00e4rket.<\/p>\n<\/div>\r\n\t\t\t\t\t\t\t\t\t<\/li>\r\n\t\t\t\t\t\t\t<li>\r\n\t\t\t\t\t\t\t\t\t\t\t\t\t\t\t\t\t<h4 id=\"\">Vilken typ av kontrakt \u00e4r det f\u00f6r f\u00f6retagen?<i class=\"icon-angle-down\"><\/i><\/h4>\r\n\t\t\t\t\t\t\t\t\t\t\t\t\t\t\t\t<div class=\"accordion_text\"><p><strong>Period of validity<\/strong><\/p>\n<p>The contractual relationship generally lasts one year. If sales fluctuate by more than 10% up or down, the annual licensing fee is adjusted accordingly. The start of the contract is specified in the contract. A later date can be specified to take account of, for example, future product launches. The contract is extended automatically if it is not terminated in writing three months prior to expiry.<\/p>\n<p><strong>License certificate<\/strong><\/p>\n<p>Once the licensing process is complete, a license certificate is issued for the product in the relevant category.<\/p>\n<\/div>\r\n\t\t\t\t\t\t\t\t\t<\/li>\r\n\t\t\t\t\t<\/ul>\r\n\t<\/section>","protected":false},"excerpt":{"rendered":"<p>H\u00e4r hittar du svar p\u00e5 n\u00e5gra av de fr\u00e5gor du kanske undrar om V-Label.<\/p>\n","protected":false},"author":5,"featured_media":55009,"parent":0,"menu_order":0,"comment_status":"closed","ping_status":"closed","template":"","meta":{"_acf_changed":false,"_editorskit_title_hidden":false,"_editorskit_reading_time":0,"_editorskit_is_block_options_detached":false,"_editorskit_block_options_position":"{}","inline_featured_image":false,"_uag_custom_page_level_css":"","footnotes":""},"categories":[],"tags":[],"class_list":["post-56089","page","type-page","status-publish","has-post-thumbnail","hentry"],"acf":[],"uagb_featured_image_src":{"full":["https:\/\/www.v-label.com\/wp-content\/uploads\/2022\/12\/v-label-faqs.jpg",1280,743,false],"thumbnail":["https:\/\/www.v-label.com\/wp-content\/uploads\/2022\/12\/v-label-faqs-500x290.jpg",500,290,true],"medium":["https:\/\/www.v-label.com\/wp-content\/uploads\/2022\/12\/v-label-faqs-300x174.jpg",300,174,true],"medium_large":["https:\/\/www.v-label.com\/wp-content\/uploads\/2022\/12\/v-label-faqs-768x446.jpg",768,446,true],"large":["https:\/\/www.v-label.com\/wp-content\/uploads\/2022\/12\/v-label-faqs-1024x594.jpg",1024,594,true],"1536x1536":["https:\/\/www.v-label.com\/wp-content\/uploads\/2022\/12\/v-label-faqs.jpg",1280,743,false],"2048x2048":["https:\/\/www.v-label.com\/wp-content\/uploads\/2022\/12\/v-label-faqs.jpg",1280,743,false],"preview":["https:\/\/www.v-label.com\/wp-content\/uploads\/2022\/12\/v-label-faqs-904x720.jpg",904,720,true],"header":["https:\/\/www.v-label.com\/wp-content\/uploads\/2022\/12\/v-label-faqs-1280x720.jpg",1280,720,true],"gform-image-choice-sm":["https:\/\/www.v-label.com\/wp-content\/uploads\/2022\/12\/v-label-faqs.jpg",300,174,false],"gform-image-choice-md":["https:\/\/www.v-label.com\/wp-content\/uploads\/2022\/12\/v-label-faqs.jpg",400,232,false],"gform-image-choice-lg":["https:\/\/www.v-label.com\/wp-content\/uploads\/2022\/12\/v-label-faqs.jpg",600,348,false]},"uagb_author_info":{"display_name":"Can Aslan","author_link":"https:\/\/www.v-label.com\/sv"},"uagb_comment_info":0,"uagb_excerpt":"H\u00e4r hittar du svar p\u00e5 n\u00e5gra av de fr\u00e5gor du kanske undrar om V-Label.","_links":{"self":[{"href":"https:\/\/www.v-label.com\/sv\/wp-json\/wp\/v2\/pages\/56089","targetHints":{"allow":["GET"]}}],"collection":[{"href":"https:\/\/www.v-label.com\/sv\/wp-json\/wp\/v2\/pages"}],"about":[{"href":"https:\/\/www.v-label.com\/sv\/wp-json\/wp\/v2\/types\/page"}],"author":[{"embeddable":true,"href":"https:\/\/www.v-label.com\/sv\/wp-json\/wp\/v2\/users\/5"}],"replies":[{"embeddable":true,"href":"https:\/\/www.v-label.com\/sv\/wp-json\/wp\/v2\/comments?post=56089"}],"version-history":[{"count":2,"href":"https:\/\/www.v-label.com\/sv\/wp-json\/wp\/v2\/pages\/56089\/revisions"}],"predecessor-version":[{"id":97957,"href":"https:\/\/www.v-label.com\/sv\/wp-json\/wp\/v2\/pages\/56089\/revisions\/97957"}],"wp:featuredmedia":[{"embeddable":true,"href":"https:\/\/www.v-label.com\/sv\/wp-json\/wp\/v2\/media\/55009"}],"wp:attachment":[{"href":"https:\/\/www.v-label.com\/sv\/wp-json\/wp\/v2\/media?parent=56089"}],"wp:term":[{"taxonomy":"category","embeddable":true,"href":"https:\/\/www.v-label.com\/sv\/wp-json\/wp\/v2\/categories?post=56089"},{"taxonomy":"post_tag","embeddable":true,"href":"https:\/\/www.v-label.com\/sv\/wp-json\/wp\/v2\/tags?post=56089"}],"curies":[{"name":"wp","href":"https:\/\/api.w.org\/{rel}","templated":true}]}}