{"id":10981,"date":"2022-09-09T11:07:38","date_gmt":"2022-09-09T09:07:38","guid":{"rendered":"https:\/\/www.v-label.com\/general-information\/certified-products\/meat-alternatives\/"},"modified":"2024-07-04T09:52:51","modified_gmt":"2024-07-04T07:52:51","slug":"meat-alternatives","status":"publish","type":"page","link":"https:\/\/www.v-label.com\/tr\/general-information\/certified-products\/meat-alternatives\/","title":{"rendered":"Et Alternatifleri"},"content":{"rendered":"\n<p>Yenilik\u00e7i \u00fcr\u00fcn i\u00e7erikleri, artan fark\u0131ndal\u0131k ve s\u0131n\u0131rs\u0131z de\u011ferlendirme imkan\u0131. Bu \u00fc\u00e7 etken sadece et alternatiflerinin katlanarak b\u00fcy\u00fcmesine de\u011fil ayn\u0131 zamanda g\u0131da t\u00fcketiminin gelece\u011fine daha b\u00fcy\u00fck ad\u0131mlar at\u0131lmas\u0131n\u0131 da sa\u011fl\u0131yor. Siz de damak tad\u0131n\u0131zdan \u00f6d\u00fcn vermeyece\u011finiz bu harika se\u00e7eneklere g\u00f6z at\u0131n!<\/p>\n\n\n\n<div class=\"wp-block-columns are-vertically-aligned-center is-layout-flex wp-container-core-columns-is-layout-9d6595d7 wp-block-columns-is-layout-flex\">\n<div class=\"wp-block-column is-vertically-aligned-center is-layout-flow wp-block-column-is-layout-flow\">\n<figure class=\"wp-block-image aligncenter size-medium\"><a href=\"https:\/\/mado.com.tr\/\" target=\"_blank\" rel=\"noreferrer noopener\"><img decoding=\"async\" width=\"300\" height=\"117\" src=\"https:\/\/www.v-label.com\/wp-content\/uploads\/2024\/07\/mado-logo-300x117.png\" alt=\"\" class=\"wp-image-81220\" srcset=\"https:\/\/www.v-label.com\/wp-content\/uploads\/2024\/07\/mado-logo-300x117.png 300w, https:\/\/www.v-label.com\/wp-content\/uploads\/2024\/07\/mado-logo.png 400w\" sizes=\"(max-width: 300px) 100vw, 300px\" \/><\/a><\/figure>\n<\/div>\n\n\n\n<div class=\"wp-block-column is-vertically-aligned-center is-layout-flow wp-block-column-is-layout-flow\">\n<figure class=\"wp-block-image aligncenter size-medium\"><a href=\"https:\/\/www.metro-tr.com\/urunlerimiz\/metro-markali-urunler\/metro-chef\" target=\"_blank\" rel=\"noreferrer noopener\"><img decoding=\"async\" width=\"300\" height=\"300\" src=\"https:\/\/www.v-label.com\/wp-content\/uploads\/2024\/07\/metrochef-300x300.png\" alt=\"\" class=\"wp-image-81264\" srcset=\"https:\/\/www.v-label.com\/wp-content\/uploads\/2024\/07\/metrochef-300x300.png 300w, https:\/\/www.v-label.com\/wp-content\/uploads\/2024\/07\/metrochef-500x500.png 500w, https:\/\/www.v-label.com\/wp-content\/uploads\/2024\/07\/metrochef-768x768.png 768w, https:\/\/www.v-label.com\/wp-content\/uploads\/2024\/07\/metrochef.png 938w\" sizes=\"(max-width: 300px) 100vw, 300px\" \/><\/a><\/figure>\n<\/div>\n\n\n\n<div class=\"wp-block-column is-vertically-aligned-center is-layout-flow wp-block-column-is-layout-flow\">\n<figure class=\"wp-block-image aligncenter size-medium\"><a href=\"https:\/\/www.superfresh.com.tr\/\" target=\"_blank\" rel=\"noreferrer noopener\"><img decoding=\"async\" width=\"300\" height=\"188\" src=\"https:\/\/www.v-label.com\/wp-content\/uploads\/2024\/07\/superfresh-300x188.jpg\" alt=\"\" class=\"wp-image-81308\" srcset=\"https:\/\/www.v-label.com\/wp-content\/uploads\/2024\/07\/superfresh-300x188.jpg 300w, https:\/\/www.v-label.com\/wp-content\/uploads\/2024\/07\/superfresh.jpg 400w\" sizes=\"(max-width: 300px) 100vw, 300px\" \/><\/a><\/figure>\n<\/div>\n<\/div>\n\n\n\n<div class=\"wp-block-columns are-vertically-aligned-center is-layout-flex wp-container-core-columns-is-layout-9d6595d7 wp-block-columns-is-layout-flex\">\n<div class=\"wp-block-column is-vertically-aligned-center is-layout-flow wp-block-column-is-layout-flow\">\n<figure class=\"wp-block-image aligncenter size-medium\"><a href=\"https:\/\/www.thestandardvegan.com\/urunler\/vegan-etsiz-urunler\" target=\"_blank\" rel=\"noreferrer noopener\"><img decoding=\"async\" width=\"300\" height=\"300\" src=\"https:\/\/www.v-label.com\/wp-content\/uploads\/2022\/12\/orfa-use-300x300.png\" alt=\"\" class=\"wp-image-16080\" srcset=\"https:\/\/www.v-label.com\/wp-content\/uploads\/2022\/12\/orfa-use-300x300.png 300w, https:\/\/www.v-label.com\/wp-content\/uploads\/2022\/12\/orfa-use-500x500.png 500w, https:\/\/www.v-label.com\/wp-content\/uploads\/2022\/12\/orfa-use.png 600w\" sizes=\"(max-width: 300px) 100vw, 300px\" \/><\/a><\/figure>\n<\/div>\n\n\n\n<div class=\"wp-block-column is-vertically-aligned-center is-layout-flow wp-block-column-is-layout-flow\">\n<figure class=\"wp-block-image aligncenter size-medium\"><a href=\"https:\/\/privegi.com.tr\/privegi-lezzetleri\/\" target=\"_blank\" rel=\"noreferrer noopener\"><img decoding=\"async\" width=\"300\" height=\"159\" src=\"https:\/\/www.v-label.com\/wp-content\/uploads\/2022\/12\/privegi-logo-300x159.png\" alt=\"\" class=\"wp-image-16100\" srcset=\"https:\/\/www.v-label.com\/wp-content\/uploads\/2022\/12\/privegi-logo-300x159.png 300w, https:\/\/www.v-label.com\/wp-content\/uploads\/2022\/12\/privegi-logo-500x264.png 500w, https:\/\/www.v-label.com\/wp-content\/uploads\/2022\/12\/privegi-logo.png 600w\" sizes=\"(max-width: 300px) 100vw, 300px\" \/><\/a><\/figure>\n<\/div>\n\n\n\n<div class=\"wp-block-column is-vertically-aligned-center is-layout-flow wp-block-column-is-layout-flow\">\n<figure class=\"wp-block-image aligncenter size-medium\"><a href=\"https:\/\/www.westfalafel.com.tr\/\" target=\"_blank\" rel=\"noreferrer noopener\"><img decoding=\"async\" width=\"300\" height=\"131\" src=\"https:\/\/www.v-label.com\/wp-content\/uploads\/2022\/12\/westfalafel-300x131.png\" alt=\"\" class=\"wp-image-16120\" srcset=\"https:\/\/www.v-label.com\/wp-content\/uploads\/2022\/12\/westfalafel-300x131.png 300w, https:\/\/www.v-label.com\/wp-content\/uploads\/2022\/12\/westfalafel-500x218.png 500w, https:\/\/www.v-label.com\/wp-content\/uploads\/2022\/12\/westfalafel.png 600w\" sizes=\"(max-width: 300px) 100vw, 300px\" \/><\/a><\/figure>\n<\/div>\n<\/div>\n","protected":false},"excerpt":{"rendered":"<p>Yenilik\u00e7i \u00fcr\u00fcn i\u00e7erikleri, artan fark\u0131ndal\u0131k ve s\u0131n\u0131rs\u0131z de\u011ferlendirme imkan\u0131. Bu \u00fc\u00e7 etken sadece et alternatiflerinin katlanarak b\u00fcy\u00fcmesine de\u011fil ayn\u0131 zamanda g\u0131da t\u00fcketiminin gelece\u011fine daha b\u00fcy\u00fck ad\u0131mlar at\u0131lmas\u0131n\u0131 da sa\u011fl\u0131yor. Siz de damak tad\u0131n\u0131zdan \u00f6d\u00fcn vermeyece\u011finiz bu harika se\u00e7eneklere g\u00f6z at\u0131n!<\/p>\n","protected":false},"author":5,"featured_media":17409,"parent":8528,"menu_order":0,"comment_status":"closed","ping_status":"closed","template":"","meta":{"_acf_changed":false,"_editorskit_title_hidden":false,"_editorskit_reading_time":0,"_editorskit_is_block_options_detached":false,"_editorskit_block_options_position":"{}","inline_featured_image":false,"_uag_custom_page_level_css":"","footnotes":""},"categories":[],"tags":[],"class_list":["post-10981","page","type-page","status-publish","has-post-thumbnail","hentry"],"acf":[],"uagb_featured_image_src":{"full":["https:\/\/www.v-label.com\/wp-content\/uploads\/2022\/12\/meat-alternatives-1280.jpg",1280,852,false],"thumbnail":["https:\/\/www.v-label.com\/wp-content\/uploads\/2022\/12\/meat-alternatives-1280-500x333.jpg",500,333,true],"medium":["https:\/\/www.v-label.com\/wp-content\/uploads\/2022\/12\/meat-alternatives-1280-300x200.jpg",300,200,true],"medium_large":["https:\/\/www.v-label.com\/wp-content\/uploads\/2022\/12\/meat-alternatives-1280-768x511.jpg",768,511,true],"large":["https:\/\/www.v-label.com\/wp-content\/uploads\/2022\/12\/meat-alternatives-1280-1024x682.jpg",1024,682,true],"1536x1536":["https:\/\/www.v-label.com\/wp-content\/uploads\/2022\/12\/meat-alternatives-1280.jpg",1280,852,false],"2048x2048":["https:\/\/www.v-label.com\/wp-content\/uploads\/2022\/12\/meat-alternatives-1280.jpg",1280,852,false],"preview":["https:\/\/www.v-label.com\/wp-content\/uploads\/2022\/12\/meat-alternatives-1280-904x720.jpg",904,720,true],"header":["https:\/\/www.v-label.com\/wp-content\/uploads\/2022\/12\/meat-alternatives-1280-1280x720.jpg",1280,720,true],"gform-image-choice-sm":["https:\/\/www.v-label.com\/wp-content\/uploads\/2022\/12\/meat-alternatives-1280.jpg",300,200,false],"gform-image-choice-md":["https:\/\/www.v-label.com\/wp-content\/uploads\/2022\/12\/meat-alternatives-1280.jpg",400,266,false],"gform-image-choice-lg":["https:\/\/www.v-label.com\/wp-content\/uploads\/2022\/12\/meat-alternatives-1280.jpg",600,399,false]},"uagb_author_info":{"display_name":"Can Aslan","author_link":"https:\/\/www.v-label.com\/tr"},"uagb_comment_info":0,"uagb_excerpt":"Yenilik\u00e7i \u00fcr\u00fcn i\u00e7erikleri, artan fark\u0131ndal\u0131k ve s\u0131n\u0131rs\u0131z de\u011ferlendirme imkan\u0131. Bu \u00fc\u00e7 etken sadece et alternatiflerinin katlanarak b\u00fcy\u00fcmesine de\u011fil ayn\u0131 zamanda g\u0131da t\u00fcketiminin gelece\u011fine daha b\u00fcy\u00fck ad\u0131mlar at\u0131lmas\u0131n\u0131 da sa\u011fl\u0131yor. Siz de damak tad\u0131n\u0131zdan \u00f6d\u00fcn vermeyece\u011finiz bu harika se\u00e7eneklere g\u00f6z at\u0131n!","_links":{"self":[{"href":"https:\/\/www.v-label.com\/tr\/wp-json\/wp\/v2\/pages\/10981","targetHints":{"allow":["GET"]}}],"collection":[{"href":"https:\/\/www.v-label.com\/tr\/wp-json\/wp\/v2\/pages"}],"about":[{"href":"https:\/\/www.v-label.com\/tr\/wp-json\/wp\/v2\/types\/page"}],"author":[{"embeddable":true,"href":"https:\/\/www.v-label.com\/tr\/wp-json\/wp\/v2\/users\/5"}],"replies":[{"embeddable":true,"href":"https:\/\/www.v-label.com\/tr\/wp-json\/wp\/v2\/comments?post=10981"}],"version-history":[{"count":2,"href":"https:\/\/www.v-label.com\/tr\/wp-json\/wp\/v2\/pages\/10981\/revisions"}],"predecessor-version":[{"id":81352,"href":"https:\/\/www.v-label.com\/tr\/wp-json\/wp\/v2\/pages\/10981\/revisions\/81352"}],"up":[{"embeddable":true,"href":"https:\/\/www.v-label.com\/tr\/wp-json\/wp\/v2\/pages\/8528"}],"wp:featuredmedia":[{"embeddable":true,"href":"https:\/\/www.v-label.com\/tr\/wp-json\/wp\/v2\/media\/17409"}],"wp:attachment":[{"href":"https:\/\/www.v-label.com\/tr\/wp-json\/wp\/v2\/media?parent=10981"}],"wp:term":[{"taxonomy":"category","embeddable":true,"href":"https:\/\/www.v-label.com\/tr\/wp-json\/wp\/v2\/categories?post=10981"},{"taxonomy":"post_tag","embeddable":true,"href":"https:\/\/www.v-label.com\/tr\/wp-json\/wp\/v2\/tags?post=10981"}],"curies":[{"name":"wp","href":"https:\/\/api.w.org\/{rel}","templated":true}]}}