{"id":11162,"date":"2022-09-13T11:07:37","date_gmt":"2022-09-13T09:07:37","guid":{"rendered":"https:\/\/www.v-label.com\/general-information\/certified-products\/cosmetics\/"},"modified":"2025-09-12T10:08:02","modified_gmt":"2025-09-12T08:08:02","slug":"cosmetics","status":"publish","type":"page","link":"https:\/\/www.v-label.com\/tr\/general-information\/certified-products\/cosmetics\/","title":{"rendered":"Kozmetik"},"content":{"rendered":"\n<p>G\u00fczellik rutininiz i\u00e7in sa\u00e7 ve cilt bak\u0131m\u0131 \u00fcr\u00fcnlerinin yer ald\u0131\u011f\u0131 logolu \u00fcr\u00fcn se\u00e7kimize bir g\u00f6z at\u0131n. Nemlendiriciden maskaraya, hayvansal bile\u015fen i\u00e7ermeyen markalar aras\u0131ndan se\u00e7im yap\u0131n.<\/p>\n\n\n\n<div class=\"wp-block-columns are-vertically-aligned-center is-layout-flex wp-container-core-columns-is-layout-9d6595d7 wp-block-columns-is-layout-flex\">\n<div class=\"wp-block-column is-vertically-aligned-center is-layout-flow wp-block-column-is-layout-flow\">\n<figure class=\"wp-block-image aligncenter size-full\"><a href=\"https:\/\/vegan.alixavien.com\/tr\/\" target=\"_blank\" rel=\"noreferrer noopener\"><img decoding=\"async\" width=\"600\" height=\"360\" src=\"https:\/\/www.v-label.com\/wp-content\/uploads\/2022\/12\/alix-avien-vegan.png\" alt=\"\" class=\"wp-image-16472\" srcset=\"https:\/\/www.v-label.com\/wp-content\/uploads\/2022\/12\/alix-avien-vegan.png 600w, https:\/\/www.v-label.com\/wp-content\/uploads\/2022\/12\/alix-avien-vegan-300x180.png 300w, https:\/\/www.v-label.com\/wp-content\/uploads\/2022\/12\/alix-avien-vegan-500x300.png 500w\" sizes=\"(max-width: 600px) 100vw, 600px\" \/><\/a><\/figure>\n<\/div>\n\n\n\n<div class=\"wp-block-column is-vertically-aligned-center is-layout-flow wp-block-column-is-layout-flow\">\n<figure class=\"wp-block-image aligncenter size-full\"><a href=\"https:\/\/www.eyupsabrituncer.com\/\" target=\"_blank\" rel=\"noreferrer noopener\"><img decoding=\"async\" width=\"519\" height=\"600\" src=\"https:\/\/www.v-label.com\/wp-content\/uploads\/2022\/12\/eyup-sabri-tuncer-logo.png\" alt=\"\" class=\"wp-image-16391\" srcset=\"https:\/\/www.v-label.com\/wp-content\/uploads\/2022\/12\/eyup-sabri-tuncer-logo.png 519w, https:\/\/www.v-label.com\/wp-content\/uploads\/2022\/12\/eyup-sabri-tuncer-logo-260x300.png 260w, https:\/\/www.v-label.com\/wp-content\/uploads\/2022\/12\/eyup-sabri-tuncer-logo-433x500.png 433w\" sizes=\"(max-width: 519px) 100vw, 519px\" \/><\/a><\/figure>\n<\/div>\n\n\n\n<div class=\"wp-block-column is-vertically-aligned-center is-layout-flow wp-block-column-is-layout-flow\">\n<figure class=\"wp-block-image aligncenter size-full\"><a href=\"https:\/\/otaci.com\/\" target=\"_blank\" rel=\"noreferrer noopener\"><img decoding=\"async\" width=\"600\" height=\"334\" src=\"https:\/\/www.v-label.com\/wp-content\/uploads\/2022\/12\/otaci-use.png\" alt=\"\" class=\"wp-image-16431\" srcset=\"https:\/\/www.v-label.com\/wp-content\/uploads\/2022\/12\/otaci-use.png 600w, https:\/\/www.v-label.com\/wp-content\/uploads\/2022\/12\/otaci-use-300x167.png 300w, https:\/\/www.v-label.com\/wp-content\/uploads\/2022\/12\/otaci-use-500x278.png 500w\" sizes=\"(max-width: 600px) 100vw, 600px\" \/><\/a><\/figure>\n<\/div>\n\n\n\n<div class=\"wp-block-column is-vertically-aligned-center is-layout-flow wp-block-column-is-layout-flow\">\n<figure class=\"wp-block-image aligncenter size-full\"><a href=\"https:\/\/nevakozmetik.com.tr\/botanic\/\" target=\"_blank\" rel=\"noreferrer noopener\"><img decoding=\"async\" width=\"200\" height=\"79\" src=\"https:\/\/www.v-label.com\/wp-content\/uploads\/2024\/07\/neva.png\" alt=\"\" class=\"wp-image-82684\"\/><\/a><\/figure>\n<\/div>\n<\/div>\n\n\n\n<div class=\"wp-block-columns are-vertically-aligned-center is-layout-flex wp-container-core-columns-is-layout-9d6595d7 wp-block-columns-is-layout-flex\">\n<div class=\"wp-block-column is-vertically-aligned-center is-layout-flow wp-block-column-is-layout-flow\">\n<figure class=\"wp-block-image aligncenter size-full\"><a href=\"https:\/\/shop.goldenrose.com.tr\/\" target=\"_blank\" rel=\"noreferrer noopener\"><img decoding=\"async\" width=\"421\" height=\"352\" src=\"https:\/\/www.v-label.com\/wp-content\/uploads\/2024\/07\/golden-rose-e1720083564364.png\" alt=\"\" class=\"wp-image-82729\" srcset=\"https:\/\/www.v-label.com\/wp-content\/uploads\/2024\/07\/golden-rose-e1720083564364.png 421w, https:\/\/www.v-label.com\/wp-content\/uploads\/2024\/07\/golden-rose-e1720083564364-300x251.png 300w\" sizes=\"(max-width: 421px) 100vw, 421px\" \/><\/a><\/figure>\n<\/div>\n\n\n\n<div class=\"wp-block-column is-vertically-aligned-center is-layout-flow wp-block-column-is-layout-flow\">\n<figure class=\"wp-block-image aligncenter size-full\"><a href=\"https:\/\/www.colgate.com\/tr-tr\" target=\"_blank\" rel=\"noreferrer noopener\"><img decoding=\"async\" width=\"377\" height=\"310\" src=\"https:\/\/www.v-label.com\/wp-content\/uploads\/2024\/07\/colgate-e1720083627143.png\" alt=\"\" class=\"wp-image-82773\" srcset=\"https:\/\/www.v-label.com\/wp-content\/uploads\/2024\/07\/colgate-e1720083627143.png 377w, https:\/\/www.v-label.com\/wp-content\/uploads\/2024\/07\/colgate-e1720083627143-300x247.png 300w\" sizes=\"(max-width: 377px) 100vw, 377px\" \/><\/a><\/figure>\n<\/div>\n\n\n\n<div class=\"wp-block-column is-vertically-aligned-center is-layout-flow wp-block-column-is-layout-flow\">\n<figure class=\"wp-block-image aligncenter size-full is-resized\"><img decoding=\"async\" width=\"77\" height=\"60\" src=\"https:\/\/www.v-label.com\/wp-content\/uploads\/2025\/09\/kirlangic.svg\" alt=\"\" class=\"wp-image-106385\" style=\"width:139px;height:auto\"\/><\/figure>\n<\/div>\n\n\n\n<div class=\"wp-block-column is-vertically-aligned-center is-layout-flow wp-block-column-is-layout-flow\">\n<figure class=\"wp-block-image aligncenter size-full\"><a href=\"https:\/\/www.komilizeytinyagi.com.tr\/\" target=\"_blank\" rel=\"noreferrer noopener\"><img decoding=\"async\" width=\"620\" height=\"259\" src=\"https:\/\/www.v-label.com\/wp-content\/uploads\/2024\/07\/komili.jpg\" alt=\"\" class=\"wp-image-82861\" srcset=\"https:\/\/www.v-label.com\/wp-content\/uploads\/2024\/07\/komili.jpg 620w, https:\/\/www.v-label.com\/wp-content\/uploads\/2024\/07\/komili-300x125.jpg 300w, https:\/\/www.v-label.com\/wp-content\/uploads\/2024\/07\/komili-500x209.jpg 500w\" sizes=\"(max-width: 620px) 100vw, 620px\" \/><\/a><\/figure>\n<\/div>\n<\/div>\n\n\n\n<div class=\"wp-block-columns are-vertically-aligned-center is-layout-flex wp-container-core-columns-is-layout-9d6595d7 wp-block-columns-is-layout-flex\">\n<div class=\"wp-block-column is-vertically-aligned-center is-layout-flow wp-block-column-is-layout-flow\">\n<figure class=\"wp-block-image aligncenter size-full\"><a href=\"https:\/\/arkonem.com.tr\/\" target=\"_blank\" rel=\"noreferrer noopener\"><img decoding=\"async\" width=\"365\" height=\"225\" src=\"https:\/\/www.v-label.com\/wp-content\/uploads\/2024\/07\/arko-nem-e1720083764885.png\" alt=\"\" class=\"wp-image-82905\" srcset=\"https:\/\/www.v-label.com\/wp-content\/uploads\/2024\/07\/arko-nem-e1720083764885.png 365w, https:\/\/www.v-label.com\/wp-content\/uploads\/2024\/07\/arko-nem-e1720083764885-300x185.png 300w\" sizes=\"(max-width: 365px) 100vw, 365px\" \/><\/a><\/figure>\n<\/div>\n\n\n\n<div class=\"wp-block-column is-vertically-aligned-center is-layout-flow wp-block-column-is-layout-flow\">\n<figure class=\"wp-block-image aligncenter size-full\"><a href=\"https:\/\/duru.com\/\" target=\"_blank\" rel=\"noreferrer noopener\"><img decoding=\"async\" width=\"150\" height=\"87\" src=\"https:\/\/www.v-label.com\/wp-content\/uploads\/2024\/07\/duru.png\" alt=\"\" class=\"wp-image-82949\"\/><\/a><\/figure>\n<\/div>\n\n\n\n<div class=\"wp-block-column is-vertically-aligned-center is-layout-flow wp-block-column-is-layout-flow\">\n<figure class=\"wp-block-image aligncenter size-full\"><a href=\"https:\/\/urbancare.com.tr\/\" target=\"_blank\" rel=\"noreferrer noopener\"><img decoding=\"async\" width=\"660\" height=\"186\" src=\"https:\/\/www.v-label.com\/wp-content\/uploads\/2024\/07\/logourbancare.png\" alt=\"\" class=\"wp-image-82993\" srcset=\"https:\/\/www.v-label.com\/wp-content\/uploads\/2024\/07\/logourbancare.png 660w, https:\/\/www.v-label.com\/wp-content\/uploads\/2024\/07\/logourbancare-300x85.png 300w, https:\/\/www.v-label.com\/wp-content\/uploads\/2024\/07\/logourbancare-500x141.png 500w\" sizes=\"(max-width: 660px) 100vw, 660px\" \/><\/a><\/figure>\n<\/div>\n\n\n\n<div class=\"wp-block-column is-vertically-aligned-center is-layout-flow wp-block-column-is-layout-flow\">\n<figure class=\"wp-block-image aligncenter size-full\"><a href=\"https:\/\/www.pereja.com.tr\/\" target=\"_blank\" rel=\"noreferrer noopener\"><img decoding=\"async\" width=\"384\" height=\"178\" src=\"https:\/\/www.v-label.com\/wp-content\/uploads\/2024\/07\/peraje-e1720083881984.png\" alt=\"\" class=\"wp-image-83037\" srcset=\"https:\/\/www.v-label.com\/wp-content\/uploads\/2024\/07\/peraje-e1720083881984.png 384w, https:\/\/www.v-label.com\/wp-content\/uploads\/2024\/07\/peraje-e1720083881984-300x139.png 300w\" sizes=\"(max-width: 384px) 100vw, 384px\" \/><\/a><\/figure>\n<\/div>\n\n\n\n<div class=\"wp-block-column is-vertically-aligned-center is-layout-flow wp-block-column-is-layout-flow\">\n<figure class=\"wp-block-image aligncenter size-full\"><a href=\"https:\/\/www.turmepa.org.tr\/\" target=\"_blank\" rel=\"noreferrer noopener\"><img decoding=\"async\" width=\"1183\" height=\"1183\" src=\"https:\/\/www.v-label.com\/wp-content\/uploads\/2025\/09\/turmepalogo.jpg\" alt=\"\" class=\"wp-image-106434\" srcset=\"https:\/\/www.v-label.com\/wp-content\/uploads\/2025\/09\/turmepalogo.jpg 1183w, https:\/\/www.v-label.com\/wp-content\/uploads\/2025\/09\/turmepalogo-300x300.jpg 300w, https:\/\/www.v-label.com\/wp-content\/uploads\/2025\/09\/turmepalogo-1024x1024.jpg 1024w, https:\/\/www.v-label.com\/wp-content\/uploads\/2025\/09\/turmepalogo-500x500.jpg 500w, https:\/\/www.v-label.com\/wp-content\/uploads\/2025\/09\/turmepalogo-768x768.jpg 768w\" sizes=\"(max-width: 1183px) 100vw, 1183px\" \/><\/a><\/figure>\n<\/div>\n<\/div>\n","protected":false},"excerpt":{"rendered":"<p>G\u00fczellik rutininiz i\u00e7in sa\u00e7 ve cilt bak\u0131m\u0131 \u00fcr\u00fcnlerinin yer ald\u0131\u011f\u0131 logolu \u00fcr\u00fcn se\u00e7kimize bir g\u00f6z at\u0131n. Nemlendiriciden maskaraya, hayvansal bile\u015fen i\u00e7ermeyen markalar aras\u0131ndan se\u00e7im yap\u0131n.<\/p>\n","protected":false},"author":5,"featured_media":17982,"parent":8528,"menu_order":0,"comment_status":"closed","ping_status":"closed","template":"","meta":{"_acf_changed":false,"_editorskit_title_hidden":false,"_editorskit_reading_time":0,"_editorskit_is_block_options_detached":false,"_editorskit_block_options_position":"{}","inline_featured_image":false,"_uag_custom_page_level_css":"","footnotes":""},"categories":[],"tags":[],"class_list":["post-11162","page","type-page","status-publish","has-post-thumbnail","hentry"],"acf":[],"uagb_featured_image_src":{"full":["https:\/\/www.v-label.com\/wp-content\/uploads\/2022\/12\/cosmetics-1280-1.jpg",1280,868,false],"thumbnail":["https:\/\/www.v-label.com\/wp-content\/uploads\/2022\/12\/cosmetics-1280-1-500x339.jpg",500,339,true],"medium":["https:\/\/www.v-label.com\/wp-content\/uploads\/2022\/12\/cosmetics-1280-1-300x203.jpg",300,203,true],"medium_large":["https:\/\/www.v-label.com\/wp-content\/uploads\/2022\/12\/cosmetics-1280-1-768x521.jpg",768,521,true],"large":["https:\/\/www.v-label.com\/wp-content\/uploads\/2022\/12\/cosmetics-1280-1-1024x694.jpg",1024,694,true],"1536x1536":["https:\/\/www.v-label.com\/wp-content\/uploads\/2022\/12\/cosmetics-1280-1.jpg",1280,868,false],"2048x2048":["https:\/\/www.v-label.com\/wp-content\/uploads\/2022\/12\/cosmetics-1280-1.jpg",1280,868,false],"preview":["https:\/\/www.v-label.com\/wp-content\/uploads\/2022\/12\/cosmetics-1280-1-904x720.jpg",904,720,true],"header":["https:\/\/www.v-label.com\/wp-content\/uploads\/2022\/12\/cosmetics-1280-1-1280x720.jpg",1280,720,true],"gform-image-choice-sm":["https:\/\/www.v-label.com\/wp-content\/uploads\/2022\/12\/cosmetics-1280-1.jpg",300,203,false],"gform-image-choice-md":["https:\/\/www.v-label.com\/wp-content\/uploads\/2022\/12\/cosmetics-1280-1.jpg",400,271,false],"gform-image-choice-lg":["https:\/\/www.v-label.com\/wp-content\/uploads\/2022\/12\/cosmetics-1280-1.jpg",600,407,false]},"uagb_author_info":{"display_name":"Can Aslan","author_link":"https:\/\/www.v-label.com\/tr"},"uagb_comment_info":0,"uagb_excerpt":"G\u00fczellik rutininiz i\u00e7in sa\u00e7 ve cilt bak\u0131m\u0131 \u00fcr\u00fcnlerinin yer ald\u0131\u011f\u0131 logolu \u00fcr\u00fcn se\u00e7kimize bir g\u00f6z at\u0131n. Nemlendiriciden maskaraya, hayvansal bile\u015fen i\u00e7ermeyen markalar aras\u0131ndan se\u00e7im yap\u0131n.","_links":{"self":[{"href":"https:\/\/www.v-label.com\/tr\/wp-json\/wp\/v2\/pages\/11162","targetHints":{"allow":["GET"]}}],"collection":[{"href":"https:\/\/www.v-label.com\/tr\/wp-json\/wp\/v2\/pages"}],"about":[{"href":"https:\/\/www.v-label.com\/tr\/wp-json\/wp\/v2\/types\/page"}],"author":[{"embeddable":true,"href":"https:\/\/www.v-label.com\/tr\/wp-json\/wp\/v2\/users\/5"}],"replies":[{"embeddable":true,"href":"https:\/\/www.v-label.com\/tr\/wp-json\/wp\/v2\/comments?post=11162"}],"version-history":[{"count":4,"href":"https:\/\/www.v-label.com\/tr\/wp-json\/wp\/v2\/pages\/11162\/revisions"}],"predecessor-version":[{"id":106483,"href":"https:\/\/www.v-label.com\/tr\/wp-json\/wp\/v2\/pages\/11162\/revisions\/106483"}],"up":[{"embeddable":true,"href":"https:\/\/www.v-label.com\/tr\/wp-json\/wp\/v2\/pages\/8528"}],"wp:featuredmedia":[{"embeddable":true,"href":"https:\/\/www.v-label.com\/tr\/wp-json\/wp\/v2\/media\/17982"}],"wp:attachment":[{"href":"https:\/\/www.v-label.com\/tr\/wp-json\/wp\/v2\/media?parent=11162"}],"wp:term":[{"taxonomy":"category","embeddable":true,"href":"https:\/\/www.v-label.com\/tr\/wp-json\/wp\/v2\/categories?post=11162"},{"taxonomy":"post_tag","embeddable":true,"href":"https:\/\/www.v-label.com\/tr\/wp-json\/wp\/v2\/tags?post=11162"}],"curies":[{"name":"wp","href":"https:\/\/api.w.org\/{rel}","templated":true}]}}