{"id":11298,"date":"2022-09-13T11:05:29","date_gmt":"2022-09-13T09:05:29","guid":{"rendered":"https:\/\/www.v-label.com\/general-information\/certified-products\/dairy-alternatives\/"},"modified":"2025-09-12T10:01:18","modified_gmt":"2025-09-12T08:01:18","slug":"dairy-alternatives","status":"publish","type":"page","link":"https:\/\/www.v-label.com\/tr\/general-information\/certified-products\/dairy-alternatives\/","title":{"rendered":"S\u00fct \u00dcr\u00fcnleri Alternatifleri"},"content":{"rendered":"\n<p>Soyadan yulafa, bademden hindistan cevizine, bitkisel s\u00fctlere ge\u00e7i\u015f, bitki bazl\u0131 s\u00fct devriminin sadece bir ba\u015flang\u0131c\u0131. Diledi\u011finizi se\u00e7in: Yunan yo\u011furdundan, ayran\u0131na kadar farkl\u0131 \u00fcr\u00fcn se\u00e7enekleri. Lezzetli ve gezegen dostu dondurmalar, kahvalt\u0131lar\u0131n\u0131z i\u00e7in bitkisel tereya\u011flar, ezmeler ve \u00fczerine de peynir!<\/p>\n\n\n\n<div class=\"wp-block-columns are-vertically-aligned-center is-layout-flex wp-container-core-columns-is-layout-9d6595d7 wp-block-columns-is-layout-flex\">\n<div class=\"wp-block-column is-vertically-aligned-center is-layout-flow wp-block-column-is-layout-flow\">\n<figure class=\"wp-block-image aligncenter size-medium\"><a href=\"https:\/\/nilky.co\/\" target=\"_blank\" rel=\"noreferrer noopener\"><img decoding=\"async\" width=\"300\" height=\"189\" src=\"https:\/\/www.v-label.com\/wp-content\/uploads\/2024\/07\/nilky-300x189.png\" alt=\"\" class=\"wp-image-81353\" srcset=\"https:\/\/www.v-label.com\/wp-content\/uploads\/2024\/07\/nilky-300x189.png 300w, https:\/\/www.v-label.com\/wp-content\/uploads\/2024\/07\/nilky-1024x647.png 1024w, https:\/\/www.v-label.com\/wp-content\/uploads\/2024\/07\/nilky-500x316.png 500w, https:\/\/www.v-label.com\/wp-content\/uploads\/2024\/07\/nilky-768x485.png 768w, https:\/\/www.v-label.com\/wp-content\/uploads\/2024\/07\/nilky-1536x970.png 1536w, https:\/\/www.v-label.com\/wp-content\/uploads\/2024\/07\/nilky-2048x1293.png 2048w\" sizes=\"(max-width: 300px) 100vw, 300px\" \/><\/a><\/figure>\n<\/div>\n\n\n\n<div class=\"wp-block-column is-vertically-aligned-center is-layout-flow wp-block-column-is-layout-flow\">\n<figure class=\"wp-block-image aligncenter size-medium\"><a href=\"https:\/\/www.cheezmirvegan.com\/\" target=\"_blank\" rel=\"noreferrer noopener\"><img decoding=\"async\" width=\"300\" height=\"261\" src=\"https:\/\/www.v-label.com\/wp-content\/uploads\/2022\/12\/cheezmir-300x261.png\" alt=\"\" class=\"wp-image-16162\" srcset=\"https:\/\/www.v-label.com\/wp-content\/uploads\/2022\/12\/cheezmir-300x261.png 300w, https:\/\/www.v-label.com\/wp-content\/uploads\/2022\/12\/cheezmir-500x435.png 500w, https:\/\/www.v-label.com\/wp-content\/uploads\/2022\/12\/cheezmir.png 600w\" sizes=\"(max-width: 300px) 100vw, 300px\" \/><\/a><\/figure>\n<\/div>\n\n\n\n<div class=\"wp-block-column is-vertically-aligned-center is-layout-flow wp-block-column-is-layout-flow\">\n<figure class=\"wp-block-image aligncenter size-medium\"><a href=\"https:\/\/www.becel.com\/tr-tr\" target=\"_blank\" rel=\"noreferrer noopener\"><img decoding=\"async\" width=\"300\" height=\"270\" src=\"https:\/\/www.v-label.com\/wp-content\/uploads\/2022\/12\/becel-logo-v4-300x270.png\" alt=\"\" class=\"wp-image-16142\" srcset=\"https:\/\/www.v-label.com\/wp-content\/uploads\/2022\/12\/becel-logo-v4-300x270.png 300w, https:\/\/www.v-label.com\/wp-content\/uploads\/2022\/12\/becel-logo-v4-500x449.png 500w, https:\/\/www.v-label.com\/wp-content\/uploads\/2022\/12\/becel-logo-v4.png 600w\" sizes=\"(max-width: 300px) 100vw, 300px\" \/><\/a><\/figure>\n<\/div>\n\n\n\n<div class=\"wp-block-column is-vertically-aligned-center is-layout-flow wp-block-column-is-layout-flow\">\n<figure class=\"wp-block-image aligncenter size-full\"><a href=\"https:\/\/www.pinar.com.tr\/\" target=\"_blank\" rel=\" noreferrer noopener\"><img decoding=\"async\" width=\"272\" height=\"186\" src=\"https:\/\/www.v-label.com\/wp-content\/uploads\/2025\/09\/pinar.png\" alt=\"\" class=\"wp-image-106233\"\/><\/a><\/figure>\n<\/div>\n<\/div>\n\n\n\n<div class=\"wp-block-columns are-vertically-aligned-center is-layout-flex wp-container-core-columns-is-layout-9d6595d7 wp-block-columns-is-layout-flex\">\n<div class=\"wp-block-column is-vertically-aligned-center is-layout-flow wp-block-column-is-layout-flow\">\n<figure class=\"wp-block-image aligncenter size-full\"><a href=\"https:\/\/furora.com.tr\/\" target=\"_blank\" rel=\"noreferrer noopener\"><img decoding=\"async\" width=\"200\" height=\"101\" src=\"https:\/\/www.v-label.com\/wp-content\/uploads\/2024\/07\/furora.png\" alt=\"\" class=\"wp-image-81442\"\/><\/a><\/figure>\n<\/div>\n\n\n\n<div class=\"wp-block-column is-vertically-aligned-center is-layout-flow wp-block-column-is-layout-flow\">\n<figure class=\"wp-block-image aligncenter size-full\"><a href=\"https:\/\/www.newking.com.tr\/\" target=\"_blank\" rel=\"noreferrer noopener\"><img decoding=\"async\" width=\"170\" height=\"60\" src=\"https:\/\/www.v-label.com\/wp-content\/uploads\/2024\/07\/newking.png\" alt=\"\" class=\"wp-image-81486\"\/><\/a><\/figure>\n<\/div>\n\n\n\n<div class=\"wp-block-column is-vertically-aligned-center is-layout-flow wp-block-column-is-layout-flow\">\n<figure class=\"wp-block-image aligncenter size-medium\"><img decoding=\"async\" width=\"300\" height=\"209\" src=\"https:\/\/www.v-label.com\/wp-content\/uploads\/2024\/07\/itz-nutz-e1720080718478-300x209.png\" alt=\"\" class=\"wp-image-81530\" srcset=\"https:\/\/www.v-label.com\/wp-content\/uploads\/2024\/07\/itz-nutz-e1720080718478-300x209.png 300w, https:\/\/www.v-label.com\/wp-content\/uploads\/2024\/07\/itz-nutz-e1720080718478.png 498w\" sizes=\"(max-width: 300px) 100vw, 300px\" \/><\/figure>\n<\/div>\n\n\n\n<div class=\"wp-block-column is-vertically-aligned-center is-layout-flow wp-block-column-is-layout-flow\">\n<figure class=\"wp-block-image aligncenter size-medium\"><a href=\"https:\/\/www.metro-tr.com\/urunlerimiz\/metro-markali-urunler\/metro-chef\" target=\"_blank\" rel=\"noreferrer noopener\"><img decoding=\"async\" width=\"300\" height=\"300\" src=\"https:\/\/www.v-label.com\/wp-content\/uploads\/2024\/07\/metrochef-1-300x300.png\" alt=\"\" class=\"wp-image-81574\" srcset=\"https:\/\/www.v-label.com\/wp-content\/uploads\/2024\/07\/metrochef-1-300x300.png 300w, https:\/\/www.v-label.com\/wp-content\/uploads\/2024\/07\/metrochef-1-500x500.png 500w, https:\/\/www.v-label.com\/wp-content\/uploads\/2024\/07\/metrochef-1-768x768.png 768w, https:\/\/www.v-label.com\/wp-content\/uploads\/2024\/07\/metrochef-1.png 938w\" sizes=\"(max-width: 300px) 100vw, 300px\" \/><\/a><\/figure>\n<\/div>\n<\/div>\n","protected":false},"excerpt":{"rendered":"<p>Soyadan yulafa, bademden hindistan cevizine, bitkisel s\u00fctlere ge\u00e7i\u015f, bitki bazl\u0131 s\u00fct devriminin sadece bir ba\u015flang\u0131c\u0131. Diledi\u011finizi se\u00e7in: Yunan yo\u011furdundan, ayran\u0131na kadar farkl\u0131 \u00fcr\u00fcn se\u00e7enekleri. Lezzetli ve gezegen dostu dondurmalar, kahvalt\u0131lar\u0131n\u0131z i\u00e7in bitkisel tereya\u011flar, ezmeler ve \u00fczerine de peynir!<\/p>\n","protected":false},"author":5,"featured_media":17892,"parent":8528,"menu_order":0,"comment_status":"closed","ping_status":"closed","template":"","meta":{"_acf_changed":false,"_editorskit_title_hidden":false,"_editorskit_reading_time":0,"_editorskit_is_block_options_detached":false,"_editorskit_block_options_position":"{}","inline_featured_image":false,"_uag_custom_page_level_css":"","footnotes":""},"categories":[],"tags":[],"class_list":["post-11298","page","type-page","status-publish","has-post-thumbnail","hentry"],"acf":[],"uagb_featured_image_src":{"full":["https:\/\/www.v-label.com\/wp-content\/uploads\/2022\/12\/milk-alternatives-1280.jpg",1280,853,false],"thumbnail":["https:\/\/www.v-label.com\/wp-content\/uploads\/2022\/12\/milk-alternatives-1280-500x333.jpg",500,333,true],"medium":["https:\/\/www.v-label.com\/wp-content\/uploads\/2022\/12\/milk-alternatives-1280-300x200.jpg",300,200,true],"medium_large":["https:\/\/www.v-label.com\/wp-content\/uploads\/2022\/12\/milk-alternatives-1280-768x512.jpg",768,512,true],"large":["https:\/\/www.v-label.com\/wp-content\/uploads\/2022\/12\/milk-alternatives-1280-1024x682.jpg",1024,682,true],"1536x1536":["https:\/\/www.v-label.com\/wp-content\/uploads\/2022\/12\/milk-alternatives-1280.jpg",1280,853,false],"2048x2048":["https:\/\/www.v-label.com\/wp-content\/uploads\/2022\/12\/milk-alternatives-1280.jpg",1280,853,false],"preview":["https:\/\/www.v-label.com\/wp-content\/uploads\/2022\/12\/milk-alternatives-1280-904x720.jpg",904,720,true],"header":["https:\/\/www.v-label.com\/wp-content\/uploads\/2022\/12\/milk-alternatives-1280-1280x720.jpg",1280,720,true],"gform-image-choice-sm":["https:\/\/www.v-label.com\/wp-content\/uploads\/2022\/12\/milk-alternatives-1280.jpg",300,200,false],"gform-image-choice-md":["https:\/\/www.v-label.com\/wp-content\/uploads\/2022\/12\/milk-alternatives-1280.jpg",400,267,false],"gform-image-choice-lg":["https:\/\/www.v-label.com\/wp-content\/uploads\/2022\/12\/milk-alternatives-1280.jpg",600,400,false]},"uagb_author_info":{"display_name":"Can Aslan","author_link":"https:\/\/www.v-label.com\/tr"},"uagb_comment_info":0,"uagb_excerpt":"Soyadan yulafa, bademden hindistan cevizine, bitkisel s\u00fctlere ge\u00e7i\u015f, bitki bazl\u0131 s\u00fct devriminin sadece bir ba\u015flang\u0131c\u0131. Diledi\u011finizi se\u00e7in: Yunan yo\u011furdundan, ayran\u0131na kadar farkl\u0131 \u00fcr\u00fcn se\u00e7enekleri. Lezzetli ve gezegen dostu dondurmalar, kahvalt\u0131lar\u0131n\u0131z i\u00e7in bitkisel tereya\u011flar, ezmeler ve \u00fczerine de peynir!","_links":{"self":[{"href":"https:\/\/www.v-label.com\/tr\/wp-json\/wp\/v2\/pages\/11298","targetHints":{"allow":["GET"]}}],"collection":[{"href":"https:\/\/www.v-label.com\/tr\/wp-json\/wp\/v2\/pages"}],"about":[{"href":"https:\/\/www.v-label.com\/tr\/wp-json\/wp\/v2\/types\/page"}],"author":[{"embeddable":true,"href":"https:\/\/www.v-label.com\/tr\/wp-json\/wp\/v2\/users\/5"}],"replies":[{"embeddable":true,"href":"https:\/\/www.v-label.com\/tr\/wp-json\/wp\/v2\/comments?post=11298"}],"version-history":[{"count":5,"href":"https:\/\/www.v-label.com\/tr\/wp-json\/wp\/v2\/pages\/11298\/revisions"}],"predecessor-version":[{"id":106283,"href":"https:\/\/www.v-label.com\/tr\/wp-json\/wp\/v2\/pages\/11298\/revisions\/106283"}],"up":[{"embeddable":true,"href":"https:\/\/www.v-label.com\/tr\/wp-json\/wp\/v2\/pages\/8528"}],"wp:featuredmedia":[{"embeddable":true,"href":"https:\/\/www.v-label.com\/tr\/wp-json\/wp\/v2\/media\/17892"}],"wp:attachment":[{"href":"https:\/\/www.v-label.com\/tr\/wp-json\/wp\/v2\/media?parent=11298"}],"wp:term":[{"taxonomy":"category","embeddable":true,"href":"https:\/\/www.v-label.com\/tr\/wp-json\/wp\/v2\/categories?post=11298"},{"taxonomy":"post_tag","embeddable":true,"href":"https:\/\/www.v-label.com\/tr\/wp-json\/wp\/v2\/tags?post=11298"}],"curies":[{"name":"wp","href":"https:\/\/api.w.org\/{rel}","templated":true}]}}