{"id":11424,"date":"2022-09-13T11:06:38","date_gmt":"2022-09-13T09:06:38","guid":{"rendered":"https:\/\/www.v-label.com\/general-information\/certified-products\/sweets\/"},"modified":"2025-09-12T10:05:56","modified_gmt":"2025-09-12T08:05:56","slug":"sweets","status":"publish","type":"page","link":"https:\/\/www.v-label.com\/tr\/general-information\/certified-products\/sweets\/","title":{"rendered":"Tatl\u0131lar"},"content":{"rendered":"\n<p>En sevdi\u011finiz at\u0131\u015ft\u0131rmal\u0131\u011f\u0131n vejetaryen ya da vegan olup olmad\u0131\u011f\u0131n\u0131 kontrol edin ve \u00e7ikolata, bisk\u00fcvi ve cips gibi bitkisel bazl\u0131 \u00fcr\u00fcnlere evinizde yer verin. Durun, dahas\u0131 da var! Vegan pasta, kruvasan ve hatta tad\u0131 birebir ayn\u0131 olan sosisli hamur i\u015fleri gibi unlu mam\u00fcl \u00fcr\u00fcnlerinin giderek artmas\u0131n\u0131 izleyin.<\/p>\n\n\n\n<div class=\"wp-block-columns are-vertically-aligned-center is-layout-flex wp-container-core-columns-is-layout-9d6595d7 wp-block-columns-is-layout-flex\">\n<div class=\"wp-block-column is-vertically-aligned-center is-layout-flow wp-block-column-is-layout-flow\">\n<figure class=\"wp-block-image aligncenter size-full\"><a href=\"https:\/\/www.rawberrysnacks.com\/en\/\" target=\"_blank\" rel=\"noreferrer noopener\"><img decoding=\"async\" width=\"600\" height=\"142\" src=\"https:\/\/www.v-label.com\/wp-content\/uploads\/2022\/12\/rawberry-logo-orjinal-pr6630vb12ozp7c5w4qbflytnptg2bu797glc373m0.png\" alt=\"\" class=\"wp-image-16307\" srcset=\"https:\/\/www.v-label.com\/wp-content\/uploads\/2022\/12\/rawberry-logo-orjinal-pr6630vb12ozp7c5w4qbflytnptg2bu797glc373m0.png 600w, https:\/\/www.v-label.com\/wp-content\/uploads\/2022\/12\/rawberry-logo-orjinal-pr6630vb12ozp7c5w4qbflytnptg2bu797glc373m0-300x71.png 300w, https:\/\/www.v-label.com\/wp-content\/uploads\/2022\/12\/rawberry-logo-orjinal-pr6630vb12ozp7c5w4qbflytnptg2bu797glc373m0-500x118.png 500w\" sizes=\"(max-width: 600px) 100vw, 600px\" \/><\/a><\/figure>\n<\/div>\n\n\n\n<div class=\"wp-block-column is-vertically-aligned-center is-layout-flow wp-block-column-is-layout-flow\">\n<figure class=\"wp-block-image aligncenter size-full\"><a href=\"https:\/\/www.mixmey.com\/\" target=\"_blank\" rel=\"noreferrer noopener\"><img decoding=\"async\" width=\"600\" height=\"165\" src=\"https:\/\/www.v-label.com\/wp-content\/uploads\/2022\/12\/mixmey.png\" alt=\"\" class=\"wp-image-16287\" srcset=\"https:\/\/www.v-label.com\/wp-content\/uploads\/2022\/12\/mixmey.png 600w, https:\/\/www.v-label.com\/wp-content\/uploads\/2022\/12\/mixmey-300x83.png 300w, https:\/\/www.v-label.com\/wp-content\/uploads\/2022\/12\/mixmey-500x138.png 500w\" sizes=\"(max-width: 600px) 100vw, 600px\" \/><\/a><\/figure>\n<\/div>\n\n\n\n<div class=\"wp-block-column is-vertically-aligned-center is-layout-flow wp-block-column-is-layout-flow\">\n<figure class=\"wp-block-image aligncenter size-full\"><a href=\"https:\/\/delly.com.tr\/tr\/\" target=\"_blank\" rel=\"noreferrer noopener\"><img decoding=\"async\" width=\"600\" height=\"197\" src=\"https:\/\/www.v-label.com\/wp-content\/uploads\/2022\/12\/delly.png\" alt=\"\" class=\"wp-image-16267\" srcset=\"https:\/\/www.v-label.com\/wp-content\/uploads\/2022\/12\/delly.png 600w, https:\/\/www.v-label.com\/wp-content\/uploads\/2022\/12\/delly-300x99.png 300w, https:\/\/www.v-label.com\/wp-content\/uploads\/2022\/12\/delly-500x164.png 500w\" sizes=\"(max-width: 600px) 100vw, 600px\" \/><\/a><\/figure>\n<\/div>\n\n\n\n<div class=\"wp-block-column is-vertically-aligned-center is-layout-flow wp-block-column-is-layout-flow\">\n<figure class=\"wp-block-image aligncenter size-full is-resized\"><a href=\"https:\/\/www.divan.com.tr\/\" target=\"_blank\" rel=\"noreferrer noopener\"><img decoding=\"async\" src=\"https:\/\/www.v-label.com\/wp-content\/uploads\/2024\/07\/divan-hr.svg\" alt=\"\" class=\"wp-image-82195\" style=\"width:170px\"\/><\/a><\/figure>\n<\/div>\n<\/div>\n\n\n\n<div class=\"wp-block-columns are-vertically-aligned-center is-layout-flex wp-container-core-columns-is-layout-9d6595d7 wp-block-columns-is-layout-flex\">\n<div class=\"wp-block-column is-vertically-aligned-center is-layout-flow wp-block-column-is-layout-flow\">\n<figure class=\"wp-block-image aligncenter size-full\"><a href=\"https:\/\/www.fropie.com.tr\/\" target=\"_blank\" rel=\"noreferrer noopener\"><img decoding=\"async\" width=\"462\" height=\"195\" src=\"https:\/\/www.v-label.com\/wp-content\/uploads\/2024\/07\/fropie-e1720082160247.png\" alt=\"\" class=\"wp-image-82239\" srcset=\"https:\/\/www.v-label.com\/wp-content\/uploads\/2024\/07\/fropie-e1720082160247.png 462w, https:\/\/www.v-label.com\/wp-content\/uploads\/2024\/07\/fropie-e1720082160247-300x127.png 300w\" sizes=\"(max-width: 462px) 100vw, 462px\" \/><\/a><\/figure>\n<\/div>\n\n\n\n<div class=\"wp-block-column is-vertically-aligned-center is-layout-flow wp-block-column-is-layout-flow\">\n<figure class=\"wp-block-image aligncenter size-full\"><a href=\"https:\/\/www.koska.com\/tr\" target=\"_blank\" rel=\"noreferrer noopener\"><img decoding=\"async\" width=\"227\" height=\"55\" src=\"https:\/\/www.v-label.com\/wp-content\/uploads\/2024\/07\/koska.png\" alt=\"\" class=\"wp-image-82283\"\/><\/a><\/figure>\n<\/div>\n\n\n\n<div class=\"wp-block-column is-vertically-aligned-center is-layout-flow wp-block-column-is-layout-flow\">\n<figure class=\"wp-block-image aligncenter size-full\"><a href=\"https:\/\/www.haribo.com\/tr-tr\" target=\"_blank\" rel=\"noreferrer noopener\"><img decoding=\"async\" width=\"1200\" height=\"323\" src=\"https:\/\/www.v-label.com\/wp-content\/uploads\/2024\/07\/haribo.png\" alt=\"\" class=\"wp-image-82327\" srcset=\"https:\/\/www.v-label.com\/wp-content\/uploads\/2024\/07\/haribo.png 1200w, https:\/\/www.v-label.com\/wp-content\/uploads\/2024\/07\/haribo-300x81.png 300w, https:\/\/www.v-label.com\/wp-content\/uploads\/2024\/07\/haribo-1024x276.png 1024w, https:\/\/www.v-label.com\/wp-content\/uploads\/2024\/07\/haribo-500x135.png 500w, https:\/\/www.v-label.com\/wp-content\/uploads\/2024\/07\/haribo-768x207.png 768w\" sizes=\"(max-width: 1200px) 100vw, 1200px\" \/><\/a><\/figure>\n<\/div>\n\n\n\n<div class=\"wp-block-column is-vertically-aligned-center is-layout-flow wp-block-column-is-layout-flow\">\n<figure class=\"wp-block-image aligncenter size-full\"><a href=\"https:\/\/www.fiskobirlik.com.tr\/\" target=\"_blank\" rel=\"noreferrer noopener\"><img decoding=\"async\" width=\"300\" height=\"218\" src=\"https:\/\/www.v-label.com\/wp-content\/uploads\/2024\/07\/fiskobirlik.png\" alt=\"\" class=\"wp-image-82371\"\/><\/a><\/figure>\n<\/div>\n\n\n\n<div class=\"wp-block-column is-vertically-aligned-center is-layout-flow wp-block-column-is-layout-flow\">\n<figure class=\"wp-block-image aligncenter size-full\"><a href=\"https:\/\/sarelle.com.tr\/\" target=\"_blank\" rel=\"noreferrer noopener\"><img decoding=\"async\" width=\"460\" height=\"165\" src=\"https:\/\/www.v-label.com\/wp-content\/uploads\/2024\/07\/saralle-e1720082298271.png\" alt=\"\" class=\"wp-image-82415\" srcset=\"https:\/\/www.v-label.com\/wp-content\/uploads\/2024\/07\/saralle-e1720082298271.png 460w, https:\/\/www.v-label.com\/wp-content\/uploads\/2024\/07\/saralle-e1720082298271-300x108.png 300w\" sizes=\"(max-width: 460px) 100vw, 460px\" \/><\/a><\/figure>\n<\/div>\n<\/div>\n\n\n\n<div class=\"wp-block-columns are-vertically-aligned-center is-layout-flex wp-container-core-columns-is-layout-9d6595d7 wp-block-columns-is-layout-flex\">\n<div class=\"wp-block-column is-vertically-aligned-center is-layout-flow wp-block-column-is-layout-flow\">\n<figure class=\"wp-block-image aligncenter size-full\"><a href=\"https:\/\/www.lokumatolyesi.com.tr\/\" target=\"_blank\" rel=\"noreferrer noopener\"><img decoding=\"async\" width=\"1500\" height=\"1500\" src=\"https:\/\/www.v-label.com\/wp-content\/uploads\/2025\/09\/lokum-atolyesi.webp\" alt=\"\" class=\"wp-image-106335\" srcset=\"https:\/\/www.v-label.com\/wp-content\/uploads\/2025\/09\/lokum-atolyesi.webp 1500w, https:\/\/www.v-label.com\/wp-content\/uploads\/2025\/09\/lokum-atolyesi-300x300.webp 300w, https:\/\/www.v-label.com\/wp-content\/uploads\/2025\/09\/lokum-atolyesi-1024x1024.webp 1024w, https:\/\/www.v-label.com\/wp-content\/uploads\/2025\/09\/lokum-atolyesi-500x500.webp 500w, https:\/\/www.v-label.com\/wp-content\/uploads\/2025\/09\/lokum-atolyesi-768x768.webp 768w\" sizes=\"(max-width: 1500px) 100vw, 1500px\" \/><\/a><\/figure>\n<\/div>\n\n\n\n<div class=\"wp-block-column is-vertically-aligned-center is-layout-flow wp-block-column-is-layout-flow\">\n<figure class=\"wp-block-image aligncenter size-full\"><a href=\"https:\/\/www.kahvedunyasi.com\/\" target=\"_blank\" rel=\"noreferrer noopener\"><img decoding=\"async\" width=\"300\" height=\"300\" src=\"https:\/\/www.v-label.com\/wp-content\/uploads\/2024\/07\/kahve-dunyasi.png\" alt=\"\" class=\"wp-image-82459\"\/><\/a><\/figure>\n<\/div>\n\n\n\n<div class=\"wp-block-column is-vertically-aligned-center is-layout-flow wp-block-column-is-layout-flow\">\n<figure class=\"wp-block-image aligncenter size-full\"><a href=\"https:\/\/melycikolata.com\/\" target=\"_blank\" rel=\"noreferrer noopener\"><img decoding=\"async\" width=\"564\" height=\"424\" src=\"https:\/\/www.v-label.com\/wp-content\/uploads\/2024\/07\/mely-e1720082422404.png\" alt=\"\" class=\"wp-image-82503\" srcset=\"https:\/\/www.v-label.com\/wp-content\/uploads\/2024\/07\/mely-e1720082422404.png 564w, https:\/\/www.v-label.com\/wp-content\/uploads\/2024\/07\/mely-e1720082422404-300x226.png 300w, https:\/\/www.v-label.com\/wp-content\/uploads\/2024\/07\/mely-e1720082422404-500x376.png 500w\" sizes=\"(max-width: 564px) 100vw, 564px\" \/><\/a><\/figure>\n<\/div>\n\n\n\n<div class=\"wp-block-column is-vertically-aligned-center is-layout-flow wp-block-column-is-layout-flow\">\n<figure class=\"wp-block-image aligncenter size-full\"><a href=\"https:\/\/www.polsgurme.com\/\" target=\"_blank\" rel=\"noreferrer noopener\"><img decoding=\"async\" width=\"485\" height=\"357\" src=\"https:\/\/www.v-label.com\/wp-content\/uploads\/2024\/07\/pols-e1720081094741.png\" alt=\"\" class=\"wp-image-81753\" srcset=\"https:\/\/www.v-label.com\/wp-content\/uploads\/2024\/07\/pols-e1720081094741.png 485w, https:\/\/www.v-label.com\/wp-content\/uploads\/2024\/07\/pols-e1720081094741-300x221.png 300w\" sizes=\"(max-width: 485px) 100vw, 485px\" \/><\/a><\/figure>\n<\/div>\n\n\n\n<div class=\"wp-block-column is-vertically-aligned-center is-layout-flow wp-block-column-is-layout-flow\">\n<figure class=\"wp-block-image aligncenter size-full\"><a href=\"https:\/\/mado.com.tr\/\" target=\"_blank\" rel=\"noreferrer noopener\"><img decoding=\"async\" width=\"400\" height=\"156\" src=\"https:\/\/www.v-label.com\/wp-content\/uploads\/2024\/07\/mado-logo.png\" alt=\"\" class=\"wp-image-81220\" srcset=\"https:\/\/www.v-label.com\/wp-content\/uploads\/2024\/07\/mado-logo.png 400w, https:\/\/www.v-label.com\/wp-content\/uploads\/2024\/07\/mado-logo-300x117.png 300w\" sizes=\"(max-width: 400px) 100vw, 400px\" \/><\/a><\/figure>\n<\/div>\n<\/div>\n","protected":false},"excerpt":{"rendered":"<p>En sevdi\u011finiz at\u0131\u015ft\u0131rmal\u0131\u011f\u0131n vejetaryen ya da vegan olup olmad\u0131\u011f\u0131n\u0131 kontrol edin ve \u00e7ikolata, bisk\u00fcvi ve cips gibi bitkisel bazl\u0131 \u00fcr\u00fcnlere evinizde yer verin. Durun, dahas\u0131 da var! Vegan pasta, kruvasan ve hatta tad\u0131 birebir ayn\u0131 olan sosisli hamur i\u015fleri gibi unlu mam\u00fcl \u00fcr\u00fcnlerinin giderek artmas\u0131n\u0131 izleyin.<\/p>\n","protected":false},"author":5,"featured_media":17329,"parent":8528,"menu_order":0,"comment_status":"closed","ping_status":"closed","template":"","meta":{"_acf_changed":false,"_editorskit_title_hidden":false,"_editorskit_reading_time":0,"_editorskit_is_block_options_detached":false,"_editorskit_block_options_position":"{}","inline_featured_image":false,"_uag_custom_page_level_css":"","footnotes":""},"categories":[],"tags":[],"class_list":["post-11424","page","type-page","status-publish","has-post-thumbnail","hentry"],"acf":[],"uagb_featured_image_src":{"full":["https:\/\/www.v-label.com\/wp-content\/uploads\/2022\/12\/sweets-1280.jpg",1280,853,false],"thumbnail":["https:\/\/www.v-label.com\/wp-content\/uploads\/2022\/12\/sweets-1280-500x333.jpg",500,333,true],"medium":["https:\/\/www.v-label.com\/wp-content\/uploads\/2022\/12\/sweets-1280-300x200.jpg",300,200,true],"medium_large":["https:\/\/www.v-label.com\/wp-content\/uploads\/2022\/12\/sweets-1280-768x512.jpg",768,512,true],"large":["https:\/\/www.v-label.com\/wp-content\/uploads\/2022\/12\/sweets-1280-1024x682.jpg",1024,682,true],"1536x1536":["https:\/\/www.v-label.com\/wp-content\/uploads\/2022\/12\/sweets-1280.jpg",1280,853,false],"2048x2048":["https:\/\/www.v-label.com\/wp-content\/uploads\/2022\/12\/sweets-1280.jpg",1280,853,false],"preview":["https:\/\/www.v-label.com\/wp-content\/uploads\/2022\/12\/sweets-1280-904x720.jpg",904,720,true],"header":["https:\/\/www.v-label.com\/wp-content\/uploads\/2022\/12\/sweets-1280-1280x720.jpg",1280,720,true],"gform-image-choice-sm":["https:\/\/www.v-label.com\/wp-content\/uploads\/2022\/12\/sweets-1280.jpg",300,200,false],"gform-image-choice-md":["https:\/\/www.v-label.com\/wp-content\/uploads\/2022\/12\/sweets-1280.jpg",400,267,false],"gform-image-choice-lg":["https:\/\/www.v-label.com\/wp-content\/uploads\/2022\/12\/sweets-1280.jpg",600,400,false]},"uagb_author_info":{"display_name":"Can Aslan","author_link":"https:\/\/www.v-label.com\/tr"},"uagb_comment_info":0,"uagb_excerpt":"En sevdi\u011finiz at\u0131\u015ft\u0131rmal\u0131\u011f\u0131n vejetaryen ya da vegan olup olmad\u0131\u011f\u0131n\u0131 kontrol edin ve \u00e7ikolata, bisk\u00fcvi ve cips gibi bitkisel bazl\u0131 \u00fcr\u00fcnlere evinizde yer verin. Durun, dahas\u0131 da var! Vegan pasta, kruvasan ve hatta tad\u0131 birebir ayn\u0131 olan sosisli hamur i\u015fleri gibi unlu mam\u00fcl \u00fcr\u00fcnlerinin giderek artmas\u0131n\u0131 izleyin.","_links":{"self":[{"href":"https:\/\/www.v-label.com\/tr\/wp-json\/wp\/v2\/pages\/11424","targetHints":{"allow":["GET"]}}],"collection":[{"href":"https:\/\/www.v-label.com\/tr\/wp-json\/wp\/v2\/pages"}],"about":[{"href":"https:\/\/www.v-label.com\/tr\/wp-json\/wp\/v2\/types\/page"}],"author":[{"embeddable":true,"href":"https:\/\/www.v-label.com\/tr\/wp-json\/wp\/v2\/users\/5"}],"replies":[{"embeddable":true,"href":"https:\/\/www.v-label.com\/tr\/wp-json\/wp\/v2\/comments?post=11424"}],"version-history":[{"count":3,"href":"https:\/\/www.v-label.com\/tr\/wp-json\/wp\/v2\/pages\/11424\/revisions"}],"predecessor-version":[{"id":106384,"href":"https:\/\/www.v-label.com\/tr\/wp-json\/wp\/v2\/pages\/11424\/revisions\/106384"}],"up":[{"embeddable":true,"href":"https:\/\/www.v-label.com\/tr\/wp-json\/wp\/v2\/pages\/8528"}],"wp:featuredmedia":[{"embeddable":true,"href":"https:\/\/www.v-label.com\/tr\/wp-json\/wp\/v2\/media\/17329"}],"wp:attachment":[{"href":"https:\/\/www.v-label.com\/tr\/wp-json\/wp\/v2\/media?parent=11424"}],"wp:term":[{"taxonomy":"category","embeddable":true,"href":"https:\/\/www.v-label.com\/tr\/wp-json\/wp\/v2\/categories?post=11424"},{"taxonomy":"post_tag","embeddable":true,"href":"https:\/\/www.v-label.com\/tr\/wp-json\/wp\/v2\/tags?post=11424"}],"curies":[{"name":"wp","href":"https:\/\/api.w.org\/{rel}","templated":true}]}}