{"id":11813,"date":"2022-09-13T11:06:00","date_gmt":"2022-09-13T09:06:00","guid":{"rendered":"https:\/\/www.v-label.com\/general-information\/certified-products\/ready-made-meals\/"},"modified":"2025-09-12T10:04:50","modified_gmt":"2025-09-12T08:04:50","slug":"ready-made-meals","status":"publish","type":"page","link":"https:\/\/www.v-label.com\/tr\/general-information\/certified-products\/ready-made-meals\/","title":{"rendered":"Yemeye Haz\u0131r \u00d6\u011f\u00fcnler"},"content":{"rendered":"\n<p>D\u0131\u015far\u0131da \u00f6\u011fle yeme\u011fi mi yiyeceksiniz, art\u0131k bir \u015feylerden vazge\u00e7menize gerek yok. Sa\u011fl\u0131kl\u0131, lezzetli ve bitkisel slogan\u0131yla yola \u00e7\u0131kan \u00fcreticiler, bitkisel bazl\u0131 pizza ve haz\u0131r \u00e7orbalardan, geleneksel etli yemeklere kadar bir\u00e7ok yiyece\u011fi dondurulmu\u015f g\u0131da reyonlar\u0131na eklemeye ba\u015flad\u0131 bile.<\/p>\n\n\n\n<div class=\"wp-block-columns are-vertically-aligned-center is-layout-flex wp-container-core-columns-is-layout-9d6595d7 wp-block-columns-is-layout-flex\">\n<div class=\"wp-block-column is-vertically-aligned-center is-layout-flow wp-block-column-is-layout-flow\">\n<figure class=\"wp-block-image aligncenter size-medium\"><a href=\"https:\/\/www.tada.com.tr\/anasayfa\" target=\"_blank\" rel=\"noreferrer noopener\"><img decoding=\"async\" width=\"300\" height=\"208\" src=\"https:\/\/www.v-label.com\/wp-content\/uploads\/2022\/12\/tada-use-300x208.png\" alt=\"\" class=\"wp-image-16245\" srcset=\"https:\/\/www.v-label.com\/wp-content\/uploads\/2022\/12\/tada-use-300x208.png 300w, https:\/\/www.v-label.com\/wp-content\/uploads\/2022\/12\/tada-use-500x347.png 500w, https:\/\/www.v-label.com\/wp-content\/uploads\/2022\/12\/tada-use.png 600w\" sizes=\"(max-width: 300px) 100vw, 300px\" \/><\/a><\/figure>\n<\/div>\n\n\n\n<div class=\"wp-block-column is-vertically-aligned-center is-layout-flow wp-block-column-is-layout-flow\">\n<figure class=\"wp-block-image aligncenter size-medium\"><a href=\"https:\/\/balanu.com\/\" target=\"_blank\" rel=\"noreferrer noopener\"><img decoding=\"async\" width=\"300\" height=\"96\" src=\"https:\/\/www.v-label.com\/wp-content\/uploads\/2022\/12\/balanu-use-300x96.png\" alt=\"\" class=\"wp-image-16205\" srcset=\"https:\/\/www.v-label.com\/wp-content\/uploads\/2022\/12\/balanu-use-300x96.png 300w, https:\/\/www.v-label.com\/wp-content\/uploads\/2022\/12\/balanu-use-500x160.png 500w, https:\/\/www.v-label.com\/wp-content\/uploads\/2022\/12\/balanu-use.png 600w\" sizes=\"(max-width: 300px) 100vw, 300px\" \/><\/a><\/figure>\n<\/div>\n\n\n\n<div class=\"wp-block-column is-vertically-aligned-center is-layout-flow wp-block-column-is-layout-flow\">\n<figure class=\"wp-block-image aligncenter size-medium\"><a href=\"https:\/\/nudo.com.tr\/tr\/\" target=\"_blank\" rel=\"noreferrer noopener\"><img decoding=\"async\" width=\"300\" height=\"141\" src=\"https:\/\/www.v-label.com\/wp-content\/uploads\/2024\/07\/logonudo-300x141.png\" alt=\"\" class=\"wp-image-81620\" srcset=\"https:\/\/www.v-label.com\/wp-content\/uploads\/2024\/07\/logonudo-300x141.png 300w, https:\/\/www.v-label.com\/wp-content\/uploads\/2024\/07\/logonudo-1024x483.png 1024w, https:\/\/www.v-label.com\/wp-content\/uploads\/2024\/07\/logonudo-500x236.png 500w, https:\/\/www.v-label.com\/wp-content\/uploads\/2024\/07\/logonudo-768x362.png 768w, https:\/\/www.v-label.com\/wp-content\/uploads\/2024\/07\/logonudo.png 1181w\" sizes=\"(max-width: 300px) 100vw, 300px\" \/><\/a><\/figure>\n<\/div>\n\n\n\n<div class=\"wp-block-column is-vertically-aligned-center is-layout-flow wp-block-column-is-layout-flow\">\n<figure class=\"wp-block-image aligncenter size-full\"><a href=\"https:\/\/www.metro-tr.com\/urunlerimiz\/metro-markali-urunler\/rioba\" target=\"_blank\" rel=\"noreferrer noopener\"><img decoding=\"async\" width=\"200\" height=\"200\" src=\"https:\/\/www.v-label.com\/wp-content\/uploads\/2024\/07\/rioba.png\" alt=\"\" class=\"wp-image-81665\"\/><\/a><\/figure>\n<\/div>\n<\/div>\n\n\n\n<div class=\"wp-block-columns are-vertically-aligned-center is-layout-flex wp-container-core-columns-is-layout-9d6595d7 wp-block-columns-is-layout-flex\">\n<div class=\"wp-block-column is-vertically-aligned-center is-layout-flow wp-block-column-is-layout-flow\">\n<figure class=\"wp-block-image aligncenter size-medium\"><a href=\"https:\/\/www.pols.com.tr\/\" target=\"_blank\" rel=\"noreferrer noopener\"><img decoding=\"async\" width=\"300\" height=\"221\" src=\"https:\/\/www.v-label.com\/wp-content\/uploads\/2024\/07\/pols-e1720081094741-300x221.png\" alt=\"\" class=\"wp-image-81753\" srcset=\"https:\/\/www.v-label.com\/wp-content\/uploads\/2024\/07\/pols-e1720081094741-300x221.png 300w, https:\/\/www.v-label.com\/wp-content\/uploads\/2024\/07\/pols-e1720081094741.png 485w\" sizes=\"(max-width: 300px) 100vw, 300px\" \/><\/a><\/figure>\n<\/div>\n\n\n\n<div class=\"wp-block-column is-vertically-aligned-center is-layout-flow wp-block-column-is-layout-flow\">\n<figure class=\"wp-block-image aligncenter size-full\"><a href=\"https:\/\/www.alyfoods.com\/tr\/\" target=\"_blank\" rel=\"noreferrer noopener\"><img decoding=\"async\" width=\"300\" height=\"213\" src=\"https:\/\/www.v-label.com\/wp-content\/uploads\/2024\/07\/aly.png\" alt=\"\" class=\"wp-image-81797\"\/><\/a><\/figure>\n<\/div>\n\n\n\n<div class=\"wp-block-column is-vertically-aligned-center is-layout-flow wp-block-column-is-layout-flow\">\n<figure class=\"wp-block-image aligncenter size-full\"><a href=\"https:\/\/www.dudomi.com.tr\/\" target=\"_blank\" rel=\"noreferrer noopener\"><img decoding=\"async\" width=\"447\" height=\"167\" src=\"https:\/\/www.v-label.com\/wp-content\/uploads\/2024\/07\/dudomi-e1720081182367.png\" alt=\"\" class=\"wp-image-81841\" srcset=\"https:\/\/www.v-label.com\/wp-content\/uploads\/2024\/07\/dudomi-e1720081182367.png 447w, https:\/\/www.v-label.com\/wp-content\/uploads\/2024\/07\/dudomi-e1720081182367-300x112.png 300w\" sizes=\"(max-width: 447px) 100vw, 447px\" \/><\/a><\/figure>\n<\/div>\n\n\n\n<div class=\"wp-block-column is-vertically-aligned-center is-layout-flow wp-block-column-is-layout-flow\">\n<figure class=\"wp-block-image aligncenter size-medium\"><a href=\"https:\/\/www.untad.com\/\" target=\"_blank\" rel=\"noreferrer noopener\"><img decoding=\"async\" width=\"300\" height=\"243\" src=\"https:\/\/www.v-label.com\/wp-content\/uploads\/2024\/07\/adsiz-tasarim-3-e1720081279382-300x243.png\" alt=\"\" class=\"wp-image-81885\" srcset=\"https:\/\/www.v-label.com\/wp-content\/uploads\/2024\/07\/adsiz-tasarim-3-e1720081279382-300x243.png 300w, https:\/\/www.v-label.com\/wp-content\/uploads\/2024\/07\/adsiz-tasarim-3-e1720081279382.png 467w\" sizes=\"(max-width: 300px) 100vw, 300px\" \/><\/a><\/figure>\n<\/div>\n<\/div>\n\n\n\n<div class=\"wp-block-columns are-vertically-aligned-center is-layout-flex wp-container-core-columns-is-layout-9d6595d7 wp-block-columns-is-layout-flex\">\n<div class=\"wp-block-column is-vertically-aligned-center is-layout-flow wp-block-column-is-layout-flow\">\n<figure class=\"wp-block-image aligncenter size-medium\"><a href=\"https:\/\/www.feast.com.tr\/\" target=\"_blank\" rel=\"noreferrer noopener\"><img decoding=\"async\" width=\"300\" height=\"263\" src=\"https:\/\/www.v-label.com\/wp-content\/uploads\/2024\/07\/feast-300x263.png\" alt=\"\" class=\"wp-image-81973\" srcset=\"https:\/\/www.v-label.com\/wp-content\/uploads\/2024\/07\/feast-300x263.png 300w, https:\/\/www.v-label.com\/wp-content\/uploads\/2024\/07\/feast.png 320w\" sizes=\"(max-width: 300px) 100vw, 300px\" \/><\/a><\/figure>\n<\/div>\n\n\n\n<div class=\"wp-block-column is-vertically-aligned-center is-layout-flow wp-block-column-is-layout-flow\">\n<figure class=\"wp-block-image aligncenter size-medium\"><a href=\"https:\/\/www.komagene.com.tr\/\" target=\"_blank\" rel=\"noreferrer noopener\"><img decoding=\"async\" width=\"300\" height=\"235\" src=\"https:\/\/www.v-label.com\/wp-content\/uploads\/2024\/07\/komagene-300x235.png\" alt=\"\" class=\"wp-image-82017\" srcset=\"https:\/\/www.v-label.com\/wp-content\/uploads\/2024\/07\/komagene-300x235.png 300w, https:\/\/www.v-label.com\/wp-content\/uploads\/2024\/07\/komagene.png 404w\" sizes=\"(max-width: 300px) 100vw, 300px\" \/><\/a><\/figure>\n<\/div>\n\n\n\n<div class=\"wp-block-column is-vertically-aligned-center is-layout-flow wp-block-column-is-layout-flow\">\n<figure class=\"wp-block-image aligncenter size-medium\"><a href=\"https:\/\/www.donukmarket.com\/sanpa-patates-kategori.html\" target=\"_blank\" rel=\"noreferrer noopener\"><img decoding=\"async\" width=\"300\" height=\"190\" src=\"https:\/\/www.v-label.com\/wp-content\/uploads\/2024\/07\/bonfrit-e1720081439683-300x190.png\" alt=\"\" class=\"wp-image-82061\" srcset=\"https:\/\/www.v-label.com\/wp-content\/uploads\/2024\/07\/bonfrit-e1720081439683-300x190.png 300w, https:\/\/www.v-label.com\/wp-content\/uploads\/2024\/07\/bonfrit-e1720081439683-500x316.png 500w, https:\/\/www.v-label.com\/wp-content\/uploads\/2024\/07\/bonfrit-e1720081439683.png 509w\" sizes=\"(max-width: 300px) 100vw, 300px\" \/><\/a><\/figure>\n<\/div>\n\n\n\n<div class=\"wp-block-column is-vertically-aligned-center is-layout-flow wp-block-column-is-layout-flow\">\n<figure class=\"wp-block-image aligncenter size-medium\"><a href=\"https:\/\/www.metro-tr.com\/urunlerimiz\/metro-markali-urunler\/metro-chef\" target=\"_blank\" rel=\"noreferrer noopener\"><img decoding=\"async\" width=\"300\" height=\"300\" src=\"https:\/\/www.v-label.com\/wp-content\/uploads\/2024\/07\/metrochef-2-300x300.png\" alt=\"\" class=\"wp-image-82105\" srcset=\"https:\/\/www.v-label.com\/wp-content\/uploads\/2024\/07\/metrochef-2-300x300.png 300w, https:\/\/www.v-label.com\/wp-content\/uploads\/2024\/07\/metrochef-2-500x500.png 500w, https:\/\/www.v-label.com\/wp-content\/uploads\/2024\/07\/metrochef-2-768x768.png 768w, https:\/\/www.v-label.com\/wp-content\/uploads\/2024\/07\/metrochef-2.png 938w\" sizes=\"(max-width: 300px) 100vw, 300px\" \/><\/a><\/figure>\n<\/div>\n<\/div>\n\n\n\n<div class=\"wp-block-columns are-vertically-aligned-center is-layout-flex wp-container-core-columns-is-layout-9d6595d7 wp-block-columns-is-layout-flex\">\n<div class=\"wp-block-column is-vertically-aligned-center is-layout-flow wp-block-column-is-layout-flow\">\n<figure class=\"wp-block-image aligncenter size-medium\"><a href=\"https:\/\/berraktursulari.com.tr\/\" target=\"_blank\" rel=\"noreferrer noopener\"><img decoding=\"async\" width=\"300\" height=\"180\" src=\"https:\/\/www.v-label.com\/wp-content\/uploads\/2024\/07\/berrak-300x180.png\" alt=\"\" class=\"wp-image-81709\" srcset=\"https:\/\/www.v-label.com\/wp-content\/uploads\/2024\/07\/berrak-300x180.png 300w, https:\/\/www.v-label.com\/wp-content\/uploads\/2024\/07\/berrak.png 500w\" sizes=\"(max-width: 300px) 100vw, 300px\" \/><\/a><\/figure>\n<\/div>\n\n\n\n<div class=\"wp-block-column is-vertically-aligned-center is-layout-flow wp-block-column-is-layout-flow\">\n<figure class=\"wp-block-image aligncenter size-full\"><a href=\"https:\/\/seresfoods.com\/tr\/ana-sayfa\/\" target=\"_blank\" rel=\"noreferrer noopener\"><img decoding=\"async\" width=\"225\" height=\"225\" src=\"https:\/\/www.v-label.com\/wp-content\/uploads\/2024\/07\/seres.png\" alt=\"\" class=\"wp-image-81929\"\/><\/a><\/figure>\n<\/div>\n\n\n\n<div class=\"wp-block-column is-vertically-aligned-center is-layout-flow wp-block-column-is-layout-flow\">\n<figure class=\"wp-block-image aligncenter size-medium\"><a href=\"https:\/\/cigkoftem.com\/tr\/\" target=\"_blank\" rel=\"noreferrer noopener\"><img decoding=\"async\" width=\"300\" height=\"300\" src=\"https:\/\/www.v-label.com\/wp-content\/uploads\/2024\/07\/cigkoftem-300x300.png\" alt=\"\" class=\"wp-image-82149\" srcset=\"https:\/\/www.v-label.com\/wp-content\/uploads\/2024\/07\/cigkoftem-300x300.png 300w, https:\/\/www.v-label.com\/wp-content\/uploads\/2024\/07\/cigkoftem-500x500.png 500w, https:\/\/www.v-label.com\/wp-content\/uploads\/2024\/07\/cigkoftem.png 600w\" sizes=\"(max-width: 300px) 100vw, 300px\" \/><\/a><\/figure>\n<\/div>\n\n\n\n<div class=\"wp-block-column is-vertically-aligned-center is-layout-flow wp-block-column-is-layout-flow\">\n<figure class=\"wp-block-image aligncenter size-medium\"><a href=\"https:\/\/ottonuts.com\/\" target=\"_blank\" rel=\"noreferrer noopener\"><img decoding=\"async\" width=\"300\" height=\"292\" src=\"https:\/\/www.v-label.com\/wp-content\/uploads\/2025\/09\/otto-logo-page-1-300x292.png\" alt=\"\" class=\"wp-image-106285\" srcset=\"https:\/\/www.v-label.com\/wp-content\/uploads\/2025\/09\/otto-logo-page-1-300x292.png 300w, https:\/\/www.v-label.com\/wp-content\/uploads\/2025\/09\/otto-logo-page-1-500x487.png 500w, https:\/\/www.v-label.com\/wp-content\/uploads\/2025\/09\/otto-logo-page-1.png 662w\" sizes=\"(max-width: 300px) 100vw, 300px\" \/><\/a><\/figure>\n<\/div>\n<\/div>\n","protected":false},"excerpt":{"rendered":"<p>D\u0131\u015far\u0131da \u00f6\u011fle yeme\u011fi mi yiyeceksiniz, art\u0131k bir \u015feylerden vazge\u00e7menize gerek yok. Sa\u011fl\u0131kl\u0131, lezzetli ve bitkisel slogan\u0131yla yola \u00e7\u0131kan \u00fcreticiler, bitkisel bazl\u0131 pizza ve haz\u0131r \u00e7orbalardan, geleneksel etli yemeklere kadar bir\u00e7ok yiyece\u011fi dondurulmu\u015f g\u0131da reyonlar\u0131na eklemeye ba\u015flad\u0131 bile.<\/p>\n","protected":false},"author":5,"featured_media":17229,"parent":8528,"menu_order":0,"comment_status":"closed","ping_status":"closed","template":"","meta":{"_acf_changed":false,"_editorskit_title_hidden":false,"_editorskit_reading_time":0,"_editorskit_is_block_options_detached":false,"_editorskit_block_options_position":"{}","inline_featured_image":false,"_uag_custom_page_level_css":"","footnotes":""},"categories":[],"tags":[],"class_list":["post-11813","page","type-page","status-publish","has-post-thumbnail","hentry"],"acf":[],"uagb_featured_image_src":{"full":["https:\/\/www.v-label.com\/wp-content\/uploads\/2022\/12\/ready-meals-1280.jpg",1280,852,false],"thumbnail":["https:\/\/www.v-label.com\/wp-content\/uploads\/2022\/12\/ready-meals-1280-500x333.jpg",500,333,true],"medium":["https:\/\/www.v-label.com\/wp-content\/uploads\/2022\/12\/ready-meals-1280-300x200.jpg",300,200,true],"medium_large":["https:\/\/www.v-label.com\/wp-content\/uploads\/2022\/12\/ready-meals-1280-768x511.jpg",768,511,true],"large":["https:\/\/www.v-label.com\/wp-content\/uploads\/2022\/12\/ready-meals-1280-1024x682.jpg",1024,682,true],"1536x1536":["https:\/\/www.v-label.com\/wp-content\/uploads\/2022\/12\/ready-meals-1280.jpg",1280,852,false],"2048x2048":["https:\/\/www.v-label.com\/wp-content\/uploads\/2022\/12\/ready-meals-1280.jpg",1280,852,false],"preview":["https:\/\/www.v-label.com\/wp-content\/uploads\/2022\/12\/ready-meals-1280-904x720.jpg",904,720,true],"header":["https:\/\/www.v-label.com\/wp-content\/uploads\/2022\/12\/ready-meals-1280-1280x720.jpg",1280,720,true],"gform-image-choice-sm":["https:\/\/www.v-label.com\/wp-content\/uploads\/2022\/12\/ready-meals-1280.jpg",300,200,false],"gform-image-choice-md":["https:\/\/www.v-label.com\/wp-content\/uploads\/2022\/12\/ready-meals-1280.jpg",400,266,false],"gform-image-choice-lg":["https:\/\/www.v-label.com\/wp-content\/uploads\/2022\/12\/ready-meals-1280.jpg",600,399,false]},"uagb_author_info":{"display_name":"Can Aslan","author_link":"https:\/\/www.v-label.com\/tr"},"uagb_comment_info":0,"uagb_excerpt":"D\u0131\u015far\u0131da \u00f6\u011fle yeme\u011fi mi yiyeceksiniz, art\u0131k bir \u015feylerden vazge\u00e7menize gerek yok. Sa\u011fl\u0131kl\u0131, lezzetli ve bitkisel slogan\u0131yla yola \u00e7\u0131kan \u00fcreticiler, bitkisel bazl\u0131 pizza ve haz\u0131r \u00e7orbalardan, geleneksel etli yemeklere kadar bir\u00e7ok yiyece\u011fi dondurulmu\u015f g\u0131da reyonlar\u0131na eklemeye ba\u015flad\u0131 bile.","_links":{"self":[{"href":"https:\/\/www.v-label.com\/tr\/wp-json\/wp\/v2\/pages\/11813","targetHints":{"allow":["GET"]}}],"collection":[{"href":"https:\/\/www.v-label.com\/tr\/wp-json\/wp\/v2\/pages"}],"about":[{"href":"https:\/\/www.v-label.com\/tr\/wp-json\/wp\/v2\/types\/page"}],"author":[{"embeddable":true,"href":"https:\/\/www.v-label.com\/tr\/wp-json\/wp\/v2\/users\/5"}],"replies":[{"embeddable":true,"href":"https:\/\/www.v-label.com\/tr\/wp-json\/wp\/v2\/comments?post=11813"}],"version-history":[{"count":3,"href":"https:\/\/www.v-label.com\/tr\/wp-json\/wp\/v2\/pages\/11813\/revisions"}],"predecessor-version":[{"id":106334,"href":"https:\/\/www.v-label.com\/tr\/wp-json\/wp\/v2\/pages\/11813\/revisions\/106334"}],"up":[{"embeddable":true,"href":"https:\/\/www.v-label.com\/tr\/wp-json\/wp\/v2\/pages\/8528"}],"wp:featuredmedia":[{"embeddable":true,"href":"https:\/\/www.v-label.com\/tr\/wp-json\/wp\/v2\/media\/17229"}],"wp:attachment":[{"href":"https:\/\/www.v-label.com\/tr\/wp-json\/wp\/v2\/media?parent=11813"}],"wp:term":[{"taxonomy":"category","embeddable":true,"href":"https:\/\/www.v-label.com\/tr\/wp-json\/wp\/v2\/categories?post=11813"},{"taxonomy":"post_tag","embeddable":true,"href":"https:\/\/www.v-label.com\/tr\/wp-json\/wp\/v2\/tags?post=11813"}],"curies":[{"name":"wp","href":"https:\/\/api.w.org\/{rel}","templated":true}]}}