{"id":11835,"date":"2022-09-13T11:07:09","date_gmt":"2022-09-13T09:07:09","guid":{"rendered":"https:\/\/www.v-label.com\/general-information\/certified-products\/beverages\/"},"modified":"2024-07-04T10:54:54","modified_gmt":"2024-07-04T08:54:54","slug":"beverages","status":"publish","type":"page","link":"https:\/\/www.v-label.com\/tr\/general-information\/certified-products\/beverages\/","title":{"rendered":"\u0130\u00e7ecekler"},"content":{"rendered":"\n<p>\u0130\u00e7eceklerinizde g\u00f6r\u00fcn\u00fcr olmayan hayvansal maddelere kar\u015f\u0131 dikkat! Hangi meyve sular\u0131n\u0131n vegan olmayan D3 vitamini i\u00e7ermedi\u011fini, hangi \u015faraplar\u0131n hayvan proteinleriyle filtrelenmedi\u011fini ya da i\u015flenmedi\u011fini ve hangi gazl\u0131 i\u00e7eceklerin 100% bitkisel bazl\u0131 oldu\u011funu \u00f6\u011frenin.<\/p>\n\n\n\n<div class=\"wp-block-columns are-vertically-aligned-center is-layout-flex wp-container-core-columns-is-layout-9d6595d7 wp-block-columns-is-layout-flex\">\n<div class=\"wp-block-column is-vertically-aligned-center is-layout-flow wp-block-column-is-layout-flow\">\n<figure class=\"wp-block-image aligncenter size-full\"><a href=\"https:\/\/pinar.com.tr\/\" target=\"_blank\" rel=\"noopener\"><img decoding=\"async\" width=\"1120\" height=\"766\" src=\"https:\/\/www.v-label.com\/wp-content\/uploads\/2024\/07\/pinar-marka.jpg\" alt=\"\" class=\"wp-image-82639\" srcset=\"https:\/\/www.v-label.com\/wp-content\/uploads\/2024\/07\/pinar-marka.jpg 1120w, https:\/\/www.v-label.com\/wp-content\/uploads\/2024\/07\/pinar-marka-300x205.jpg 300w, https:\/\/www.v-label.com\/wp-content\/uploads\/2024\/07\/pinar-marka-1024x700.jpg 1024w, https:\/\/www.v-label.com\/wp-content\/uploads\/2024\/07\/pinar-marka-500x342.jpg 500w, https:\/\/www.v-label.com\/wp-content\/uploads\/2024\/07\/pinar-marka-768x525.jpg 768w\" sizes=\"(max-width: 1120px) 100vw, 1120px\" \/><\/a><\/figure>\n<\/div>\n\n\n\n<div class=\"wp-block-column is-vertically-aligned-center is-layout-flow wp-block-column-is-layout-flow\">\n<figure class=\"wp-block-image aligncenter size-full\"><a href=\"https:\/\/www.uludagicecek.com.tr\/\" target=\"_blank\" rel=\"noreferrer noopener\"><img decoding=\"async\" width=\"600\" height=\"332\" src=\"https:\/\/www.v-label.com\/wp-content\/uploads\/2022\/12\/uludag.png\" alt=\"\" class=\"wp-image-16349\" srcset=\"https:\/\/www.v-label.com\/wp-content\/uploads\/2022\/12\/uludag.png 600w, https:\/\/www.v-label.com\/wp-content\/uploads\/2022\/12\/uludag-300x166.png 300w, https:\/\/www.v-label.com\/wp-content\/uploads\/2022\/12\/uludag-500x277.png 500w\" sizes=\"(max-width: 600px) 100vw, 600px\" \/><\/a><\/figure>\n<\/div>\n\n\n\n<div class=\"wp-block-column is-vertically-aligned-center is-layout-flow wp-block-column-is-layout-flow\">\n<figure class=\"wp-block-image aligncenter size-full\"><a href=\"https:\/\/www.fropie.com.tr\/\" target=\"_blank\" rel=\"noreferrer noopener\"><img decoding=\"async\" width=\"462\" height=\"195\" src=\"https:\/\/www.v-label.com\/wp-content\/uploads\/2024\/07\/fropie-e1720082160247.png\" alt=\"\" class=\"wp-image-82239\" srcset=\"https:\/\/www.v-label.com\/wp-content\/uploads\/2024\/07\/fropie-e1720082160247.png 462w, https:\/\/www.v-label.com\/wp-content\/uploads\/2024\/07\/fropie-e1720082160247-300x127.png 300w\" sizes=\"(max-width: 462px) 100vw, 462px\" \/><\/a><\/figure>\n<\/div>\n<\/div>\n\n\n\n<div class=\"wp-block-columns are-vertically-aligned-center is-layout-flex wp-container-core-columns-is-layout-9d6595d7 wp-block-columns-is-layout-flex\">\n<div class=\"wp-block-column is-vertically-aligned-center is-layout-flow wp-block-column-is-layout-flow\">\n<figure class=\"wp-block-image aligncenter size-full\"><a href=\"https:\/\/mado.com.tr\/\" target=\"_blank\" rel=\"noreferrer noopener\"><img decoding=\"async\" width=\"400\" height=\"156\" src=\"https:\/\/www.v-label.com\/wp-content\/uploads\/2024\/07\/mado-logo.png\" alt=\"\" class=\"wp-image-81220\" srcset=\"https:\/\/www.v-label.com\/wp-content\/uploads\/2024\/07\/mado-logo.png 400w, https:\/\/www.v-label.com\/wp-content\/uploads\/2024\/07\/mado-logo-300x117.png 300w\" sizes=\"(max-width: 400px) 100vw, 400px\" \/><\/a><\/figure>\n<\/div>\n\n\n\n<div class=\"wp-block-column is-vertically-aligned-center is-layout-flow wp-block-column-is-layout-flow\">\n<figure class=\"wp-block-image aligncenter size-full\"><a href=\"https:\/\/nilky.co\/\" target=\"_blank\" rel=\"noreferrer noopener\"><img decoding=\"async\" width=\"3167\" height=\"2000\" src=\"https:\/\/www.v-label.com\/wp-content\/uploads\/2024\/07\/nilky.png\" alt=\"\" class=\"wp-image-81353\" srcset=\"https:\/\/www.v-label.com\/wp-content\/uploads\/2024\/07\/nilky.png 3167w, https:\/\/www.v-label.com\/wp-content\/uploads\/2024\/07\/nilky-300x189.png 300w, https:\/\/www.v-label.com\/wp-content\/uploads\/2024\/07\/nilky-1024x647.png 1024w, https:\/\/www.v-label.com\/wp-content\/uploads\/2024\/07\/nilky-500x316.png 500w, https:\/\/www.v-label.com\/wp-content\/uploads\/2024\/07\/nilky-768x485.png 768w, https:\/\/www.v-label.com\/wp-content\/uploads\/2024\/07\/nilky-1536x970.png 1536w, https:\/\/www.v-label.com\/wp-content\/uploads\/2024\/07\/nilky-2048x1293.png 2048w\" sizes=\"(max-width: 3167px) 100vw, 3167px\" \/><\/a><\/figure>\n<\/div>\n\n\n\n<div class=\"wp-block-column is-vertically-aligned-center is-layout-flow wp-block-column-is-layout-flow\">\n<figure class=\"wp-block-image aligncenter size-full\"><a href=\"https:\/\/www.kizilayicecek.com.tr\/\" target=\"_blank\" rel=\"noreferrer noopener\"><img decoding=\"async\" width=\"242\" height=\"189\" src=\"https:\/\/www.v-label.com\/wp-content\/uploads\/2024\/07\/kizilay-e1720082736304.png\" alt=\"\" class=\"wp-image-82549\"\/><\/a><\/figure>\n<\/div>\n<\/div>\n","protected":false},"excerpt":{"rendered":"<p>\u0130\u00e7eceklerinizde g\u00f6r\u00fcn\u00fcr olmayan hayvansal maddelere kar\u015f\u0131 dikkat! Hangi meyve sular\u0131n\u0131n vegan olmayan D3 vitamini i\u00e7ermedi\u011fini, hangi \u015faraplar\u0131n hayvan proteinleriyle filtrelenmedi\u011fini ya da i\u015flenmedi\u011fini ve hangi gazl\u0131 i\u00e7eceklerin 100% bitkisel bazl\u0131 oldu\u011funu \u00f6\u011frenin.<\/p>\n","protected":false},"author":5,"featured_media":17309,"parent":8528,"menu_order":0,"comment_status":"closed","ping_status":"closed","template":"","meta":{"_acf_changed":false,"_editorskit_title_hidden":false,"_editorskit_reading_time":0,"_editorskit_is_block_options_detached":false,"_editorskit_block_options_position":"{}","inline_featured_image":false,"_uag_custom_page_level_css":"","footnotes":""},"categories":[],"tags":[],"class_list":["post-11835","page","type-page","status-publish","has-post-thumbnail","hentry"],"acf":[],"uagb_featured_image_src":{"full":["https:\/\/www.v-label.com\/wp-content\/uploads\/2022\/12\/beverages-1280.jpg",1280,853,false],"thumbnail":["https:\/\/www.v-label.com\/wp-content\/uploads\/2022\/12\/beverages-1280-500x333.jpg",500,333,true],"medium":["https:\/\/www.v-label.com\/wp-content\/uploads\/2022\/12\/beverages-1280-300x200.jpg",300,200,true],"medium_large":["https:\/\/www.v-label.com\/wp-content\/uploads\/2022\/12\/beverages-1280-768x512.jpg",768,512,true],"large":["https:\/\/www.v-label.com\/wp-content\/uploads\/2022\/12\/beverages-1280-1024x682.jpg",1024,682,true],"1536x1536":["https:\/\/www.v-label.com\/wp-content\/uploads\/2022\/12\/beverages-1280.jpg",1280,853,false],"2048x2048":["https:\/\/www.v-label.com\/wp-content\/uploads\/2022\/12\/beverages-1280.jpg",1280,853,false],"preview":["https:\/\/www.v-label.com\/wp-content\/uploads\/2022\/12\/beverages-1280-904x720.jpg",904,720,true],"header":["https:\/\/www.v-label.com\/wp-content\/uploads\/2022\/12\/beverages-1280-1280x720.jpg",1280,720,true],"gform-image-choice-sm":["https:\/\/www.v-label.com\/wp-content\/uploads\/2022\/12\/beverages-1280.jpg",300,200,false],"gform-image-choice-md":["https:\/\/www.v-label.com\/wp-content\/uploads\/2022\/12\/beverages-1280.jpg",400,267,false],"gform-image-choice-lg":["https:\/\/www.v-label.com\/wp-content\/uploads\/2022\/12\/beverages-1280.jpg",600,400,false]},"uagb_author_info":{"display_name":"Can Aslan","author_link":"https:\/\/www.v-label.com\/tr"},"uagb_comment_info":0,"uagb_excerpt":"\u0130\u00e7eceklerinizde g\u00f6r\u00fcn\u00fcr olmayan hayvansal maddelere kar\u015f\u0131 dikkat! Hangi meyve sular\u0131n\u0131n vegan olmayan D3 vitamini i\u00e7ermedi\u011fini, hangi \u015faraplar\u0131n hayvan proteinleriyle filtrelenmedi\u011fini ya da i\u015flenmedi\u011fini ve hangi gazl\u0131 i\u00e7eceklerin 100% bitkisel bazl\u0131 oldu\u011funu \u00f6\u011frenin.","_links":{"self":[{"href":"https:\/\/www.v-label.com\/tr\/wp-json\/wp\/v2\/pages\/11835","targetHints":{"allow":["GET"]}}],"collection":[{"href":"https:\/\/www.v-label.com\/tr\/wp-json\/wp\/v2\/pages"}],"about":[{"href":"https:\/\/www.v-label.com\/tr\/wp-json\/wp\/v2\/types\/page"}],"author":[{"embeddable":true,"href":"https:\/\/www.v-label.com\/tr\/wp-json\/wp\/v2\/users\/5"}],"replies":[{"embeddable":true,"href":"https:\/\/www.v-label.com\/tr\/wp-json\/wp\/v2\/comments?post=11835"}],"version-history":[{"count":5,"href":"https:\/\/www.v-label.com\/tr\/wp-json\/wp\/v2\/pages\/11835\/revisions"}],"predecessor-version":[{"id":82683,"href":"https:\/\/www.v-label.com\/tr\/wp-json\/wp\/v2\/pages\/11835\/revisions\/82683"}],"up":[{"embeddable":true,"href":"https:\/\/www.v-label.com\/tr\/wp-json\/wp\/v2\/pages\/8528"}],"wp:featuredmedia":[{"embeddable":true,"href":"https:\/\/www.v-label.com\/tr\/wp-json\/wp\/v2\/media\/17309"}],"wp:attachment":[{"href":"https:\/\/www.v-label.com\/tr\/wp-json\/wp\/v2\/media?parent=11835"}],"wp:term":[{"taxonomy":"category","embeddable":true,"href":"https:\/\/www.v-label.com\/tr\/wp-json\/wp\/v2\/categories?post=11835"},{"taxonomy":"post_tag","embeddable":true,"href":"https:\/\/www.v-label.com\/tr\/wp-json\/wp\/v2\/tags?post=11835"}],"curies":[{"name":"wp","href":"https:\/\/api.w.org\/{rel}","templated":true}]}}