{"id":13425,"date":"2022-09-13T11:08:39","date_gmt":"2022-09-13T09:08:39","guid":{"rendered":"https:\/\/www.v-label.com\/general-information\/certified-products\/non-food\/"},"modified":"2024-07-04T13:49:46","modified_gmt":"2024-07-04T11:49:46","slug":"non-food","status":"publish","type":"page","link":"https:\/\/www.v-label.com\/tr\/general-information\/certified-products\/non-food\/","title":{"rendered":"G\u0131da D\u0131\u015f\u0131"},"content":{"rendered":"\n<p>Vegan ya\u015fam rehberimizle d\u00fcnyan\u0131z\u0131 geni\u015fletin: Okudu\u011funuz kitaplardan, yerel k\u0131rtasiyeye, kuaf\u00f6r, estetisyen ve hatta d\u00f6vmecilere kadar bir\u00e7ok konuda yeni fikirler edinin.<\/p>\n\n\n\n<div class=\"wp-block-columns are-vertically-aligned-center is-layout-flex wp-container-core-columns-is-layout-9d6595d7 wp-block-columns-is-layout-flex\">\n<div class=\"wp-block-column is-vertically-aligned-center is-layout-flow wp-block-column-is-layout-flow\">\n<figure class=\"wp-block-image aligncenter size-full\"><a href=\"https:\/\/vikingtemizlik.com.tr\/\" target=\"_blank\" rel=\"noreferrer noopener\"><img decoding=\"async\" width=\"197\" height=\"91\" src=\"https:\/\/www.v-label.com\/wp-content\/uploads\/2024\/07\/viking.png\" alt=\"\" class=\"wp-image-83305\"\/><\/a><\/figure>\n<\/div>\n\n\n\n<div class=\"wp-block-column is-vertically-aligned-center is-layout-flow wp-block-column-is-layout-flow\">\n<figure class=\"wp-block-image aligncenter size-full\"><a href=\"https:\/\/highgenic.com.tr\/tr\/urunlerimiz\/kategori\/45\" target=\"_blank\" rel=\"noreferrer noopener\"><img decoding=\"async\" width=\"582\" height=\"600\" src=\"https:\/\/www.v-label.com\/wp-content\/uploads\/2022\/12\/highgenic.png\" alt=\"\" class=\"wp-image-16655\" srcset=\"https:\/\/www.v-label.com\/wp-content\/uploads\/2022\/12\/highgenic.png 582w, https:\/\/www.v-label.com\/wp-content\/uploads\/2022\/12\/highgenic-291x300.png 291w, https:\/\/www.v-label.com\/wp-content\/uploads\/2022\/12\/highgenic-485x500.png 485w\" sizes=\"(max-width: 582px) 100vw, 582px\" \/><\/a><\/figure>\n<\/div>\n\n\n\n<div class=\"wp-block-column is-vertically-aligned-center is-layout-flow wp-block-column-is-layout-flow\">\n<figure class=\"wp-block-image aligncenter size-full\"><a href=\"http:\/\/www.freshnsoft.com\/#\" target=\"_blank\" rel=\"noreferrer noopener\"><img decoding=\"async\" width=\"600\" height=\"186\" src=\"https:\/\/www.v-label.com\/wp-content\/uploads\/2022\/12\/freshnsoft-logo.png\" alt=\"\" class=\"wp-image-16635\" srcset=\"https:\/\/www.v-label.com\/wp-content\/uploads\/2022\/12\/freshnsoft-logo.png 600w, https:\/\/www.v-label.com\/wp-content\/uploads\/2022\/12\/freshnsoft-logo-300x93.png 300w, https:\/\/www.v-label.com\/wp-content\/uploads\/2022\/12\/freshnsoft-logo-500x155.png 500w\" sizes=\"(max-width: 600px) 100vw, 600px\" \/><\/a><\/figure>\n<\/div>\n\n\n\n<div class=\"wp-block-column is-vertically-aligned-center is-layout-flow wp-block-column-is-layout-flow\">\n<figure class=\"wp-block-image aligncenter size-full\"><a href=\"https:\/\/www.abcdeterjan.com.tr\/\" target=\"_blank\" rel=\"noreferrer noopener\"><img decoding=\"async\" width=\"268\" height=\"269\" src=\"https:\/\/www.v-label.com\/wp-content\/uploads\/2024\/07\/abc-e1720093418808.png\" alt=\"\" class=\"wp-image-83349\"\/><\/a><\/figure>\n<\/div>\n<\/div>\n\n\n\n<div class=\"wp-block-columns are-vertically-aligned-center is-layout-flex wp-container-core-columns-is-layout-9d6595d7 wp-block-columns-is-layout-flex\">\n<div class=\"wp-block-column is-vertically-aligned-center is-layout-flow wp-block-column-is-layout-flow\">\n<figure class=\"wp-block-image aligncenter size-full\"><a href=\"https:\/\/bingo.com.tr\/\" target=\"_blank\" rel=\"noreferrer noopener\"><img decoding=\"async\" width=\"461\" height=\"331\" src=\"https:\/\/www.v-label.com\/wp-content\/uploads\/2024\/07\/bingo-e1720093480233.png\" alt=\"\" class=\"wp-image-83393\" srcset=\"https:\/\/www.v-label.com\/wp-content\/uploads\/2024\/07\/bingo-e1720093480233.png 461w, https:\/\/www.v-label.com\/wp-content\/uploads\/2024\/07\/bingo-e1720093480233-300x215.png 300w\" sizes=\"(max-width: 461px) 100vw, 461px\" \/><\/a><\/figure>\n<\/div>\n\n\n\n<div class=\"wp-block-column is-vertically-aligned-center is-layout-flow wp-block-column-is-layout-flow\">\n<figure class=\"wp-block-image aligncenter size-full\"><a href=\"https:\/\/www.gleen.com.tr\/\" target=\"_blank\" rel=\"noreferrer noopener\"><img decoding=\"async\" width=\"303\" height=\"170\" src=\"https:\/\/www.v-label.com\/wp-content\/uploads\/2024\/07\/gleen-e1720093580689.png\" alt=\"\" class=\"wp-image-83437\" srcset=\"https:\/\/www.v-label.com\/wp-content\/uploads\/2024\/07\/gleen-e1720093580689.png 303w, https:\/\/www.v-label.com\/wp-content\/uploads\/2024\/07\/gleen-e1720093580689-300x168.png 300w\" sizes=\"(max-width: 303px) 100vw, 303px\" \/><\/a><\/figure>\n<\/div>\n\n\n\n<div class=\"wp-block-column is-vertically-aligned-center is-layout-flow wp-block-column-is-layout-flow\">\n<figure class=\"wp-block-image aligncenter size-full\"><a href=\"https:\/\/www.sebakimya.com\/sir-bio\" target=\"_blank\" rel=\"noreferrer noopener\"><img decoding=\"async\" width=\"560\" height=\"243\" src=\"https:\/\/www.v-label.com\/wp-content\/uploads\/2024\/07\/sir-bio-e1720093638798.png\" alt=\"\" class=\"wp-image-83481\" srcset=\"https:\/\/www.v-label.com\/wp-content\/uploads\/2024\/07\/sir-bio-e1720093638798.png 560w, https:\/\/www.v-label.com\/wp-content\/uploads\/2024\/07\/sir-bio-e1720093638798-300x130.png 300w, https:\/\/www.v-label.com\/wp-content\/uploads\/2024\/07\/sir-bio-e1720093638798-500x217.png 500w\" sizes=\"(max-width: 560px) 100vw, 560px\" \/><\/a><\/figure>\n<\/div>\n\n\n\n<div class=\"wp-block-column is-vertically-aligned-center is-layout-flow wp-block-column-is-layout-flow\">\n<figure class=\"wp-block-image aligncenter size-full\"><a href=\"https:\/\/www.saruhankimya.com.tr\/tr\/urunler\/deterjan-ve-yumusaticilar\/\" target=\"_blank\" rel=\"noreferrer noopener\"><img decoding=\"async\" width=\"418\" height=\"301\" src=\"https:\/\/www.v-label.com\/wp-content\/uploads\/2024\/07\/life-by-fakir-e1720093758664.png\" alt=\"\" class=\"wp-image-83525\" srcset=\"https:\/\/www.v-label.com\/wp-content\/uploads\/2024\/07\/life-by-fakir-e1720093758664.png 418w, https:\/\/www.v-label.com\/wp-content\/uploads\/2024\/07\/life-by-fakir-e1720093758664-300x216.png 300w\" sizes=\"(max-width: 418px) 100vw, 418px\" \/><\/a><\/figure>\n<\/div>\n<\/div>\n","protected":false},"excerpt":{"rendered":"<p>Vegan ya\u015fam rehberimizle d\u00fcnyan\u0131z\u0131 geni\u015fletin: Okudu\u011funuz kitaplardan, yerel k\u0131rtasiyeye, kuaf\u00f6r, estetisyen ve hatta d\u00f6vmecilere kadar bir\u00e7ok konuda yeni fikirler edinin.<\/p>\n","protected":false},"author":5,"featured_media":17914,"parent":8528,"menu_order":0,"comment_status":"closed","ping_status":"closed","template":"","meta":{"_acf_changed":false,"_editorskit_title_hidden":false,"_editorskit_reading_time":0,"_editorskit_is_block_options_detached":false,"_editorskit_block_options_position":"{}","inline_featured_image":false,"_uag_custom_page_level_css":"","footnotes":""},"categories":[],"tags":[],"class_list":["post-13425","page","type-page","status-publish","has-post-thumbnail","hentry"],"acf":[],"uagb_featured_image_src":{"full":["https:\/\/www.v-label.com\/wp-content\/uploads\/2022\/12\/non-foods-1280.jpg",1280,854,false],"thumbnail":["https:\/\/www.v-label.com\/wp-content\/uploads\/2022\/12\/non-foods-1280-500x334.jpg",500,334,true],"medium":["https:\/\/www.v-label.com\/wp-content\/uploads\/2022\/12\/non-foods-1280-300x200.jpg",300,200,true],"medium_large":["https:\/\/www.v-label.com\/wp-content\/uploads\/2022\/12\/non-foods-1280-768x512.jpg",768,512,true],"large":["https:\/\/www.v-label.com\/wp-content\/uploads\/2022\/12\/non-foods-1280-1024x683.jpg",1024,683,true],"1536x1536":["https:\/\/www.v-label.com\/wp-content\/uploads\/2022\/12\/non-foods-1280.jpg",1280,854,false],"2048x2048":["https:\/\/www.v-label.com\/wp-content\/uploads\/2022\/12\/non-foods-1280.jpg",1280,854,false],"preview":["https:\/\/www.v-label.com\/wp-content\/uploads\/2022\/12\/non-foods-1280-904x720.jpg",904,720,true],"header":["https:\/\/www.v-label.com\/wp-content\/uploads\/2022\/12\/non-foods-1280-1280x720.jpg",1280,720,true],"gform-image-choice-sm":["https:\/\/www.v-label.com\/wp-content\/uploads\/2022\/12\/non-foods-1280.jpg",300,200,false],"gform-image-choice-md":["https:\/\/www.v-label.com\/wp-content\/uploads\/2022\/12\/non-foods-1280.jpg",400,267,false],"gform-image-choice-lg":["https:\/\/www.v-label.com\/wp-content\/uploads\/2022\/12\/non-foods-1280.jpg",600,400,false]},"uagb_author_info":{"display_name":"Can Aslan","author_link":"https:\/\/www.v-label.com\/tr"},"uagb_comment_info":0,"uagb_excerpt":"Vegan ya\u015fam rehberimizle d\u00fcnyan\u0131z\u0131 geni\u015fletin: Okudu\u011funuz kitaplardan, yerel k\u0131rtasiyeye, kuaf\u00f6r, estetisyen ve hatta d\u00f6vmecilere kadar bir\u00e7ok konuda yeni fikirler edinin.","_links":{"self":[{"href":"https:\/\/www.v-label.com\/tr\/wp-json\/wp\/v2\/pages\/13425","targetHints":{"allow":["GET"]}}],"collection":[{"href":"https:\/\/www.v-label.com\/tr\/wp-json\/wp\/v2\/pages"}],"about":[{"href":"https:\/\/www.v-label.com\/tr\/wp-json\/wp\/v2\/types\/page"}],"author":[{"embeddable":true,"href":"https:\/\/www.v-label.com\/tr\/wp-json\/wp\/v2\/users\/5"}],"replies":[{"embeddable":true,"href":"https:\/\/www.v-label.com\/tr\/wp-json\/wp\/v2\/comments?post=13425"}],"version-history":[{"count":2,"href":"https:\/\/www.v-label.com\/tr\/wp-json\/wp\/v2\/pages\/13425\/revisions"}],"predecessor-version":[{"id":83569,"href":"https:\/\/www.v-label.com\/tr\/wp-json\/wp\/v2\/pages\/13425\/revisions\/83569"}],"up":[{"embeddable":true,"href":"https:\/\/www.v-label.com\/tr\/wp-json\/wp\/v2\/pages\/8528"}],"wp:featuredmedia":[{"embeddable":true,"href":"https:\/\/www.v-label.com\/tr\/wp-json\/wp\/v2\/media\/17914"}],"wp:attachment":[{"href":"https:\/\/www.v-label.com\/tr\/wp-json\/wp\/v2\/media?parent=13425"}],"wp:term":[{"taxonomy":"category","embeddable":true,"href":"https:\/\/www.v-label.com\/tr\/wp-json\/wp\/v2\/categories?post=13425"},{"taxonomy":"post_tag","embeddable":true,"href":"https:\/\/www.v-label.com\/tr\/wp-json\/wp\/v2\/tags?post=13425"}],"curies":[{"name":"wp","href":"https:\/\/api.w.org\/{rel}","templated":true}]}}