{"id":16531,"date":"2022-09-13T11:08:09","date_gmt":"2022-09-13T09:08:09","guid":{"rendered":"https:\/\/www.v-label.com\/general-information\/certified-products\/fashion-textile\/"},"modified":"2024-07-04T13:39:29","modified_gmt":"2024-07-04T11:39:29","slug":"fashion-textile","status":"publish","type":"page","link":"https:\/\/www.v-label.com\/tr\/general-information\/certified-products\/fashion-textile\/","title":{"rendered":"Moda ve Tekstil"},"content":{"rendered":"\n<p>Dolab\u0131n\u0131z\u0131n (ve evinizin!) hayvansal \u00fcr\u00fcnler i\u00e7ermedi\u011fine emin olun. Ayakkab\u0131 ve deriden nevresim ve temizlik \u00fcr\u00fcnlerine kadar hangi \u00fcr\u00fcnlerin tepeden t\u0131rna\u011fa vegan oldu\u011funu \u00f6\u011frenerek evinizi hayvansal \u00fcr\u00fcnlerden ar\u0131nd\u0131r\u0131n.<\/p>\n\n\n\n<div class=\"wp-block-columns are-vertically-aligned-center is-layout-flex wp-container-core-columns-is-layout-9d6595d7 wp-block-columns-is-layout-flex\">\n<div class=\"wp-block-column is-vertically-aligned-center is-layout-flow wp-block-column-is-layout-flow\">\n<figure class=\"wp-block-image aligncenter size-full\"><a href=\"https:\/\/ipeker.com\/\" target=\"_blank\" rel=\"noreferrer noopener\"><img decoding=\"async\" width=\"600\" height=\"202\" src=\"https:\/\/www.v-label.com\/wp-content\/uploads\/2022\/12\/ipeker-1.png\" alt=\"\" class=\"wp-image-16594\" srcset=\"https:\/\/www.v-label.com\/wp-content\/uploads\/2022\/12\/ipeker-1.png 600w, https:\/\/www.v-label.com\/wp-content\/uploads\/2022\/12\/ipeker-1-300x101.png 300w, https:\/\/www.v-label.com\/wp-content\/uploads\/2022\/12\/ipeker-1-500x168.png 500w\" sizes=\"(max-width: 600px) 100vw, 600px\" \/><\/a><\/figure>\n<\/div>\n\n\n\n<div class=\"wp-block-column is-vertically-aligned-center is-layout-flow wp-block-column-is-layout-flow\">\n<figure class=\"wp-block-image aligncenter size-full\"><a href=\"https:\/\/www.meneksetextile.com\/\" target=\"_blank\" rel=\"noreferrer noopener\"><img decoding=\"async\" width=\"600\" height=\"104\" src=\"https:\/\/www.v-label.com\/wp-content\/uploads\/2022\/12\/menekse.png\" alt=\"\" class=\"wp-image-16614\" srcset=\"https:\/\/www.v-label.com\/wp-content\/uploads\/2022\/12\/menekse.png 600w, https:\/\/www.v-label.com\/wp-content\/uploads\/2022\/12\/menekse-300x52.png 300w, https:\/\/www.v-label.com\/wp-content\/uploads\/2022\/12\/menekse-500x87.png 500w\" sizes=\"(max-width: 600px) 100vw, 600px\" \/><\/a><\/figure>\n<\/div>\n\n\n\n<div class=\"wp-block-column is-vertically-aligned-center is-layout-flow wp-block-column-is-layout-flow\">\n<figure class=\"wp-block-image aligncenter size-full\"><a href=\"https:\/\/www.hateks.com.tr\/\" target=\"_blank\" rel=\"noreferrer noopener\"><img decoding=\"async\" width=\"600\" height=\"159\" src=\"https:\/\/www.v-label.com\/wp-content\/uploads\/2022\/12\/hateks.jpg\" alt=\"\" class=\"wp-image-16533\" srcset=\"https:\/\/www.v-label.com\/wp-content\/uploads\/2022\/12\/hateks.jpg 600w, https:\/\/www.v-label.com\/wp-content\/uploads\/2022\/12\/hateks-300x80.jpg 300w, https:\/\/www.v-label.com\/wp-content\/uploads\/2022\/12\/hateks-500x133.jpg 500w\" sizes=\"(max-width: 600px) 100vw, 600px\" \/><\/a><\/figure>\n<\/div>\n<\/div>\n\n\n\n<div class=\"wp-block-columns are-vertically-aligned-center is-layout-flex wp-container-core-columns-is-layout-9d6595d7 wp-block-columns-is-layout-flex\">\n<div class=\"wp-block-column is-vertically-aligned-center is-layout-flow wp-block-column-is-layout-flow\">\n<figure class=\"wp-block-image aligncenter size-full\"><a href=\"https:\/\/www.boyteks.com\/\" target=\"_blank\" rel=\"noreferrer noopener\"><img decoding=\"async\" width=\"521\" height=\"174\" src=\"https:\/\/www.v-label.com\/wp-content\/uploads\/2024\/07\/boyteks-e1720084051391.png\" alt=\"\" class=\"wp-image-83082\" srcset=\"https:\/\/www.v-label.com\/wp-content\/uploads\/2024\/07\/boyteks-e1720084051391.png 521w, https:\/\/www.v-label.com\/wp-content\/uploads\/2024\/07\/boyteks-e1720084051391-300x100.png 300w, https:\/\/www.v-label.com\/wp-content\/uploads\/2024\/07\/boyteks-e1720084051391-500x167.png 500w\" sizes=\"(max-width: 521px) 100vw, 521px\" \/><\/a><\/figure>\n<\/div>\n\n\n\n<div class=\"wp-block-column is-vertically-aligned-center is-layout-flow wp-block-column-is-layout-flow\">\n<figure class=\"wp-block-image aligncenter size-full\"><a href=\"https:\/\/sarev.sarar.com\/\" target=\"_blank\" rel=\"noreferrer noopener\"><img decoding=\"async\" width=\"329\" height=\"173\" src=\"https:\/\/www.v-label.com\/wp-content\/uploads\/2024\/07\/sarev-sarar-e1720084112781.png\" alt=\"\" class=\"wp-image-83127\" srcset=\"https:\/\/www.v-label.com\/wp-content\/uploads\/2024\/07\/sarev-sarar-e1720084112781.png 329w, https:\/\/www.v-label.com\/wp-content\/uploads\/2024\/07\/sarev-sarar-e1720084112781-300x158.png 300w\" sizes=\"(max-width: 329px) 100vw, 329px\" \/><\/a><\/figure>\n<\/div>\n\n\n\n<div class=\"wp-block-column is-vertically-aligned-center is-layout-flow wp-block-column-is-layout-flow\">\n<figure class=\"wp-block-image aligncenter size-full\"><a href=\"https:\/\/oleatex.com\/\" target=\"_blank\" rel=\"noreferrer noopener\"><img decoding=\"async\" width=\"625\" height=\"202\" src=\"https:\/\/www.v-label.com\/wp-content\/uploads\/2024\/07\/oleatex-e1720084186105.png\" alt=\"\" class=\"wp-image-83171\" srcset=\"https:\/\/www.v-label.com\/wp-content\/uploads\/2024\/07\/oleatex-e1720084186105.png 625w, https:\/\/www.v-label.com\/wp-content\/uploads\/2024\/07\/oleatex-e1720084186105-300x97.png 300w, https:\/\/www.v-label.com\/wp-content\/uploads\/2024\/07\/oleatex-e1720084186105-500x162.png 500w\" sizes=\"(max-width: 625px) 100vw, 625px\" \/><\/a><\/figure>\n<\/div>\n\n\n\n<div class=\"wp-block-column is-vertically-aligned-center is-layout-flow wp-block-column-is-layout-flow\">\n<figure class=\"wp-block-image aligncenter size-full\"><a href=\"https:\/\/stitchandtrim.com\/\" target=\"_blank\" rel=\"noreferrer noopener\"><img decoding=\"async\" width=\"142\" height=\"88\" src=\"https:\/\/www.v-label.com\/wp-content\/uploads\/2024\/07\/stitchtrim-1.png\" alt=\"\" class=\"wp-image-83259\"\/><\/a><\/figure>\n<\/div>\n<\/div>\n","protected":false},"excerpt":{"rendered":"<p>Dolab\u0131n\u0131z\u0131n (ve evinizin!) hayvansal \u00fcr\u00fcnler i\u00e7ermedi\u011fine emin olun. Ayakkab\u0131 ve deriden nevresim ve temizlik \u00fcr\u00fcnlerine kadar hangi \u00fcr\u00fcnlerin tepeden t\u0131rna\u011fa vegan oldu\u011funu \u00f6\u011frenerek evinizi hayvansal \u00fcr\u00fcnlerden ar\u0131nd\u0131r\u0131n.<\/p>\n","protected":false},"author":5,"featured_media":17269,"parent":8528,"menu_order":0,"comment_status":"closed","ping_status":"closed","template":"","meta":{"_acf_changed":false,"_editorskit_title_hidden":false,"_editorskit_reading_time":0,"_editorskit_is_block_options_detached":false,"_editorskit_block_options_position":"{}","inline_featured_image":false,"_uag_custom_page_level_css":"","footnotes":""},"categories":[],"tags":[],"class_list":["post-16531","page","type-page","status-publish","has-post-thumbnail","hentry"],"acf":[],"uagb_featured_image_src":{"full":["https:\/\/www.v-label.com\/wp-content\/uploads\/2022\/12\/fashion-and-textile-1280.jpg",1280,853,false],"thumbnail":["https:\/\/www.v-label.com\/wp-content\/uploads\/2022\/12\/fashion-and-textile-1280-500x333.jpg",500,333,true],"medium":["https:\/\/www.v-label.com\/wp-content\/uploads\/2022\/12\/fashion-and-textile-1280-300x200.jpg",300,200,true],"medium_large":["https:\/\/www.v-label.com\/wp-content\/uploads\/2022\/12\/fashion-and-textile-1280-768x512.jpg",768,512,true],"large":["https:\/\/www.v-label.com\/wp-content\/uploads\/2022\/12\/fashion-and-textile-1280-1024x682.jpg",1024,682,true],"1536x1536":["https:\/\/www.v-label.com\/wp-content\/uploads\/2022\/12\/fashion-and-textile-1280.jpg",1280,853,false],"2048x2048":["https:\/\/www.v-label.com\/wp-content\/uploads\/2022\/12\/fashion-and-textile-1280.jpg",1280,853,false],"preview":["https:\/\/www.v-label.com\/wp-content\/uploads\/2022\/12\/fashion-and-textile-1280-904x720.jpg",904,720,true],"header":["https:\/\/www.v-label.com\/wp-content\/uploads\/2022\/12\/fashion-and-textile-1280-1280x720.jpg",1280,720,true],"gform-image-choice-sm":["https:\/\/www.v-label.com\/wp-content\/uploads\/2022\/12\/fashion-and-textile-1280.jpg",300,200,false],"gform-image-choice-md":["https:\/\/www.v-label.com\/wp-content\/uploads\/2022\/12\/fashion-and-textile-1280.jpg",400,267,false],"gform-image-choice-lg":["https:\/\/www.v-label.com\/wp-content\/uploads\/2022\/12\/fashion-and-textile-1280.jpg",600,400,false]},"uagb_author_info":{"display_name":"Can Aslan","author_link":"https:\/\/www.v-label.com\/tr"},"uagb_comment_info":0,"uagb_excerpt":"Dolab\u0131n\u0131z\u0131n (ve evinizin!) hayvansal \u00fcr\u00fcnler i\u00e7ermedi\u011fine emin olun. Ayakkab\u0131 ve deriden nevresim ve temizlik \u00fcr\u00fcnlerine kadar hangi \u00fcr\u00fcnlerin tepeden t\u0131rna\u011fa vegan oldu\u011funu \u00f6\u011frenerek evinizi hayvansal \u00fcr\u00fcnlerden ar\u0131nd\u0131r\u0131n.","_links":{"self":[{"href":"https:\/\/www.v-label.com\/tr\/wp-json\/wp\/v2\/pages\/16531","targetHints":{"allow":["GET"]}}],"collection":[{"href":"https:\/\/www.v-label.com\/tr\/wp-json\/wp\/v2\/pages"}],"about":[{"href":"https:\/\/www.v-label.com\/tr\/wp-json\/wp\/v2\/types\/page"}],"author":[{"embeddable":true,"href":"https:\/\/www.v-label.com\/tr\/wp-json\/wp\/v2\/users\/5"}],"replies":[{"embeddable":true,"href":"https:\/\/www.v-label.com\/tr\/wp-json\/wp\/v2\/comments?post=16531"}],"version-history":[{"count":2,"href":"https:\/\/www.v-label.com\/tr\/wp-json\/wp\/v2\/pages\/16531\/revisions"}],"predecessor-version":[{"id":83303,"href":"https:\/\/www.v-label.com\/tr\/wp-json\/wp\/v2\/pages\/16531\/revisions\/83303"}],"up":[{"embeddable":true,"href":"https:\/\/www.v-label.com\/tr\/wp-json\/wp\/v2\/pages\/8528"}],"wp:featuredmedia":[{"embeddable":true,"href":"https:\/\/www.v-label.com\/tr\/wp-json\/wp\/v2\/media\/17269"}],"wp:attachment":[{"href":"https:\/\/www.v-label.com\/tr\/wp-json\/wp\/v2\/media?parent=16531"}],"wp:term":[{"taxonomy":"category","embeddable":true,"href":"https:\/\/www.v-label.com\/tr\/wp-json\/wp\/v2\/categories?post=16531"},{"taxonomy":"post_tag","embeddable":true,"href":"https:\/\/www.v-label.com\/tr\/wp-json\/wp\/v2\/tags?post=16531"}],"curies":[{"name":"wp","href":"https:\/\/api.w.org\/{rel}","templated":true}]}}