{"id":39532,"date":"2022-05-24T16:39:56","date_gmt":"2022-05-24T14:39:56","guid":{"rendered":"https:\/\/www.v-label.com\/?page_id=39532"},"modified":"2022-12-27T17:56:06","modified_gmt":"2022-12-27T16:56:06","slug":"data-privacy","status":"publish","type":"page","link":"https:\/\/www.v-label.com\/tr\/data-privacy\/","title":{"rendered":"Veri Gizlili\u011fi"},"content":{"rendered":"\n<p>Bu web sitesi kullan\u0131c\u0131lar\u0131n ki\u015fisel veri sa\u011flamalar\u0131na gerek kalmadan herhangi bir zamanda kullan\u0131labilir. Bu web sitesinde toplanan ki\u015fisel veriler, kullan\u0131c\u0131lar taraf\u0131ndan g\u00f6n\u00fcll\u00fc olarak sa\u011flanacakt\u0131r. Kullan\u0131c\u0131, a\u00e7\u0131k\u00e7a r\u0131zas\u0131n\u0131 belirtmediyse, ki\u015fisel veriler herhangi bir \u00fc\u00e7\u00fcnc\u00fc taraf ile payla\u015f\u0131lmayacakt\u0131r.<\/p>\n\n\n\n<p>Bu web sitesinde toplanan ki\u015fisel veriler, her zaman \u0130svi\u00e7re Veri Koruma Kanunu h\u00fck\u00fcmleri \u00e7er\u00e7evesinde toplanacakt\u0131r. Ki\u015fisel bilgiler toplanmas\u0131na y\u00f6nelik bu veri gizlilik beyan\u0131, ki\u015fisel verilerin toplanmas\u0131 ve kullan\u0131lmas\u0131n\u0131n do\u011fas\u0131, kapsam\u0131 ve amac\u0131 hakk\u0131nda bilgi sa\u011flar.<\/p>\n\n\n\n<p>Verilerinizi korumak i\u00e7in g\u00f6sterilen azami \u00f6zene ra\u011fmen, internet \u00fczerinden veri g\u00f6nderimi her zaman g\u00fcvenlik a\u00e7\u0131\u011f\u0131 riski ta\u015f\u0131r. Bu nedenle kapsaml\u0131 veri korumas\u0131 sa\u011flamak her zaman m\u00fcmk\u00fcn de\u011fildir.<\/p>\n\n\n\n<h2 class=\"has-text-align-center wp-block-heading\">Veri aktar\u0131m\u0131 (sunucu kay\u0131t dosyalar\u0131)<\/h2>\n\n\n\n<p>Web sitemize eri\u015fti\u011finizde, veriler otomatik olarak taray\u0131c\u0131n\u0131zdan web sunucumuza aktar\u0131l\u0131r. Bu veriler, tarih ve saat, IP adresiniz, taray\u0131c\u0131 t\u00fcr\u00fc, eri\u015filen verininin miktar\u0131\/t\u00fcr\u00fc gibi anonim eri\u015fim bilgilerinizi i\u00e7erir. Bu veriler, web sitemizi ziyaretiniz s\u0131ras\u0131nda toplanan di\u011fer verilerden ayr\u0131 olarak saklan\u0131r. Bu veriler, herhangi bir ki\u015finin kimlik bilgilerini i\u00e7ermez ve yaln\u0131zca kullan\u0131c\u0131 giri\u015flerini kaydetmek ve istatistiksel ama\u00e7larla toplan\u0131r. Veriler buna g\u00f6re de\u011ferlendirildikten sonra verilerin silinmesi i\u00e7in d\u00fczenlemeler yap\u0131l\u0131r.<\/p>\n\n\n\n<h2 class=\"has-text-align-center wp-block-heading\">\u00c7erezler<\/h2>\n\n\n\n<p>Web sitemizde hem kaliteyi g\u00fcvence alt\u0131na almak amac\u0131yla hem de internet teklifimizin i\u015flevsel kapsam\u0131n\u0131 geni\u015fletmek i\u00e7in \u00e7erezler kullan\u0131yoruz. \u00c7erezler, bilgisayar\u0131n\u0131zda depolanan ve sayfa ziyaretlerinin say\u0131s\u0131n\u0131 belirlemek i\u00e7in kullan\u0131lan metin dosyalar\u0131d\u0131r. Bu bilgileri yaln\u0131zca web sitemizi geli\u015ftirmek amac\u0131yla kullan\u0131yoruz.<\/p>\n\n\n\n<h2 class=\"has-text-align-center wp-block-heading\">Ki\u015fisel veriler<\/h2>\n\n\n\n<p>Sizinle aram\u0131zdaki s\u00f6zle\u015fmenin i\u00e7eri\u011fini olu\u015fturmak veya de\u011fi\u015ftirmek i\u00e7in ki\u015fisel verilerinizi gerekli \u00f6l\u00e7\u00fcde kullan\u0131yoruz ve topluyoruz.<\/p>\n\n\n\n<p>Bu veriler genellikle \u00fc\u00e7\u00fcnc\u00fc taraflara aktar\u0131lmaz ve \u00fc\u00e7\u00fcnc\u00fc taraflarla payla\u015f\u0131lan bilgilerle herhangi bir alakalar\u0131 yoktur. Yetkili makamlar\u0131n emri uyar\u0131nca, cezai kovu\u015fturma veya savunma amac\u0131yla veya di\u011fer yasal g\u00f6revlerin yerine getirilmesi i\u00e7in gerekli oldu\u011fu s\u00fcrece ki\u015fisel veriler hakk\u0131nda bilgi vermekle y\u00fck\u00fcml\u00fcy\u00fcz.<\/p>\n\n\n\n<h2 class=\"has-text-align-center wp-block-heading\">Kullan\u0131m verileri<\/h2>\n\n\n\n<p>Gerekti\u011fi \u00f6l\u00e7\u00fcde \u201ckullan\u0131m verilerinizi\u201d topluyor ve kullan\u0131yoruz. Kullan\u0131m verileri, internet teklifimizi kullanman\u0131za izin veren ve faturaland\u0131rma amac\u0131yla da kullan\u0131lan verilerdir. Bu veriler, kullan\u0131m\u0131n\u0131z\u0131n yaln\u0131zca zaman ve kapsam\u0131n\u0131 de\u011fil, ayn\u0131 zamanda kimlik \u00f6zellikleriniz hakk\u0131nda da bilgi sa\u011flar.<\/p>\n\n\n\n<p>Note that we are permitted to generate usage profiles \u2013 i.e. a collection of data detailing the history of visits to our website \u2013 for promotional, market research or website optimisation purposes. Bu kullan\u0131c\u0131 profilleri herhangi bir ki\u015fisel bilgi i\u00e7ermez ve taraf\u0131m\u0131zca toplanan herhangi ba\u015fka bir veri ile birle\u015ftirilme. B\u00f6ylelikle, bireylerin farkl\u0131 veri birle\u015ftirilmesi yoluyla tespit edilmesi m\u00fcmk\u00fcn de\u011fildir. Bu \u015fekilde verilerinizin kullan\u0131lmas\u0131 konusunda diledi\u011finiz zamanda onay\u0131n\u0131z\u0131 iptal etme hakk\u0131na sahipsiniz.<\/p>\n\n\n\n<h2 class=\"has-text-align-center wp-block-heading\"><strong>B\u00fclten verileri<\/strong><\/h2>\n\n\n\n<p>Web sitemizde sunulan bir b\u00fclteni sipari\u015f etti\u011finizde, e-postan\u0131z\u0131 isteyece\u011fiz ve IP adresinizi kaydedece\u011fiz. Bunun d\u0131\u015f\u0131nda hi\u00e7bir veri toplanmayacakt\u0131r. Bu veriler yaln\u0131zca istenen bilgilerin g\u00f6nderilmesi amac\u0131yla kullan\u0131l\u0131r ve \u00fc\u00e7\u00fcnc\u00fc \u015fah\u0131slara iletilmez.<\/p>\n\n\n\n<p>Verilerinizin ve e-postan\u0131z\u0131n saklanmas\u0131 ve b\u00fclten g\u00f6nderilirken kullan\u0131lmas\u0131 konusunda diledi\u011finiz zaman onay\u0131n\u0131z\u0131 iptal etme hakk\u0131na sahipsiniz. Her b\u00fcltende yer alan abonelikten \u00e7\u0131k linkine de t\u0131klayarak bunu ger\u00e7ekle\u015ftirebilirsiniz.<\/p>\n\n\n\n<h2 class=\"has-text-align-center wp-block-heading\"><strong>Bilgi hakk\u0131<\/strong><\/h2>\n\n\n\n<p>Kay\u0131tl\u0131 verilerinizle ilgili olarak bizden bilgi talep etme ve herhangi bir verinin yanl\u0131\u015f olmas\u0131 durumunda saklanmas\u0131, silinmesi veya d\u00fczeltilmesi hakk\u0131na sahipsiniz. Bu t\u00fcr bilgiler telefon veya e-posta ile sa\u011flanabilir.<\/p>\n\n\n\n<h2 class=\"has-text-align-center wp-block-heading\"><strong>Veri gizlilik beyan\u0131ndaki de\u011fi\u015fiklikler<\/strong><\/h2>\n\n\n\n<p>Veri gizlilik beyan\u0131nda gelecekte herhangi bir de\u011fi\u015fiklik olmas\u0131 durumunda, de\u011fi\u015fiklikler her zaman bu web sitesi \u00fczerinden a\u00e7\u0131klanacakt\u0131r.<\/p>\n\n\n\n<h2 class=\"has-text-align-center wp-block-heading\"><strong>Veri gizlilik bildirimi &#8211; Google Analytics<\/strong><\/h2>\n\n\n\n<p>Web sitemiz, Google Inc.\u2019ye ait bir web analiz hizmeti olan Google Analytics taraf\u0131ndan sa\u011flanan hizmetleri kullan\u0131r. Web sitesi kullan\u0131m\u0131n\u0131z\u0131n analizi, bilgisayar\u0131n\u0131zda depolanan, kullan\u0131m \u015fekillerinizle ilgili bilgi \u00fcreten ve verileri Google Inc. \u2018 ye G\u00f6nderen \u201c\u00e7erezler\u201d arac\u0131l\u0131\u011f\u0131yla ger\u00e7ekle\u015ftirilir. Normal \u015fartlar alt\u0131nda, IP adresinizin k\u0131salt\u0131lm\u0131\u015f bir bi\u00e7imi Google sunucular\u0131na g\u00f6nderilir, ancak istisnai durumlarda tam IP adresi de g\u00f6nderilebilir. Google, web sitemizde kullan\u0131c\u0131 davran\u0131\u015f\u0131 hakk\u0131nda bir rapor olu\u015fturmak i\u00e7in bu bilgileri bizim ad\u0131m\u0131za kullan\u0131r. Google Analytics taraf\u0131ndan tan\u0131mlanan IP adresi di\u011fer Google verileriyle birle\u015ftirilmez. Herhangi bir \u00e7erezin bilgisayar\u0131n\u0131zda saklanmas\u0131n\u0131 istemiyorsan\u0131z, taray\u0131c\u0131n\u0131zdaki ayarlar\u0131 de\u011fi\u015ftirebilirsiniz, ancak bu, web sitemizin t\u00fcm kapsam\u0131ndan yararlanman\u0131z\u0131 engelleyebilir.<\/p>\n\n\n\n<p>IP adresleri \u201cgat._anonymizeIp ( ) ;\u201d kodunun eklenmesiyle anonim hale getirilmediyse (IP maskeleme), toplanan veriler, Federal Veri Koruma Yasas\u0131 ve Google\u2019\u0131n kendi kullan\u0131m ko\u015fullar\u0131\u2019nda belirtilen ilgili yasal h\u00fck\u00fcmlere uygun olarak i\u015flenir; bu durum ki\u015fisel verilerin Google\u2019a iletilmesine izin verilmedi\u011fi anlam\u0131na gelir.<\/p>\n\n\n\r\n<section id=\"cta-block_b9df8373b60f4869cf8bb213ac196d27\" class=\"wp-block-cta alignfull aligncenter\" style=\"background-image: url(https:\/\/www.v-label.com\/wp-content\/uploads\/2022\/09\/cta-kontakt2.jpeg);\">\r\n\t<div class=\"row\">\r\n\t\t<div class=\"medium-8 medium-centered column\">\r\n\t\t\t\t\t\t\t<h2>\u0130leti\u015fime ge\u00e7in!<\/h2>\r\n\t\t\t\t\t\t\t\t\t\t<p><p>Teklif almak istiyorsan\u0131z ya da sorular\u0131n\u0131z varsa hi\u00e7 \u00e7ekinmeden bizimle ileti\u015fime ge\u00e7ebilirsiniz! Sizinle ileti\u015fime ge\u00e7mek i\u00e7in sab\u0131rs\u0131zlan\u0131yoruz.<\/p>\n<\/p>\r\n\t\t\t\r\n\t\t\t<div class=\"wp-block-buttons\">\r\n\t\t\t\t\t\t\t\t\t\t<a href=\"https:\/\/www.v-label.com\/get-in-touch\/\" class=\"wp-block-button__link\">\u0130leti\u015fime ge\u00e7in<\/a>\r\n\t\t\t\t\t\t\t\t\t\t\t\t<\/div>\r\n\r\n\t\t<\/div>\r\n\t<\/div>\r\n<\/section>","protected":false},"excerpt":{"rendered":"<p>Bu web sitesi kullan\u0131c\u0131lar\u0131n ki\u015fisel veri sa\u011flamalar\u0131na gerek kalmadan herhangi bir zamanda kullan\u0131labilir. Bu web sitesinde toplanan ki\u015fisel veriler, kullan\u0131c\u0131lar taraf\u0131ndan g\u00f6n\u00fcll\u00fc olarak sa\u011flanacakt\u0131r. Kullan\u0131c\u0131, a\u00e7\u0131k\u00e7a r\u0131zas\u0131n\u0131 belirtmediyse, ki\u015fisel veriler herhangi bir \u00fc\u00e7\u00fcnc\u00fc taraf ile payla\u015f\u0131lmayacakt\u0131r. Bu web sitesinde toplanan ki\u015fisel veriler, her zaman \u0130svi\u00e7re Veri Koruma Kanunu h\u00fck\u00fcmleri \u00e7er\u00e7evesinde toplanacakt\u0131r. Ki\u015fisel bilgiler toplanmas\u0131na y\u00f6nelik [&hellip;]<\/p>\n","protected":false},"author":5,"featured_media":17807,"parent":0,"menu_order":0,"comment_status":"closed","ping_status":"closed","template":"","meta":{"_acf_changed":false,"_editorskit_title_hidden":false,"_editorskit_reading_time":0,"_editorskit_is_block_options_detached":false,"_editorskit_block_options_position":"{}","inline_featured_image":false,"_uag_custom_page_level_css":"","footnotes":""},"categories":[],"tags":[],"class_list":["post-39532","page","type-page","status-publish","has-post-thumbnail","hentry"],"acf":[],"uagb_featured_image_src":{"full":["https:\/\/www.v-label.com\/wp-content\/uploads\/2022\/12\/v-label-customer-area-1.jpg",1000,610,false],"thumbnail":["https:\/\/www.v-label.com\/wp-content\/uploads\/2022\/12\/adobestock-199227716-preview-500x305.jpeg",500,305,true],"medium":["https:\/\/www.v-label.com\/wp-content\/uploads\/2022\/12\/adobestock-199227716-preview-300x183.jpeg",300,183,true],"medium_large":["https:\/\/www.v-label.com\/wp-content\/uploads\/2022\/12\/adobestock-199227716-preview-768x468.jpeg",768,468,true],"large":["https:\/\/www.v-label.com\/wp-content\/uploads\/2022\/12\/v-label-customer-area-1.jpg",1000,610,false],"1536x1536":["https:\/\/www.v-label.com\/wp-content\/uploads\/2022\/12\/v-label-customer-area-1.jpg",1000,610,false],"2048x2048":["https:\/\/www.v-label.com\/wp-content\/uploads\/2022\/12\/v-label-customer-area-1.jpg",1000,610,false],"preview":["https:\/\/www.v-label.com\/wp-content\/uploads\/2022\/12\/adobestock-199227716-preview-904x610.jpeg",904,610,true],"header":["https:\/\/www.v-label.com\/wp-content\/uploads\/2022\/12\/v-label-customer-area-1.jpg",1000,610,false],"gform-image-choice-sm":["https:\/\/www.v-label.com\/wp-content\/uploads\/2022\/12\/v-label-customer-area-1.jpg",300,183,false],"gform-image-choice-md":["https:\/\/www.v-label.com\/wp-content\/uploads\/2022\/12\/v-label-customer-area-1.jpg",400,244,false],"gform-image-choice-lg":["https:\/\/www.v-label.com\/wp-content\/uploads\/2022\/12\/v-label-customer-area-1.jpg",600,366,false]},"uagb_author_info":{"display_name":"Can Aslan","author_link":"https:\/\/www.v-label.com\/tr"},"uagb_comment_info":0,"uagb_excerpt":"Bu web sitesi kullan\u0131c\u0131lar\u0131n ki\u015fisel veri sa\u011flamalar\u0131na gerek kalmadan herhangi bir zamanda kullan\u0131labilir. Bu web sitesinde toplanan ki\u015fisel veriler, kullan\u0131c\u0131lar taraf\u0131ndan g\u00f6n\u00fcll\u00fc olarak sa\u011flanacakt\u0131r. Kullan\u0131c\u0131, a\u00e7\u0131k\u00e7a r\u0131zas\u0131n\u0131 belirtmediyse, ki\u015fisel veriler herhangi bir \u00fc\u00e7\u00fcnc\u00fc taraf ile payla\u015f\u0131lmayacakt\u0131r. Bu web sitesinde toplanan ki\u015fisel veriler, her zaman \u0130svi\u00e7re Veri Koruma Kanunu h\u00fck\u00fcmleri \u00e7er\u00e7evesinde toplanacakt\u0131r. Ki\u015fisel bilgiler toplanmas\u0131na y\u00f6nelik&hellip;","_links":{"self":[{"href":"https:\/\/www.v-label.com\/tr\/wp-json\/wp\/v2\/pages\/39532","targetHints":{"allow":["GET"]}}],"collection":[{"href":"https:\/\/www.v-label.com\/tr\/wp-json\/wp\/v2\/pages"}],"about":[{"href":"https:\/\/www.v-label.com\/tr\/wp-json\/wp\/v2\/types\/page"}],"author":[{"embeddable":true,"href":"https:\/\/www.v-label.com\/tr\/wp-json\/wp\/v2\/users\/5"}],"replies":[{"embeddable":true,"href":"https:\/\/www.v-label.com\/tr\/wp-json\/wp\/v2\/comments?post=39532"}],"version-history":[{"count":2,"href":"https:\/\/www.v-label.com\/tr\/wp-json\/wp\/v2\/pages\/39532\/revisions"}],"predecessor-version":[{"id":39553,"href":"https:\/\/www.v-label.com\/tr\/wp-json\/wp\/v2\/pages\/39532\/revisions\/39553"}],"wp:featuredmedia":[{"embeddable":true,"href":"https:\/\/www.v-label.com\/tr\/wp-json\/wp\/v2\/media\/17807"}],"wp:attachment":[{"href":"https:\/\/www.v-label.com\/tr\/wp-json\/wp\/v2\/media?parent=39532"}],"wp:term":[{"taxonomy":"category","embeddable":true,"href":"https:\/\/www.v-label.com\/tr\/wp-json\/wp\/v2\/categories?post=39532"},{"taxonomy":"post_tag","embeddable":true,"href":"https:\/\/www.v-label.com\/tr\/wp-json\/wp\/v2\/tags?post=39532"}],"curies":[{"name":"wp","href":"https:\/\/api.w.org\/{rel}","templated":true}]}}