{"id":7903,"date":"2022-05-30T16:16:14","date_gmt":"2022-05-30T14:16:14","guid":{"rendered":"https:\/\/www.v-label.com\/info-for-producers\/"},"modified":"2024-07-11T11:09:01","modified_gmt":"2024-07-11T09:09:01","slug":"info-for-producers","status":"publish","type":"page","link":"https:\/\/www.v-label.com\/tr\/info-for-producers\/","title":{"rendered":"\u00dcreticiler i\u00e7in bilgiler"},"content":{"rendered":"\n<p>D\u00fcnyan\u0131n bir\u00e7ok yerinde <strong>4,800\u2019den fazla \u00fcreticinin 70,000\u2019den fazla \u00fcr\u00fcn\u00fcnde<\/strong> bulunan V-Label logosu, vegan ve vejetaryen \u00fcr\u00fcn ve hizmetler i\u00e7in kullan\u0131lan bir \u00fcr\u00fcn etiketidir. Uluslararas\u0131 alanda tan\u0131n\u0131rl\u0131\u011f\u0131 olan bu etiket, d\u00fcnya \u00fczerinde bir\u00e7ok t\u00fcketicinin bitkisel temelli se\u00e7eneklere kolayca ula\u015fmalar\u0131n\u0131 sa\u011fl\u0131yor.<\/p>\n\n\n\n<h3 class=\"wp-block-heading has-text-align-center has-greenlightultra-background-color has-background\">E\u011fer bir \u00fcreticiyseniz i\u015fte size V-Label sertifikas\u0131 alman\u0131z i\u00e7in baz\u0131 nedenler:<\/h3>\n\n\n\n<p><strong>Yeni pazarlara a\u00e7\u0131l\u0131n.<\/strong> N\u00fcfusunun yar\u0131s\u0131ndan fazlas\u0131n\u0131n kendisini fleksitaryen olarak tan\u0131mlad\u0131\u011f\u0131 Almanya, \u0130spanya ya da Polonya gibi \u00fclkeler, sa\u011fl\u0131ktan eti\u011fe, bir\u00e7ok sebeple vegan ve vejetaryen \u00fcr\u00fcnleri tercih eden, \u00e7e\u015fitlilik i\u00e7eren ve say\u0131ca h\u0131zla b\u00fcy\u00fcyen t\u00fcketici kitlelerine sahiptir.<\/p>\n\n\n\n<p><strong>G\u00f6r\u00fcn\u00fcrl\u00fc\u011f\u00fcn\u00fcz\u00fc artt\u0131r\u0131n.<\/strong> \u00dcr\u00fcnlerinizin g\u00fcvenilirli\u011fi ve tan\u0131n\u0131rl\u0131\u011f\u0131 y\u00fcksek bir etiket ile t\u00fcketicilere ula\u015fmas\u0131n\u0131 sa\u011flay\u0131n.<\/p>\n\n\n\n<p><strong>G\u00fcven kazan\u0131n.<\/strong> Daha fazlas\u0131n\u0131 s\u00f6ylemeye ihtiya\u00e7 duymadan V-Label sizin i\u00e7in bu i\u015fi yapar. Sahip oldu\u011fu \u00fcn ve tan\u0131n\u0131rl\u0131k sayesinde profesyonel, ba\u011f\u0131ms\u0131z ve end\u00fcstriye y\u00f6n veren bir marka olarak size de\u011fer katar.<\/p>\n\n\n\n<div class=\"wp-block-buttons alignwide is-content-justification-center is-layout-flex wp-container-core-buttons-is-layout-16018d1d wp-block-buttons-is-layout-flex\">\n<div class=\"wp-block-button\"><a class=\"wp-block-button__link wp-element-button\" href=\"https:\/\/www.v-label.com\/tr\/for-business\/get-certified\/\" rel=\"noopener\">Sertifika Al\u0131n<\/a><\/div>\n\n\n\n<div class=\"wp-block-button\"><a class=\"wp-block-button__link wp-element-button\" href=\"https:\/\/www.v-label.com\/tr\/for-business\/benefits\/\">Daha Fazla Avantaj\u0131 Ke\u015ffedin<\/a><\/div>\n<\/div>\n\n\n\n<div class=\"wp-block-columns are-vertically-aligned-center is-layout-flex wp-container-core-columns-is-layout-9d6595d7 wp-block-columns-is-layout-flex\">\n<div class=\"wp-block-column is-vertically-aligned-center is-layout-flow wp-block-column-is-layout-flow\">\n<figure class=\"wp-block-image size-full\"><img decoding=\"async\" width=\"720\" height=\"482\" src=\"https:\/\/www.v-label.com\/wp-content\/uploads\/2022\/09\/b2b-info-page-1.webp\" alt=\"\" class=\"wp-image-876\" srcset=\"https:\/\/www.v-label.com\/wp-content\/uploads\/2022\/09\/b2b-info-page-1.webp 720w, https:\/\/www.v-label.com\/wp-content\/uploads\/2022\/09\/b2b-info-page-1-300x201.webp 300w\" sizes=\"(max-width: 720px) 100vw, 720px\" \/><\/figure>\n<\/div>\n\n\n\n<div class=\"wp-block-column is-vertically-aligned-center is-layout-flow wp-block-column-is-layout-flow\">\n<figure class=\"wp-block-image size-full\"><img decoding=\"async\" width=\"720\" height=\"497\" src=\"https:\/\/www.v-label.com\/wp-content\/uploads\/2022\/09\/b2b-info-page-2.webp\" alt=\"\" class=\"wp-image-879\" srcset=\"https:\/\/www.v-label.com\/wp-content\/uploads\/2022\/09\/b2b-info-page-2.webp 720w, https:\/\/www.v-label.com\/wp-content\/uploads\/2022\/09\/b2b-info-page-2-300x207.webp 300w\" sizes=\"(max-width: 720px) 100vw, 720px\" \/><\/figure>\n<\/div>\n\n\n\n<div class=\"wp-block-column is-vertically-aligned-center is-layout-flow wp-block-column-is-layout-flow\">\n<figure class=\"wp-block-image size-full\"><img decoding=\"async\" width=\"720\" height=\"482\" src=\"https:\/\/www.v-label.com\/wp-content\/uploads\/2022\/09\/b2b-info-page-3.webp\" alt=\"\" class=\"wp-image-860\" srcset=\"https:\/\/www.v-label.com\/wp-content\/uploads\/2022\/09\/b2b-info-page-3.webp 720w, https:\/\/www.v-label.com\/wp-content\/uploads\/2022\/09\/b2b-info-page-3-300x201.webp 300w\" sizes=\"(max-width: 720px) 100vw, 720px\" \/><\/figure>\n<\/div>\n<\/div>\n\n\n\n<h3 class=\"wp-block-heading\"><strong>Sertifika al\u0131n<\/strong><\/h3>\n\n\n\n<p><strong>Vegan ve vejetaryen \u00fcr\u00fcnlerinizin g\u00f6r\u00fcn\u00fcrl\u00fc\u011f\u00fcn\u00fc artt\u0131rmaya haz\u0131r m\u0131s\u0131n\u0131z?<\/strong> V-Label ile m\u00fc\u015fterileriniz, vegan ya da vejetaryen \u00fcr\u00fcnlerinizi bir bak\u0131\u015fta fark edip, \u00e7ekinmeden, teredd\u00fct etmeden, g\u00fcvenle \u00fcr\u00fcn\u00fcz\u00fc sat\u0131n alabilecek.<\/p>\n\n\n\n<p>V-Label gibi bir pazar lideri sayesinde vegan veya vejetaryen olarak piyasaya s\u00fcrd\u00fc\u011f\u00fcn\u00fcz \u00fcr\u00fcnlerin \u015feffafl\u0131\u011f\u0131n\u0131 ve g\u00fcvenilirli\u011fini artt\u0131rabilirsiniz. M\u00fc\u015fterileriniz i\u00e7in V-Label iyi, s\u00fcrd\u00fcr\u00fclebilir ve tutarl\u0131 t\u00fcketim tercihlerinde kullan\u0131labilecek bir rehberdir.<\/p>\n\n\n\n<div class=\"wp-block-buttons alignwide is-content-justification-center is-layout-flex wp-container-core-buttons-is-layout-16018d1d wp-block-buttons-is-layout-flex\">\n<div class=\"wp-block-button\"><a class=\"wp-block-button__link wp-element-button\" href=\"https:\/\/www.v-label.com\/tr\/for-business\/get-certified\/\" rel=\"noopener\">V-Label sertifikas\u0131na sahip olun<\/a><\/div>\n<\/div>\n\n\n\n<h3 class=\"wp-block-heading\"><strong>Kriterler ve S\u0131k Sorulan Sorular<\/strong><\/h3>\n\n\n\n<p>V-Label ile ilgili merak edebilece\u011finiz baz\u0131 sorulara cevap bulun.<\/p>\n\n\n\n<div class=\"wp-block-buttons alignwide is-content-justification-center is-layout-flex wp-container-core-buttons-is-layout-16018d1d wp-block-buttons-is-layout-flex\">\n<div class=\"wp-block-button\"><a class=\"wp-block-button__link wp-element-button\" href=\"https:\/\/www.v-label.com\/tr\/faqs\/\">S\u0131k Sorulan Sorular\u0131 \u0130nceleyin<\/a><\/div>\n<\/div>\n","protected":false},"excerpt":{"rendered":"<p>D\u00fcnyan\u0131n bir\u00e7ok yerinde 4,800\u2019den fazla \u00fcreticinin 70,000\u2019den fazla \u00fcr\u00fcn\u00fcnde bulunan V-Label logosu, vegan ve vejetaryen \u00fcr\u00fcn ve hizmetler i\u00e7in kullan\u0131lan bir \u00fcr\u00fcn etiketidir. Uluslararas\u0131 alanda tan\u0131n\u0131rl\u0131\u011f\u0131 olan bu etiket, d\u00fcnya \u00fczerinde bir\u00e7ok t\u00fcketicinin bitkisel temelli se\u00e7eneklere kolayca ula\u015fmalar\u0131n\u0131 sa\u011fl\u0131yor. E\u011fer bir \u00fcreticiyseniz i\u015fte size V-Label sertifikas\u0131 alman\u0131z i\u00e7in baz\u0131 nedenler: Yeni pazarlara a\u00e7\u0131l\u0131n. N\u00fcfusunun yar\u0131s\u0131ndan [&hellip;]<\/p>\n","protected":false},"author":5,"featured_media":39773,"parent":0,"menu_order":0,"comment_status":"closed","ping_status":"closed","template":"","meta":{"_acf_changed":false,"_editorskit_title_hidden":false,"_editorskit_reading_time":0,"_editorskit_is_block_options_detached":false,"_editorskit_block_options_position":"{}","inline_featured_image":false,"_uag_custom_page_level_css":"","footnotes":""},"categories":[],"tags":[],"class_list":["post-7903","page","type-page","status-publish","has-post-thumbnail","hentry"],"acf":[],"uagb_featured_image_src":{"full":["https:\/\/www.v-label.com\/wp-content\/uploads\/2022\/12\/v-label-info-for-producers.jpg",1280,870,false],"thumbnail":["https:\/\/www.v-label.com\/wp-content\/uploads\/2022\/12\/v-label-info-for-producers-500x340.jpg",500,340,true],"medium":["https:\/\/www.v-label.com\/wp-content\/uploads\/2022\/12\/v-label-info-for-producers-300x204.jpg",300,204,true],"medium_large":["https:\/\/www.v-label.com\/wp-content\/uploads\/2022\/12\/v-label-info-for-producers-768x522.jpg",768,522,true],"large":["https:\/\/www.v-label.com\/wp-content\/uploads\/2022\/12\/v-label-info-for-producers-1024x696.jpg",1024,696,true],"1536x1536":["https:\/\/www.v-label.com\/wp-content\/uploads\/2022\/12\/v-label-info-for-producers.jpg",1280,870,false],"2048x2048":["https:\/\/www.v-label.com\/wp-content\/uploads\/2022\/12\/v-label-info-for-producers.jpg",1280,870,false],"preview":["https:\/\/www.v-label.com\/wp-content\/uploads\/2022\/12\/v-label-info-for-producers-904x720.jpg",904,720,true],"header":["https:\/\/www.v-label.com\/wp-content\/uploads\/2022\/12\/v-label-info-for-producers-1280x720.jpg",1280,720,true],"gform-image-choice-sm":["https:\/\/www.v-label.com\/wp-content\/uploads\/2022\/12\/v-label-info-for-producers.jpg",300,204,false],"gform-image-choice-md":["https:\/\/www.v-label.com\/wp-content\/uploads\/2022\/12\/v-label-info-for-producers.jpg",400,272,false],"gform-image-choice-lg":["https:\/\/www.v-label.com\/wp-content\/uploads\/2022\/12\/v-label-info-for-producers.jpg",600,408,false]},"uagb_author_info":{"display_name":"Can Aslan","author_link":"https:\/\/www.v-label.com\/tr"},"uagb_comment_info":0,"uagb_excerpt":"D\u00fcnyan\u0131n bir\u00e7ok yerinde 4,800\u2019den fazla \u00fcreticinin 70,000\u2019den fazla \u00fcr\u00fcn\u00fcnde bulunan V-Label logosu, vegan ve vejetaryen \u00fcr\u00fcn ve hizmetler i\u00e7in kullan\u0131lan bir \u00fcr\u00fcn etiketidir. Uluslararas\u0131 alanda tan\u0131n\u0131rl\u0131\u011f\u0131 olan bu etiket, d\u00fcnya \u00fczerinde bir\u00e7ok t\u00fcketicinin bitkisel temelli se\u00e7eneklere kolayca ula\u015fmalar\u0131n\u0131 sa\u011fl\u0131yor. E\u011fer bir \u00fcreticiyseniz i\u015fte size V-Label sertifikas\u0131 alman\u0131z i\u00e7in baz\u0131 nedenler: Yeni pazarlara a\u00e7\u0131l\u0131n. N\u00fcfusunun yar\u0131s\u0131ndan&hellip;","_links":{"self":[{"href":"https:\/\/www.v-label.com\/tr\/wp-json\/wp\/v2\/pages\/7903","targetHints":{"allow":["GET"]}}],"collection":[{"href":"https:\/\/www.v-label.com\/tr\/wp-json\/wp\/v2\/pages"}],"about":[{"href":"https:\/\/www.v-label.com\/tr\/wp-json\/wp\/v2\/types\/page"}],"author":[{"embeddable":true,"href":"https:\/\/www.v-label.com\/tr\/wp-json\/wp\/v2\/users\/5"}],"replies":[{"embeddable":true,"href":"https:\/\/www.v-label.com\/tr\/wp-json\/wp\/v2\/comments?post=7903"}],"version-history":[{"count":4,"href":"https:\/\/www.v-label.com\/tr\/wp-json\/wp\/v2\/pages\/7903\/revisions"}],"predecessor-version":[{"id":83964,"href":"https:\/\/www.v-label.com\/tr\/wp-json\/wp\/v2\/pages\/7903\/revisions\/83964"}],"wp:featuredmedia":[{"embeddable":true,"href":"https:\/\/www.v-label.com\/tr\/wp-json\/wp\/v2\/media\/39773"}],"wp:attachment":[{"href":"https:\/\/www.v-label.com\/tr\/wp-json\/wp\/v2\/media?parent=7903"}],"wp:term":[{"taxonomy":"category","embeddable":true,"href":"https:\/\/www.v-label.com\/tr\/wp-json\/wp\/v2\/categories?post=7903"},{"taxonomy":"post_tag","embeddable":true,"href":"https:\/\/www.v-label.com\/tr\/wp-json\/wp\/v2\/tags?post=7903"}],"curies":[{"name":"wp","href":"https:\/\/api.w.org\/{rel}","templated":true}]}}