{"id":7960,"date":"2022-05-30T16:16:29","date_gmt":"2022-05-30T14:16:29","guid":{"rendered":"https:\/\/www.v-label.com\/info-for-producers\/benefits\/"},"modified":"2024-07-11T11:09:26","modified_gmt":"2024-07-11T09:09:26","slug":"benefits","status":"publish","type":"page","link":"https:\/\/www.v-label.com\/tr\/info-for-producers\/benefits\/","title":{"rendered":"Avantajlar"},"content":{"rendered":"\n<p>D\u00fcnyan\u0131n d\u00f6rt bir yan\u0131nda t\u00fcketiciler, sa\u011fl\u0131k, etik, kolayl\u0131k, damak zevki ya da \u00e7ocuklar\u0131 i\u00e7in bitkisel bazl\u0131 \u00fcr\u00fcnleri daha fazla tercih ediyor. Giderek yayg\u0131nla\u015fan vegan ya\u015fam tarz\u0131 konusunda devletler ve kurulu\u015flar daha duyarl\u0131 hale geliyor. Hayvansal t\u00fcketim azalt\u0131lmad\u0131k\u00e7a neredeyse b\u00fct\u00fcn \u00fclkelerin kabul etti\u011fi Paris \u0130klim Anla\u015fmas\u0131\u2019n\u0131n hedeflerine ula\u015f\u0131lamayaca\u011f\u0131 giderek daha a\u00e7\u0131k hale gelen bir ger\u00e7ek. Bir\u00e7ok \u00fcretici i\u00e7in t\u00fcm bunlar, hayati derecede \u00f6nemli bir ekosistemde, yarat\u0131c\u0131 ve s\u00fcrd\u00fcr\u00fclebilir alternatifler yaratmak anlam\u0131na geliyor. H\u0131zla b\u00fcy\u00fcyen bu pazar\u0131n, bug\u00fcn\u00fcnde ve gelece\u011finde konumunuzu V-Label ile sa\u011flamla\u015ft\u0131r\u0131n.<\/p>\n\n\n\n<div class=\"wp-block-media-text is-stacked-on-mobile is-vertically-aligned-center is-image-fill\"><figure class=\"wp-block-media-text__media\" style=\"background-image:url(https:\/\/www.v-label.com\/wp-content\/uploads\/2022\/12\/v-label-consumers-favorite.jpg);background-position:62% 53%\"><img decoding=\"async\" src=\"https:\/\/www.v-label.com\/wp-content\/uploads\/2022\/12\/v-label-consumers-favorite.jpg\" alt=\"\" class=\"wp-image-39649 size-full\"\/><\/figure><div class=\"wp-block-media-text__content\">\n<h3 class=\"wp-block-heading\"><strong><strong>T\u00fcketicilerin tercihi<\/strong><\/strong><\/h3>\n\n\n\n<p>Almanya\u2019da G\u00fctesiegel Monitor\u2019un 2020 ara\u015ft\u0131rmas\u0131na g\u00f6re V-Label, bir g\u0131da etiketi olarak, en \u00e7ok bilinen 8. ve en \u00e7ok g\u00fcvenilen 3. logodur. Avrupa Birli\u011fi i\u00e7ersinde ise V-Label, en \u00e7ok bilinen vejetaryen ve vegan \u00fcr\u00fcn etiketi konumundad\u0131r. V-Label bug\u00fcne kadar d\u00fcnya \u00e7ap\u0131nda 70,000\u2019den fazla \u00fcr\u00fcne sertifika verdi ve vegan ve vejetaryen topluluklar\u0131 taraf\u0131ndan destek g\u00f6rd\u00fc. \u00dcr\u00fcnleri kolayl\u0131kla anla\u015f\u0131labilecek bir \u015fekilde vegan ya da vejetaryen olarak kategorize eden V-Label, t\u00fcketicilere tam olarak nas\u0131l bir \u00fcr\u00fcn sat\u0131n ald\u0131klar\u0131 konusunda bilgi veren h\u0131zl\u0131 ve g\u00fcvenilir bir etikettir.<\/p>\n<\/div><\/div>\n\n\n\n<div style=\"height:30px\" aria-hidden=\"true\" class=\"wp-block-spacer\"><\/div>\n\n\n\n<div class=\"wp-block-media-text is-stacked-on-mobile is-vertically-aligned-center is-image-fill\"><figure class=\"wp-block-media-text__media\" style=\"background-image:url(https:\/\/www.v-label.com\/wp-content\/uploads\/2022\/12\/v-label-global-recognition.jpg);background-position:50% 50%\"><img decoding=\"async\" width=\"1280\" height=\"959\" src=\"https:\/\/www.v-label.com\/wp-content\/uploads\/2022\/12\/v-label-global-recognition.jpg\" alt=\"\" class=\"wp-image-17595 size-full\" srcset=\"https:\/\/www.v-label.com\/wp-content\/uploads\/2022\/12\/v-label-global-recognition.jpg 1280w, https:\/\/www.v-label.com\/wp-content\/uploads\/2022\/12\/v-label-global-recognition-300x225.jpg 300w, https:\/\/www.v-label.com\/wp-content\/uploads\/2022\/12\/v-label-global-recognition-1024x767.jpg 1024w, https:\/\/www.v-label.com\/wp-content\/uploads\/2022\/12\/v-label-global-recognition-500x375.jpg 500w, https:\/\/www.v-label.com\/wp-content\/uploads\/2022\/12\/v-label-global-recognition-768x575.jpg 768w\" sizes=\"(max-width: 1280px) 100vw, 1280px\" \/><\/figure><div class=\"wp-block-media-text__content\">\n<h3 class=\"wp-block-heading\"><strong><strong>Uluslararas\u0131 tan\u0131n\u0131rl\u0131k<\/strong><\/strong><\/h3>\n\n\n\n<p>25 y\u0131l \u00f6nce \u0130svi\u00e7re\u2019de kurulan V-Label, vegan ve vejetaryen \u00fcr\u00fcn ve hizmetleri lisanslayarak onaylayan lider bir marka haline gelmi\u015ftir. V-Label ile farkl\u0131 pazarlarda y\u00fcksek derecede tan\u0131n\u0131rl\u0131\u011f\u0131 olan bir seritifikaya sahip olursunuz. Berlin\u2019den Buenos Aires\u2019e kadar, bilin\u00e7li t\u00fcketiciler, s\u00fcrd\u00fcr\u00fclebilir paketlerde s\u0131kl\u0131kla kullan\u0131lan ye\u015fil ve toprak renkleri aras\u0131ndaki bu sar\u0131 logoyu kolayca fark ederler.<\/p>\n<\/div><\/div>\n\n\n\n<div style=\"height:30px\" aria-hidden=\"true\" class=\"wp-block-spacer\"><\/div>\n\n\n\n<div class=\"wp-block-media-text is-stacked-on-mobile is-vertically-aligned-center is-image-fill\"><figure class=\"wp-block-media-text__media\" style=\"background-image:url(https:\/\/www.v-label.com\/wp-content\/uploads\/2022\/12\/v-label-business-partnerships.jpg);background-position:50% 50%\"><img decoding=\"async\" width=\"1280\" height=\"853\" src=\"https:\/\/www.v-label.com\/wp-content\/uploads\/2022\/12\/v-label-business-partnerships.jpg\" alt=\"\" class=\"wp-image-17615 size-full\" srcset=\"https:\/\/www.v-label.com\/wp-content\/uploads\/2022\/12\/v-label-business-partnerships.jpg 1280w, https:\/\/www.v-label.com\/wp-content\/uploads\/2022\/12\/v-label-business-partnerships-300x200.jpg 300w, https:\/\/www.v-label.com\/wp-content\/uploads\/2022\/12\/v-label-business-partnerships-1024x682.jpg 1024w, https:\/\/www.v-label.com\/wp-content\/uploads\/2022\/12\/v-label-business-partnerships-500x333.jpg 500w, https:\/\/www.v-label.com\/wp-content\/uploads\/2022\/12\/v-label-business-partnerships-768x512.jpg 768w\" sizes=\"(max-width: 1280px) 100vw, 1280px\" \/><\/figure><div class=\"wp-block-media-text__content\">\n<h3 class=\"wp-block-heading\"><strong><strong>Ticari ortakl\u0131k<\/strong><\/strong><\/h3>\n\n\n\n<p>50\u2019dan fazla \u00fclkedeki yerel temsilcileriyle uluslararas\u0131 sertifikasyon yapabilen (ve 30\u2019den fazla dilde m\u00fc\u015fterilerine hizmet verebilen) tek marka olan V-Label, sizi sertifikasyonun \u00f6tesinde bir yolculu\u011fa davet ediyor. Piyasa yorumlar\u0131, nitelik analizleri, i\u00e7erik dan\u0131\u015fmanl\u0131\u011f\u0131, reklam ortakl\u0131\u011f\u0131 gibi daha pek \u00e7ok alanda size y\u00f6n g\u00f6sterebilecek yap\u0131c\u0131 i\u015fletme ara\u00e7lar\u0131n\u0131z\u0131n olmas\u0131, \u015firketiniz i\u00e7in ne ifade ederdi? Yeni bir \u00fcr\u00fcn\u00fc piyasaya s\u00fcrme haz\u0131rl\u0131\u011f\u0131nda m\u0131s\u0131n\u0131z? Ya da vegan \u00fcr\u00fcnlerin bulundu\u011fu pazarlara ilk defa m\u0131 giriyorsunuz? Sizi farkl\u0131 alanlardaki uzmanlar\u0131m\u0131z (g\u0131da teknolojisi, hukuki dan\u0131\u015fmanl\u0131k, kalite y\u00f6netimi, kozmetik, pazarlama, biyoteknoloji, beslenme, piyasa ve t\u00fcketici ara\u015ft\u0131rmalar\u0131 ve daha fazlas\u0131) ile tan\u0131\u015ft\u0131rman\u0131n yan\u0131 s\u0131ra vegan end\u00fcstrisi ve topluluklar\u0131yla bir araya getirmekten de mutluluk duyar\u0131z.<\/p>\n<\/div><\/div>\n\n\n\n<div style=\"height:30px\" aria-hidden=\"true\" class=\"wp-block-spacer\"><\/div>\n\n\n\n<div class=\"wp-block-media-text is-stacked-on-mobile is-vertically-aligned-center is-image-fill\"><figure class=\"wp-block-media-text__media\" style=\"background-image:url(https:\/\/www.v-label.com\/wp-content\/uploads\/2022\/12\/v-label-inclusive-approach.jpg);background-position:12% 52%\"><img decoding=\"async\" width=\"1280\" height=\"854\" src=\"https:\/\/www.v-label.com\/wp-content\/uploads\/2022\/12\/v-label-inclusive-approach.jpg\" alt=\"\" class=\"wp-image-17635 size-full\" srcset=\"https:\/\/www.v-label.com\/wp-content\/uploads\/2022\/12\/v-label-inclusive-approach.jpg 1280w, https:\/\/www.v-label.com\/wp-content\/uploads\/2022\/12\/v-label-inclusive-approach-300x200.jpg 300w, https:\/\/www.v-label.com\/wp-content\/uploads\/2022\/12\/v-label-inclusive-approach-1024x683.jpg 1024w, https:\/\/www.v-label.com\/wp-content\/uploads\/2022\/12\/v-label-inclusive-approach-500x334.jpg 500w, https:\/\/www.v-label.com\/wp-content\/uploads\/2022\/12\/v-label-inclusive-approach-768x512.jpg 768w\" sizes=\"(max-width: 1280px) 100vw, 1280px\" \/><\/figure><div class=\"wp-block-media-text__content\">\n<h3 class=\"wp-block-heading\"><strong><strong>Kapsaml\u0131 yakla\u015f\u0131m<\/strong><\/strong><\/h3>\n\n\n\n<p>Detayl\u0131 analizlerle ve kalite y\u00f6netim standartlar\u0131yla vegan ve vejetaryen sertifikasyon sa\u011flayan V-Label, yeni giri\u015fimlerden Unilever, Nestl\u00e9 ya da Danone gibi uluslararas\u0131 \u015firketlere kadar her t\u00fcrl\u00fc \u00f6l\u00e7ekteki i\u015fletmeler i\u00e7in idealdir. V-Label, bug\u00fcne dek bitkisel bazl\u0131 \u00fcr\u00fcnlere a\u011f\u0131rl\u0131k vermeyen \u015firketlerin de, giderek artan bitkisel bazl\u0131 \u00fcr\u00fcn aray\u0131\u015f\u0131ndaki pop\u00fclasyona sunabilecekleri alternatifler i\u00e7in uygun bir se\u00e7enektir. V-Label, g\u0131dan\u0131n yan\u0131 s\u0131ra, tekstil, kozmetik, gastronomi, temizlik \u00fcr\u00fcnleri ve benzeri bir\u00e7ok sekt\u00f6rde hizmet sunar.<\/p>\n<\/div><\/div>\n","protected":false},"excerpt":{"rendered":"<p>D\u00fcnyan\u0131n d\u00f6rt bir yan\u0131nda t\u00fcketiciler, sa\u011fl\u0131k, etik, kolayl\u0131k, damak zevki ya da \u00e7ocuklar\u0131 i\u00e7in bitkisel bazl\u0131 \u00fcr\u00fcnleri daha fazla tercih ediyor. Giderek yayg\u0131nla\u015fan vegan ya\u015fam tarz\u0131 konusunda devletler ve kurulu\u015flar daha duyarl\u0131 hale geliyor. Hayvansal t\u00fcketim azalt\u0131lmad\u0131k\u00e7a neredeyse b\u00fct\u00fcn \u00fclkelerin kabul etti\u011fi Paris \u0130klim Anla\u015fmas\u0131\u2019n\u0131n hedeflerine ula\u015f\u0131lamayaca\u011f\u0131 giderek daha a\u00e7\u0131k hale gelen bir ger\u00e7ek. Bir\u00e7ok [&hellip;]<\/p>\n","protected":false},"author":5,"featured_media":17564,"parent":7903,"menu_order":0,"comment_status":"closed","ping_status":"closed","template":"","meta":{"_acf_changed":false,"_editorskit_title_hidden":false,"_editorskit_reading_time":0,"_editorskit_is_block_options_detached":false,"_editorskit_block_options_position":"{}","inline_featured_image":false,"_uag_custom_page_level_css":"","footnotes":""},"categories":[],"tags":[],"class_list":["post-7960","page","type-page","status-publish","has-post-thumbnail","hentry"],"acf":[],"uagb_featured_image_src":{"full":["https:\/\/www.v-label.com\/wp-content\/uploads\/2022\/12\/v-label-benefits.jpg",1280,878,false],"thumbnail":["https:\/\/www.v-label.com\/wp-content\/uploads\/2022\/12\/v-label-benefits-500x343.jpg",500,343,true],"medium":["https:\/\/www.v-label.com\/wp-content\/uploads\/2022\/12\/v-label-benefits-300x206.jpg",300,206,true],"medium_large":["https:\/\/www.v-label.com\/wp-content\/uploads\/2022\/12\/v-label-benefits-768x527.jpg",768,527,true],"large":["https:\/\/www.v-label.com\/wp-content\/uploads\/2022\/12\/v-label-benefits-1024x702.jpg",1024,702,true],"1536x1536":["https:\/\/www.v-label.com\/wp-content\/uploads\/2022\/12\/v-label-benefits.jpg",1280,878,false],"2048x2048":["https:\/\/www.v-label.com\/wp-content\/uploads\/2022\/12\/v-label-benefits.jpg",1280,878,false],"preview":["https:\/\/www.v-label.com\/wp-content\/uploads\/2022\/12\/v-label-benefits-904x720.jpg",904,720,true],"header":["https:\/\/www.v-label.com\/wp-content\/uploads\/2022\/12\/v-label-benefits-1280x720.jpg",1280,720,true],"gform-image-choice-sm":["https:\/\/www.v-label.com\/wp-content\/uploads\/2022\/12\/v-label-benefits.jpg",300,206,false],"gform-image-choice-md":["https:\/\/www.v-label.com\/wp-content\/uploads\/2022\/12\/v-label-benefits.jpg",400,274,false],"gform-image-choice-lg":["https:\/\/www.v-label.com\/wp-content\/uploads\/2022\/12\/v-label-benefits.jpg",600,412,false]},"uagb_author_info":{"display_name":"Can Aslan","author_link":"https:\/\/www.v-label.com\/tr"},"uagb_comment_info":0,"uagb_excerpt":"D\u00fcnyan\u0131n d\u00f6rt bir yan\u0131nda t\u00fcketiciler, sa\u011fl\u0131k, etik, kolayl\u0131k, damak zevki ya da \u00e7ocuklar\u0131 i\u00e7in bitkisel bazl\u0131 \u00fcr\u00fcnleri daha fazla tercih ediyor. Giderek yayg\u0131nla\u015fan vegan ya\u015fam tarz\u0131 konusunda devletler ve kurulu\u015flar daha duyarl\u0131 hale geliyor. Hayvansal t\u00fcketim azalt\u0131lmad\u0131k\u00e7a neredeyse b\u00fct\u00fcn \u00fclkelerin kabul etti\u011fi Paris \u0130klim Anla\u015fmas\u0131\u2019n\u0131n hedeflerine ula\u015f\u0131lamayaca\u011f\u0131 giderek daha a\u00e7\u0131k hale gelen bir ger\u00e7ek. Bir\u00e7ok&hellip;","_links":{"self":[{"href":"https:\/\/www.v-label.com\/tr\/wp-json\/wp\/v2\/pages\/7960","targetHints":{"allow":["GET"]}}],"collection":[{"href":"https:\/\/www.v-label.com\/tr\/wp-json\/wp\/v2\/pages"}],"about":[{"href":"https:\/\/www.v-label.com\/tr\/wp-json\/wp\/v2\/types\/page"}],"author":[{"embeddable":true,"href":"https:\/\/www.v-label.com\/tr\/wp-json\/wp\/v2\/users\/5"}],"replies":[{"embeddable":true,"href":"https:\/\/www.v-label.com\/tr\/wp-json\/wp\/v2\/comments?post=7960"}],"version-history":[{"count":5,"href":"https:\/\/www.v-label.com\/tr\/wp-json\/wp\/v2\/pages\/7960\/revisions"}],"predecessor-version":[{"id":83965,"href":"https:\/\/www.v-label.com\/tr\/wp-json\/wp\/v2\/pages\/7960\/revisions\/83965"}],"up":[{"embeddable":true,"href":"https:\/\/www.v-label.com\/tr\/wp-json\/wp\/v2\/pages\/7903"}],"wp:featuredmedia":[{"embeddable":true,"href":"https:\/\/www.v-label.com\/tr\/wp-json\/wp\/v2\/media\/17564"}],"wp:attachment":[{"href":"https:\/\/www.v-label.com\/tr\/wp-json\/wp\/v2\/media?parent=7960"}],"wp:term":[{"taxonomy":"category","embeddable":true,"href":"https:\/\/www.v-label.com\/tr\/wp-json\/wp\/v2\/categories?post=7960"},{"taxonomy":"post_tag","embeddable":true,"href":"https:\/\/www.v-label.com\/tr\/wp-json\/wp\/v2\/tags?post=7960"}],"curies":[{"name":"wp","href":"https:\/\/api.w.org\/{rel}","templated":true}]}}